{"id":4449,"date":"2026-01-08T13:06:20","date_gmt":"2026-01-08T05:06:20","guid":{"rendered":"https:\/\/minghanggroup.com\/?post_type=product&#038;p=4449"},"modified":"2026-01-08T15:04:29","modified_gmt":"2026-01-08T07:04:29","slug":"square-glass-fragrance-bottles-with-lids-wholesale","status":"publish","type":"product","link":"https:\/\/minghanggroup.com\/de\/produkt\/square-glass-fragrance-bottles-with-lids-wholesale\/","title":{"rendered":"Gro\u00dfhandel f\u00fcr quadratische 100-ml-Glasparf\u00fcmflaschen mit Deckel"},"content":{"rendered":"<p>Diese Parf\u00fcmflakons sind aus extrem klarem Glas gefertigt und haben eine rechteckige Form mit scharfen Kanten, die einen Kontrast zum quadratischen Verschluss aus mattschwarzem Material bilden.<\/p>\n<h2>Produktmerkmale<\/h2>\n<ul>\n<li><strong>Rechteckige Flasche:<\/strong> Das rechteckige Flaschendesign mit scharf geformten Kanten erh\u00f6ht nicht nur die optische Tiefe, sondern sorgt auch f\u00fcr einen besseren Griff.<\/li>\n<li><strong>Schwarze quadratische Kappe:<\/strong> Der schwarze, quadratische Verschluss bildet einen klaren Farbkontrast mit der transparenten Flasche, wodurch der Stil schick und sehr leicht wiedererkennbar ist.<\/li>\n<li><strong>Hochwertiges, transparentes Glas:<\/strong> Durch das hohe, transparente Glas kann man den Duft im Inneren gut beobachten, wodurch der Raum frisch und sauber wirkt.<\/li>\n<\/ul>\n<h2 style=\"text-align: left;\">Wichtigste Spezifikationen<\/h2>\n<table class=\"aligncenter\" style=\"border-collapse: collapse; width: 483.02pt;\" border=\"0\" width=\"644\" cellspacing=\"0\" cellpadding=\"0\">\n<tbody>\n<tr style=\"height: 13.50pt;\">\n<td style=\"height: 13.50pt; width: 119.25pt;\" width=\"159\" height=\"18\">Specification<\/td>\n<td style=\"width: 363.75pt;\" width=\"485\">Details<\/td>\n<\/tr>\n<tr style=\"height: 13.50pt;\">\n<td style=\"height: 13.50pt;\" height=\"18\">Kapazit\u00e4t<\/td>\n<td>100 ml<\/td>\n<\/tr>\n<tr style=\"height: 13.50pt;\">\n<td style=\"height: 13.50pt;\" height=\"18\">Abmessungen<\/td>\n<td>52 \u00d7 52 \u00d7 103 mm<\/td>\n<\/tr>\n<tr style=\"height: 13.50pt;\">\n<td style=\"height: 13.50pt;\" height=\"18\">Material<\/td>\n<td>Hochreines Glas, Metallkappe<\/td>\n<\/tr>\n<tr style=\"height: 13.50pt;\">\n<td style=\"height: 13.50pt;\" height=\"18\">Flaschenform<\/td>\n<td>Quadrat<\/td>\n<\/tr>\n<tr style=\"height: 13.50pt;\">\n<td style=\"height: 13.50pt;\" height=\"18\">Anpassungsumfang<\/td>\n<td>Farbe\/Oberfl\u00e4che, Gr\u00f6\u00dfe, Form, Gravur\/Druck<\/td>\n<\/tr>\n<tr style=\"height: 13.50pt;\">\n<td style=\"height: 13.50pt;\" height=\"18\">Handwerkskunst<\/td>\n<td>Pr\u00e4zisionsglasschneiden und -fasen, matte Oberfl\u00e4chenbehandlung<\/td>\n<\/tr>\n<tr style=\"height: 13.50pt;\">\n<td style=\"height: 13.50pt;\" height=\"18\">Produktzweck<\/td>\n<td>Parf\u00fcmflaschen aus Glas, Parf\u00fcmflaschen in Gro\u00dfpackungen<\/td>\n<\/tr>\n<tr style=\"height: 13.50pt;\">\n<td style=\"height: 13.50pt;\" height=\"18\">Geeignete Branchen<\/td>\n<td>Moderne Parf\u00fcmerie, Pflegeprodukte, Luxuseinzelhandel<\/td>\n<\/tr>\n<\/tbody>\n<\/table>\n<h2>Erfolgsgeschichte<\/h2>\n<p>Ein bekannter Anbieter f\u00fcr professionelle Aromatherapeuten und Heimwerker ben\u00f6tigte eine hochwertige und langlebige Duftflasche. Er entschied sich f\u00fcr unsere 100-ml-Parf\u00fcmflasche und lie\u00df einen Glask\u00f6rper aus bernsteinfarbenem, UV-best\u00e4ndigem Glas entwickeln. Das auslaufsichere, quadratische Design erwies sich als optimale Verpackungsl\u00f6sung und minimierte Transportsch\u00e4den auf ein Minimum. Das schlichte Design f\u00fchrte zu einem 300%igen Anstieg der Social-Media-Aktivit\u00e4ten. Die hohe Kundenzufriedenheit und die sehr geringe Anzahl an Reklamationen \u00fcberzeugten den Anbieter so sehr, dass er weitere 500.000 Flaschen seiner Standard-Nachf\u00fcllflaschen (100 ml) bestellte.<\/p>\n<h2>Personalisierung von Parf\u00fcmflakons aus Glas<\/h2>\n<ul>\n<li>Glasfarbe und Transparenz: Es ist in Klarglas, bernsteinfarbenem (UV-gesch\u00fctztem) Glas, kobaltblauem Glas und rauchgrauem Glas erh\u00e4ltlich.<\/li>\n<li>Kantenstrukturmuster: 3D-Musterdesigns von Kantenschnitten (Diamant, Wellen, Kreuzschraffur) sind individuell anpassbar.<\/li>\n<li>Lasergravur der Flasche: Skalenlinien, Logos oder Gebrauchsanweisungen werden auf die flache Oberfl\u00e4che graviert.<\/li>\n<li>Strukturierte Antirutschpaneele: Die beiden gr\u00f6\u00dferen Seitenpaneele wurden sandgestrahlt, um eine insgesamt h\u00f6here Rutschfestigkeit zu erzielen.<\/li>\n<\/ul>","protected":false},"excerpt":{"rendered":"<p>Hochwertige Glasflakons mit rechteckigem Schliff und schwarzem, quadratischem Verschluss. Minimalistisch und langlebig f\u00fcr den t\u00e4glichen Gebrauch. Direkt vom Hersteller.<\/p>","protected":false},"featured_media":4452,"template":"","meta":{"postBodyCss":"","postBodyMargin":[],"postBodyPadding":[],"postBodyBackground":{"backgroundType":"classic","gradient":""}},"product_brand":[],"product_cat":[15,16,62],"product_tag":[],"class_list":{"0":"post-4449","1":"product","2":"type-product","3":"status-publish","4":"has-post-thumbnail","6":"product_cat-glass-containers","7":"product_cat-glass-bottles","8":"product_cat-perfume-bottles","10":"first","11":"instock","12":"shipping-taxable","13":"product-type-simple"},"jetpack_sharing_enabled":true,"_links":{"self":[{"href":"https:\/\/minghanggroup.com\/de\/wp-json\/wp\/v2\/product\/4449","targetHints":{"allow":["GET"]}}],"collection":[{"href":"https:\/\/minghanggroup.com\/de\/wp-json\/wp\/v2\/product"}],"about":[{"href":"https:\/\/minghanggroup.com\/de\/wp-json\/wp\/v2\/types\/product"}],"wp:featuredmedia":[{"embeddable":true,"href":"https:\/\/minghanggroup.com\/de\/wp-json\/wp\/v2\/media\/4452"}],"wp:attachment":[{"href":"https:\/\/minghanggroup.com\/de\/wp-json\/wp\/v2\/media?parent=4449"}],"wp:term":[{"taxonomy":"product_brand","embeddable":true,"href":"https:\/\/minghanggroup.com\/de\/wp-json\/wp\/v2\/product_brand?post=4449"},{"taxonomy":"product_cat","embeddable":true,"href":"https:\/\/minghanggroup.com\/de\/wp-json\/wp\/v2\/product_cat?post=4449"},{"taxonomy":"product_tag","embeddable":true,"href":"https:\/\/minghanggroup.com\/de\/wp-json\/wp\/v2\/product_tag?post=4449"}],"curies":[{"name":"wp","href":"https:\/\/api.w.org\/{rel}","templated":true}]}}