{"id":4410,"date":"2026-01-07T14:14:27","date_gmt":"2026-01-07T06:14:27","guid":{"rendered":"https:\/\/minghanggroup.com\/?post_type=product&#038;p=4410"},"modified":"2026-01-07T16:51:43","modified_gmt":"2026-01-07T08:51:43","slug":"white-cologne-bottles-wholesale-perfume-bottle-supplier","status":"publish","type":"product","link":"https:\/\/minghanggroup.com\/de\/produkt\/white-cologne-bottles-wholesale-perfume-bottle-supplier\/","title":{"rendered":"30 ml, 50 ml, 100 ml wei\u00dfe Glasflaschen f\u00fcr K\u00f6lnisch Wasser mit Bergmotiv (Gro\u00dfhandel)"},"content":{"rendered":"<p>Ihre wei\u00dfen Parf\u00fcmflakons sollen Kunden dazu bringen, mitten im Regal stehen zu bleiben. Wir sind der Parf\u00fcmflakon-Hersteller, der Glasflakons fertigt, die aus Interessenten K\u00e4ufer machen \u2013 jeder Flakon strahlt Premiumqualit\u00e4t aus.<\/p>\n<h2>Produktmerkmale<\/h2>\n<ul>\n<li><strong>3D-Bergvisualisierung: <\/strong>Dieser subtile Berg im Inneren? Er verwandelt Ihren Parf\u00fcmflakon in einen stillen Verk\u00e4ufer \u2013 kein langweiliges Glas hier.<\/li>\n<li><strong>Matte Cap Harmony: <\/strong>Wei\u00dfer, matter Verschluss + Klarglas = sofortiger, puristischer Luxus f\u00fcr Ihre Duftverpackung.<\/li>\n<li><strong>Stabilit\u00e4t, die sich auszahlt: <\/strong>Ihre Flaschen wackeln nicht auf Regalen mit verdicktem Boden.<\/li>\n<\/ul>\n<h2>Wichtigste Spezifikationen<\/h2>\n<table style=\"border-collapse: collapse; width: 80%; margin-left: auto; margin-right: auto;\" border=\"0\" width=\"288\" cellspacing=\"0\" cellpadding=\"0\">\n<tbody>\n<tr style=\"height: 13.50pt;\">\n<td style=\"height: 13.5pt; width: 54pt; text-align: center;\" width=\"72\" height=\"18\">Kapazit\u00e4t<\/td>\n<td style=\"width: 54pt; text-align: center;\" width=\"72\">Abmessungen (mm)<\/td>\n<td style=\"width: 54pt; text-align: center;\" width=\"72\">Farbschema<\/td>\n<td style=\"width: 54pt; text-align: center;\" width=\"72\">Dichtungstyp<\/td>\n<\/tr>\n<tr style=\"height: 13.50pt;\">\n<td style=\"height: 13.5pt; text-align: center;\" height=\"18\">30 ml<\/td>\n<td style=\"text-align: center;\">46 x 73<\/td>\n<td class=\"et2\" style=\"text-align: center;\" rowspan=\"3\">Klares Glas + matte Kappe<\/td>\n<td class=\"et2\" style=\"text-align: center;\" rowspan=\"3\">Spr\u00fchdeckel<\/td>\n<\/tr>\n<tr style=\"height: 13.50pt;\">\n<td style=\"height: 13.5pt; text-align: center;\" height=\"18\">50 ml<\/td>\n<td style=\"text-align: center;\">51 x 80<\/td>\n<\/tr>\n<tr style=\"height: 13.50pt;\">\n<td style=\"height: 13.5pt; text-align: center;\" height=\"18\">100 ml \/ 3,4 oz<\/td>\n<td style=\"text-align: center;\">59 x 94<\/td>\n<\/tr>\n<\/tbody>\n<\/table>\n<h2>Erfolgsbeispiel<\/h2>\n<p>Eine ihrer Parf\u00fcmmarken ben\u00f6tigte eine Verpackung, die die Ideen und das Design ihrer neuen Kollektion besser vermitteln konnte. Ihre antiken Flakons waren \u00e4sthetisch schlicht und im Verkaufsregal kaum zu erkennen. Die erste Produkteinf\u00fchrung waren daher unsere wei\u00dfen Cologne-Flakons mit einem dreidimensionalen Bergmuster im Inneren, mattiertem Korpus und einem fein gepr\u00e4gten Logo auf der Schulter.<\/p>\n<p>Die Marke teilte uns nach der Markteinf\u00fchrung au\u00dferdem mit, dass sie einen Anstieg der Verkaufs- und Absatzrate um 32 % verzeichnet habe und dass sich das Kundenengagement in den sozialen Medien deutlich verbessert habe. Dies sei auf das einzigartige Aussehen der Flaschen zur\u00fcckzuf\u00fchren.<\/p>\n<h2>Ihre Anpassungsoptionen<\/h2>\n<ol>\n<li><strong>Farbwechsel der Kappe: <\/strong>Tauschen Sie mattes Wei\u00df gegen Schwarz oder Gold, um es besser an die Pers\u00f6nlichkeit Ihres Duftes anzupassen.<\/li>\n<li><strong>Duft, etikettierte Kappen:<\/strong> Mini-Duftnoten (z. B. Zitrus auf der orangen Kappe) werden per Laser in die Kappe eingraviert und ergeben so ein sofort erkennbares, individuelles Parf\u00fcm.<\/li>\n<li><strong>Hervorragende Anpassungsm\u00f6glichkeiten:<\/strong> Die glatte Flaschenoberfl\u00e4che eignet sich ideal f\u00fcr die Anwendung verschiedener kundenspezifischer Behandlungen wie Spr\u00fchen, Siebdruck oder Etikettierung.<\/li>\n<\/ol>","protected":false},"excerpt":{"rendered":"<p>Der wei\u00dfe Parf\u00fcmflakon mit Bergmotiv ist besonders attraktiv f\u00fcr Kunden. Als Lieferant von Parf\u00fcmflakons bieten wir individuelle Anfertigungen und die M\u00f6glichkeit zur Gro\u00dfbestellung.<\/p>","protected":false},"featured_media":4419,"template":"","meta":{"postBodyCss":"","postBodyMargin":[],"postBodyPadding":[],"postBodyBackground":{"backgroundType":"classic","gradient":""}},"product_brand":[],"product_cat":[15,16,62],"product_tag":[],"class_list":{"0":"post-4410","1":"product","2":"type-product","3":"status-publish","4":"has-post-thumbnail","6":"product_cat-glass-containers","7":"product_cat-glass-bottles","8":"product_cat-perfume-bottles","10":"first","11":"instock","12":"shipping-taxable","13":"product-type-simple"},"jetpack_sharing_enabled":true,"_links":{"self":[{"href":"https:\/\/minghanggroup.com\/de\/wp-json\/wp\/v2\/product\/4410","targetHints":{"allow":["GET"]}}],"collection":[{"href":"https:\/\/minghanggroup.com\/de\/wp-json\/wp\/v2\/product"}],"about":[{"href":"https:\/\/minghanggroup.com\/de\/wp-json\/wp\/v2\/types\/product"}],"wp:featuredmedia":[{"embeddable":true,"href":"https:\/\/minghanggroup.com\/de\/wp-json\/wp\/v2\/media\/4419"}],"wp:attachment":[{"href":"https:\/\/minghanggroup.com\/de\/wp-json\/wp\/v2\/media?parent=4410"}],"wp:term":[{"taxonomy":"product_brand","embeddable":true,"href":"https:\/\/minghanggroup.com\/de\/wp-json\/wp\/v2\/product_brand?post=4410"},{"taxonomy":"product_cat","embeddable":true,"href":"https:\/\/minghanggroup.com\/de\/wp-json\/wp\/v2\/product_cat?post=4410"},{"taxonomy":"product_tag","embeddable":true,"href":"https:\/\/minghanggroup.com\/de\/wp-json\/wp\/v2\/product_tag?post=4410"}],"curies":[{"name":"wp","href":"https:\/\/api.w.org\/{rel}","templated":true}]}}