{"id":4400,"date":"2026-01-07T11:59:55","date_gmt":"2026-01-07T03:59:55","guid":{"rendered":"https:\/\/minghanggroup.com\/?post_type=product&#038;p=4400"},"modified":"2026-01-07T11:59:56","modified_gmt":"2026-01-07T03:59:56","slug":"glass-bottles-for-perfume-bulk-perfume-bottle-manufacturer","status":"publish","type":"product","link":"https:\/\/minghanggroup.com\/de\/produkt\/glass-bottles-for-perfume-bulk-perfume-bottle-manufacturer\/","title":{"rendered":"50 ml und 100 ml durchsichtige, runde Glasflaschen f\u00fcr Parf\u00fcm mit Kugelverschluss (Gro\u00dfpackung)"},"content":{"rendered":"<p>Ihre 50-ml-Parf\u00fcmflakons sollen Kunden mitten im Regal zum Innehalten bringen. Wir sind der Hersteller von Parf\u00fcmflakons aus Glas, der Interessenten zu K\u00e4ufern macht \u2013 jeder einzelne Flakon strahlt Premiumqualit\u00e4t aus.<\/p>\n<h2>Produktmerkmale<\/h2>\n<ul>\n<li><strong>Klarheit von Flintglas:<\/strong> Erleben Sie die wahre Farbe Ihrer D\u00fcfte durch diesen Glasflakon.<\/li>\n<li><strong>Glatte Kugelkappe:<\/strong> Diese abgerundete Kappe? Sofortige Eleganz \u2013 keine scharfen Kanten, nur ein angenehmes Spr\u00fchgef\u00fchl.<\/li>\n<li><strong>Abgerundetes Flaschendesign:<\/strong> Die Linienf\u00fchrung ist insgesamt weich und sanft und erzeugt so ein schlichtes und elegantes Erscheinungsbild, das sich f\u00fcr verschiedene Parf\u00fcmstile und Markenpositionierungen eignet.<\/li>\n<\/ul>\n<h2>Wichtigste Spezifikationen<\/h2>\n<table style=\"border-collapse: collapse; width: 80%; margin-left: auto; margin-right: auto;\" border=\"0\" width=\"288\" cellspacing=\"0\" cellpadding=\"0\">\n<tbody>\n<tr style=\"height: 13.50pt;\">\n<td style=\"height: 13.5pt; width: 54pt; text-align: center;\" width=\"72\" height=\"18\">Kapazit\u00e4t<\/td>\n<td style=\"width: 54pt; text-align: center;\" width=\"72\">Abmessungen (mm)<\/td>\n<td style=\"width: 54pt; text-align: center;\" width=\"72\">Material<\/td>\n<td style=\"width: 54pt; text-align: center;\" width=\"72\">Dichtungstyp<\/td>\n<\/tr>\n<tr style=\"height: 13.50pt;\">\n<td style=\"height: 13.5pt; text-align: center;\" height=\"18\">50 ml<\/td>\n<td style=\"text-align: center;\">39 x 49 x 119<\/td>\n<td class=\"et2\" style=\"text-align: center;\" rowspan=\"2\">Feuersteinglas<\/td>\n<td class=\"et2\" style=\"text-align: center;\" rowspan=\"2\">Spr\u00fchdeckel<\/td>\n<\/tr>\n<tr style=\"height: 13.50pt;\">\n<td style=\"height: 13.5pt; text-align: center;\" height=\"18\">100 ml \/ 3,4 oz<\/td>\n<td style=\"text-align: center;\">45 x 55 x 130<\/td>\n<\/tr>\n<\/tbody>\n<\/table>\n<h2>Erfolgsbeispiel<\/h2>\n<p>Eine Parf\u00fcmmarke wollte einen neuen Unisex-Duft auf den Markt bringen, war aber der Ansicht, dass die bisherige Verpackung den anspruchsvollen Charakter des Produkts nicht ausreichend widerspiegelte. F\u00fcr die erste Produktionscharge entschied sich die Marke daher f\u00fcr unsere Glasflakons und individualisierte diese: Die Flakons erhielten eine zarte Mattierung, ein stilvolles, gepr\u00e4gtes Logo auf der Schulter und ein minimalistisches, im Siebdruckverfahren hergestelltes Design.<\/p>\n<p>Die Wirkung war tats\u00e4chlich sehr schnell sp\u00fcrbar: Das Parf\u00fcm mit seiner neuen, verbesserten Verpackung war in den Regalen deutlich pr\u00e4senter, wodurch der Umsatz der Marke innerhalb von nur zwei Monaten um 32 % stieg. Infolgedessen bestellt das Unternehmen weiterhin viertelj\u00e4hrlich gr\u00f6\u00dfere Mengen.<\/p>\n<h2>Ihre Anpassungsoptionen<\/h2>\n<ol>\n<li><strong>Duftpaarung:<\/strong> W\u00e4hlen Sie die Farbe des Glasdeckels entsprechend den Duftkomponenten: Silber steht f\u00fcr Frische, Gold f\u00fcr Luxus.<\/li>\n<li><strong>Details zur anpassbaren Textur:<\/strong> Das Glaskonzept ist darauf ausgelegt, eine dezente Textur oder vertikale Linien einzuf\u00fchren, die die haptische Seite und Einzigartigkeit des Produkts verst\u00e4rken und gleichzeitig optisch schlicht und klar wirken.<\/li>\n<li><strong>Platzierung des Markenlogos:<\/strong> Ein speziell f\u00fcr Ihr Markenlogo gestalteter Teil der Flaschenschulter oder des Flaschenbodens kann zuk\u00fcnftig problemlos f\u00fcr Hei\u00dfpr\u00e4gung, Etikettierung oder Lasermarkierung verwendet werden.<\/li>\n<\/ol>","protected":false},"excerpt":{"rendered":"<p>Parf\u00fcmflaschen aus Glas mit glatter Oberfl\u00e4che und klarem Finish. Als Hersteller von Parf\u00fcmflaschen bieten wir Direktvertrieb ab Werk und flexible, individuelle Anpassungsm\u00f6glichkeiten in gro\u00dfen Mengen.<\/p>","protected":false},"featured_media":4407,"template":"","meta":{"postBodyCss":"","postBodyMargin":[],"postBodyPadding":[],"postBodyBackground":{"backgroundType":"classic","gradient":""}},"product_brand":[],"product_cat":[15,16,62],"product_tag":[],"class_list":{"0":"post-4400","1":"product","2":"type-product","3":"status-publish","4":"has-post-thumbnail","6":"product_cat-glass-containers","7":"product_cat-glass-bottles","8":"product_cat-perfume-bottles","10":"first","11":"instock","12":"shipping-taxable","13":"product-type-simple"},"jetpack_sharing_enabled":true,"_links":{"self":[{"href":"https:\/\/minghanggroup.com\/de\/wp-json\/wp\/v2\/product\/4400","targetHints":{"allow":["GET"]}}],"collection":[{"href":"https:\/\/minghanggroup.com\/de\/wp-json\/wp\/v2\/product"}],"about":[{"href":"https:\/\/minghanggroup.com\/de\/wp-json\/wp\/v2\/types\/product"}],"wp:featuredmedia":[{"embeddable":true,"href":"https:\/\/minghanggroup.com\/de\/wp-json\/wp\/v2\/media\/4407"}],"wp:attachment":[{"href":"https:\/\/minghanggroup.com\/de\/wp-json\/wp\/v2\/media?parent=4400"}],"wp:term":[{"taxonomy":"product_brand","embeddable":true,"href":"https:\/\/minghanggroup.com\/de\/wp-json\/wp\/v2\/product_brand?post=4400"},{"taxonomy":"product_cat","embeddable":true,"href":"https:\/\/minghanggroup.com\/de\/wp-json\/wp\/v2\/product_cat?post=4400"},{"taxonomy":"product_tag","embeddable":true,"href":"https:\/\/minghanggroup.com\/de\/wp-json\/wp\/v2\/product_tag?post=4400"}],"curies":[{"name":"wp","href":"https:\/\/api.w.org\/{rel}","templated":true}]}}