{"id":4393,"date":"2026-01-06T17:00:11","date_gmt":"2026-01-06T09:00:11","guid":{"rendered":"https:\/\/minghanggroup.com\/?post_type=product&#038;p=4393"},"modified":"2026-01-06T17:08:49","modified_gmt":"2026-01-06T09:08:49","slug":"30ml-50ml-100ml-custom-glass-fragrance-bottles-wholesale","status":"publish","type":"product","link":"https:\/\/minghanggroup.com\/de\/produkt\/30ml-50ml-100ml-custom-glass-fragrance-bottles-wholesale\/","title":{"rendered":"30 ml, 50 ml, 100 ml Individuell gestaltete Glasparf\u00fcmflaschen im Gro\u00dfhandel"},"content":{"rendered":"<div class=\"qk-md-paragraph\" data-spm-anchor-id=\"5176.28103460.0.i14.14c47551N6phDS\"><span class=\"qk-md-text complete\">Dein <\/span><span class=\"qk-md-text complete\">50-ml-Flaschen K\u00f6lnischwasser<\/span><span class=\"qk-md-text complete\"> sollte Kunden dazu bringen, mitten im Regal innezuhalten. Wir fertigen <\/span><span class=\"qk-md-text complete\">Gro\u00dfhandel mit Glasparf\u00fcmflaschen<\/span><span class=\"qk-md-text complete\"> entworfen f\u00fcr <\/span><span class=\"qk-md-text complete\">Duftverpackung<\/span><span class=\"qk-md-text complete\"> Das <\/span><span class=\"qk-md-text complete\">Genau genommen<\/span><span class=\"qk-md-text complete\"> verkauft sich \u2013 wo jeder <\/span><span class=\"qk-md-text complete\">Parf\u00fcmflasche aus Glas<\/span><span class=\"qk-md-text complete\"> wird zur Geheimwaffe Ihrer Marke. <\/span><\/div>\n<h2>Produktmerkmale<\/h2>\n<ul>\n<li><strong>Raffinesse der Metallkappe: <\/strong>Schwarze, goldene oder silberne Kappen? W\u00e4hlen Sie sie passend zum Charakter Ihres Duftes \u2013 langweilige Kappen gibt es nicht.<\/li>\n<li><strong>Kristallklares Flintglas:<\/strong> Betrachten Sie Ihr Parf\u00fcm in diesem hochwertigen Glasflakon \u2013 keine tr\u00fcben Illusionen.<\/li>\n<li><strong>Kann f\u00fcr alle Arten von Parfums verwendet werden:<\/strong> Dies kann sowohl f\u00fcr Parfums als auch f\u00fcr Eau de Colognes, Parf\u00fcm\u00f6le und andere fl\u00fcssige Produkte verwendet werden.<\/li>\n<\/ul>\n<h2>Wichtigste Spezifikationen<\/h2>\n<table style=\"border-collapse: collapse; width: 80%; margin-left: auto; margin-right: auto;\" border=\"0\" width=\"288\" cellspacing=\"0\" cellpadding=\"0\">\n<tbody>\n<tr style=\"height: 13.50pt;\">\n<td style=\"height: 13.5pt; width: 54pt; text-align: center;\" width=\"72\" height=\"18\">Kapazit\u00e4t<\/td>\n<td style=\"width: 54pt; text-align: center;\" width=\"72\">Abmessungen (mm)<\/td>\n<td style=\"width: 54pt; text-align: center;\" width=\"72\">Material<\/td>\n<td style=\"width: 54pt; text-align: center;\" width=\"72\">Dichtungstyp<\/td>\n<\/tr>\n<tr style=\"height: 13.50pt;\">\n<td style=\"height: 13.5pt; text-align: center;\" height=\"18\">30 ml \/ 1 oz<\/td>\n<td style=\"text-align: center;\">42 x 73<\/td>\n<td class=\"et2\" style=\"text-align: center;\" rowspan=\"3\">Feuersteinglas<\/td>\n<td class=\"et2\" style=\"text-align: center;\" rowspan=\"3\">Spr\u00fchdeckel<\/td>\n<\/tr>\n<tr style=\"height: 13.50pt;\">\n<td style=\"height: 13.5pt; text-align: center;\" height=\"18\">50 ml<\/td>\n<td style=\"text-align: center;\">45 x 88<\/td>\n<\/tr>\n<tr style=\"height: 13.50pt;\">\n<td style=\"height: 13.5pt; text-align: center;\" height=\"18\">100 ml \/ 3,4 oz<\/td>\n<td style=\"text-align: center;\">56 x 101<\/td>\n<\/tr>\n<\/tbody>\n<\/table>\n<h2>Erfolgsbeispiel<\/h2>\n<p>Ein lokales Parf\u00fcmunternehmen, das sich auf Naturparfums spezialisiert hat, w\u00e4hlte unsere 50-ml-Flakons f\u00fcr die Einf\u00fchrung seiner neuen Duftlinie. Die transparenten Glasflakons mit thematisch passendem Branding unterstreichen die reine Farbe des Parfums und verleihen der Marke durch eine Goldbeschichtung der Verschl\u00fcsse ein exklusives und hochwertiges Image. Das schlichte Markenlogo betont die Eleganz und Neuartigkeit der Flakons.<\/p>\n<p>Innerhalb von drei Monaten sind ihre Online-Verk\u00e4ufe um 40 Prozent gestiegen, und sie konnten das Interesse weiterer Einzelh\u00e4ndler wecken und so den Zugang zu zwei der wichtigsten Kaufh\u00e4user erlangen.<\/p>\n<h2>Ihre Anpassungsoptionen<\/h2>\n<ol>\n<li><strong>Farbstrategie f\u00fcr die Kappen:<\/strong>Goldpreis in der Kategorie Luxusd\u00fcfte, Silberpreis in der Kategorie Frisched\u00fcfte.<\/li>\n<li><strong>Oberfl\u00e4chendetails:<\/strong>Gepr\u00e4gte Verzierungen auf dem Flintglas, \u00e4hnlich Logos.<\/li>\n<li><strong>Duftpaarung:<\/strong>Holzige Duftnoten sollten mit dunklem Glas und Zitrusd\u00fcfte mit klarem Glas verwendet werden.<\/li>\n<\/ol>","protected":false},"excerpt":{"rendered":"<p>Entdecken Sie unsere 50-ml-Parf\u00fcmflasche mit individuell gestaltbaren Verschl\u00fcssen. Wir bieten Glasparf\u00fcmflaschen im Gro\u00dfhandel direkt ab Werk und mit schnellem Versand f\u00fcr Unternehmen an.<\/p>","protected":false},"featured_media":4396,"template":"","meta":{"postBodyCss":"","postBodyMargin":[],"postBodyPadding":[],"postBodyBackground":{"backgroundType":"classic","gradient":""}},"product_brand":[],"product_cat":[15,16,62],"product_tag":[],"class_list":{"0":"post-4393","1":"product","2":"type-product","3":"status-publish","4":"has-post-thumbnail","6":"product_cat-glass-containers","7":"product_cat-glass-bottles","8":"product_cat-perfume-bottles","10":"first","11":"instock","12":"shipping-taxable","13":"product-type-simple"},"jetpack_sharing_enabled":true,"_links":{"self":[{"href":"https:\/\/minghanggroup.com\/de\/wp-json\/wp\/v2\/product\/4393","targetHints":{"allow":["GET"]}}],"collection":[{"href":"https:\/\/minghanggroup.com\/de\/wp-json\/wp\/v2\/product"}],"about":[{"href":"https:\/\/minghanggroup.com\/de\/wp-json\/wp\/v2\/types\/product"}],"wp:featuredmedia":[{"embeddable":true,"href":"https:\/\/minghanggroup.com\/de\/wp-json\/wp\/v2\/media\/4396"}],"wp:attachment":[{"href":"https:\/\/minghanggroup.com\/de\/wp-json\/wp\/v2\/media?parent=4393"}],"wp:term":[{"taxonomy":"product_brand","embeddable":true,"href":"https:\/\/minghanggroup.com\/de\/wp-json\/wp\/v2\/product_brand?post=4393"},{"taxonomy":"product_cat","embeddable":true,"href":"https:\/\/minghanggroup.com\/de\/wp-json\/wp\/v2\/product_cat?post=4393"},{"taxonomy":"product_tag","embeddable":true,"href":"https:\/\/minghanggroup.com\/de\/wp-json\/wp\/v2\/product_tag?post=4393"}],"curies":[{"name":"wp","href":"https:\/\/api.w.org\/{rel}","templated":true}]}}