{"id":4381,"date":"2026-01-06T15:08:58","date_gmt":"2026-01-06T07:08:58","guid":{"rendered":"https:\/\/minghanggroup.com\/?post_type=product&#038;p=4381"},"modified":"2026-01-06T15:38:08","modified_gmt":"2026-01-06T07:38:08","slug":"luxury-perfume-bottles-with-gold-decorative-wholesale","status":"publish","type":"product","link":"https:\/\/minghanggroup.com\/de\/produkt\/luxury-perfume-bottles-with-gold-decorative-wholesale\/","title":{"rendered":"50-ml-Luxusparf\u00fcmflakons mit goldener Verzierung (Gro\u00dfhandel)"},"content":{"rendered":"<p>Diese luxuri\u00f6sen Parf\u00fcmflakons werden aus kristallklarem Glas gefertigt und sind in vier Formen erh\u00e4ltlich (K\u00fcrbis, zylindrisch, quadratisch und oval). Die Flakons sind mit wundersch\u00f6nen, vergoldeten Verschl\u00fcssen verziert und besitzen facettierte Kappen, die im Sonnenlicht gl\u00e4nzen.<\/p>\n<h2>Produktmerkmale<\/h2>\n<ul>\n<li><strong>Mehrere Formkombinationen:<\/strong> Um den unterschiedlichen \u00e4sthetischen Geschm\u00e4ckern gerecht zu werden, gibt es vier Flaschenformen: die K\u00fcrbis-, die zylindrische, die quadratische und die ovale Flaschenform.<\/li>\n<li><strong>Facettenreiche Kappen:<\/strong> Die transparenten Kappen weisen einen strukturierten Schnitt und goldene Metallic-Details auf, was den luxuri\u00f6sen Gesamteindruck unterstreicht.<\/li>\n<li><strong>Goldene Dekorationselemente:<\/strong> Die Flaschen sind mit goldenen Mustern\/durchbrochenen Designs verziert, die die Kristallglas- und Metallkomponenten nachbilden und die feine Handwerkskunst verdeutlichen.<\/li>\n<\/ul>\n<h2 style=\"text-align: left;\">Wichtigste Spezifikationen<\/h2>\n<table class=\"aligncenter\" style=\"border-collapse: collapse; width: 575.27pt;\" border=\"0\" width=\"767\" cellspacing=\"0\" cellpadding=\"0\">\n<tbody>\n<tr style=\"height: 13.50pt;\">\n<td style=\"height: 13.50pt; width: 117.75pt;\" width=\"157\" height=\"18\">Specification<\/td>\n<td style=\"width: 457.50pt;\" width=\"610\">Details<\/td>\n<\/tr>\n<tr style=\"height: 13.50pt;\">\n<td style=\"height: 13.50pt;\" height=\"18\">Kapazit\u00e4t<\/td>\n<td>50ml (All Styles)<\/td>\n<\/tr>\n<tr style=\"height: 13.50pt;\">\n<td style=\"height: 13.50pt;\" height=\"18\">Abmessungen<\/td>\n<td>60\u00d764mm (Pumpkin) \/ 48\u00d7106mm (Cylinder) \/ 38\u00d787mm (Square) \/ 67\u00d798mm (Oval)<\/td>\n<\/tr>\n<tr style=\"height: 13.50pt;\">\n<td style=\"height: 13.50pt;\" height=\"18\">Material<\/td>\n<td>Kristallglas, goldene Metallakzente<\/td>\n<\/tr>\n<tr style=\"height: 13.50pt;\">\n<td style=\"height: 13.50pt;\" height=\"18\">Flaschenform<\/td>\n<td>K\u00fcrbis-, Zylinder-, Quadrat- und Ovalform<\/td>\n<\/tr>\n<tr style=\"height: 13.50pt;\">\n<td style=\"height: 13.50pt;\" height=\"18\">Anpassungsumfang<\/td>\n<td>Glasfarbe, Design mit goldenen Akzenten, Verschlussart<\/td>\n<\/tr>\n<tr style=\"height: 13.50pt;\">\n<td style=\"height: 13.50pt;\" height=\"18\">Handwerkskunst<\/td>\n<td>Pr\u00e4zisionsglasblasen, Metallfiligran-Anwendung<\/td>\n<\/tr>\n<tr style=\"height: 13.50pt;\">\n<td style=\"height: 13.50pt;\" height=\"18\">Produktzweck<\/td>\n<td>Luxus-Parf\u00fcmflakons im Gro\u00dfhandel, Parf\u00fcmflakons in gro\u00dfen Mengen<\/td>\n<\/tr>\n<tr style=\"height: 13.50pt;\">\n<td style=\"height: 13.50pt;\" height=\"18\">Geeignete Branchen<\/td>\n<td>Haute Parfumerie, F\u00fcnf-Sterne-Gastfreundschaft, exklusiver Einzelhandel<\/td>\n<\/tr>\n<\/tbody>\n<\/table>\n<h2>Erfolgsgeschichte<\/h2>\n<p>Eine der bekanntesten franz\u00f6sischen Luxusparf\u00fcmmarken gab vier unserer exklusiven Flakons in Auftrag. Diese wurden mit 24-kar\u00e4tigem Gold veredelt und mit dem Markenlogo und dem Markennamen graviert. Die Flakons erlangten nach ihrer Markteinf\u00fchrung gro\u00dfe Bekanntheit. Laut der Marke stieg die Kundenwahrnehmung des Produkts als Premiumprodukt aufgrund des Kristallglas- und Golddesigns um 45 Prozent, und die Anzahl positiver Rezensionen, die das luxuri\u00f6se Design hervorhoben, erh\u00f6hte sich um 36 Prozent. Die Marke zeigte sich sehr zufrieden mit dem Markterfolg und bestellte k\u00fcrzlich weitere 350.000 Flakons, um ihre weltweiten Vertriebskan\u00e4le auszubauen.<\/p>\n<h2>Gro\u00dfhandel mit individueller Gestaltung von Luxus-Parf\u00fcmflakons<\/h2>\n<ul>\n<li>Individuelle Hei\u00dfpr\u00e4gung: Lassen Sie in jeder Flaschenform einzigartige Muster, Monogramme oder Embleme per Hei\u00dfpr\u00e4gung anbringen.<\/li>\n<li>Edelmetallplattierung: Mit Golddetails in verschiedenen Plattierungsarten (Ros\u00e9gold, Platin, Rhodium).<\/li>\n<li>Buntglas: Jede Flaschenform wird mit exklusiven Farben (Saphir, Smaragdgr\u00fcn, Rubin, Bernstein) versehen.<\/li>\n<li>Details zur Verwendung von Emaille-Einlagen: Verleihen Sie den Hei\u00dfpr\u00e4gemustern mit handgemalten Emaille-Verzierungen zus\u00e4tzliche Farbe und Tiefe.<\/li>\n<\/ul>","protected":false},"excerpt":{"rendered":"<p>Luxuri\u00f6se Parf\u00fcmflakons aus Kristallglas mit goldenen Akzenten f\u00fcr einen exklusiven Look. Ideal f\u00fcr Premiummarken. Gro\u00dfhandel mit Luxus-Parf\u00fcmflakons inklusive Gratisproben.<\/p>","protected":false},"featured_media":4389,"template":"","meta":{"postBodyCss":"","postBodyMargin":[],"postBodyPadding":[],"postBodyBackground":{"backgroundType":"classic","gradient":""}},"product_brand":[],"product_cat":[15,16,62],"product_tag":[],"class_list":{"0":"post-4381","1":"product","2":"type-product","3":"status-publish","4":"has-post-thumbnail","6":"product_cat-glass-containers","7":"product_cat-glass-bottles","8":"product_cat-perfume-bottles","10":"first","11":"instock","12":"shipping-taxable","13":"product-type-simple"},"jetpack_sharing_enabled":true,"_links":{"self":[{"href":"https:\/\/minghanggroup.com\/de\/wp-json\/wp\/v2\/product\/4381","targetHints":{"allow":["GET"]}}],"collection":[{"href":"https:\/\/minghanggroup.com\/de\/wp-json\/wp\/v2\/product"}],"about":[{"href":"https:\/\/minghanggroup.com\/de\/wp-json\/wp\/v2\/types\/product"}],"wp:featuredmedia":[{"embeddable":true,"href":"https:\/\/minghanggroup.com\/de\/wp-json\/wp\/v2\/media\/4389"}],"wp:attachment":[{"href":"https:\/\/minghanggroup.com\/de\/wp-json\/wp\/v2\/media?parent=4381"}],"wp:term":[{"taxonomy":"product_brand","embeddable":true,"href":"https:\/\/minghanggroup.com\/de\/wp-json\/wp\/v2\/product_brand?post=4381"},{"taxonomy":"product_cat","embeddable":true,"href":"https:\/\/minghanggroup.com\/de\/wp-json\/wp\/v2\/product_cat?post=4381"},{"taxonomy":"product_tag","embeddable":true,"href":"https:\/\/minghanggroup.com\/de\/wp-json\/wp\/v2\/product_tag?post=4381"}],"curies":[{"name":"wp","href":"https:\/\/api.w.org\/{rel}","templated":true}]}}