{"id":4349,"date":"2026-01-06T15:18:31","date_gmt":"2026-01-06T07:18:31","guid":{"rendered":"https:\/\/minghanggroup.com\/?post_type=product&#038;p=4349"},"modified":"2026-01-06T15:18:32","modified_gmt":"2026-01-06T07:18:32","slug":"custom-square-perfume-bottles-with-marble-lids-bulk","status":"publish","type":"product","link":"https:\/\/minghanggroup.com\/de\/produkt\/custom-square-perfume-bottles-with-marble-lids-bulk\/","title":{"rendered":"30 ml, 50 ml, 100 ml individuell gestaltete quadratische Parf\u00fcmflakons mit Marmordeckeln (Gro\u00dfpackung)"},"content":{"rendered":"<p>Ihr quadratischer Parf\u00fcmflakon soll die Blicke Ihrer Kunden auf sich ziehen. Wir fertigen Vintage-Parf\u00fcmflakons aus Glas im Gro\u00dfhandel an, die f\u00fcr Duftverpackungen konzipiert sind, die wirklich Aufmerksamkeit erregen \u2013 jeder Flakon wird zum Markenzeichen Ihrer Marke.<\/p>\n<h2>Produktmerkmale<\/h2>\n<ul>\n<li><strong>Moderne quadratische Eleganz:<\/strong> Klare Linien treffen auf Vintage-Charme \u2013 Ihre Parf\u00fcmverpackung ist einfach unwiderstehlich.<\/li>\n<li><strong>Marmorkappen-Individualisierung:<\/strong> W\u00e4hlen Sie orange, wei\u00dfe oder braune Kappen, die zu Ihrer individuellen Parf\u00fcmgeschichte passen.<\/li>\n<li><strong>Kristallglasklarheit:<\/strong> Bringen Sie die wahre Farbe Ihrer D\u00fcfte mit diesem hochwertigen Glasflakon zur Geltung.<\/li>\n<\/ul>\n<h2>Wichtigste Spezifikationen<\/h2>\n<table style=\"border-collapse: collapse; width: 80%; margin-left: auto; margin-right: auto;\" border=\"0\" width=\"288\" cellspacing=\"0\" cellpadding=\"0\">\n<tbody>\n<tr style=\"height: 13.50pt;\">\n<td style=\"height: 13.5pt; width: 54pt; text-align: center;\" width=\"72\" height=\"18\">Kapazit\u00e4t<\/td>\n<td style=\"width: 54pt; text-align: center;\" width=\"72\">Abmessungen (mm)<\/td>\n<td style=\"width: 54pt; text-align: center;\" width=\"72\">Form<\/td>\n<td style=\"width: 54pt; text-align: center;\" width=\"72\">Optionen f\u00fcr die Kappe<\/td>\n<\/tr>\n<tr style=\"height: 13.50pt;\">\n<td style=\"height: 13.5pt; text-align: center;\" height=\"18\">30 ml \/ 1 oz<\/td>\n<td style=\"text-align: center;\">37 x 37 x 76<\/td>\n<td class=\"et2\" style=\"text-align: center;\" rowspan=\"3\">Quadrat<\/td>\n<td class=\"et2\" style=\"text-align: center;\" rowspan=\"3\">Marmor (orange\/wei\u00df\/braun)<\/td>\n<\/tr>\n<tr style=\"height: 13.50pt;\">\n<td style=\"height: 13.5pt; text-align: center;\" height=\"18\">50 ml<\/td>\n<td style=\"text-align: center;\">41 x 41 x 85<\/td>\n<\/tr>\n<tr style=\"height: 13.50pt;\">\n<td style=\"height: 13.5pt; text-align: center;\" height=\"18\">100 ml \/ 3,4 oz<\/td>\n<td style=\"text-align: center;\">52 x 52 x 130<\/td>\n<\/tr>\n<\/tbody>\n<\/table>\n<h2>Erfolgsbeispiel<\/h2>\n<p>Unsere Glasflakons mit Marmordeckeln im quadratischen Vintage-Stil wurden f\u00fcr eine Luxusparf\u00fcmmarke verwendet, die sich auf hochwertige Parfums spezialisiert hat. Das Markenlogo wurde direkt in den Flakon eingraviert, um ein einheitliches Gesamtbild zu erzielen. Die Marmordeckel waren vergoldet, und der Flakon bestand aus hochwertigem, bernsteinfarbenem Glas \u2013 ein wahrhaft luxuri\u00f6ses Produkt.<\/p>\n<p>Die Marke erzielte im ersten Quartal nach ihrer Markteinf\u00fchrung ein Umsatzwachstum von 40 Prozent und erhielt positive Marktresonanz. Innerhalb von sechs Monaten gingen drei Folgebestellungen ein, was zu einem Umsatzwachstum von 60 Prozent f\u00fchrte.<\/p>\n<h2>Ihre Anpassungsoptionen<\/h2>\n<ol>\n<li><strong>Individualisierung der Kappe:<\/strong> W\u00e4hlen Sie aus verschiedenen Oberfl\u00e4chenveredelungen f\u00fcr die Kappe: Marmor, Gold, plattiert oder matt \u2013 passend zur \u00c4sthetik Ihrer Marke. Kappenfarbe und -material \u00fcberzeugen durch hochwertige Optik.<\/li>\n<li><strong>Logogravur:<\/strong> Lassen Sie Ihre Flaschen mit Ihrem Logo versehen, das in das Glas eingraviert oder gedruckt ist. Dies verleiht Ihren Flaschen Exklusivit\u00e4t (und sorgt daf\u00fcr, dass Ihre Marke im Regal besser sichtbar ist).<\/li>\n<li><strong>Farbpersonalisierung:<\/strong> Gestalten Sie die Glasfarbe nach Ihren W\u00fcnschen und kreieren Sie eine einzigartige Marke. Sie k\u00f6nnen get\u00f6ntes, mattiertes oder klares Glas verwenden, um Ihren Duft individuell zu pr\u00e4sentieren.<\/li>\n<\/ol>","protected":false},"excerpt":{"rendered":"<p>Entdecken Sie unseren hochwertigen, quadratischen Parf\u00fcmflakon mit Marmorverschluss. Diese Vintage-Parf\u00fcmflakons aus Glas sind ideal f\u00fcr Marken und eignen sich f\u00fcr individuelle Gro\u00dfbestellungen. Schneller Versand garantiert.<\/p>","protected":false},"featured_media":4388,"template":"","meta":{"postBodyCss":"","postBodyMargin":[],"postBodyPadding":[],"postBodyBackground":{"backgroundType":"classic","gradient":""}},"product_brand":[],"product_cat":[15,16,62],"product_tag":[],"class_list":{"0":"post-4349","1":"product","2":"type-product","3":"status-publish","4":"has-post-thumbnail","6":"product_cat-glass-containers","7":"product_cat-glass-bottles","8":"product_cat-perfume-bottles","10":"first","11":"instock","12":"shipping-taxable","13":"product-type-simple"},"jetpack_sharing_enabled":true,"_links":{"self":[{"href":"https:\/\/minghanggroup.com\/de\/wp-json\/wp\/v2\/product\/4349","targetHints":{"allow":["GET"]}}],"collection":[{"href":"https:\/\/minghanggroup.com\/de\/wp-json\/wp\/v2\/product"}],"about":[{"href":"https:\/\/minghanggroup.com\/de\/wp-json\/wp\/v2\/types\/product"}],"wp:featuredmedia":[{"embeddable":true,"href":"https:\/\/minghanggroup.com\/de\/wp-json\/wp\/v2\/media\/4388"}],"wp:attachment":[{"href":"https:\/\/minghanggroup.com\/de\/wp-json\/wp\/v2\/media?parent=4349"}],"wp:term":[{"taxonomy":"product_brand","embeddable":true,"href":"https:\/\/minghanggroup.com\/de\/wp-json\/wp\/v2\/product_brand?post=4349"},{"taxonomy":"product_cat","embeddable":true,"href":"https:\/\/minghanggroup.com\/de\/wp-json\/wp\/v2\/product_cat?post=4349"},{"taxonomy":"product_tag","embeddable":true,"href":"https:\/\/minghanggroup.com\/de\/wp-json\/wp\/v2\/product_tag?post=4349"}],"curies":[{"name":"wp","href":"https:\/\/api.w.org\/{rel}","templated":true}]}}