{"id":4338,"date":"2026-01-06T13:16:46","date_gmt":"2026-01-06T05:16:46","guid":{"rendered":"https:\/\/minghanggroup.com\/?post_type=product&#038;p=4338"},"modified":"2026-01-06T13:46:44","modified_gmt":"2026-01-06T05:46:44","slug":"green-glass-crystal-perfume-bottles-with-mountain-base-bulk","status":"publish","type":"product","link":"https:\/\/minghanggroup.com\/de\/produkt\/green-glass-crystal-perfume-bottles-with-mountain-base-bulk\/","title":{"rendered":"30 ml, 50 ml, 100 ml Parf\u00fcmflakons aus gr\u00fcnem Kristallglas mit Bergmotiv (Gro\u00dfpackung)"},"content":{"rendered":"<p>Diese gr\u00fcnen Parf\u00fcmflakons sind aus klarem, glattem Glas gefertigt und mit einem modischen, gl\u00e4nzenden gr\u00fcnen Metallverschluss versehen. Der Boden ist mit einem gr\u00fcnen Bergmotiv verziert, das sich auch im Gr\u00fcn des Verschlusses wiederfindet.<\/p>\n<h2>Produktmerkmale<\/h2>\n<ul>\n<li><strong>Mehrere Gr\u00f6\u00dfen:<\/strong> Sie sind in drei Gr\u00f6\u00dfen erh\u00e4ltlich, um den Anforderungen des t\u00e4glichen Gebrauchs und des mobilen Einsatzes sowie anderer Aufbewahrungsarten f\u00fcr Parfums gerecht zu werden.<\/li>\n<li><strong>Skulptur am Gr\u00fcnen Berg:<\/strong> Die realistische gr\u00fcne Bergskulptur im Inneren der Flasche wirkt ausdrucksstark, nat\u00fcrlich und k\u00fcnstlerisch.<\/li>\n<li><strong>Dunkelgr\u00fcnes Farbblockdesign:<\/strong> Die durchsichtige gr\u00fcne Kappe und die Details im Inneren des Klarglases verleihen der Marke eine einpr\u00e4gsame und energiegeladene Botschaft.<\/li>\n<\/ul>\n<h2 style=\"text-align: left;\">Wichtigste Spezifikationen<\/h2>\n<table class=\"aligncenter\" style=\"border-collapse: collapse; width: 416.27pt;\" border=\"0\" width=\"555\" cellspacing=\"0\" cellpadding=\"0\">\n<tbody>\n<tr style=\"height: 13.50pt;\">\n<td style=\"height: 13.50pt; width: 117.75pt;\" width=\"157\" height=\"18\">Kapazit\u00e4t<\/td>\n<td style=\"width: 298.50pt;\" width=\"398\">30 ml \/ 50 ml \/ 100 ml<\/td>\n<\/tr>\n<tr style=\"height: 13.50pt;\">\n<td style=\"height: 13.50pt;\" height=\"18\">Abmessungen<\/td>\n<td>46\u00d773 mm \/ 51\u00d780 mm \/ 59\u00d794 mm<\/td>\n<\/tr>\n<tr style=\"height: 13.50pt;\">\n<td style=\"height: 13.50pt;\" height=\"18\">Material<\/td>\n<td>Klares Glas, gr\u00fcne Metallkappe<\/td>\n<\/tr>\n<tr style=\"height: 13.50pt;\">\n<td style=\"height: 13.50pt;\" height=\"18\">Flaschenform<\/td>\n<td>Zylinder mit Skulpturensockel<\/td>\n<\/tr>\n<tr style=\"height: 13.50pt;\">\n<td style=\"height: 13.50pt;\" height=\"18\">Anpassungsumfang<\/td>\n<td>Glasfarbe\/T\u00f6nung, Gravur, Spritzlackierung<\/td>\n<\/tr>\n<tr style=\"height: 13.50pt;\">\n<td style=\"height: 13.50pt;\" height=\"18\">Handwerkskunst<\/td>\n<td>Glasverkapselung, Pr\u00e4zisionsmetallumformung und -beschichtung<\/td>\n<\/tr>\n<tr style=\"height: 13.50pt;\">\n<td style=\"height: 13.50pt;\" height=\"18\">Produktzweck<\/td>\n<td>Parf\u00fcmflakons aus Kristallglas, Parf\u00fcmflakons aus Glas in gro\u00dfen Mengen<\/td>\n<\/tr>\n<tr style=\"height: 13.50pt;\">\n<td style=\"height: 13.50pt;\" height=\"18\">Geeignete Branchen<\/td>\n<td>Zeitgen\u00f6ssische Parf\u00fcmerie-, Wellness- und Spa-Marken<\/td>\n<\/tr>\n<\/tbody>\n<\/table>\n<h2>Erfolgsgeschichte<\/h2>\n<p>Unser 100-ml-Parf\u00fcmflakon in Gr\u00fcn wurde von einer australischen Marke ausgew\u00e4hlt, die sich f\u00fcr Nachhaltigkeit und Natur einsetzt und das Bergmotiv im Inneren des Flakons an die australischen Alpen anpasste. Die Markenphilosophie wird durch das leuchtende Gr\u00fcn optimal repr\u00e4sentiert, was zu einem 500-prozentigen Anstieg des Engagements in den sozialen Medien f\u00fchrte. Das ansprechende Flakondesign trug au\u00dferdem dazu bei, dass das Produkt in \u00fcber 200 Luxus-Wellness- und Lifestyle-Gesch\u00e4ften erh\u00e4ltlich sein konnte. Die Marke war mit der Marktresonanz sehr zufrieden und bestellte daher weitere 300.000 Flakons, um ihr Wachstum auf dem nordamerikanischen Markt weiter zu beschleunigen.<\/p>\n<h2>Personalisierung einer Parf\u00fcmflasche aus Kristallglas<\/h2>\n<ul>\n<li>Individualisieren Sie Farbe und Form der Skulpturen im Innenbereich: Bieten Sie Skulpturen in verschiedenen Farben (blau, bernsteinfarben) oder Formen (Wald, Korallenriff) an.<\/li>\n<li>Buntglasflasche: Farbiges Glas (z. B. seegr\u00fcn, aquamarinblau) kann verwendet werden, um die Skulptur im Inneren zu erg\u00e4nzen oder einen Kontrast dazu zu schaffen.<\/li>\n<li>Glaslasergravur: Verzieren Sie die Glasoberfl\u00e4che mit Mustern, Markennamen oder Koordinaten.<\/li>\n<li>Kappenstruktur: Man kann vertikale Rillen oder ein R\u00e4ndelmuster auf die Kappe aufbringen, um einen besseren Halt zu gew\u00e4hrleisten oder sie optisch ansprechender zu gestalten.<\/li>\n<\/ul>","protected":false},"excerpt":{"rendered":"<p>Parf\u00fcmflakon aus Kristallglas mit klarem, zylindrischem Korpus und leuchtend gr\u00fcnem Sockel. Dieser gr\u00fcne Parf\u00fcmflakon besticht durch seine luxuri\u00f6se Ausstrahlung und ist direkt vom Hersteller erh\u00e4ltlich.<\/p>","protected":false},"featured_media":4340,"template":"","meta":{"postBodyCss":"","postBodyMargin":[],"postBodyPadding":[],"postBodyBackground":{"backgroundType":"classic","gradient":""}},"product_brand":[],"product_cat":[15,16,62],"product_tag":[],"class_list":{"0":"post-4338","1":"product","2":"type-product","3":"status-publish","4":"has-post-thumbnail","6":"product_cat-glass-containers","7":"product_cat-glass-bottles","8":"product_cat-perfume-bottles","10":"first","11":"instock","12":"shipping-taxable","13":"product-type-simple"},"jetpack_sharing_enabled":true,"_links":{"self":[{"href":"https:\/\/minghanggroup.com\/de\/wp-json\/wp\/v2\/product\/4338","targetHints":{"allow":["GET"]}}],"collection":[{"href":"https:\/\/minghanggroup.com\/de\/wp-json\/wp\/v2\/product"}],"about":[{"href":"https:\/\/minghanggroup.com\/de\/wp-json\/wp\/v2\/types\/product"}],"wp:featuredmedia":[{"embeddable":true,"href":"https:\/\/minghanggroup.com\/de\/wp-json\/wp\/v2\/media\/4340"}],"wp:attachment":[{"href":"https:\/\/minghanggroup.com\/de\/wp-json\/wp\/v2\/media?parent=4338"}],"wp:term":[{"taxonomy":"product_brand","embeddable":true,"href":"https:\/\/minghanggroup.com\/de\/wp-json\/wp\/v2\/product_brand?post=4338"},{"taxonomy":"product_cat","embeddable":true,"href":"https:\/\/minghanggroup.com\/de\/wp-json\/wp\/v2\/product_cat?post=4338"},{"taxonomy":"product_tag","embeddable":true,"href":"https:\/\/minghanggroup.com\/de\/wp-json\/wp\/v2\/product_tag?post=4338"}],"curies":[{"name":"wp","href":"https:\/\/api.w.org\/{rel}","templated":true}]}}