{"id":4337,"date":"2026-01-06T17:07:46","date_gmt":"2026-01-06T09:07:46","guid":{"rendered":"https:\/\/minghanggroup.com\/?post_type=product&#038;p=4337"},"modified":"2026-01-06T17:07:48","modified_gmt":"2026-01-06T09:07:48","slug":"glass-customized-perfume-bottles-with-lids-wholesale","status":"publish","type":"product","link":"https:\/\/minghanggroup.com\/de\/produkt\/glass-customized-perfume-bottles-with-lids-wholesale\/","title":{"rendered":"Gro\u00dfhandel f\u00fcr individuell gestaltete 100-ml-Glasparf\u00fcmflaschen mit Deckel"},"content":{"rendered":"<p>Ihr individuell gestalteter Parf\u00fcmflakon soll die Blicke Ihrer Kunden auf sich ziehen. Wir fertigen hochwertige Glasflakons f\u00fcr Parf\u00fcmverpackungen im Gro\u00dfhandel, die sich durch ihre verkaufsf\u00f6rdernde Wirkung auszeichnen \u2013 jeder Flakon wird zum Geheimtipp Ihrer Marke.<\/p>\n<h2>Produktmerkmale<\/h2>\n<ul>\n<li><strong>Achteckige Eleganz: <\/strong>Durch diese ungew\u00f6hnliche Formgebung wird das Licht auf einzigartige Weise reflektiert \u2013 Ihre Parf\u00fcmverpackung wird so zu einem echten Blickfang in jedem Regal.<\/li>\n<li><strong>Luxuskappe aus schwarzem und goldenem Material: <\/strong>Dieser elegante Verschluss? Verleiht Ihrer Glasflasche sofort ein hochwertiges Flair \u2013 definitiv keine billige Kopie.<\/li>\n<li><strong>Ergonomischer Komfort: <\/strong>F\u00fcr Ihre Hand gemacht \u2013 guter Griff, einfaches Aufspr\u00fchen, kein Auslaufen.<\/li>\n<\/ul>\n<h2>Wichtigste Spezifikationen<\/h2>\n<table style=\"border-collapse: collapse; width: 80%; margin-left: auto; margin-right: auto;\" border=\"0\" width=\"288\" cellspacing=\"0\" cellpadding=\"0\">\n<tbody>\n<tr style=\"height: 13.50pt;\">\n<td style=\"height: 13.5pt; width: 54pt; text-align: center;\" width=\"72\" height=\"18\">Kapazit\u00e4t<\/td>\n<td style=\"width: 54pt; text-align: center;\" width=\"72\">Form<\/td>\n<td style=\"width: 54pt; text-align: center;\" width=\"72\">Abmessungen (mm)<\/td>\n<td style=\"width: 54pt; text-align: center;\" width=\"72\">Verwendung<\/td>\n<\/tr>\n<tr style=\"height: 13.50pt;\">\n<td style=\"height: 13.5pt; text-align: center;\" height=\"18\">100 ml \/ 3,4 oz<\/td>\n<td style=\"text-align: center;\">Achteckig<\/td>\n<td style=\"text-align: center;\">75 x 34 x 89<\/td>\n<td style=\"text-align: center;\">Parfums, Eau de Colognes, K\u00f6rpersprays<\/td>\n<\/tr>\n<\/tbody>\n<\/table>\n<h2>Erfolgsbeispiel<\/h2>\n<p>Eine der f\u00fchrenden Luxusparf\u00fcmmarken hat ihre Produktverpackung komplett umgestellt und sich f\u00fcr unsere individuell gestalteten Flakons entschieden. Die Flakons bestechen durch ihre elegante achteckige Form, einen silbernen Verschluss und einzigartige, seidene Siebdruckmuster sowie ein individuell gefertigtes, detailreiches Markenlogo.<\/p>\n<p>Diese besonderen Parf\u00fcmflakons verliehen dem Produkt ein hochwertiges Image, wodurch der Absatz im ersten Quartal nach der Markteinf\u00fchrung um 30 % stieg. Mit der \u00fcberarbeiteten Verpackung konnte die Marke erfolgreich in f\u00fcnf neuen Luxuskaufh\u00e4usern Fu\u00df fassen, die die individuell gestalteten Flakons im n\u00e4chsten Quartal nachbestellen werden.<\/p>\n<h2>Ihre Anpassungsoptionen<\/h2>\n<ol>\n<li><strong>Kappenanpassung:<\/strong> W\u00e4hlen Sie zwischen verschiedenen Kappenmaterialien wie Gold, Silber, gl\u00e4nzendem oder mattem Schwarz, um dem eleganten und luxuri\u00f6sen Markenimage gerecht zu werden.<\/li>\n<li><strong>Flaschenfarbe:<\/strong> W\u00e4hlen Sie klares und mattiertes Glas, um Ihrem Produkt einen edlen und eleganten Look zu verleihen. Alternativ k\u00f6nnen Sie auch farbiges Glas w\u00e4hlen, falls Sie Ihrem Produkt ein besonderes und auff\u00e4lliges Design geben m\u00f6chten.<\/li>\n<li><strong>Gold-\/Silberakzente:<\/strong> Goldene\/silberne Akzente am Logo, an Details am Verschluss oder am Flakon verleihen dem Produkt einen noch luxuri\u00f6seren und eleganteren Touch. Diese Gestaltungselemente eignen sich ideal f\u00fcr die Entwicklung einer hochwertigen Premium-Duftlinie.<\/li>\n<\/ol>","protected":false},"excerpt":{"rendered":"<p>Entdecken Sie individuell gestaltbare Parf\u00fcmflakons f\u00fcr luxuri\u00f6se D\u00fcfte. Unsere Glasflakons eignen sich ideal f\u00fcr Ihr Branding, inklusive individueller Gro\u00dfbestellungen und schnellem Versand.<\/p>","protected":false},"featured_media":4348,"template":"","meta":{"postBodyCss":"","postBodyMargin":[],"postBodyPadding":[],"postBodyBackground":{"backgroundType":"classic","gradient":""}},"product_brand":[],"product_cat":[15,16,62],"product_tag":[],"class_list":{"0":"post-4337","1":"product","2":"type-product","3":"status-publish","4":"has-post-thumbnail","6":"product_cat-glass-containers","7":"product_cat-glass-bottles","8":"product_cat-perfume-bottles","10":"first","11":"instock","12":"shipping-taxable","13":"product-type-simple"},"jetpack_sharing_enabled":true,"_links":{"self":[{"href":"https:\/\/minghanggroup.com\/de\/wp-json\/wp\/v2\/product\/4337","targetHints":{"allow":["GET"]}}],"collection":[{"href":"https:\/\/minghanggroup.com\/de\/wp-json\/wp\/v2\/product"}],"about":[{"href":"https:\/\/minghanggroup.com\/de\/wp-json\/wp\/v2\/types\/product"}],"wp:featuredmedia":[{"embeddable":true,"href":"https:\/\/minghanggroup.com\/de\/wp-json\/wp\/v2\/media\/4348"}],"wp:attachment":[{"href":"https:\/\/minghanggroup.com\/de\/wp-json\/wp\/v2\/media?parent=4337"}],"wp:term":[{"taxonomy":"product_brand","embeddable":true,"href":"https:\/\/minghanggroup.com\/de\/wp-json\/wp\/v2\/product_brand?post=4337"},{"taxonomy":"product_cat","embeddable":true,"href":"https:\/\/minghanggroup.com\/de\/wp-json\/wp\/v2\/product_cat?post=4337"},{"taxonomy":"product_tag","embeddable":true,"href":"https:\/\/minghanggroup.com\/de\/wp-json\/wp\/v2\/product_tag?post=4337"}],"curies":[{"name":"wp","href":"https:\/\/api.w.org\/{rel}","templated":true}]}}