{"id":4331,"date":"2026-01-06T10:40:23","date_gmt":"2026-01-06T02:40:23","guid":{"rendered":"https:\/\/minghanggroup.com\/?post_type=product&#038;p=4331"},"modified":"2026-01-06T11:57:38","modified_gmt":"2026-01-06T03:57:38","slug":"empty-bottles-for-perfume-with-silver-mountain-base-bulk","status":"publish","type":"product","link":"https:\/\/minghanggroup.com\/de\/produkt\/empty-bottles-for-perfume-with-silver-mountain-base-bulk\/","title":{"rendered":"30 ml, 50 ml, 100 ml leere Parf\u00fcmflaschen mit Silver Mountain Base (Gro\u00dfpackung)"},"content":{"rendered":"<p>Diese Parf\u00fcmflakons sind aus glattem, klarem Glas gefertigt, mit einem matten silbernen Metallverschluss und einem Metallboden in Form eines Bergmotivs, was ihnen eine schlichte Eleganz verleiht.<\/p>\n<h2>Produktmerkmale<\/h2>\n<ul>\n<li><strong>Sockeldetails von Silver Mountain:<\/strong> Das silberne Bergmuster im Inneren der Flasche erzeugt einen besonderen k\u00fcnstlerischen, bemerkenswerten und eindrucksvollen Eindruck.<\/li>\n<li><strong>Glasflasche Erfrischendes Silber:<\/strong> Die silberne Farbe harmoniert perfekt mit der transparenten Glasflasche und verleiht ihr ein modernes, hochwertiges und geschlechtsneutrales Aussehen.<\/li>\n<li><strong>Drei ideale Gr\u00f6\u00dfen:<\/strong> W\u00e4hlen Sie eine 30-ml-Probiergr\u00f6\u00dfe, eine 50-ml-Tagesgr\u00f6\u00dfe oder eine 100-ml-Luxusgr\u00f6\u00dfe.<\/li>\n<\/ul>\n<h2 style=\"text-align: left;\">Wichtigste Spezifikationen<\/h2>\n<table class=\"aligncenter\" style=\"border-collapse: collapse; width: 416.27pt;\" border=\"0\" width=\"555\" cellspacing=\"0\" cellpadding=\"0\">\n<tbody>\n<tr style=\"height: 13.50pt;\">\n<td style=\"height: 13.50pt; width: 117.75pt;\" width=\"157\" height=\"18\">Specification<\/td>\n<td style=\"width: 298.50pt;\" width=\"398\">Details<\/td>\n<\/tr>\n<tr style=\"height: 13.50pt;\">\n<td style=\"height: 13.50pt;\" height=\"18\">Kapazit\u00e4t<\/td>\n<td>30 ml \/ 50 ml \/ 100 ml<\/td>\n<\/tr>\n<tr style=\"height: 13.50pt;\">\n<td style=\"height: 13.50pt;\" height=\"18\">Abmessungen<\/td>\n<td>46\u00d773 mm \/ 51\u00d780 mm \/ 59\u00d794 mm<\/td>\n<\/tr>\n<tr style=\"height: 13.50pt;\">\n<td style=\"height: 13.50pt;\" height=\"18\">Material<\/td>\n<td>Klares Glas, silberne Metallkappe<\/td>\n<\/tr>\n<tr style=\"height: 13.50pt;\">\n<td style=\"height: 13.50pt;\" height=\"18\">Flaschenform<\/td>\n<td>Zylinder mit Skulpturensockel<\/td>\n<\/tr>\n<tr style=\"height: 13.50pt;\">\n<td style=\"height: 13.50pt;\" height=\"18\">Anpassungsumfang<\/td>\n<td>Skulpturendesign, Glasfarbe\/T\u00f6nung, Metalloberfl\u00e4che<\/td>\n<\/tr>\n<tr style=\"height: 13.50pt;\">\n<td style=\"height: 13.50pt;\" height=\"18\">Handwerkskunst<\/td>\n<td>Glasverkapselung, Pr\u00e4zisionsmetallbearbeitung<\/td>\n<\/tr>\n<tr style=\"height: 13.50pt;\">\n<td style=\"height: 13.50pt;\" height=\"18\">Produktzweck<\/td>\n<td>Leere Parf\u00fcmglasflaschen, Parf\u00fcmflaschen in gro\u00dfen Mengen<\/td>\n<\/tr>\n<tr style=\"height: 13.50pt;\">\n<td style=\"height: 13.50pt;\" height=\"18\">Geeignete Branchen<\/td>\n<td>Zeitgen\u00f6ssische Parf\u00fcmerie, Lifestyle-Marken<\/td>\n<\/tr>\n<\/tbody>\n<\/table>\n<h2>Erfolgsgeschichte<\/h2>\n<p>Eine minimalistische nordische Lifestyle-Marke kaufte unsere leeren 50-ml-Parf\u00fcmglasflakons und gestaltete deren Innenausstattung als Skulptur, die an die Felsformationen der nordischen Fjorde erinnert. Die silbergraue Farbe passt hervorragend zu ihrer Marke. Dank des unverwechselbaren Designs stiegen die Social-Media-Shares um 300 Prozent. Die 50-ml-Flakons verkauften sich in den Duty-Free-Shops der Flugh\u00e4fen hervorragend und erzielten eine 200-mal h\u00f6here Conversion-Rate als vergleichbare Produkte. Die Marke war so zufrieden, dass sie weitere 250.000 Flakons f\u00fcr zwei weitere Duftkreationen bestellte.<\/p>\n<h2>Leere Glasflaschen zur individuellen Gestaltung von Parfums<\/h2>\n<ul>\n<li>Unterhalb des Metalls: W\u00e4hlen Sie die Innenausstattung und die Kappenfarbe: traditionelles Silber, dunkles Gunmetal oder geb\u00fcrstetes Chrom.<\/li>\n<li>Das Glas f\u00e4rben: W\u00e4hlen Sie ein helles, farbiges Glas, zum Beispiel ein rauchgraues oder hellblaues, um die Flasche damit zu f\u00fcllen und so die Stimmung der Flasche zu ver\u00e4ndern.<\/li>\n<li>Mattierte Flasche: Es wird eine mattierte Flasche sein. Wenn Sie jedoch einen weichen, modernen, undurchsichtigen Look w\u00fcnschen, sollten Sie die gesamte Flasche mattieren.<\/li>\n<li>Strukturierte Kappe: Falls die Kappe ein haptisches Erlebnis bieten soll, k\u00f6nnen Sie ihr eine geb\u00fcrstete, matte oder leicht strukturierte Oberfl\u00e4che verleihen.<\/li>\n<\/ul>","protected":false},"excerpt":{"rendered":"<p>Parf\u00fcmflakons aus Klarglas mit edlem silbernen Sockel. Diese leeren Parf\u00fcmglasflakons vereinen moderne Eleganz und sind direkt vom Hersteller erh\u00e4ltlich.<\/p>","protected":false},"featured_media":4336,"template":"","meta":{"postBodyCss":"","postBodyMargin":[],"postBodyPadding":[],"postBodyBackground":{"backgroundType":"classic","gradient":""}},"product_brand":[],"product_cat":[15,16,62],"product_tag":[],"class_list":{"0":"post-4331","1":"product","2":"type-product","3":"status-publish","4":"has-post-thumbnail","6":"product_cat-glass-containers","7":"product_cat-glass-bottles","8":"product_cat-perfume-bottles","10":"first","11":"instock","12":"shipping-taxable","13":"product-type-simple"},"jetpack_sharing_enabled":true,"_links":{"self":[{"href":"https:\/\/minghanggroup.com\/de\/wp-json\/wp\/v2\/product\/4331","targetHints":{"allow":["GET"]}}],"collection":[{"href":"https:\/\/minghanggroup.com\/de\/wp-json\/wp\/v2\/product"}],"about":[{"href":"https:\/\/minghanggroup.com\/de\/wp-json\/wp\/v2\/types\/product"}],"wp:featuredmedia":[{"embeddable":true,"href":"https:\/\/minghanggroup.com\/de\/wp-json\/wp\/v2\/media\/4336"}],"wp:attachment":[{"href":"https:\/\/minghanggroup.com\/de\/wp-json\/wp\/v2\/media?parent=4331"}],"wp:term":[{"taxonomy":"product_brand","embeddable":true,"href":"https:\/\/minghanggroup.com\/de\/wp-json\/wp\/v2\/product_brand?post=4331"},{"taxonomy":"product_cat","embeddable":true,"href":"https:\/\/minghanggroup.com\/de\/wp-json\/wp\/v2\/product_cat?post=4331"},{"taxonomy":"product_tag","embeddable":true,"href":"https:\/\/minghanggroup.com\/de\/wp-json\/wp\/v2\/product_tag?post=4331"}],"curies":[{"name":"wp","href":"https:\/\/api.w.org\/{rel}","templated":true}]}}