{"id":4321,"date":"2026-01-06T10:43:01","date_gmt":"2026-01-06T02:43:01","guid":{"rendered":"https:\/\/minghanggroup.com\/?post_type=product&#038;p=4321"},"modified":"2026-01-06T17:05:38","modified_gmt":"2026-01-06T09:05:38","slug":"rectangle-1-ounce-perfume-bottles-for-brand-packaging-bulk","status":"publish","type":"product","link":"https:\/\/minghanggroup.com\/de\/produkt\/rectangle-1-ounce-perfume-bottles-for-brand-packaging-bulk\/","title":{"rendered":"Rechteckige 1-Unzen-Parf\u00fcmflaschen f\u00fcr Markenverpackungen (Gro\u00dfpackung)"},"content":{"rendered":"<p>Ihr rechteckiger Parf\u00fcmflakon soll die Blicke Ihrer Kunden auf sich ziehen. Wir fertigen hochwertige 30-ml-Parf\u00fcmflakons, die f\u00fcr erfolgreiche Duftverpackungen entwickelt wurden \u2013 jeder Glasflakon wird zum Markenzeichen Ihrer Marke.<\/p>\n<h2>Produktmerkmale<\/h2>\n<ul>\n<li><strong>Moderne rechteckige Silhouette:<\/strong> Die rechteckigen Parf\u00fcmflakons zeichnen sich durch klare Linien aus und werden so auf jedem Regal im Handumdrehen zur Ikone.<\/li>\n<li><strong>1 Unze \u2013 die perfekte Gr\u00f6\u00dfe:<\/strong> Die 1-Unzen-Parf\u00fcmfl\u00e4schchen sind ideal f\u00fcr Proben oder den t\u00e4glichen Gebrauch und eine tolle Idee.<\/li>\n<li><strong>Geeignet f\u00fcr verschiedene Duftprodukte:<\/strong> Die Verwendung dieses Produkts beschr\u00e4nkt sich nicht nur auf Parfums, sondern umfasst auch Aromatherapie\u00f6le und andere Produkte und bietet somit flexible und vielf\u00e4ltige Einsatzm\u00f6glichkeiten.<\/li>\n<\/ul>\n<h2>Wichtigste Spezifikationen<\/h2>\n<table style=\"border-collapse: collapse; width: 80%; margin-left: AUTO; margin-right: AUTO;\" border=\"0\" width=\"288\" cellspacing=\"0\" cellpadding=\"0\">\n<tbody>\n<tr style=\"height: 13.50pt;\">\n<td style=\"height: 13.5pt; width: 54pt; text-align: center;\" width=\"72\" height=\"18\">Kapazit\u00e4t<\/td>\n<td style=\"width: 54pt; text-align: center;\" width=\"72\">Form<\/td>\n<td style=\"width: 54pt; text-align: center;\" width=\"72\">Abmessungen (mm)<\/td>\n<td style=\"width: 54pt; text-align: center;\" width=\"72\">Oberfl\u00e4chenoptionen<\/td>\n<\/tr>\n<tr style=\"height: 13.50pt;\">\n<td style=\"height: 13.5pt; text-align: center;\" height=\"18\">30 ml (1 oz)<\/td>\n<td style=\"text-align: center;\">Rechteck<\/td>\n<td style=\"text-align: center;\">37 x 25 x 95<\/td>\n<td style=\"text-align: center;\">Mattiertes Glas, Siebdruck, Hei\u00dfpr\u00e4gung<\/td>\n<\/tr>\n<\/tbody>\n<\/table>\n<h2>Erfolgsbeispiel<\/h2>\n<p>Eine der exklusivsten und begehrtesten Duftmarken, bekannt f\u00fcr ihre unvergleichlich attraktiven D\u00fcfte und ihre geschmeidigen, gleichm\u00e4\u00dfigen Texturen, suchte nach einer Verpackung, die ihr Produkt noch luxuri\u00f6ser wirken lassen w\u00fcrde. Sie entschied sich f\u00fcr unsere rechteckigen Glasflakons mit einem Fassungsverm\u00f6gen von 30 ml und w\u00e4hlte f\u00fcr zus\u00e4tzliche Eleganz eine mattierte Oberfl\u00e4che und einen silberfarbenen Metallverschluss. Als weiteren Serviceleistung pr\u00e4gten sie ihr Logo auf den Flakon und schufen so ein stilvolles, attraktives und ansprechendes Produkt, das ihre Premium-Positionierung im Markt widerspiegelt.<\/p>\n<p>Der Umsatz ist im ersten Quartal nach der Neugestaltung um 35 % gestiegen, und das Kundenfeedback war sehr positiv. Sie haben sich zu Stammkunden entwickelt und bestellen j\u00e4hrlich \u00fcber 100.000 Einheiten.<\/p>\n<h2>Ihre Anpassungsoptionen<\/h2>\n<ol>\n<li><strong>Mattierte oder transparente Oberfl\u00e4che:<\/strong> W\u00e4hlen Sie eine mattierte oder transparente Glasoberfl\u00e4che, um einen edlen, hochwertigen Eindruck zu erzeugen und gleichzeitig die Duftfarbe in den Vordergrund zu r\u00fccken. Die mattierte Optik vermittelt ein haptisch ansprechendes, luxuri\u00f6ses Gef\u00fchl, w\u00e4hrend die transparente Oberfl\u00e4che f\u00fcr Klarheit und Reinheit sorgt.<\/li>\n<li><strong>Kappen in individuellen Farben:<\/strong> W\u00e4hlen Sie aus einer Reihe von Metallkappenfarben wie Gold, Silber oder Ros\u00e9gold, um nicht nur die Markenidentit\u00e4t des Duftes zu unterstreichen, sondern auch die gew\u00fcnschte Stimmung zu vermitteln. So wird aus diesem kleinen, pers\u00f6nlichen Detail ein besonderes Gef\u00fchl, das durch die Aufwertung des Gesamtdesigns und die Attraktivit\u00e4t des Produkts dem Kunden das Gef\u00fchl gibt, etwas Besonderes zu sein.<\/li>\n<li><strong>Siebdruck:<\/strong> Erw\u00e4gen Sie, die Flasche mit dekorativer Seide, Siebdruckillustrationen oder Figuren zu verzieren und so ihren visuellen Wert als Kunstwerk zu steigern. Dies erm\u00f6glicht es, eine sehr feine und subtile Markenpers\u00f6nlichkeit und passende Designs zu schaffen, die zusammen mit der Duftidentit\u00e4t das Konzept einer stimmigen Marke bilden.<\/li>\n<\/ol>","protected":false},"excerpt":{"rendered":"<p>Diese 30-ml-Parf\u00fcmflakons eignen sich perfekt f\u00fcr die individuelle Gestaltung Ihrer Marke. Direktversand ab Werk, schnelle Lieferung der rechteckigen Parf\u00fcmflakons \u2013 ideal f\u00fcr gesch\u00e4ftliche Bed\u00fcrfnisse.<\/p>","protected":false},"featured_media":4329,"template":"","meta":{"postBodyCss":"","postBodyMargin":[],"postBodyPadding":[],"postBodyBackground":{"backgroundType":"classic","gradient":""}},"product_brand":[],"product_cat":[15,16,62],"product_tag":[],"class_list":{"0":"post-4321","1":"product","2":"type-product","3":"status-publish","4":"has-post-thumbnail","6":"product_cat-glass-containers","7":"product_cat-glass-bottles","8":"product_cat-perfume-bottles","10":"first","11":"instock","12":"shipping-taxable","13":"product-type-simple"},"jetpack_sharing_enabled":true,"_links":{"self":[{"href":"https:\/\/minghanggroup.com\/de\/wp-json\/wp\/v2\/product\/4321","targetHints":{"allow":["GET"]}}],"collection":[{"href":"https:\/\/minghanggroup.com\/de\/wp-json\/wp\/v2\/product"}],"about":[{"href":"https:\/\/minghanggroup.com\/de\/wp-json\/wp\/v2\/types\/product"}],"wp:featuredmedia":[{"embeddable":true,"href":"https:\/\/minghanggroup.com\/de\/wp-json\/wp\/v2\/media\/4329"}],"wp:attachment":[{"href":"https:\/\/minghanggroup.com\/de\/wp-json\/wp\/v2\/media?parent=4321"}],"wp:term":[{"taxonomy":"product_brand","embeddable":true,"href":"https:\/\/minghanggroup.com\/de\/wp-json\/wp\/v2\/product_brand?post=4321"},{"taxonomy":"product_cat","embeddable":true,"href":"https:\/\/minghanggroup.com\/de\/wp-json\/wp\/v2\/product_cat?post=4321"},{"taxonomy":"product_tag","embeddable":true,"href":"https:\/\/minghanggroup.com\/de\/wp-json\/wp\/v2\/product_tag?post=4321"}],"curies":[{"name":"wp","href":"https:\/\/api.w.org\/{rel}","templated":true}]}}