{"id":4320,"date":"2026-01-06T08:49:17","date_gmt":"2026-01-06T00:49:17","guid":{"rendered":"https:\/\/minghanggroup.com\/?post_type=product&#038;p=4320"},"modified":"2026-01-06T11:40:53","modified_gmt":"2026-01-06T03:40:53","slug":"custom-golden-perfume-bottle-with-mountain-base","status":"publish","type":"product","link":"https:\/\/minghanggroup.com\/de\/produkt\/custom-golden-perfume-bottle-with-mountain-base\/","title":{"rendered":"30 ml, 50 ml, 100 ml individuell gestaltete goldene Parf\u00fcmflakons mit Bergmotiv (Gro\u00dfpackung)"},"content":{"rendered":"<p>Diese goldenen Parf\u00fcmflakons bestehen aus transparentem Glas (in zylindrischer Form) und einem polierten Goldverschluss. Besonders auff\u00e4llig ist die goldene Bergskulptur am Fu\u00df, die ihnen eine exquisite Eleganz verleiht.<\/p>\n<h2>Produktmerkmale<\/h2>\n<ul>\n<li><strong>H\u00e4ngende Goldberg-Skulptur:<\/strong> Die goldene Bergskulptur im Inneren der Flasche erzeugt ein perfektes und erhabenes k\u00fcnstlerisches Gef\u00fchl.<\/li>\n<li><strong>Klassische zylindrische Flaschenform:<\/strong> Es ist bemerkenswert stabil und zeichnet sich durch eine hochwertige Textur aus, wodurch es die beste Wahl darstellt, um ein anspruchsvolles Markenimage zu pr\u00e4sentieren.<\/li>\n<li><strong>Goldfarbenes Farbschema:<\/strong> Das transparente Glas sowie die Verzierungen an Kappe und Boden werden goldfarben sein und ein wundersch\u00f6nes Farbschema von Eleganz und dezentem Luxus bilden.<\/li>\n<\/ul>\n<h2 style=\"text-align: left;\">Wichtigste Spezifikationen<\/h2>\n<table class=\"aligncenter\" style=\"border-collapse: collapse; width: 465.77pt;\" border=\"0\" width=\"621\" cellspacing=\"0\" cellpadding=\"0\">\n<tbody>\n<tr style=\"height: 13.50pt;\">\n<td style=\"height: 13.50pt; width: 117.75pt;\" width=\"157\" height=\"18\">Specification<\/td>\n<td style=\"width: 348.00pt;\" width=\"464\">Details<\/td>\n<\/tr>\n<tr style=\"height: 13.50pt;\">\n<td style=\"height: 13.50pt;\" height=\"18\">Kapazit\u00e4t<\/td>\n<td>30 ml \/ 50 ml \/ 100 ml<\/td>\n<\/tr>\n<tr style=\"height: 13.50pt;\">\n<td style=\"height: 13.50pt;\" height=\"18\">Abmessungen<\/td>\n<td>46\u00d773 mm \/ 51\u00d780 mm \/ 59\u00d794 mm<\/td>\n<\/tr>\n<tr style=\"height: 13.50pt;\">\n<td style=\"height: 13.50pt;\" height=\"18\">Material<\/td>\n<td>Klares Glas, goldene Metallkappe<\/td>\n<\/tr>\n<tr style=\"height: 13.50pt;\">\n<td style=\"height: 13.50pt;\" height=\"18\">Flaschenform<\/td>\n<td>Zylinder mit eingekapseltem Skulpturensockel<\/td>\n<\/tr>\n<tr style=\"height: 13.50pt;\">\n<td style=\"height: 13.50pt;\" height=\"18\">Anpassungsumfang<\/td>\n<td>Skulpturendesign, Glasfarbe\/T\u00f6nung, Metallveredelung, Druck<\/td>\n<\/tr>\n<tr style=\"height: 13.50pt;\">\n<td style=\"height: 13.50pt;\" height=\"18\">Handwerkskunst<\/td>\n<td>Pr\u00e4zisions-Glasverkapselung, Metallguss &amp; Galvanisierung<\/td>\n<\/tr>\n<tr style=\"height: 13.50pt;\">\n<td style=\"height: 13.50pt;\" height=\"18\">Produktzweck<\/td>\n<td>Ma\u00dfgefertigte Parf\u00fcmflakons, luxuri\u00f6se goldene Parf\u00fcmflakons<\/td>\n<\/tr>\n<tr style=\"height: 13.50pt;\">\n<td style=\"height: 13.50pt;\" height=\"18\">Geeignete Branchen<\/td>\n<td>Luxusg\u00fcter, Haute Parfumerie, exklusive Gastfreundschaft<\/td>\n<\/tr>\n<\/tbody>\n<\/table>\n<h2>Erfolgsgeschichte: Markteinf\u00fchrung des Flaggschiffprodukts einer Luxusgruppe aus dem Nahen Osten<\/h2>\n<p>Eines der renommiertesten Luxusunternehmen der VAE hat sich f\u00fcr unseren 100-ml-Goldflakon entschieden und die Innengestaltung dem Hadschar-Gebirge nachempfunden. Der Flakon besticht durch h\u00f6chste Qualit\u00e4t und perfekte Verarbeitung und wird zu einem Preis verkauft, der 400 % \u00fcber den Produktionskosten liegt. Der 50-ml-Flakon hat \u00fcber 40 % des gesamten Umsatzes im Reiseeinzelhandel erzielt und sich in den Duty-Free-Shops der Flugh\u00e4fen als Verkaufsschlager etabliert. Der Kunde war von der rasanten Marktdurchdringung der Marke beeindruckt und schloss einen exklusiven F\u00fcnfjahresvertrag ab. Zudem bestellte er weitere 800.000 Flakons.<\/p>\n<h2>Individuelle Anpassungsm\u00f6glichkeiten f\u00fcr Parf\u00fcmflakons<\/h2>\n<ul>\n<li>Metall f\u00fcr Skulptur und Kappe: Sowohl das Innere der Skulptur als auch die Kappe (Ros\u00e9gold, Antikgold, Platin) k\u00f6nnen aus verschiedenen Metallen oder Beschichtungen gefertigt werden.<\/li>\n<li>Buntglasflasche: Das Glas ist in verschiedenen Farben erh\u00e4ltlich (Bernstein, Kobaltblau und Smaragdgr\u00fcn), um entweder einen Kontrast oder eine Erg\u00e4nzung zur goldenen Flasche zu schaffen.<\/li>\n<li>Glaslasergravur: Die Muster, Namen oder Koordinaten, die auf die Oberfl\u00e4che des Glases ge\u00e4tzt werden, befinden sich \u00fcber der Skulptur.<\/li>\n<li>Mattglas-Effekt: Sie verleihen dem Glas eine mattierte Optik, die den visuellen Eindruck der Skulptur verst\u00e4rkt und ihr ein elegantes und edles Aussehen verleiht.<\/li>\n<\/ul>\n<p>&nbsp;<\/p>","protected":false},"excerpt":{"rendered":"<p>Individuell gestaltete Parf\u00fcmflakons mit skulpturalen Goldakzenten und Spr\u00fchkappen aus Metall. Hochwertige goldene Parf\u00fcmflakons f\u00fcr Marken, Mengenrabatt. Schneller Versand.<\/p>","protected":false},"featured_media":4322,"template":"","meta":{"postBodyCss":"","postBodyMargin":[],"postBodyPadding":[],"postBodyBackground":{"backgroundType":"classic","gradient":""}},"product_brand":[],"product_cat":[15,16,62],"product_tag":[],"class_list":{"0":"post-4320","1":"product","2":"type-product","3":"status-publish","4":"has-post-thumbnail","6":"product_cat-glass-containers","7":"product_cat-glass-bottles","8":"product_cat-perfume-bottles","10":"first","11":"instock","12":"shipping-taxable","13":"product-type-simple"},"jetpack_sharing_enabled":true,"_links":{"self":[{"href":"https:\/\/minghanggroup.com\/de\/wp-json\/wp\/v2\/product\/4320","targetHints":{"allow":["GET"]}}],"collection":[{"href":"https:\/\/minghanggroup.com\/de\/wp-json\/wp\/v2\/product"}],"about":[{"href":"https:\/\/minghanggroup.com\/de\/wp-json\/wp\/v2\/types\/product"}],"wp:featuredmedia":[{"embeddable":true,"href":"https:\/\/minghanggroup.com\/de\/wp-json\/wp\/v2\/media\/4322"}],"wp:attachment":[{"href":"https:\/\/minghanggroup.com\/de\/wp-json\/wp\/v2\/media?parent=4320"}],"wp:term":[{"taxonomy":"product_brand","embeddable":true,"href":"https:\/\/minghanggroup.com\/de\/wp-json\/wp\/v2\/product_brand?post=4320"},{"taxonomy":"product_cat","embeddable":true,"href":"https:\/\/minghanggroup.com\/de\/wp-json\/wp\/v2\/product_cat?post=4320"},{"taxonomy":"product_tag","embeddable":true,"href":"https:\/\/minghanggroup.com\/de\/wp-json\/wp\/v2\/product_tag?post=4320"}],"curies":[{"name":"wp","href":"https:\/\/api.w.org\/{rel}","templated":true}]}}