{"id":4307,"date":"2026-01-05T14:59:24","date_gmt":"2026-01-05T06:59:24","guid":{"rendered":"https:\/\/minghanggroup.com\/?post_type=product&#038;p=4307"},"modified":"2026-01-05T15:49:42","modified_gmt":"2026-01-05T07:49:42","slug":"red-containers-perfume-glass-with-mountain-base-bulk","status":"publish","type":"product","link":"https:\/\/minghanggroup.com\/de\/produkt\/red-containers-perfume-glass-with-mountain-base-bulk\/","title":{"rendered":"30 ml, 50 ml, 100 ml Parf\u00fcmflakons aus rotem Glas mit Bergmotiv (lose)"},"content":{"rendered":"<p>Dieser formsch\u00f6ne rote Parf\u00fcmflakon hat einen glatten, zylinderf\u00f6rmigen Korpus aus transparentem Glas, der mit einem roten Metallverschluss und einem roten, bergf\u00f6rmigen Ornament am Boden versehen ist, was seine exklusive Sch\u00f6nheit unterstreicht.<\/p>\n<h2>Produktmerkmale<\/h2>\n<ul>\n<li><strong>Verschiedene Gr\u00f6\u00dfen:<\/strong> Es gibt drei Gr\u00f6\u00dfen zur Aufbewahrung von Parfums je nach t\u00e4glichem Bedarf, auf Reisen und bei anderen Anl\u00e4ssen.<\/li>\n<li><strong>Integrierte Skulptur des Roten Berges:<\/strong> Die Berglandschaft im Inneren ist dreidimensional dargestellt, was ihr eine besondere k\u00fcnstlerische Wirkung verleiht und sie zu einem unverwechselbaren visuellen Element macht.<\/li>\n<li><strong>Rotes Farbschema:<\/strong> Die rote Verzierung an Verschluss und Boden bildet einen starken Kontrast zur transparenten Flasche und erzeugt ein lebendiges und unvergessliches Bild.<\/li>\n<\/ul>\n<h2 style=\"text-align: left;\">Wichtigste Spezifikationen<\/h2>\n<table class=\"aligncenter\" style=\"border-collapse: collapse; width: 529.52pt;\" border=\"0\" width=\"706\" cellspacing=\"0\" cellpadding=\"0\">\n<tbody>\n<tr style=\"height: 13.50pt;\">\n<td style=\"height: 13.50pt; width: 119.25pt;\" width=\"159\" height=\"18\">Specification<\/td>\n<td style=\"width: 410.25pt;\" width=\"547\">Details<\/td>\n<\/tr>\n<tr style=\"height: 13.50pt;\">\n<td style=\"height: 13.50pt;\" height=\"18\">Kapazit\u00e4t<\/td>\n<td>30 ml, 50 ml, 100 ml<\/td>\n<\/tr>\n<tr style=\"height: 13.50pt;\">\n<td style=\"height: 13.50pt;\" height=\"18\">Abmessungen<\/td>\n<td>73 \u00d7 46 mm, 80 \u00d7 51 mm, 94 \u00d7 59 mm<\/td>\n<\/tr>\n<tr style=\"height: 13.50pt;\">\n<td style=\"height: 13.50pt;\" height=\"18\">Material<\/td>\n<td>Klarglas + rot lackierte Metallkomponenten<\/td>\n<\/tr>\n<tr style=\"height: 13.50pt;\">\n<td style=\"height: 13.50pt;\" height=\"18\">Flaschenform<\/td>\n<td>Zylindrisch mit innenliegender roter Bergsockelverzierung<\/td>\n<\/tr>\n<tr style=\"height: 13.50pt;\">\n<td style=\"height: 13.50pt;\" height=\"18\">Anpassungsumfang<\/td>\n<td>Glast\u00f6nung, Oberfl\u00e4chenbehandlung, Tiefe der Sockelkontur, Pumpe, Farbakzente im Inneren<\/td>\n<\/tr>\n<tr style=\"height: 13.50pt;\">\n<td style=\"height: 13.50pt;\" height=\"18\">Handwerkskunst<\/td>\n<td>Farbglasfusion, Metallplattierung<\/td>\n<\/tr>\n<tr style=\"height: 13.50pt;\">\n<td style=\"height: 13.50pt;\" height=\"18\">Produktzweck<\/td>\n<td>Hochwertige Parf\u00fcmflaschen aus Glas, individuell gestaltete rote Parf\u00fcmflakons<\/td>\n<\/tr>\n<tr style=\"height: 13.50pt;\">\n<td style=\"height: 13.50pt;\" height=\"18\">Geeignete Branchen<\/td>\n<td>Nischenparf\u00fcmerie, Kosmetikmarken, Hotel-Annehmlichkeiten<\/td>\n<\/tr>\n<\/tbody>\n<\/table>\n<h2>Erfolgsgeschichte: Kunstkooperation mit einer japanischen Lifestyle-Marke<\/h2>\n<p>Eine bekannte japanische Lifestyle-Marke, die sich bei ihren Designs von der Natur inspirieren l\u00e4sst, entschied sich f\u00fcr unseren roten 100-ml-Parf\u00fcmflakon als neues Produkt und lie\u00df eine Skulptur des Berges Fuji in den Flakon einarbeiten. Das einzigartige Design f\u00fchrte zu einer 700%igen Steigerung der Social-Media-Pr\u00e4senz im Vergleich zu anderen Produkten der Marke. Auch die Wiederkaufsrate stieg dank des unverwechselbaren Flakondesigns um 78 %. Die Marke war von der Marktnachfrage und der positiven Resonanz ihrer Kunden so begeistert, dass sie 300.000 weitere Flakons f\u00fcr die n\u00e4chste Phase ihrer Produktlinie bestellte.<\/p>\n<h2>Parf\u00fcmbeh\u00e4lter aus Glas \u2013 individuelle Gestaltung<\/h2>\n<ul>\n<li>Ma\u00dfgeschneiderte Innenraumskulpturen: Entwerfen Sie eine exklusive Innenraumlandschaft (Stadtlandschaft, Wald, Tier, abstrakte Struktur).<\/li>\n<li>Skulptur und Kappenfarben: W\u00e4hlen Sie die Innengestaltung und die Kappenfarben anhand eines spezifischen Markenfarbschemas oder eines spezifischen saisonalen Farbschemas.<\/li>\n<li>Glaslasergravur: Emaille, Name oder Design auf der Oberfl\u00e4che des Glases \u00fcber der Skulptur.<\/li>\n<li>Flasche aus mattiertem Glas: Bespr\u00fchen Sie die Oberfl\u00e4che der Glasflasche, damit die Skulptur im Inneren vertr\u00e4umter und \u00e4therischer wirkt.<\/li>\n<\/ul>","protected":false},"excerpt":{"rendered":"<p>Elegante Parf\u00fcmflasche aus Glas, die Klarglas mit kr\u00e4ftigen roten Akzenten kombiniert. Diese rote Parf\u00fcmflasche ist ein echter Blickfang im Regal und wird direkt ab Werk geliefert.<\/p>","protected":false},"featured_media":4311,"template":"","meta":{"postBodyCss":"","postBodyMargin":[],"postBodyPadding":[],"postBodyBackground":{"backgroundType":"classic","gradient":""}},"product_brand":[],"product_cat":[15,16,62],"product_tag":[],"class_list":{"0":"post-4307","1":"product","2":"type-product","3":"status-publish","4":"has-post-thumbnail","6":"product_cat-glass-containers","7":"product_cat-glass-bottles","8":"product_cat-perfume-bottles","10":"first","11":"instock","12":"shipping-taxable","13":"product-type-simple"},"jetpack_sharing_enabled":true,"_links":{"self":[{"href":"https:\/\/minghanggroup.com\/de\/wp-json\/wp\/v2\/product\/4307","targetHints":{"allow":["GET"]}}],"collection":[{"href":"https:\/\/minghanggroup.com\/de\/wp-json\/wp\/v2\/product"}],"about":[{"href":"https:\/\/minghanggroup.com\/de\/wp-json\/wp\/v2\/types\/product"}],"wp:featuredmedia":[{"embeddable":true,"href":"https:\/\/minghanggroup.com\/de\/wp-json\/wp\/v2\/media\/4311"}],"wp:attachment":[{"href":"https:\/\/minghanggroup.com\/de\/wp-json\/wp\/v2\/media?parent=4307"}],"wp:term":[{"taxonomy":"product_brand","embeddable":true,"href":"https:\/\/minghanggroup.com\/de\/wp-json\/wp\/v2\/product_brand?post=4307"},{"taxonomy":"product_cat","embeddable":true,"href":"https:\/\/minghanggroup.com\/de\/wp-json\/wp\/v2\/product_cat?post=4307"},{"taxonomy":"product_tag","embeddable":true,"href":"https:\/\/minghanggroup.com\/de\/wp-json\/wp\/v2\/product_tag?post=4307"}],"curies":[{"name":"wp","href":"https:\/\/api.w.org\/{rel}","templated":true}]}}