{"id":4306,"date":"2026-01-05T16:46:51","date_gmt":"2026-01-05T08:46:51","guid":{"rendered":"https:\/\/minghanggroup.com\/?post_type=product&#038;p=4306"},"modified":"2026-01-05T16:59:12","modified_gmt":"2026-01-05T08:59:12","slug":"glass-empty-perfume-bottles-with-vertical-texture-wholesale","status":"publish","type":"product","link":"https:\/\/minghanggroup.com\/de\/produkt\/glass-empty-perfume-bottles-with-vertical-texture-wholesale\/","title":{"rendered":"40-ml-Leerglas-Parf\u00fcmflaschen mit vertikaler Struktur (Gro\u00dfhandel)"},"content":{"rendered":"<p>Ihre leeren Glasparf\u00fcmflakons sollen die Blicke Ihrer Kunden auf sich ziehen. Wir fertigen hochwertige Glasparf\u00fcmflakons im Gro\u00dfhandel, die f\u00fcr den Erfolg Ihrer Duftverpackungen konzipiert sind \u2013 jeder Flakon wird zum Blickfang Ihrer Marke.<\/p>\n<h2>Produktmerkmale<\/h2>\n<ul>\n<li><strong>Gerippte Textur \u2013 Eleganz: <\/strong>Die vertikalen Rippen verleihen dem Objekt nicht nur eine luxuri\u00f6se Haptik, sondern machen es auch optisch ansprechend, da sie das Licht einfangen.<\/li>\n<li><strong>Kontrastreiche, kr\u00e4ftige rote Kappe: <\/strong>Diese leuchtend rote Kugelkappe? Durch das klarste Glas kommt sie sofort ins Auge.<\/li>\n<li><strong>40 ml \u2013 vielseitige Gr\u00f6\u00dfe: <\/strong>Ideal f\u00fcr Herren-\/Damenparfums, K\u00f6rpersprays oder \u00e4therische \u00d6le.<\/li>\n<\/ul>\n<h2>Wichtigste Spezifikationen<\/h2>\n<table style=\"border-collapse: collapse; width: 80%; margin-left: auto; margin-right: auto;\" border=\"0\" width=\"360\" cellspacing=\"0\" cellpadding=\"0\">\n<tbody>\n<tr style=\"height: 13.50pt;\">\n<td style=\"height: 13.5pt; width: 54pt; text-align: center;\" width=\"72\" height=\"18\">Kapazit\u00e4t<\/td>\n<td style=\"width: 54pt; text-align: center;\" width=\"72\">Form<\/td>\n<td style=\"width: 54pt; text-align: center;\" width=\"72\">Abmessungen<\/td>\n<td style=\"width: 54pt; text-align: center;\" width=\"72\">Durchmesser<\/td>\n<td style=\"width: 54pt; text-align: center;\" width=\"72\">Verwendung<\/td>\n<\/tr>\n<tr style=\"height: 13.50pt;\">\n<td style=\"height: 13.5pt; text-align: center;\" height=\"18\">40 ml<\/td>\n<td style=\"text-align: center;\">Gerippter Zylinder<\/td>\n<td style=\"text-align: center;\">50x50mm<\/td>\n<td style=\"text-align: center;\">15 mm<\/td>\n<td style=\"text-align: center;\">Herren-\/Damenparf\u00fcm, K\u00f6rpersprays<\/td>\n<\/tr>\n<\/tbody>\n<\/table>\n<h2>Erfolgsbeispiel<\/h2>\n<p>Eine Luxusparf\u00fcmmarke hat sich f\u00fcr unsere Plattform entschieden und pr\u00e4sentiert ihre neue Kollektion in Glasflakons mit roten, kugelf\u00f6rmigen Verschl\u00fcssen im Gro\u00dfhandel. Zur Imagef\u00f6rderung setzte die Marke auf zwei kreative Ma\u00dfnahmen: ein individuell gestaltetes, gepr\u00e4gtes Logo auf dem Flakonboden und bernsteinfarbenes Glas, das das Parf\u00fcm vor UV-Strahlung sch\u00fctzt.<\/p>\n<p>Die Marke konnte innerhalb von zwei Monaten ein Umsatzwachstum von 30 Prozent erzielen, und diese Erfolgsgeschichte hat sich zu einem viel diskutierten Thema unter vielen Verbrauchern entwickelt.<\/p>\n<h2>Ihre Anpassungsoptionen<\/h2>\n<ol>\n<li><strong>Gepr\u00e4gte oder vertiefte Logos:<\/strong> Sie k\u00f6nnen ein Logo auf die Flasche pr\u00e4gen oder vertiefen, um dem Kunden den luxuri\u00f6sen Aspekt sowohl visuell als auch haptisch zu vermitteln und so Ihre Marke im Regal von den \u00fcbrigen Produkten abzugrenzen.<\/li>\n<li><strong>Dekorative Seide, Siebdruck:<\/strong> W\u00e4hlen Sie detaillierten Siebdruck, um die Flasche ansprechend zu gestalten, und f\u00fcgen Sie au\u00dfergew\u00f6hnliche Grafiken, Muster oder Texte hinzu, die indirekt f\u00fcr Ihre Marke werben.<\/li>\n<li><strong>Individuell gestaltete Geschenkboxen und -h\u00fcllen:<\/strong> Mit individuell gestalteten Umverpackungen oder H\u00fcllen verleihen Sie den Sondereditionen oder Geschenkangeboten eine pers\u00f6nliche Note \u2013 eine ideale L\u00f6sung f\u00fcr den saisonalen Verkauf oder den Vertrieb Ihrer Luxuslinie.<\/li>\n<\/ol>","protected":false},"excerpt":{"rendered":"<p>Entdecken Sie unsere Gro\u00dfhandelsoptionen f\u00fcr Glasparf\u00fcmflaschen. Direkt vom Hersteller, kostenlose Muster und die M\u00f6glichkeit zur individuellen Gestaltung dieser leeren Glasparf\u00fcmflaschen f\u00fcr Unternehmen.<\/p>","protected":false},"featured_media":4316,"template":"","meta":{"postBodyCss":"","postBodyMargin":[],"postBodyPadding":[],"postBodyBackground":{"backgroundType":"classic","gradient":""}},"product_brand":[],"product_cat":[15,16,62],"product_tag":[],"class_list":{"0":"post-4306","1":"product","2":"type-product","3":"status-publish","4":"has-post-thumbnail","6":"product_cat-glass-containers","7":"product_cat-glass-bottles","8":"product_cat-perfume-bottles","10":"first","11":"instock","12":"shipping-taxable","13":"product-type-simple"},"jetpack_sharing_enabled":true,"_links":{"self":[{"href":"https:\/\/minghanggroup.com\/de\/wp-json\/wp\/v2\/product\/4306","targetHints":{"allow":["GET"]}}],"collection":[{"href":"https:\/\/minghanggroup.com\/de\/wp-json\/wp\/v2\/product"}],"about":[{"href":"https:\/\/minghanggroup.com\/de\/wp-json\/wp\/v2\/types\/product"}],"wp:featuredmedia":[{"embeddable":true,"href":"https:\/\/minghanggroup.com\/de\/wp-json\/wp\/v2\/media\/4316"}],"wp:attachment":[{"href":"https:\/\/minghanggroup.com\/de\/wp-json\/wp\/v2\/media?parent=4306"}],"wp:term":[{"taxonomy":"product_brand","embeddable":true,"href":"https:\/\/minghanggroup.com\/de\/wp-json\/wp\/v2\/product_brand?post=4306"},{"taxonomy":"product_cat","embeddable":true,"href":"https:\/\/minghanggroup.com\/de\/wp-json\/wp\/v2\/product_cat?post=4306"},{"taxonomy":"product_tag","embeddable":true,"href":"https:\/\/minghanggroup.com\/de\/wp-json\/wp\/v2\/product_tag?post=4306"}],"curies":[{"name":"wp","href":"https:\/\/api.w.org\/{rel}","templated":true}]}}