{"id":4296,"date":"2026-01-05T14:28:22","date_gmt":"2026-01-05T06:28:22","guid":{"rendered":"https:\/\/minghanggroup.com\/?post_type=product&#038;p=4296"},"modified":"2026-01-05T17:06:56","modified_gmt":"2026-01-05T09:06:56","slug":"rectangular-custom-100ml-empty-perfume-bottles-wholesale","status":"publish","type":"product","link":"https:\/\/minghanggroup.com\/de\/produkt\/rectangular-custom-100ml-empty-perfume-bottles-wholesale\/","title":{"rendered":"Gro\u00dfhandel f\u00fcr leere, rechteckige 100-ml-Parf\u00fcmflaschen nach Kundenwunsch"},"content":{"rendered":"<p>Ihre leeren 100-ml-Parf\u00fcmflakons sollen die Blicke Ihrer Kunden auf sich ziehen. Wir fertigen hochwertige leere Parf\u00fcmflakons im Gro\u00dfhandel, die f\u00fcr erfolgreiche Duftverpackungen entwickelt wurden \u2013 jeder Glasflakon wird zum Markenzeichen Ihrer Marke.<\/p>\n<h2>Produktmerkmale<\/h2>\n<ul>\n<li><strong>Elegantes Design: <\/strong>Die klare und schlichte rechteckige Silhouette in Kombination mit dem goldenen Verschluss verleiht dem Duft eine elegante und klassische \u00c4sthetik, die ihn ideal f\u00fcr hochwertige Parfums macht.<\/li>\n<li><strong>Premium-Goldkappe: <\/strong>Der goldene Metallverschluss tr\u00e4gt zum opulenten Erscheinungsbild des Flakons bei und macht ihn somit zur perfekten Erg\u00e4nzung sowohl trendiger als auch klassischer Duftlinien.<\/li>\n<li><strong>Anpassbare Optionen: <\/strong>Dieses Produkt l\u00e4sst sich durch ein gepr\u00e4gtes Logo, Siebdruck oder die Wahl einer individuellen Farbe f\u00fcr Flasche und Verschluss personalisieren.<\/li>\n<\/ul>\n<h2>Wichtigste Spezifikationen<\/h2>\n<table style=\"border-collapse: collapse; width: 80%; margin-left: auto; margin-right: auto;\" border=\"0\" width=\"360\" cellspacing=\"0\" cellpadding=\"0\">\n<tbody>\n<tr style=\"height: 13.50pt;\">\n<td style=\"height: 13.5pt; width: 54pt; text-align: center;\" width=\"72\" height=\"18\">Kapazit\u00e4t<\/td>\n<td style=\"width: 54pt; text-align: center;\" width=\"72\">Abmessungen (mm)<\/td>\n<td style=\"width: 54pt; text-align: center;\" width=\"72\">Form<\/td>\n<td style=\"width: 54pt; text-align: center;\" width=\"72\">Hauptmerkmal<\/td>\n<td style=\"width: 54pt; text-align: center;\" width=\"72\">Oberfl\u00e4chenoptionen<\/td>\n<\/tr>\n<tr style=\"height: 13.50pt;\">\n<td style=\"height: 13.5pt; text-align: center;\" height=\"18\">100 ml \/ 3,4 oz<\/td>\n<td style=\"text-align: center;\">55 x 30 x 118<\/td>\n<td style=\"text-align: center;\">Rechteckig<\/td>\n<td style=\"text-align: center;\">Kugelkappe + Zerst\u00e4uber<\/td>\n<td style=\"text-align: center;\">Sandstrahlen, Siebdruck, Vergolden, Abziehbilder<\/td>\n<\/tr>\n<\/tbody>\n<\/table>\n<h2>Erfolgsbeispiel<\/h2>\n<p>Das Parf\u00fcmunternehmen wollte die Qualit\u00e4t seiner Verpackungen an die der hergestellten Parfums anpassen. Als erstes Produkt experimentierte es mit 100-ml-Leerflakons mit goldenen Verschl\u00fcssen. Um die Verpackung weiter zu verfeinern, wurde das Logo auf die Flakons gepr\u00e4gt und der Flakonk\u00f6rper mattiert, um ihm ein modernes und elegantes Aussehen zu verleihen. Die Flakons wurden zudem mit einem feinen Siebdruckmuster gestaltet, um die Kunden optisch anzusprechen.<\/p>\n<p>Die Marke verzeichnete im ersten Betriebsmonat ein Umsatzwachstum von 35 %. Das Unternehmen hat weiterhin massiv personalisierte Flaschen in gro\u00dfen Mengen eingekauft, und diese werden nun f\u00fcr alle nachfolgenden Produkte verwendet.<\/p>\n<h2>Ihre Anpassungsoptionen<\/h2>\n<ol>\n<li><strong>Gepr\u00e4gte\/Vertiefte Logos: <\/strong>Steigern Sie Ihre Markenpr\u00e4senz auf die n\u00e4chste Stufe, indem Sie ein gepr\u00e4gtes oder vertieftes Logo auf der Flasche anbringen lassen.<\/li>\n<li><strong>Siebdruck: <\/strong>Verzieren Sie die Flasche mit Seide oder Siebdruck, um filigrane Details, W\u00f6rter oder Grafiken hinzuzuf\u00fcgen und so die Einzigartigkeit des Duftes hervorzuheben.<\/li>\n<li><strong>Kappenvarianten: <\/strong>Die Auswahl verschiedener Verschlussmaterialien und Oberfl\u00e4chen (Gold, Silber oder Matt) sollte dem Flaschendesign entsprechen.<\/li>\n<\/ol>","protected":false},"excerpt":{"rendered":"<p>Entdecken Sie unsere leeren 100-ml-Parf\u00fcmflakons im rechteckigen Design im Gro\u00dfhandel. Erh\u00e4ltlich im Gro\u00dfhandel, mit individuellen Gestaltungsm\u00f6glichkeiten und Preisen direkt ab Werk.<\/p>","protected":false},"featured_media":4305,"template":"","meta":{"postBodyCss":"","postBodyMargin":[],"postBodyPadding":[],"postBodyBackground":{"backgroundType":"classic","gradient":""}},"product_brand":[],"product_cat":[16,15,62],"product_tag":[],"class_list":{"0":"post-4296","1":"product","2":"type-product","3":"status-publish","4":"has-post-thumbnail","6":"product_cat-glass-bottles","7":"product_cat-glass-containers","8":"product_cat-perfume-bottles","10":"first","11":"instock","12":"shipping-taxable","13":"product-type-simple"},"jetpack_sharing_enabled":true,"_links":{"self":[{"href":"https:\/\/minghanggroup.com\/de\/wp-json\/wp\/v2\/product\/4296","targetHints":{"allow":["GET"]}}],"collection":[{"href":"https:\/\/minghanggroup.com\/de\/wp-json\/wp\/v2\/product"}],"about":[{"href":"https:\/\/minghanggroup.com\/de\/wp-json\/wp\/v2\/types\/product"}],"wp:featuredmedia":[{"embeddable":true,"href":"https:\/\/minghanggroup.com\/de\/wp-json\/wp\/v2\/media\/4305"}],"wp:attachment":[{"href":"https:\/\/minghanggroup.com\/de\/wp-json\/wp\/v2\/media?parent=4296"}],"wp:term":[{"taxonomy":"product_brand","embeddable":true,"href":"https:\/\/minghanggroup.com\/de\/wp-json\/wp\/v2\/product_brand?post=4296"},{"taxonomy":"product_cat","embeddable":true,"href":"https:\/\/minghanggroup.com\/de\/wp-json\/wp\/v2\/product_cat?post=4296"},{"taxonomy":"product_tag","embeddable":true,"href":"https:\/\/minghanggroup.com\/de\/wp-json\/wp\/v2\/product_tag?post=4296"}],"curies":[{"name":"wp","href":"https:\/\/api.w.org\/{rel}","templated":true}]}}