{"id":4287,"date":"2026-01-05T13:35:46","date_gmt":"2026-01-05T05:35:46","guid":{"rendered":"https:\/\/minghanggroup.com\/?post_type=product&#038;p=4287"},"modified":"2026-01-05T16:51:56","modified_gmt":"2026-01-05T08:51:56","slug":"glass-unique-fragrance-bottles-for-packaging-bulk","status":"publish","type":"product","link":"https:\/\/minghanggroup.com\/de\/produkt\/glass-unique-fragrance-bottles-for-packaging-bulk\/","title":{"rendered":"30 ml und 100 ml einzigartige Glasflakons f\u00fcr Parfums zur Verpackung in gro\u00dfen Mengen"},"content":{"rendered":"<p>Ihre einzigartigen Duftflakons sollen Kunden zum Staunen und Bewundern anregen. Wir fertigen hochwertige 100-ml-Flakons f\u00fcr Parfums, die f\u00fcr erfolgreiche Verpackungen konzipiert sind \u2013 jeder Glasflakon wird zum Blickfang und Gespr\u00e4chsanlass f\u00fcr Ihre Marke.<\/p>\n<h2>Produktmerkmale<\/h2>\n<ul>\n<li><strong>Scharfes geometrisches Design:<\/strong> Die Verwendung klarer Linien und pr\u00e4ziser Schnitte verleiht Ihrer Parf\u00fcmverpackung sofort eine optische Wirkung.<\/li>\n<li><strong>Luxuri\u00f6ser goldener Kappenakzent:<\/strong> Die charakteristische goldene quadratische Kappe verleiht Ihrer Glasflasche eine moderne Eleganz.<\/li>\n<li><strong>Doppelt, Gr\u00f6\u00dfenflexibilit\u00e4t:<\/strong> Komplette Duftverpackungssets k\u00f6nnen durch Mischen von 30-ml-Probenfl\u00e4schchen mit 100-ml-K\u00f6lnischwasserflaschen (3,4 oz) hergestellt werden.<\/li>\n<\/ul>\n<h2>Wichtigste Spezifikationen<\/h2>\n<table style=\"border-collapse: collapse; width: 80%; margin-left: auto; margin-right: auto;\" border=\"0\" width=\"288\" cellspacing=\"0\" cellpadding=\"0\">\n<tbody>\n<tr style=\"height: 13.50pt;\">\n<td style=\"height: 13.5pt; width: 54pt; text-align: center;\" width=\"72\" height=\"18\">Kapazit\u00e4t<\/td>\n<td style=\"width: 54pt; text-align: center;\" width=\"72\">Abmessungen (mm)<\/td>\n<td style=\"width: 54pt; text-align: center;\" width=\"72\">Verwendung<\/td>\n<td style=\"width: 54pt; text-align: center;\" width=\"72\">Kappenfarbe<\/td>\n<\/tr>\n<tr style=\"height: 13.50pt;\">\n<td style=\"height: 13.5pt; text-align: center;\" height=\"18\">30 ml \/ 1 oz<\/td>\n<td style=\"text-align: center;\">45 x 45 x 59<\/td>\n<td class=\"et2\" style=\"text-align: center;\" rowspan=\"2\">Parfums, Eau de Colognes, K\u00f6rpersprays<\/td>\n<td class=\"et2\" style=\"text-align: center;\" rowspan=\"2\">Gold<\/td>\n<\/tr>\n<tr style=\"height: 13.50pt;\">\n<td style=\"height: 13.5pt; text-align: center;\" height=\"18\">100 ml \/ 3,4 oz<\/td>\n<td style=\"text-align: center;\">60 x 60 x 79<\/td>\n<\/tr>\n<\/tbody>\n<\/table>\n<h2>Erfolgsbeispiel<\/h2>\n<p>Ein Luxusparf\u00fcmlabel wollte seine Verpackung modernisieren und sein exklusives Image unterstreichen. Nach einigen Versuchen entschied man sich f\u00fcr unsere transparenten 100-ml-Glasflakons und personalisierte sie mit einem exklusiven geometrischen Muster: Die Flakons mit goldfarbenem, quadratischem Verschluss, eingepr\u00e4gtem Logo und mattiertem Boden strahlen eine edle Optik aus, die die Aufmerksamkeit der Kunden auf sich zog. Bereits nach einem Monat stieg der Umsatz im station\u00e4ren Handel um 30 %. Das Zusammenspiel von hochwertiger Verpackung und starkem Markenimage trug ma\u00dfgeblich zu einer Steigerung der Wiederkaufsrate um 50 % bei.<\/p>\n<h2>Ihre Anpassungsoptionen<\/h2>\n<ol>\n<li><strong>Geometrische Designanpassung:<\/strong> Ver\u00e4ndern Sie die Formen und Winkel des Flaschenk\u00f6rpers aus einer breiten Palette von Optionen, um die Markenidentit\u00e4t visuell zu kommunizieren, zum Beispiel durch kantige, facettierte oder sanft flie\u00dfende Linien.<\/li>\n<li><strong>Optionen f\u00fcr die Kappe: <\/strong>W\u00e4hlen Sie eine vielf\u00e4ltige Auswahl an Verschlussmaterialien und Oberfl\u00e4chenbehandlungen wie Gold, Silber oder mattes Metall sowie Formvariationen wie quadratisch oder rund, um Ihre Duftmarkenpr\u00e4senz zu steigern.<\/li>\n<li><strong>Gepr\u00e4gte oder vertiefte Logos:<\/strong> Integrieren Sie ein Markenlogo in erhabener oder vertiefter Form entweder auf der Flasche oder dem Verschluss, um die Markenwiedererkennung und die sinnliche Wahrnehmung zu f\u00f6rdern.<\/li>\n<\/ol>","protected":false},"excerpt":{"rendered":"<p>Einzigartige, handgefertigte Parf\u00fcmflakons direkt vom Hersteller. Gro\u00dfhandel in gro\u00dfen Mengen, individuelles Design \u2013 diese 100-ml-Flakons sind ideal f\u00fcr Ihre Parf\u00fcmmarke.<\/p>","protected":false},"featured_media":4295,"template":"","meta":{"postBodyCss":"","postBodyMargin":[],"postBodyPadding":[],"postBodyBackground":{"backgroundType":"classic","gradient":""}},"product_brand":[],"product_cat":[15,16,62],"product_tag":[],"class_list":{"0":"post-4287","1":"product","2":"type-product","3":"status-publish","4":"has-post-thumbnail","6":"product_cat-glass-containers","7":"product_cat-glass-bottles","8":"product_cat-perfume-bottles","10":"first","11":"instock","12":"shipping-taxable","13":"product-type-simple"},"jetpack_sharing_enabled":true,"_links":{"self":[{"href":"https:\/\/minghanggroup.com\/de\/wp-json\/wp\/v2\/product\/4287","targetHints":{"allow":["GET"]}}],"collection":[{"href":"https:\/\/minghanggroup.com\/de\/wp-json\/wp\/v2\/product"}],"about":[{"href":"https:\/\/minghanggroup.com\/de\/wp-json\/wp\/v2\/types\/product"}],"wp:featuredmedia":[{"embeddable":true,"href":"https:\/\/minghanggroup.com\/de\/wp-json\/wp\/v2\/media\/4295"}],"wp:attachment":[{"href":"https:\/\/minghanggroup.com\/de\/wp-json\/wp\/v2\/media?parent=4287"}],"wp:term":[{"taxonomy":"product_brand","embeddable":true,"href":"https:\/\/minghanggroup.com\/de\/wp-json\/wp\/v2\/product_brand?post=4287"},{"taxonomy":"product_cat","embeddable":true,"href":"https:\/\/minghanggroup.com\/de\/wp-json\/wp\/v2\/product_cat?post=4287"},{"taxonomy":"product_tag","embeddable":true,"href":"https:\/\/minghanggroup.com\/de\/wp-json\/wp\/v2\/product_tag?post=4287"}],"curies":[{"name":"wp","href":"https:\/\/api.w.org\/{rel}","templated":true}]}}