{"id":4286,"date":"2026-01-05T11:34:24","date_gmt":"2026-01-05T03:34:24","guid":{"rendered":"https:\/\/minghanggroup.com\/?post_type=product&#038;p=4286"},"modified":"2026-01-05T13:40:36","modified_gmt":"2026-01-05T05:40:36","slug":"unique-perfume-bottles-with-pumpkin-design-bulk","status":"publish","type":"product","link":"https:\/\/minghanggroup.com\/de\/produkt\/unique-perfume-bottles-with-pumpkin-design-bulk\/","title":{"rendered":"50 ml einzigartige Parf\u00fcmflakons mit K\u00fcrbismotiv (Gro\u00dfpackung)"},"content":{"rendered":"<p>Diese wundersch\u00f6nen Parf\u00fcmflakons sind aus Kristallglas gefertigt und haben eine abgerundete, gerippte K\u00fcrbisform mit einem facettierten Verschluss und einem polierten Goldring.<\/p>\n<h2>Produktmerkmale<\/h2>\n<ul>\n<li><strong>Gerippte Flasche in Form eines K\u00fcrbisses:<\/strong> Das flache K\u00fcrbisdesign mit den zus\u00e4tzlichen vertikalen, dreidimensionalen Rippen erh\u00f6ht die Brillanz der Lichtbrechung und verleiht ihm eine juwelenartige Eleganz.<\/li>\n<li><strong>Tiefe, vertikale Rillenstruktur:<\/strong> Die klare Textur erzeugt einen optischen Licht- und Schatteneffekt, der eine edle Anmutung und einen klassischen Hauch von Raffinesse vermittelt.<\/li>\n<li><strong>Goldmetallring:<\/strong> Der goldene Metallring zwischen Flasche und Verschluss setzt ein weiteres Detail und verleiht dem transparenten Material einen Hauch von Eleganz.<\/li>\n<\/ul>\n<h2 style=\"text-align: left;\">Wichtigste Spezifikationen<\/h2>\n<table class=\"aligncenter\" style=\"border-collapse: collapse; width: 533.27pt;\" border=\"0\" width=\"711\" cellspacing=\"0\" cellpadding=\"0\">\n<tbody>\n<tr style=\"height: 13.50pt;\">\n<td style=\"height: 13.50pt; width: 144.75pt;\" width=\"193\" height=\"18\">Besonderheit<\/td>\n<td style=\"width: 388.50pt;\" width=\"518\">Details<\/td>\n<\/tr>\n<tr style=\"height: 13.50pt;\">\n<td style=\"height: 13.50pt;\" height=\"18\">Kapazit\u00e4t<\/td>\n<td>50 ml<\/td>\n<\/tr>\n<tr style=\"height: 13.50pt;\">\n<td style=\"height: 13.50pt;\" height=\"18\">Abmessungen<\/td>\n<td>64 mm \u00d7 62 mm<\/td>\n<\/tr>\n<tr style=\"height: 13.50pt;\">\n<td style=\"height: 13.50pt;\" height=\"18\">Material<\/td>\n<td>Hochreines Glas, Metallkomponenten<\/td>\n<\/tr>\n<tr style=\"height: 13.50pt;\">\n<td style=\"height: 13.50pt;\" height=\"18\">Flaschenform<\/td>\n<td>Gerippter K\u00fcrbis<\/td>\n<\/tr>\n<tr style=\"height: 13.50pt;\">\n<td style=\"height: 13.50pt;\" height=\"18\">Anpassungsbereich<\/td>\n<td>Glasfarbe\/T\u00f6nung, Rippendesign, Metalloberfl\u00e4che, Kappenform, Gravur<\/td>\n<\/tr>\n<tr style=\"height: 13.50pt;\">\n<td style=\"height: 13.50pt;\" height=\"18\">Handwerkliche H\u00f6hepunkte<\/td>\n<td>Geriffelte Glasformteile, Metallbeschichtung und Montage<\/td>\n<\/tr>\n<tr style=\"height: 13.50pt;\">\n<td style=\"height: 13.50pt;\" height=\"18\">Prim\u00e4re Verwendung<\/td>\n<td>Einzigartige Parf\u00fcmflakons, luxuri\u00f6se Parf\u00fcmflakons<\/td>\n<\/tr>\n<tr style=\"height: 13.50pt;\">\n<td style=\"height: 13.50pt;\" height=\"18\">Zielbranchen<\/td>\n<td>Haute Parfumerie, Luxusmarken, Exklusive Einzelh\u00e4ndler<\/td>\n<\/tr>\n<\/tbody>\n<\/table>\n<h2>Erfolgsgeschichte: Ein Meisterwerk im Kleinen, ein franz\u00f6sisches Parf\u00fcmlabel<\/h2>\n<p>Eine der traditionsreichsten franz\u00f6sischen Parf\u00fcmmarken w\u00e4hlte unseren exklusiven 50-ml-Flakon aus 24-kar\u00e4tig galvanisiertem Gold und tief bernsteinfarbenem Glas. Die k\u00fcrbisf\u00f6rmige Optik war ein sofortiger Erfolg, und die Kollektion war innerhalb von weniger als zw\u00f6lf Stunden online ausverkauft. Das wundersch\u00f6ne Design f\u00fchrte zu einem Anstieg der nutzergenerierten Inhalte in den sozialen Medien um 500 Prozent. Die Nachfrage und der Erfolg dieser einzigartigen Parf\u00fcmflakons auf dem Markt freuten die Marke sehr, und sie bestellte weitere 100.000 Flakons als j\u00e4hrliche Limited Edition.<\/p>\n<h2>Individuelle Gestaltung sch\u00f6ner Parf\u00fcmflakons<\/h2>\n<ul>\n<li>Glasfarben: Sie bieten eine gro\u00dfe Auswahl an Glasfarben an, darunter Smaragdgr\u00fcn, Kobaltblau und Rubinrot.<\/li>\n<li>Flaschenhals und Oberfl\u00e4chenbehandlung aus Metall: Individuelle Metallornamente aller Art (Ros\u00e9gold, Palladium) und Oberfl\u00e4chenbehandlungen (poliert, geb\u00fcrstet, antik).<\/li>\n<li>Rillenvariationen: Durch Hinzuf\u00fcgen, Entfernen, Vergr\u00f6\u00dfern oder Vertiefen einer Anzahl vertikaler Rillen lassen sich Variationen des visuellen Rhythmus erzielen.<\/li>\n<li>Individuelles Kristallkappen-Design: Entwerfen Sie spezielle Schnittmuster oder Formen f\u00fcr die Kristallkappe.<\/li>\n<\/ul>","protected":false},"excerpt":{"rendered":"<p>Einzigartige Parf\u00fcmflakons aus k\u00fcrbisf\u00f6rmigem Kristallglas mit goldenen Details. Wundersch\u00f6ne Parf\u00fcmflakons direkt vom Hersteller f\u00fcr Marken. Schneller Versand.<\/p>","protected":false},"featured_media":4291,"template":"","meta":{"postBodyCss":"","postBodyMargin":[],"postBodyPadding":[],"postBodyBackground":{"backgroundType":"classic","gradient":""}},"product_brand":[],"product_cat":[15,16,62],"product_tag":[],"class_list":{"0":"post-4286","1":"product","2":"type-product","3":"status-publish","4":"has-post-thumbnail","6":"product_cat-glass-containers","7":"product_cat-glass-bottles","8":"product_cat-perfume-bottles","10":"first","11":"instock","12":"shipping-taxable","13":"product-type-simple"},"jetpack_sharing_enabled":true,"_links":{"self":[{"href":"https:\/\/minghanggroup.com\/de\/wp-json\/wp\/v2\/product\/4286","targetHints":{"allow":["GET"]}}],"collection":[{"href":"https:\/\/minghanggroup.com\/de\/wp-json\/wp\/v2\/product"}],"about":[{"href":"https:\/\/minghanggroup.com\/de\/wp-json\/wp\/v2\/types\/product"}],"wp:featuredmedia":[{"embeddable":true,"href":"https:\/\/minghanggroup.com\/de\/wp-json\/wp\/v2\/media\/4291"}],"wp:attachment":[{"href":"https:\/\/minghanggroup.com\/de\/wp-json\/wp\/v2\/media?parent=4286"}],"wp:term":[{"taxonomy":"product_brand","embeddable":true,"href":"https:\/\/minghanggroup.com\/de\/wp-json\/wp\/v2\/product_brand?post=4286"},{"taxonomy":"product_cat","embeddable":true,"href":"https:\/\/minghanggroup.com\/de\/wp-json\/wp\/v2\/product_cat?post=4286"},{"taxonomy":"product_tag","embeddable":true,"href":"https:\/\/minghanggroup.com\/de\/wp-json\/wp\/v2\/product_tag?post=4286"}],"curies":[{"name":"wp","href":"https:\/\/api.w.org\/{rel}","templated":true}]}}