{"id":4281,"date":"2026-01-05T10:28:11","date_gmt":"2026-01-05T02:28:11","guid":{"rendered":"https:\/\/minghanggroup.com\/?post_type=product&#038;p=4281"},"modified":"2026-01-05T17:22:36","modified_gmt":"2026-01-05T09:22:36","slug":"crystal-bottles-for-perfume-with-black-lids-bulk","status":"publish","type":"product","link":"https:\/\/minghanggroup.com\/de\/produkt\/crystal-bottles-for-perfume-with-black-lids-bulk\/","title":{"rendered":"100-ml-Kristallflakons f\u00fcr Parf\u00fcm mit schwarzen Deckeln (Gro\u00dfpackung)"},"content":{"rendered":"<p>Dieser Kristallflakon f\u00fcr Parf\u00fcm ist schlicht, leicht vertikal und rechteckig. Zwei tiefe, horizontale Rillen an jeder Seite des Glask\u00f6rpers unterstreichen die besondere Haptik und den optischen Effekt. Flakon und schwarzer, zylindrischer Metallverschluss bilden einen markanten Kontrast und bestechen durch ihre moderne Eleganz.<\/p>\n<h2>Produktmerkmale<\/h2>\n<ul>\n<li><strong>Rechteckige Flasche mit Rillen:<\/strong> Die schmale, rechteckige Form mit zwei horizontalen Linien verleiht der Flasche optische Tiefe und verbessert die Griffigkeit.<\/li>\n<li><strong>Schwarze Metallkappe:<\/strong> Der schwarze, zylindrische Metallverschluss ist minimalistisch gestaltet, was im Kontrast zur durchsichtigen Flasche steht, die ein sehr anspruchsvolles und modernes Design aufweist.<\/li>\n<li><strong>Klarglasmaterial:<\/strong> Die vollkommen transparente Glasstruktur l\u00e4sst den Rest des Duftes deutlich zur Geltung kommen und verst\u00e4rkt zudem die subtilen Effekte der Lichtreflexion.<\/li>\n<\/ul>\n<h2 style=\"text-align: left;\">Wichtigste Spezifikationen<\/h2>\n<table class=\"aligncenter\" style=\"border-collapse: collapse; width: 599.27pt;\" border=\"0\" width=\"799\" cellspacing=\"0\" cellpadding=\"0\">\n<tbody>\n<tr style=\"height: 13.50pt;\">\n<td style=\"height: 13.50pt; width: 146.25pt;\" width=\"195\" height=\"18\">Besonderheit<\/td>\n<td style=\"width: 453.00pt;\" width=\"604\">Details<\/td>\n<\/tr>\n<tr style=\"height: 13.50pt;\">\n<td style=\"height: 13.50pt;\" height=\"18\">Kapazit\u00e4t<\/td>\n<td>100 ml<\/td>\n<\/tr>\n<tr style=\"height: 13.50pt;\">\n<td style=\"height: 13.50pt;\" height=\"18\">Abmessungen<\/td>\n<td>65 mm \u00d7 33 mm \u00d7 108 mm<\/td>\n<\/tr>\n<tr style=\"height: 13.50pt;\">\n<td style=\"height: 13.50pt;\" height=\"18\">Material<\/td>\n<td>Klarglas, Metallkappe<\/td>\n<\/tr>\n<tr style=\"height: 13.50pt;\">\n<td style=\"height: 13.50pt;\" height=\"18\">Flaschenform<\/td>\n<td>Vertikales Rechteck mit horizontalen Nuten<\/td>\n<\/tr>\n<tr style=\"height: 13.50pt;\">\n<td style=\"height: 13.50pt;\" height=\"18\">Anpassungsbereich<\/td>\n<td>Glasfarbe\/Oberfl\u00e4chenbehandlung, Kappenfarbe\/Oberfl\u00e4chenbehandlung, Rillendesign, Druck\/Lasergravur<\/td>\n<\/tr>\n<tr style=\"height: 13.50pt;\">\n<td style=\"height: 13.50pt;\" height=\"18\">Handwerkliche H\u00f6hepunkte<\/td>\n<td>Pr\u00e4zisions-Horizontalnutprofilierung, Hochtransparentglas, Metallbearbeitung<\/td>\n<\/tr>\n<tr style=\"height: 13.50pt;\">\n<td style=\"height: 13.50pt;\" height=\"18\">Prim\u00e4re Verwendung<\/td>\n<td>Kristallflakons f\u00fcr Parf\u00fcm, Duftflakons<\/td>\n<\/tr>\n<tr style=\"height: 13.50pt;\">\n<td style=\"height: 13.50pt;\" height=\"18\">Zielbranchen<\/td>\n<td>Herrenpflegemarken, Apothekerprodukte, Designerlabels<\/td>\n<\/tr>\n<\/tbody>\n<\/table>\n<h2>Erfolgsgeschichte: Duftkollektion eines nordischen Designstudios<\/h2>\n<p>Unsere leeren 100-ml-Kristallflakons f\u00fcr Parf\u00fcm wurden von einem nordischen Designstudio in Auftrag gegeben, das sich auf minimalistische M\u00f6bel spezialisiert hat. Das rauchgraue Glas der Flakons wurde individuell gestaltet. Die Flakons verf\u00fcgen \u00fcber horizontale Rillen, die f\u00fcr einen sicheren Halt sorgen. Dies wurde von den Kunden sehr gesch\u00e4tzt, wie \u00fcber 40 Prozent der Online-Bewertungen belegen. Das Flakondesign erzielte eine gro\u00dfe Wirkung in den sozialen Medien und steigerte die Markenbekanntheit um 35 Prozent. Das Studio war mit dem Erfolg des Produkts am Markt sehr zufrieden und bestellte daraufhin weitere 250.000 Flakons, um sein Gesch\u00e4ft mit pers\u00f6nlichen D\u00fcften auszubauen.<\/p>\n<h2>Kristallflakons zur individuellen Gestaltung von Parfums<\/h2>\n<ul>\n<li>Glassiebdruck: Kleben Sie Ihr Logo, Design oder Ihren Text auf die ebene Fl\u00e4che zwischen die Rillen.<\/li>\n<li>Individuelles Nutdesign: Variieren Sie die Anzahl, Tiefe oder das Muster der horizontalen Nuten (z. B. f\u00fcgen Sie eine dritte Nut hinzu oder gestalten Sie die Nuten vertikal).<\/li>\n<li>Integriertes Branding: Lassen Sie ein unauff\u00e4lliges, erhabenes Markenzeichen in den Flaschenboden eingravieren \u2013 eine kleine Geste.<\/li>\n<li>Zweifarbiger Glaseffekt: Hierbei werden mehrere Glasschichten verwendet, um die verschiedenen Farben unter den Rillen freizulegen.<\/li>\n<\/ul>","protected":false},"excerpt":{"rendered":"<p>Moderne, leere Parf\u00fcmflakons aus kristallklarem Glas mit schwarzem Metallverschluss. Ideale Kristallflakons f\u00fcr Parf\u00fcmmarken, direkt vom Hersteller, kostenlose Muster.<\/p>","protected":false},"featured_media":4282,"template":"","meta":{"postBodyCss":"","postBodyMargin":[],"postBodyPadding":[],"postBodyBackground":{"backgroundType":"classic","gradient":""}},"product_brand":[],"product_cat":[15,16,62],"product_tag":[],"class_list":{"0":"post-4281","1":"product","2":"type-product","3":"status-publish","4":"has-post-thumbnail","6":"product_cat-glass-containers","7":"product_cat-glass-bottles","8":"product_cat-perfume-bottles","10":"first","11":"instock","12":"shipping-taxable","13":"product-type-simple"},"jetpack_sharing_enabled":true,"_links":{"self":[{"href":"https:\/\/minghanggroup.com\/de\/wp-json\/wp\/v2\/product\/4281","targetHints":{"allow":["GET"]}}],"collection":[{"href":"https:\/\/minghanggroup.com\/de\/wp-json\/wp\/v2\/product"}],"about":[{"href":"https:\/\/minghanggroup.com\/de\/wp-json\/wp\/v2\/types\/product"}],"wp:featuredmedia":[{"embeddable":true,"href":"https:\/\/minghanggroup.com\/de\/wp-json\/wp\/v2\/media\/4282"}],"wp:attachment":[{"href":"https:\/\/minghanggroup.com\/de\/wp-json\/wp\/v2\/media?parent=4281"}],"wp:term":[{"taxonomy":"product_brand","embeddable":true,"href":"https:\/\/minghanggroup.com\/de\/wp-json\/wp\/v2\/product_brand?post=4281"},{"taxonomy":"product_cat","embeddable":true,"href":"https:\/\/minghanggroup.com\/de\/wp-json\/wp\/v2\/product_cat?post=4281"},{"taxonomy":"product_tag","embeddable":true,"href":"https:\/\/minghanggroup.com\/de\/wp-json\/wp\/v2\/product_tag?post=4281"}],"curies":[{"name":"wp","href":"https:\/\/api.w.org\/{rel}","templated":true}]}}