{"id":4276,"date":"2026-01-05T10:20:58","date_gmt":"2026-01-05T02:20:58","guid":{"rendered":"https:\/\/minghanggroup.com\/?post_type=product&#038;p=4276"},"modified":"2026-01-05T16:50:30","modified_gmt":"2026-01-05T08:50:30","slug":"glass-clear-cologne-bottles-with-spray-wholesale","status":"publish","type":"product","link":"https:\/\/minghanggroup.com\/de\/produkt\/glass-clear-cologne-bottles-with-spray-wholesale\/","title":{"rendered":"50-ml- und 100-ml-Glasflaschen f\u00fcr K\u00f6lnischwasser mit Spr\u00fchkopf (Gro\u00dfhandel)"},"content":{"rendered":"<p>Ihre transparenten Parf\u00fcmflakons sollen die Blicke Ihrer Kunden auf sich ziehen. Wir entwickeln hochwertige 100-ml-Parf\u00fcmflakons, die f\u00fcr erfolgreiche Duftverpackungen konzipiert sind \u2013 jeder Glasflakon wird zum Markenzeichen Ihrer Marke.<\/p>\n<h2>Produktmerkmale<\/h2>\n<ul>\n<li><strong>Hochwertiger, klarer Glask\u00f6rper:<\/strong> Das ultraklare Glas ist der perfekte Tr\u00e4ger f\u00fcr die Duftfarbe, die in ihrer ganzen Leuchtkraft sichtbar ist und so das Regal optisch ansprechend macht.<\/li>\n<li><strong>Ausgewogene, moderne Form: <\/strong>Die Kombination aus klaren Linien und sanft gerundetem Profil verleiht dem Design einen zeitlosen Look, der zu den unterschiedlichsten Duftrichtungen passt.<\/li>\n<li><strong>Vielseitig einsetzbar f\u00fcr Branding: <\/strong>Das neutrale Design der Flasche erm\u00f6glicht Etikettierung, Bedruckung oder individuelle Logoanpassung f\u00fcr die verschiedenen Markenidentit\u00e4ten.<\/li>\n<\/ul>\n<h2>Wichtigste Spezifikationen<\/h2>\n<table style=\"border-collapse: collapse; width: 80%; margin-left: auto; margin-right: auto;\" border=\"0\" width=\"288\" cellspacing=\"0\" cellpadding=\"0\">\n<tbody>\n<tr style=\"height: 13.50pt;\">\n<td class=\"et2\" style=\"height: 13.5pt; width: 54pt; text-align: center;\" width=\"72\" height=\"18\">Fassungsverm\u00f6gen (ml)<\/td>\n<td style=\"width: 54pt; text-align: center;\" width=\"72\">Abmessungen (mm)<\/td>\n<td style=\"width: 54pt; text-align: center;\" width=\"72\">Glasfarbe<\/td>\n<td style=\"width: 54pt; text-align: center;\" width=\"72\">Deckelfarben<\/td>\n<\/tr>\n<tr style=\"height: 13.50pt;\">\n<td style=\"height: 13.5pt; text-align: center;\" align=\"right\" height=\"18\">50<\/td>\n<td style=\"text-align: center;\">62 x 22 x 88<\/td>\n<td class=\"et2\" style=\"text-align: center;\" rowspan=\"2\">Transparent, individuell anpassbar<\/td>\n<td class=\"et2\" style=\"text-align: center;\" rowspan=\"2\">Gold, Silber, individuell<\/td>\n<\/tr>\n<tr style=\"height: 13.50pt;\">\n<td style=\"height: 13.5pt; text-align: center;\" align=\"right\" height=\"18\">100<\/td>\n<td style=\"text-align: center;\">74 x 26 x 110<\/td>\n<\/tr>\n<\/tbody>\n<\/table>\n<h2>Erfolgsbeispiel<\/h2>\n<p>Eine Duftmarke wollte ihre Marktpr\u00e4senz durch eine Verpackung st\u00e4rken, die die Reinheit und handwerkliche Qualit\u00e4t ihrer D\u00fcfte authentisch widerspiegelte. F\u00fcr die Einf\u00fchrung einer neuen Kollektion w\u00e4hlte sie unsere transparenten 100-ml-Flakons und verlieh ihnen mit einer mattierten Glasoberfl\u00e4che, einem dezent gepr\u00e4gten Logo auf der Flaschenschulter und einem Spr\u00fchkopf aus geb\u00fcrstetem Metall eine einzigartige Note. Innerhalb von weniger als drei Monaten stieg der Einzelhandelsumsatz um 32 %. Die Kunden lobten vor allem die luxuri\u00f6se Haptik und das elegante Design der Flakons. Angespornt vom Erfolg der Kampagne, \u00fcbertrug die Marke das Design auf ihre Kernproduktlinie und steigerte so das Auftragsvolumen um 45 %.<\/p>\n<h2>Ihre Anpassungsoptionen<\/h2>\n<ol>\n<li><strong>Oberfl\u00e4chenbeschaffenheit der Flasche:<\/strong> W\u00e4hlen Sie zwischen transparenten und mattierten Varianten, um die Markenbeschriftung durch Kontrast optisch hervorzuheben.<\/li>\n<li><strong>Farbverlaufsglasbehandlung:<\/strong> Durch die Anwendung eines hellen Farbverlaufs oder Farb\u00fcbergangs auf dem Glas kann ein dreidimensionaler Effekt erzielt werden.<\/li>\n<li><strong>Details zur limitierten Auflage:<\/strong> Kleine, limitierte Details wie nummerierte Markierungen oder einzigartige Oberfl\u00e4chenstrukturen k\u00f6nnen f\u00fcr saisonale oder Luxus-Sondereditionen verwendet werden.<\/li>\n<\/ol>","protected":false},"excerpt":{"rendered":"<p>Die transparenten Parf\u00fcmflakons unterstreichen die Reinheit des Duftes. Ideal als 100-ml-Flakons, mit Preisen direkt vom Hersteller und individuellen Gestaltungsm\u00f6glichkeiten.<\/p>","protected":false},"featured_media":4280,"template":"","meta":{"postBodyCss":"","postBodyMargin":[],"postBodyPadding":[],"postBodyBackground":{"backgroundType":"classic","gradient":""}},"product_brand":[],"product_cat":[15,16,62],"product_tag":[],"class_list":{"0":"post-4276","1":"product","2":"type-product","3":"status-publish","4":"has-post-thumbnail","6":"product_cat-glass-containers","7":"product_cat-glass-bottles","8":"product_cat-perfume-bottles","10":"first","11":"instock","12":"shipping-taxable","13":"product-type-simple"},"jetpack_sharing_enabled":true,"_links":{"self":[{"href":"https:\/\/minghanggroup.com\/de\/wp-json\/wp\/v2\/product\/4276","targetHints":{"allow":["GET"]}}],"collection":[{"href":"https:\/\/minghanggroup.com\/de\/wp-json\/wp\/v2\/product"}],"about":[{"href":"https:\/\/minghanggroup.com\/de\/wp-json\/wp\/v2\/types\/product"}],"wp:featuredmedia":[{"embeddable":true,"href":"https:\/\/minghanggroup.com\/de\/wp-json\/wp\/v2\/media\/4280"}],"wp:attachment":[{"href":"https:\/\/minghanggroup.com\/de\/wp-json\/wp\/v2\/media?parent=4276"}],"wp:term":[{"taxonomy":"product_brand","embeddable":true,"href":"https:\/\/minghanggroup.com\/de\/wp-json\/wp\/v2\/product_brand?post=4276"},{"taxonomy":"product_cat","embeddable":true,"href":"https:\/\/minghanggroup.com\/de\/wp-json\/wp\/v2\/product_cat?post=4276"},{"taxonomy":"product_tag","embeddable":true,"href":"https:\/\/minghanggroup.com\/de\/wp-json\/wp\/v2\/product_tag?post=4276"}],"curies":[{"name":"wp","href":"https:\/\/api.w.org\/{rel}","templated":true}]}}