{"id":4266,"date":"2026-01-04T17:00:07","date_gmt":"2026-01-04T09:00:07","guid":{"rendered":"https:\/\/minghanggroup.com\/?post_type=product&#038;p=4266"},"modified":"2026-01-04T17:00:09","modified_gmt":"2026-01-04T09:00:09","slug":"glass-perfume-containers-with-metal-sprayer-wholesale","status":"publish","type":"product","link":"https:\/\/minghanggroup.com\/de\/produkt\/glass-perfume-containers-with-metal-sprayer-wholesale\/","title":{"rendered":"30-ml- und 50-ml-Glasparf\u00fcmbeh\u00e4lter mit Metallzerst\u00e4uber (Gro\u00dfhandel)"},"content":{"rendered":"<p>Ihre kleinen Parf\u00fcmflakons sollen die Blicke Ihrer Kunden auf sich ziehen. Wir fertigen hochwertige Parf\u00fcmbeh\u00e4lter in gro\u00dfen Mengen, die speziell f\u00fcr erfolgreiche Duftverpackungen entwickelt wurden \u2013 jeder einzelne Flakon wird zum Markenzeichen Ihrer Marke.<\/p>\n<h2>Produktmerkmale<\/h2>\n<ul>\n<li><strong>Klare, moderne Silhouette:<\/strong> Die ausgewogenen Proportionen mit sanft abgewinkelten Seiten erzeugen einen modernen Look, der f\u00fcr eine breite Palette von Duftstilen geeignet ist.<\/li>\n<li><strong>Hochwertiger, klarer Glask\u00f6rper:<\/strong> Durch das klare Glas ist die Farbe des Parfums ungehindert sichtbar, wodurch die Attraktivit\u00e4t und Sichtbarkeit des Produkts im Regal gesteigert wird.<\/li>\n<li><strong>Individuelles, fertiges Design:<\/strong> Die Flasche eignet sich ideal f\u00fcr Farbbeschichtung, Siebdruck, Siebdruck oder Logodekoration zur Unterst\u00fctzung der Markendifferenzierung.<\/li>\n<\/ul>\n<h2>Wichtigste Spezifikationen<\/h2>\n<table style=\"border-collapse: collapse; width: 80%; margin-left: auto; margin-right: auto;\" border=\"0\" width=\"288\" cellspacing=\"0\" cellpadding=\"0\">\n<tbody>\n<tr style=\"height: 13.50pt;\">\n<td style=\"height: 13.5pt; width: 54pt; text-align: center;\" width=\"72\" height=\"18\">Fassungsverm\u00f6gen (ml)<\/td>\n<td style=\"width: 54pt; text-align: center;\" width=\"72\">Abmessungen (mm)<\/td>\n<td style=\"width: 54pt; text-align: center;\" width=\"72\">Material<\/td>\n<td style=\"width: 54pt; text-align: center;\" width=\"72\">Verf\u00fcgbare Farben<\/td>\n<\/tr>\n<tr style=\"height: 13.50pt;\">\n<td style=\"height: 13.5pt; text-align: center;\" align=\"right\" height=\"18\">30<\/td>\n<td style=\"text-align: center;\">55 x 25 x 85<\/td>\n<td class=\"et2\" style=\"text-align: center;\" rowspan=\"2\">Kristallglas<\/td>\n<td class=\"et2\" style=\"text-align: center;\" rowspan=\"2\">Gold, Silber, Schwarz, Wei\u00df, Holz<\/td>\n<\/tr>\n<tr style=\"height: 13.50pt;\">\n<td style=\"height: 13.5pt; text-align: center;\" align=\"right\" height=\"18\">50<\/td>\n<td style=\"text-align: center;\">66 x 30 x 100<\/td>\n<\/tr>\n<\/tbody>\n<\/table>\n<h2>Erfolgsbeispiel<\/h2>\n<p>Eine Parf\u00fcmmarke kreierte einen neuen Duft und entschied sich, ihn in unseren kleinen Parf\u00fcmflakons abzuf\u00fcllen. Die erste Bestellung umfasste 5.000 St\u00fcck. Um die Marke aufzuwerten, erhielten die Flakons eine mattierte Glasoberfl\u00e4che, ein edles, gepr\u00e4gtes Logo auf der Vorderseite und weiches, farbiges Glas.<\/p>\n<p>Nach einigen Monaten stieg die Wiederkaufsrate um 65 %, weshalb die Marke nun regelm\u00e4\u00dfig Gro\u00dfbestellungen aufgibt. Um ihr Produktsortiment weiter auszubauen, haben sie nun ein gr\u00f6\u00dferes Produkt mit denselben individuell gestalteten Parf\u00fcmflakons eingef\u00fchrt.<\/p>\n<h2>Ihre Anpassungsoptionen<\/h2>\n<ol>\n<li><strong>Partitioniertes Prozessdesign:<\/strong> Erm\u00f6glicht die Anwendung kombinierter Verfahren an verschiedenen Teilen des Flaschenk\u00f6rpers, beispielsweise transparente und mattierte Oberfl\u00e4chen in unterschiedlichen Bereichen, wodurch das Produkt optisch geschichtet wird.<\/li>\n<li><strong>Gepr\u00e4gte Identifikationselemente:<\/strong> Durch das Einbringen sehr kleiner, gepr\u00e4gter Linien oder Symbole in die Flaschenschulter oder -seite lassen sich eindeutige Identifikationsmerkmale erzeugen.<\/li>\n<li><strong>Individuelle Glasst\u00e4rke:<\/strong> Es werden verschiedene Glasst\u00e4rken zur Auswahl angeboten, wodurch eine flexible Kombination aus Kostenkontrolle und hohem, luxuri\u00f6sem Qualit\u00e4tsstandard erm\u00f6glicht wird.<\/li>\n<li><strong>Individuell anpassbare Schutzma\u00dfnahmen, Details zum F\u00e4lschungsschutz:<\/strong> Die Ma\u00dfnahmen zum Schutz vor Produktf\u00e4lschungen k\u00f6nnen je nach Vertriebskanal individuell angepasst werden, z. B. durch unsichtbare Markierungen oder spezielle Hintergrundmuster, wodurch die Wirksamkeit des Markenschutzes erh\u00f6ht wird.<\/li>\n<\/ol>","protected":false},"excerpt":{"rendered":"<p>Parf\u00fcmflakons aus Klarglas mit edler Haptik. Direkter Herstellerservice, Musteroptionen und flexible Individualisierungsm\u00f6glichkeiten f\u00fcr kleine Parf\u00fcmflaschen.<\/p>","protected":false},"featured_media":4270,"template":"","meta":{"postBodyCss":"","postBodyMargin":[],"postBodyPadding":[],"postBodyBackground":{"backgroundType":"classic","gradient":""}},"product_brand":[],"product_cat":[15,16,62],"product_tag":[],"class_list":{"0":"post-4266","1":"product","2":"type-product","3":"status-publish","4":"has-post-thumbnail","6":"product_cat-glass-containers","7":"product_cat-glass-bottles","8":"product_cat-perfume-bottles","10":"first","11":"instock","12":"shipping-taxable","13":"product-type-simple"},"jetpack_sharing_enabled":true,"_links":{"self":[{"href":"https:\/\/minghanggroup.com\/de\/wp-json\/wp\/v2\/product\/4266","targetHints":{"allow":["GET"]}}],"collection":[{"href":"https:\/\/minghanggroup.com\/de\/wp-json\/wp\/v2\/product"}],"about":[{"href":"https:\/\/minghanggroup.com\/de\/wp-json\/wp\/v2\/types\/product"}],"wp:featuredmedia":[{"embeddable":true,"href":"https:\/\/minghanggroup.com\/de\/wp-json\/wp\/v2\/media\/4270"}],"wp:attachment":[{"href":"https:\/\/minghanggroup.com\/de\/wp-json\/wp\/v2\/media?parent=4266"}],"wp:term":[{"taxonomy":"product_brand","embeddable":true,"href":"https:\/\/minghanggroup.com\/de\/wp-json\/wp\/v2\/product_brand?post=4266"},{"taxonomy":"product_cat","embeddable":true,"href":"https:\/\/minghanggroup.com\/de\/wp-json\/wp\/v2\/product_cat?post=4266"},{"taxonomy":"product_tag","embeddable":true,"href":"https:\/\/minghanggroup.com\/de\/wp-json\/wp\/v2\/product_tag?post=4266"}],"curies":[{"name":"wp","href":"https:\/\/api.w.org\/{rel}","templated":true}]}}