{"id":4256,"date":"2026-01-04T15:11:18","date_gmt":"2026-01-04T07:11:18","guid":{"rendered":"https:\/\/minghanggroup.com\/?post_type=product&#038;p=4256"},"modified":"2026-01-04T16:59:12","modified_gmt":"2026-01-04T08:59:12","slug":"round-customized-perfume-bottles-wholesale","status":"publish","type":"product","link":"https:\/\/minghanggroup.com\/de\/produkt\/round-customized-perfume-bottles-wholesale\/","title":{"rendered":"30 ml, 50 ml, 100 ml Runde, individuell gestaltete Parf\u00fcmflakons im Gro\u00dfhandel"},"content":{"rendered":"<p>Sie sind als perfekte Gro\u00dfhandels-Parf\u00fcmflaschen konzipiert, wobei jede Flasche \u00fcber einen funkelnden diamantgeschliffenen Kristallverschluss und eine hochglanzpolierte silberne D\u00fcse verf\u00fcgt und aus Kristallglas gefertigt ist.<\/p>\n<h2>Produktmerkmale<\/h2>\n<ul>\n<li><strong>Kurven und Linien:<\/strong> Der sich verj\u00fcngende Hals und die flie\u00dfenden, skulpturalen Linien sorgen f\u00fcr einen nat\u00fcrlichen, luxuri\u00f6sen Griff am elegant geschwungenen Korpus.<\/li>\n<li><strong>Transparente Kappe und Metalld\u00fcse:<\/strong> Die facettierte Kappe und die silberne D\u00fcse bilden ein perfekt verschmolzenes St\u00fcck und ergeben so ein Design, das einem Juwel \u00e4hnelt.<\/li>\n<li><strong>Drei Pakete:<\/strong> 30-ml-, 50-ml- und 100-ml-Packungen, die luxuri\u00f6se Probierpackungen, Kernprodukte und charakteristische D\u00fcfte enthalten.<\/li>\n<\/ul>\n<h2 style=\"text-align: left;\">Wichtigste Spezifikationen<\/h2>\n<table class=\"aligncenter\" style=\"border-collapse: collapse; width: 658.52pt;\" border=\"0\" width=\"878\" cellspacing=\"0\" cellpadding=\"0\">\n<tbody>\n<tr style=\"height: 13.50pt;\">\n<td style=\"height: 13.50pt; width: 130.50pt;\" width=\"174\" height=\"18\">Specification<\/td>\n<td style=\"width: 528.00pt;\" width=\"704\">Details<\/td>\n<\/tr>\n<tr style=\"height: 13.50pt;\">\n<td style=\"height: 13.50pt;\" height=\"18\">Abmessungen<\/td>\n<td>30 ml: 64 \u00d7 28 \u00d7 72 mm; 50 ml: 75 \u00d7 25 \u00d7 85 mm; 100 ml: 86 \u00d7 36 \u00d7 90 mm<\/td>\n<\/tr>\n<tr style=\"height: 13.50pt;\">\n<td style=\"height: 13.50pt;\" height=\"18\">Material<\/td>\n<td>Geh\u00e4use aus hochtransparentem Glas; Metallkomponenten<\/td>\n<\/tr>\n<tr style=\"height: 13.50pt;\">\n<td style=\"height: 13.50pt;\" height=\"18\">Flaschenform<\/td>\n<td>Gebogene, sich verj\u00fcngende Form mit 3D-gew\u00f6lbten Oberfl\u00e4chenschnitten<\/td>\n<\/tr>\n<tr style=\"height: 13.50pt;\">\n<td style=\"height: 13.50pt;\" height=\"18\">Anpassungsumfang<\/td>\n<td>Farbbranding (Rauch, Bernstein, Farbverlauf): 3D-Oberfl\u00e4chengravur, Pr\u00e4zisionssiebdruck<\/td>\n<\/tr>\n<tr style=\"height: 13.50pt;\">\n<td style=\"height: 13.50pt;\" height=\"18\">Merkmale der Handwerkskunst<\/td>\n<td>3D-Bogenschnitt-Glasschnitzerei<\/td>\n<\/tr>\n<tr style=\"height: 13.50pt;\">\n<td style=\"height: 13.50pt;\" height=\"18\">Produktzweck<\/td>\n<td>Ultra-Luxus-Parf\u00fcmflakons, K\u00f6lnischwasserflaschen im Gro\u00dfhandel<\/td>\n<\/tr>\n<tr style=\"height: 13.50pt;\">\n<td style=\"height: 13.50pt;\" height=\"18\">Geeignete Branchen<\/td>\n<td>Luxus- und Nischenparf\u00fcmerie, Designer-Modemarken, exklusiver Einzelhandel<\/td>\n<\/tr>\n<\/tbody>\n<\/table>\n<h2>Erfolgsbeispiel: Pr\u00e4sentation des Flaggschiffprodukts einer Luxusgruppe im Nahen Osten<\/h2>\n<p>Eine der f\u00fchrenden Luxusgruppen in Dubai w\u00e4hlte unsere individuell gestalteten 100-ml-Parf\u00fcmflakons als Flaggschiffprodukt. Es wurde ein Flakon aus saphirblauem Glas entwickelt. Aufgrund seines Gewichts und seines juwelenartigen Aussehens erzielte er im Einzelhandel einen um 400 Prozent h\u00f6heren Preis als die Herstellungskosten. Die besonderen lichtreflektierenden Eigenschaften des Flakons f\u00fchrten dazu, dass Kunden 60 Prozent l\u00e4nger am Verkaufstresen verweilten. Das Team war beeindruckt vom rasanten Erfolg der Marke und der Bedeutung des Flakons daf\u00fcr. Daher bestellte es eine weitere Charge von 750.000 Flakons, um dem Unternehmen das exklusive Vertriebsrecht in der Region zu sichern.<\/p>\n<h2>K\u00f6lnischwasserflaschen Gro\u00dfhandel mit individueller Gestaltung<\/h2>\n<ul>\n<li>Glasfarben und Transparenzen: angeboten in verschiedenen Farben von Edelsteinen (Smaragd, Rubin, Bernstein) und verschiedenen Graden der Farblosigkeit.<\/li>\n<li>Metallische Oberfl\u00e4chen: D\u00fcsenkragen und andere Metallteile k\u00f6nnen mit verschiedenen Oberfl\u00e4chenveredelungen individuell gestaltet werden, darunter Ros\u00e9gold, schwarzes PVD oder Antiksilber.<\/li>\n<li>Individuelle Bogengravur: Entwerfen Sie spezielle Oberfl\u00e4chengravurmuster, z. B. Wellen, Bl\u00e4tter oder geometrische Muster.<\/li>\n<li>Gebogene Lasergravur: Lassen Sie Logos, Monogramme oder Muster auf die glatte, gebogene Oberfl\u00e4che der Flasche eingravieren.<\/li>\n<\/ul>","protected":false},"excerpt":{"rendered":"<p>Entdecken Sie hochwertige Parf\u00fcmflakons aus transparentem Glas im Gro\u00dfhandel. Diese individuell gestaltbaren Flakons k\u00f6nnen mit Ihrem Logo versehen werden und verleihen Ihrem Parf\u00fcm einen luxuri\u00f6sen Look. Kostenlose Probe.<\/p>","protected":false},"featured_media":4259,"template":"","meta":{"postBodyCss":"","postBodyMargin":[],"postBodyPadding":[],"postBodyBackground":{"backgroundType":"classic","gradient":""}},"product_brand":[],"product_cat":[15,16,62],"product_tag":[],"class_list":{"0":"post-4256","1":"product","2":"type-product","3":"status-publish","4":"has-post-thumbnail","6":"product_cat-glass-containers","7":"product_cat-glass-bottles","8":"product_cat-perfume-bottles","10":"first","11":"instock","12":"shipping-taxable","13":"product-type-simple"},"jetpack_sharing_enabled":true,"_links":{"self":[{"href":"https:\/\/minghanggroup.com\/de\/wp-json\/wp\/v2\/product\/4256","targetHints":{"allow":["GET"]}}],"collection":[{"href":"https:\/\/minghanggroup.com\/de\/wp-json\/wp\/v2\/product"}],"about":[{"href":"https:\/\/minghanggroup.com\/de\/wp-json\/wp\/v2\/types\/product"}],"wp:featuredmedia":[{"embeddable":true,"href":"https:\/\/minghanggroup.com\/de\/wp-json\/wp\/v2\/media\/4259"}],"wp:attachment":[{"href":"https:\/\/minghanggroup.com\/de\/wp-json\/wp\/v2\/media?parent=4256"}],"wp:term":[{"taxonomy":"product_brand","embeddable":true,"href":"https:\/\/minghanggroup.com\/de\/wp-json\/wp\/v2\/product_brand?post=4256"},{"taxonomy":"product_cat","embeddable":true,"href":"https:\/\/minghanggroup.com\/de\/wp-json\/wp\/v2\/product_cat?post=4256"},{"taxonomy":"product_tag","embeddable":true,"href":"https:\/\/minghanggroup.com\/de\/wp-json\/wp\/v2\/product_tag?post=4256"}],"curies":[{"name":"wp","href":"https:\/\/api.w.org\/{rel}","templated":true}]}}