{"id":4249,"date":"2026-01-04T15:56:50","date_gmt":"2026-01-04T07:56:50","guid":{"rendered":"https:\/\/minghanggroup.com\/?post_type=product&#038;p=4249"},"modified":"2026-01-30T15:43:59","modified_gmt":"2026-01-30T07:43:59","slug":"vertical-cut-glass-mens-cologne-bottles-bulk","status":"publish","type":"product","link":"https:\/\/minghanggroup.com\/de\/produkt\/vertical-cut-glass-mens-cologne-bottles-bulk\/","title":{"rendered":"100-ml-Glasflaschen mit vertikalem Schliff f\u00fcr Herrenparf\u00fcm (Gro\u00dfpackung)"},"content":{"rendered":"<p>Ihre Herrenparf\u00fcmflakons sollen die Blicke auf sich ziehen. Wir fertigen hochwertige Parf\u00fcmflakons in gro\u00dfen Mengen, die f\u00fcr erfolgreiche Duftverpackungen entwickelt wurden \u2013 jeder einzelne Flakon wird zum Markenzeichen Ihrer Marke.<\/p>\n<h2>Produktmerkmale<\/h2>\n<ul>\n<li><strong>Kristallglasklarheit:<\/strong>Unser Parf\u00fcmflakon aus Kristallglas bringt die wahre Farbe Ihres Duftes zur Geltung \u2013 perfekt f\u00fcr Premium-Parf\u00fcmlinien.<\/li>\n<li><strong>Vertikales Texturdesign:<\/strong>Scharfe vertikale Linien fangen das Licht wundersch\u00f6n ein und verleihen Ihrer Parf\u00fcmverpackung Tiefe.<\/li>\n<li><strong>Farbvielfalt:<\/strong>W\u00e4hlen Sie zwischen Gold-, Silber-, Schwarz-, Wei\u00df- oder Holzoptik, passend zu Ihrer maskulinen Marke.<\/li>\n<li><strong>Premium-Zerst\u00e4uberspray:<\/strong>Erzeugt einen gleichm\u00e4\u00dfigen, feinen Nebel f\u00fcr ein reibungsloses Auftragen Ihres individuellen Parfums.<\/li>\n<\/ul>\n<h2>Wichtigste Spezifikationen<\/h2>\n<table style=\"border-collapse: collapse; width: 80%; margin-left: auto; margin-right: auto;\" border=\"0\" width=\"360\" cellspacing=\"0\" cellpadding=\"0\">\n<tbody>\n<tr style=\"height: 13.50pt;\">\n<td style=\"height: 13.5pt; text-align: center;\" width=\"72\" height=\"18\">Kapazit\u00e4t<\/td>\n<td style=\"width: 54pt; text-align: center;\" width=\"72\">Abmessungen<\/td>\n<td style=\"width: 54pt; text-align: center;\" width=\"72\">Material<\/td>\n<td style=\"width: 54pt; text-align: center;\" width=\"72\">Spr\u00fchart<\/td>\n<td style=\"width: 54pt; text-align: center;\" width=\"72\">Verf\u00fcgbare Farben<\/td>\n<\/tr>\n<tr style=\"height: 13.50pt;\">\n<td class=\"et2\" style=\"height: 27pt; text-align: center;\" rowspan=\"2\" height=\"36\">100 ml (3,4 oz)<\/td>\n<td style=\"text-align: center;\">52 x 52 x 119 mm<\/td>\n<td class=\"et2\" style=\"text-align: center;\" rowspan=\"2\">Kristallglas<\/td>\n<td class=\"et2\" style=\"text-align: center;\" rowspan=\"2\">Zerst\u00e4uber<\/td>\n<td class=\"et2\" style=\"text-align: center;\" rowspan=\"2\">Gold, Silber, Schwarz, Wei\u00df, Holz<\/td>\n<\/tr>\n<tr style=\"height: 13.50pt;\">\n<td style=\"text-align: center;\">52 x 52 x 126 mm<\/td>\n<\/tr>\n<\/tbody>\n<\/table>\n<h2>Erfolgsbeispiel<\/h2>\n<p>Eine Herrenduftmarke, stolz auf ihren Duft, war der Ansicht, dass die urspr\u00fcngliche Verpackung kein Premium-Image widerspiegelte. Daher entschied man sich f\u00fcr unsere Herrenparf\u00fcmflakons und individualisierte diese mit einer matten Glasoberfl\u00e4che, einer dunkelgrauen Farbe und einem gepr\u00e4gten Logo auf der Vorderseite. Nach der Einf\u00fchrung der neuen Verpackung verbesserte sich die visuelle Attraktivit\u00e4t des Produkts im Regal deutlich, was innerhalb von drei Monaten zu einem Umsatzanstieg von 32 % im Einzelhandel f\u00fchrte.<\/p>\n<h2>Ihre Anpassungsoptionen<\/h2>\n<ol>\n<li><strong>Flaschenfarboptionen:<\/strong>Das Produkt ist mit nat\u00fcrlichen transparenten, dunkel rauchigen grauen, bernsteinfarbenen oder markenspezifischen, exklusiven Farbschemata kompatibel, um eine unterschiedliche Positionierung f\u00fcr Herrend\u00fcfte zu schaffen.<\/li>\n<li><strong>Anpassung des Markenlogos:<\/strong>Es bietet Kombinationen aus gepr\u00e4gten Buchstaben, vertieften Logos oder hochpr\u00e4zisem Siebdruck, die f\u00fcr die langfristige Verwendung von Markenserien geeignet sind.<\/li>\n<li><strong>Kombinationen von Flaschenverschluss-Stilen:<\/strong>Metallische, galvanisierte oder mit Kunstledertextur versehene Kappen werden vom Produkt verwendet, um den energiegeladenen und eleganten Charakter der Herrend\u00fcfte zu unterstreichen.<\/li>\n<\/ol>","protected":false},"excerpt":{"rendered":"<p>Hochwertige Herrenparf\u00fcmflakons aus Klarglas mit eleganten, vertikalen Linien. Direkt vom Hersteller, individuelle Anpassungen m\u00f6glich. Ideal f\u00fcr Gro\u00dfbestellungen.<\/p>","protected":false},"featured_media":4262,"template":"","meta":{"postBodyCss":"","postBodyMargin":[],"postBodyPadding":[],"postBodyBackground":{"backgroundType":"classic","gradient":""}},"product_brand":[],"product_cat":[15,16,62],"product_tag":[],"class_list":{"0":"post-4249","1":"product","2":"type-product","3":"status-publish","4":"has-post-thumbnail","6":"product_cat-glass-containers","7":"product_cat-glass-bottles","8":"product_cat-perfume-bottles","10":"first","11":"instock","12":"shipping-taxable","13":"product-type-simple"},"jetpack_sharing_enabled":true,"_links":{"self":[{"href":"https:\/\/minghanggroup.com\/de\/wp-json\/wp\/v2\/product\/4249","targetHints":{"allow":["GET"]}}],"collection":[{"href":"https:\/\/minghanggroup.com\/de\/wp-json\/wp\/v2\/product"}],"about":[{"href":"https:\/\/minghanggroup.com\/de\/wp-json\/wp\/v2\/types\/product"}],"wp:featuredmedia":[{"embeddable":true,"href":"https:\/\/minghanggroup.com\/de\/wp-json\/wp\/v2\/media\/4262"}],"wp:attachment":[{"href":"https:\/\/minghanggroup.com\/de\/wp-json\/wp\/v2\/media?parent=4249"}],"wp:term":[{"taxonomy":"product_brand","embeddable":true,"href":"https:\/\/minghanggroup.com\/de\/wp-json\/wp\/v2\/product_brand?post=4249"},{"taxonomy":"product_cat","embeddable":true,"href":"https:\/\/minghanggroup.com\/de\/wp-json\/wp\/v2\/product_cat?post=4249"},{"taxonomy":"product_tag","embeddable":true,"href":"https:\/\/minghanggroup.com\/de\/wp-json\/wp\/v2\/product_tag?post=4249"}],"curies":[{"name":"wp","href":"https:\/\/api.w.org\/{rel}","templated":true}]}}