{"id":4236,"date":"2026-01-04T11:26:54","date_gmt":"2026-01-04T03:26:54","guid":{"rendered":"https:\/\/minghanggroup.com\/?post_type=product&#038;p=4236"},"modified":"2026-01-04T13:35:29","modified_gmt":"2026-01-04T05:35:29","slug":"clear-cologne-empty-bottles-with-metal-lids-bulk","status":"publish","type":"product","link":"https:\/\/minghanggroup.com\/de\/produkt\/clear-cologne-empty-bottles-with-metal-lids-bulk\/","title":{"rendered":"50 ml und 100 ml leere, durchsichtige K\u00f6lnischwasserflaschen mit Metalldeckeln (Gro\u00dfpackung)"},"content":{"rendered":"<p>Dieser leere Parf\u00fcmflakon ist aus poliertem, klarem und flachem Glas gefertigt und hat einen rechteckigen Korpus mit abgerundeten Ecken. Er ist in zwei Gr\u00f6\u00dfen erh\u00e4ltlich und verf\u00fcgt \u00fcber Verschl\u00fcsse in Schwarz oder Gold. Zudem kann er individuell gestaltet werden.<\/p>\n<h2>Produktmerkmale<\/h2>\n<ul>\n<li><strong>Strukturell ausgelegter geneigter K\u00f6rper:<\/strong> Es handelt sich um den schlanken, geraden Korpus mit abgeschr\u00e4gten Kanten, der ein markantes, modernes und maskulines Erscheinungsbild verleiht.<\/li>\n<li><strong>Zweifarbige Metallkappen:<\/strong> Die zylindrischen Metallkappen in Schwarz und Gold mit einem Hauch von Eleganz werden in zweifarbigen Ausf\u00fchrungen angeboten, um verschiedene Duftvorlieben anzusprechen.<\/li>\n<li><strong>Doppelte Kapazit\u00e4t:<\/strong> Zwei Flaschengr\u00f6\u00dfen eignen sich f\u00fcr den t\u00e4glichen Gebrauch und erm\u00f6glichen eine bequeme Aufbewahrung mit mehr Flexibilit\u00e4t und Nutzen.<\/li>\n<\/ul>\n<h2 style=\"text-align: left;\">Wichtigste Spezifikationen<\/h2>\n<table class=\"aligncenter\" style=\"border-collapse: collapse; width: 471.02pt;\" border=\"0\" width=\"628\" cellspacing=\"0\" cellpadding=\"0\">\n<tbody>\n<tr style=\"height: 13.50pt;\">\n<td style=\"height: 13.50pt; width: 130.50pt;\" width=\"174\" height=\"18\">Specification<\/td>\n<td style=\"width: 340.50pt;\" width=\"454\">Details<\/td>\n<\/tr>\n<tr style=\"height: 13.50pt;\">\n<td style=\"height: 13.50pt;\" height=\"18\">Abmessungen<\/td>\n<td>50 ml: 42 \u00d7 25 \u00d7 92 mm; 100 ml: 53 \u00d7 31 \u00d7 114 mm<\/td>\n<\/tr>\n<tr style=\"height: 13.50pt;\">\n<td style=\"height: 13.50pt;\" height=\"18\">Material<\/td>\n<td>Klarglask\u00f6rper; hochwertiger Metallschraubverschluss<\/td>\n<\/tr>\n<tr style=\"height: 13.50pt;\">\n<td style=\"height: 13.50pt;\" height=\"18\">Flaschenform<\/td>\n<td>Hohes Rechteck mit pr\u00e4zise abgeschr\u00e4gten Kanten<\/td>\n<\/tr>\n<tr style=\"height: 13.50pt;\">\n<td style=\"height: 13.50pt;\" height=\"18\">Anpassungsumfang<\/td>\n<td>Mattiert \/ Siebdruck \/ Lasergravur<\/td>\n<\/tr>\n<tr style=\"height: 13.50pt;\">\n<td style=\"height: 13.50pt;\" height=\"18\">Produktzweck<\/td>\n<td>Leere K\u00f6lnischwasserflaschen, Duftflakons<\/td>\n<\/tr>\n<tr style=\"height: 13.50pt;\">\n<td style=\"height: 13.50pt;\" height=\"18\">Geeignete Branchen<\/td>\n<td>Pflegemarken, Eigenmarken, individuelle Duftstudios<\/td>\n<\/tr>\n<\/tbody>\n<\/table>\n<h2>Erfolgsgeschichte<\/h2>\n<p>Unser 100-ml-Flakon mit K\u00f6lnischwasser-Spray wurde von einem schnell wachsenden Direktvertriebsunternehmen f\u00fcr M\u00e4nnerpflegeprodukte ausgew\u00e4hlt. Er wurde mit einem individuell gestalteten, mattschwarzen Verschluss und einem Korpus aus Milchglas kombiniert. Das abgeschr\u00e4gte Design sorgt f\u00fcr guten Halt und eine angenehme Haptik, die von 40 Prozent der Kunden in ihren Bewertungen gelobt wird. Der Flakon ist wasserdicht und das Glas robust, was eine Versandsicherheit von 99,8 % gew\u00e4hrleistet. Das Unternehmen war mit der Markttauglichkeit und der Qualit\u00e4t des Produkts sehr zufrieden und bestellte daher 300.000 Flaschen, um die neue Produktlinie zu vertreiben und international zu expandieren.<\/p>\n<h2>Optionen zur Personalisierung leerer K\u00f6lnischwasserflaschen<\/h2>\n<ul>\n<li>Glasfarben und Oberfl\u00e4chen \u2013 Diese sind in verschiedenen Farbt\u00f6nen (Bernstein, Grau) erh\u00e4ltlich und k\u00f6nnen auch mit Vollmattierung, Satin\u00e4tzung usw. veredelt werden.<\/li>\n<li>Glassiebdruck \u2013 Logos, Muster oder Texte werden im Siebdruckverfahren auf flache Glasoberfl\u00e4chen gedruckt.<\/li>\n<li>Erhabene Volumenmarkierungen \u2013 Der Flaschenboden ist mit erhabenen Volumenmarkierungen versehen (z. B. \u201e100 ml\u201c).<\/li>\n<li>Integration einer Spr\u00fchpumpe \u2013 Es handelt sich um die Integration einer Feinnebel-Spr\u00fchpumpe, die mit der Standardschnittstelle der Flasche kompatibel ist.<\/li>\n<\/ul>","protected":false},"excerpt":{"rendered":"<p>Leere und zerst\u00e4ubende Parf\u00fcmflaschen f\u00fcr Marken. Hergestellt aus transparentem Glas mit Metallverschluss. Erh\u00e4ltlich im Gro\u00dfhandel mit schnellem Versand.<\/p>","protected":false},"featured_media":4241,"template":"","meta":{"postBodyCss":"","postBodyMargin":[],"postBodyPadding":[],"postBodyBackground":{"backgroundType":"classic","gradient":""}},"product_brand":[],"product_cat":[15,16,62],"product_tag":[],"class_list":{"0":"post-4236","1":"product","2":"type-product","3":"status-publish","4":"has-post-thumbnail","6":"product_cat-glass-containers","7":"product_cat-glass-bottles","8":"product_cat-perfume-bottles","10":"first","11":"instock","12":"shipping-taxable","13":"product-type-simple"},"jetpack_sharing_enabled":true,"_links":{"self":[{"href":"https:\/\/minghanggroup.com\/de\/wp-json\/wp\/v2\/product\/4236","targetHints":{"allow":["GET"]}}],"collection":[{"href":"https:\/\/minghanggroup.com\/de\/wp-json\/wp\/v2\/product"}],"about":[{"href":"https:\/\/minghanggroup.com\/de\/wp-json\/wp\/v2\/types\/product"}],"wp:featuredmedia":[{"embeddable":true,"href":"https:\/\/minghanggroup.com\/de\/wp-json\/wp\/v2\/media\/4241"}],"wp:attachment":[{"href":"https:\/\/minghanggroup.com\/de\/wp-json\/wp\/v2\/media?parent=4236"}],"wp:term":[{"taxonomy":"product_brand","embeddable":true,"href":"https:\/\/minghanggroup.com\/de\/wp-json\/wp\/v2\/product_brand?post=4236"},{"taxonomy":"product_cat","embeddable":true,"href":"https:\/\/minghanggroup.com\/de\/wp-json\/wp\/v2\/product_cat?post=4236"},{"taxonomy":"product_tag","embeddable":true,"href":"https:\/\/minghanggroup.com\/de\/wp-json\/wp\/v2\/product_tag?post=4236"}],"curies":[{"name":"wp","href":"https:\/\/api.w.org\/{rel}","templated":true}]}}