{"id":4230,"date":"2026-01-04T10:39:15","date_gmt":"2026-01-04T02:39:15","guid":{"rendered":"https:\/\/minghanggroup.com\/?post_type=product&#038;p=4230"},"modified":"2026-01-04T17:54:13","modified_gmt":"2026-01-04T09:54:13","slug":"small-customizable-perfume-bottles-for-fragrance-brands","status":"publish","type":"product","link":"https:\/\/minghanggroup.com\/de\/produkt\/small-customizable-perfume-bottles-for-fragrance-brands\/","title":{"rendered":"30 ml 45 ml Kleine, individuell gestaltbare Parf\u00fcmflakons f\u00fcr Duftmarken"},"content":{"rendered":"<p>Ihre kleinen Parf\u00fcmflakons sollen die Blicke Ihrer Kunden auf sich ziehen. Wir fertigen hochwertige, individuell gestaltbare Parf\u00fcmflakons, die f\u00fcr den Erfolg Ihrer Duftverpackungen sorgen \u2013 jeder einzelne Flakon wird zum Markenzeichen Ihrer Marke.<\/p>\n<h2>Produktmerkmale<\/h2>\n<ul>\n<li><strong>Klare Dreieckssilhouette:<\/strong>Klare, gerade Linien und eine gleichm\u00e4\u00dfige Dreiecksform verleihen dem Produkt einen modernen, architektonisch anmutenden Look mit starker Pr\u00e4senz im Regal.<\/li>\n<li><strong>Hochwertiges, transparentes Glasgeh\u00e4use:<\/strong>Reines, schweres Glas betont die wahre Farbe des Parfums und vermittelt gleichzeitig eine edle, luxuri\u00f6se Atmosph\u00e4re.<\/li>\n<li><strong>Anpassungsbereit:<\/strong>Perfekt geeignet f\u00fcr individuelle Farben, gepr\u00e4gte oder gedruckte Logos und Kappenwechsel passend zu verschiedenen Markenstilen.<\/li>\n<\/ul>\n<h2>Wichtigste Spezifikationen<\/h2>\n<table style=\"border-collapse: collapse; width: 80%; margin-left: auto; margin-right: auto;\" border=\"0\" width=\"360\" cellspacing=\"0\" cellpadding=\"0\">\n<tbody>\n<tr style=\"height: 13.50pt;\">\n<td style=\"height: 13.5pt; width: 54pt; text-align: center;\" width=\"72\" height=\"18\">Fassungsverm\u00f6gen (ml)<\/td>\n<td style=\"width: 54pt; text-align: center;\" width=\"72\">Abmessungen (mm)<\/td>\n<td style=\"width: 54pt; text-align: center;\" width=\"72\">Kaliber<\/td>\n<td style=\"width: 54pt; text-align: center;\" width=\"72\">Glasfarbe<\/td>\n<td style=\"width: 54pt; text-align: center;\" width=\"72\">Pumpenoptionen<\/td>\n<\/tr>\n<tr style=\"height: 13.50pt;\">\n<td style=\"height: 13.5pt; text-align: center;\" align=\"right\" height=\"18\">30<\/td>\n<td style=\"text-align: center;\">38 x 38 x 80<\/td>\n<td class=\"et2\" style=\"text-align: center;\" rowspan=\"2\">15 mm<\/td>\n<td class=\"et2\" style=\"text-align: center;\" rowspan=\"2\">Transparent<\/td>\n<td class=\"et2\" style=\"text-align: center;\" rowspan=\"2\">Gold, Silber<\/td>\n<\/tr>\n<tr style=\"height: 13.50pt;\">\n<td style=\"height: 13.5pt; text-align: center;\" align=\"right\" height=\"18\">45<\/td>\n<td style=\"text-align: center;\">38 x 38 x 116<\/td>\n<\/tr>\n<\/tbody>\n<\/table>\n<h2>Erfolgsbeispiel<\/h2>\n<p>Eine Parf\u00fcmmarke wollte die Verpackung ihrer klassischen Duftlinie auf innovative Weise neu gestalten. Nach Pr\u00fcfung verschiedener Verpackungsoptionen entschied sich die Marke f\u00fcr unsere kleinen Glasflakons und bestellte zun\u00e4chst 5.000 St\u00fcck. Um ihre Markenidentit\u00e4t widerzuspiegeln, veredelte die Marke die Flakons mit einem gepr\u00e4gten Logo auf der Vorderseite und verwendete eine spezielle Glasfarbe.<\/p>\n<p>Die Marke erzielte mit Hilfe einer neuen Verpackung innerhalb von drei Monaten einen Umsatzanstieg von 32 % und die Folgebestellungen der Vertriebspartner stiegen um 65 %, sodass die Marke innerhalb von sechs Monaten drei Nachbestellungen der kleinen Parf\u00fcmflaschen erhielt.<\/p>\n<h2>Ihre Anpassungsoptionen<\/h2>\n<ol>\n<li><strong>Gepr\u00e4gtes oder vertieftes Logo:<\/strong> Um die Markenbekanntheit zu steigern, kann ein erhabenes oder vertieftes Logo auf der Flaschenoberfl\u00e4che angebracht werden.<\/li>\n<li><strong>Flaschenfarbe nach Wunsch:<\/strong> W\u00e4hlen Sie zwischen klarem, mattiertem oder individuell get\u00f6ntem Glas, das mit den verschiedenen Duftkonzepten oder Kollektionen harmoniert.<\/li>\n<li><strong>Oberfl\u00e4chengestaltungstechniken:<\/strong> Verzieren Sie Ihre Produkte mit Seidenmalerei, Siebdruck, Hei\u00dfpr\u00e4gung oder UV-Druck f\u00fcr Logos, Muster oder Texte.<\/li>\n<\/ol>","protected":false},"excerpt":{"rendered":"<p>Kleine Parf\u00fcmflakons im transparenten Design. Direkt vom Hersteller, kostenlose Muster, Gro\u00dfbestellungen und individuell gestaltbare Flakons f\u00fcr eine einzigartige Markenidentit\u00e4t.<\/p>","protected":false},"featured_media":4235,"template":"","meta":{"postBodyCss":"","postBodyMargin":[],"postBodyPadding":[],"postBodyBackground":{"backgroundType":"classic","gradient":""}},"product_brand":[],"product_cat":[15,16,62],"product_tag":[],"class_list":{"0":"post-4230","1":"product","2":"type-product","3":"status-publish","4":"has-post-thumbnail","6":"product_cat-glass-containers","7":"product_cat-glass-bottles","8":"product_cat-perfume-bottles","10":"first","11":"instock","12":"shipping-taxable","13":"product-type-simple"},"jetpack_sharing_enabled":true,"_links":{"self":[{"href":"https:\/\/minghanggroup.com\/de\/wp-json\/wp\/v2\/product\/4230","targetHints":{"allow":["GET"]}}],"collection":[{"href":"https:\/\/minghanggroup.com\/de\/wp-json\/wp\/v2\/product"}],"about":[{"href":"https:\/\/minghanggroup.com\/de\/wp-json\/wp\/v2\/types\/product"}],"wp:featuredmedia":[{"embeddable":true,"href":"https:\/\/minghanggroup.com\/de\/wp-json\/wp\/v2\/media\/4235"}],"wp:attachment":[{"href":"https:\/\/minghanggroup.com\/de\/wp-json\/wp\/v2\/media?parent=4230"}],"wp:term":[{"taxonomy":"product_brand","embeddable":true,"href":"https:\/\/minghanggroup.com\/de\/wp-json\/wp\/v2\/product_brand?post=4230"},{"taxonomy":"product_cat","embeddable":true,"href":"https:\/\/minghanggroup.com\/de\/wp-json\/wp\/v2\/product_cat?post=4230"},{"taxonomy":"product_tag","embeddable":true,"href":"https:\/\/minghanggroup.com\/de\/wp-json\/wp\/v2\/product_tag?post=4230"}],"curies":[{"name":"wp","href":"https:\/\/api.w.org\/{rel}","templated":true}]}}