{"id":4208,"date":"2025-12-30T15:33:11","date_gmt":"2025-12-30T07:33:11","guid":{"rendered":"https:\/\/minghanggroup.com\/?post_type=product&#038;p=4208"},"modified":"2025-12-30T16:53:58","modified_gmt":"2025-12-30T08:53:58","slug":"clear-glass-cologne-bottles-with-metal-lids-bulk","status":"publish","type":"product","link":"https:\/\/minghanggroup.com\/de\/produkt\/clear-glass-cologne-bottles-with-metal-lids-bulk\/","title":{"rendered":"30 ml, 50 ml, 100 ml Klarglas-K\u00f6lnischwasserflaschen mit Metalldeckel (Gro\u00dfpackung)"},"content":{"rendered":"<p>Es handelt sich um einen rund-quadratischen Parf\u00fcmflakon mit abgerundeten Kanten. Die schlichte Form und der kuppelf\u00f6rmige Metallverschluss in quadratischer, minimalistischer Gestalt bilden einen beeindruckenden Kontrast.<\/p>\n<h2>Produktmerkmale<\/h2>\n<ul>\n<li><strong>Verschiedene Gr\u00f6\u00dfen:<\/strong> Es gibt verschiedene Gr\u00f6\u00dfen, die je nach Bedarf zur Aufbewahrung von Duftstoffen erworben werden k\u00f6nnen, sei es f\u00fcr den pers\u00f6nlichen Gebrauch oder f\u00fcr den Kauf gr\u00f6\u00dferer Mengen.<\/li>\n<li><strong>Metallkappen:<\/strong> Es gibt silberne, goldene und schwarze quadratische Metallkappen in verschiedenen Ausf\u00fchrungen, was dem Produkt ein edles und modernes Aussehen verleiht.<\/li>\n<li><strong>Abgerundeter quadratischer Flaschenk\u00f6rper:<\/strong> Die abgerundeten Ecken des quadratischen, zylindrischen Flaschenk\u00f6rpers sind mit glatten Linien versehen, damit die Flasche angenehmer zu halten und besser pr\u00e4sentiert werden kann.<\/li>\n<\/ul>\n<h2 style=\"text-align: left;\">Wichtigste Spezifikationen<\/h2>\n<table class=\"aligncenter\" style=\"border-collapse: collapse; width: 434.27pt;\" border=\"0\" width=\"579\" cellspacing=\"0\" cellpadding=\"0\">\n<tbody>\n<tr style=\"height: 13.50pt;\">\n<td style=\"height: 13.50pt; width: 82.50pt;\" width=\"110\" height=\"18\">Specification<\/td>\n<td style=\"width: 351.75pt;\" width=\"469\">Details<\/td>\n<\/tr>\n<tr style=\"height: 13.50pt;\">\n<td style=\"height: 13.50pt;\" height=\"18\">Abmessungen<\/td>\n<td>30 ml: 56 \u00d7 28 \u00d7 70 mm; 50 ml: 63 \u00d7 31 \u00d7 79 mm; 100 ml: 76 \u00d7 38 \u00d7 98 mm<\/td>\n<\/tr>\n<tr style=\"height: 13.50pt;\">\n<td style=\"height: 13.50pt;\" height=\"18\">Material<\/td>\n<td>Klarglask\u00f6rper; silberne\/goldene\/schwarze Metallkappen<\/td>\n<\/tr>\n<tr style=\"height: 13.50pt;\">\n<td style=\"height: 13.50pt;\" height=\"18\">Flaschenform<\/td>\n<td>Abgerundetes quadratisches Prisma (Soft-Edge-Formteil)<\/td>\n<\/tr>\n<tr style=\"height: 13.50pt;\">\n<td style=\"height: 13.50pt;\" height=\"18\">Verschlussart<\/td>\n<td>Quadratischer Metallschraubverschluss (sicherer, luftdichter Verschluss)<\/td>\n<\/tr>\n<tr style=\"height: 13.50pt;\">\n<td style=\"height: 13.50pt;\" height=\"18\">Ideal f\u00fcr<\/td>\n<td>K\u00f6lnischwasserflaschen im Gro\u00dfhandel, Parf\u00fcmflaschen in gro\u00dfen Mengen<\/td>\n<\/tr>\n<\/tbody>\n<\/table>\n<h2>Erfolgsgeschichte<\/h2>\n<p>Eines der bekanntesten Unternehmen im Direktvertrieb von Herrenprodukten wagte den Einstieg in den Duftmarkt. F\u00fcr die ersten drei D\u00fcfte w\u00e4hlten sie unsere Parf\u00fcmflakons, jeweils mit einem farblich passenden Verschluss. Die rund-quadratische Flakonform kam gut an: 85 Prozent der Kunden lobten das angenehme Tragegef\u00fchl. Das schlichte Design f\u00fchrte zu dreimal so vielen Social-Media-Shares wie bei anderen Produkten. Daraufhin bestellte die Marke weitere 400.000 Flakons.<\/p>\n<h2>K\u00f6lnischwasserflaschen im Gro\u00dfhandel: Individuelle Gestaltungsm\u00f6glichkeiten<\/h2>\n<ul>\n<li>Individuelle Farben f\u00fcr Metallkappen \u2013 W\u00e4hlen Sie die PVD-Beschichtung der Kappe anhand einer Pantone-Farbkarte Ihrer Marke.<\/li>\n<li>Farben der Glasflaschen \u2013 Glasflaschen sind in verschiedenen Farben erh\u00e4ltlich, darunter Bernstein, Rauchgrau oder Kobaltblau.<\/li>\n<li>Glassiebdruck \u2013 Bedrucken Sie die flache Seite der Glasflasche mit Ihrem Logo, Design oder Text.<\/li>\n<li>Oberfl\u00e4che mit mattiertem Glas \u2013 Sorgt mit einer vollst\u00e4ndig mattierten Oberfl\u00e4che oder einer mattierten Oberfl\u00e4che mit Farbverlauf f\u00fcr ein glattes, hochwertiges Gef\u00fchl.<\/li>\n<\/ul>","protected":false},"excerpt":{"rendered":"<p>Moderne, transparente Parf\u00fcmflakons in verschiedenen Gr\u00f6\u00dfen und Verschlussfarben. Parf\u00fcmflakons im Gro\u00dfhandel mit schnellem Versand \u2013 ideal f\u00fcr Duftmarken und Eigenmarken.<\/p>","protected":false},"featured_media":4215,"template":"","meta":{"postBodyCss":"","postBodyMargin":[],"postBodyPadding":[],"postBodyBackground":{"backgroundType":"classic","gradient":""}},"product_brand":[],"product_cat":[15,16,62],"product_tag":[],"class_list":{"0":"post-4208","1":"product","2":"type-product","3":"status-publish","4":"has-post-thumbnail","6":"product_cat-glass-containers","7":"product_cat-glass-bottles","8":"product_cat-perfume-bottles","10":"first","11":"instock","12":"shipping-taxable","13":"product-type-simple"},"jetpack_sharing_enabled":true,"_links":{"self":[{"href":"https:\/\/minghanggroup.com\/de\/wp-json\/wp\/v2\/product\/4208","targetHints":{"allow":["GET"]}}],"collection":[{"href":"https:\/\/minghanggroup.com\/de\/wp-json\/wp\/v2\/product"}],"about":[{"href":"https:\/\/minghanggroup.com\/de\/wp-json\/wp\/v2\/types\/product"}],"wp:featuredmedia":[{"embeddable":true,"href":"https:\/\/minghanggroup.com\/de\/wp-json\/wp\/v2\/media\/4215"}],"wp:attachment":[{"href":"https:\/\/minghanggroup.com\/de\/wp-json\/wp\/v2\/media?parent=4208"}],"wp:term":[{"taxonomy":"product_brand","embeddable":true,"href":"https:\/\/minghanggroup.com\/de\/wp-json\/wp\/v2\/product_brand?post=4208"},{"taxonomy":"product_cat","embeddable":true,"href":"https:\/\/minghanggroup.com\/de\/wp-json\/wp\/v2\/product_cat?post=4208"},{"taxonomy":"product_tag","embeddable":true,"href":"https:\/\/minghanggroup.com\/de\/wp-json\/wp\/v2\/product_tag?post=4208"}],"curies":[{"name":"wp","href":"https:\/\/api.w.org\/{rel}","templated":true}]}}