{"id":4202,"date":"2025-12-30T16:04:18","date_gmt":"2025-12-30T08:04:18","guid":{"rendered":"https:\/\/minghanggroup.com\/?post_type=product&#038;p=4202"},"modified":"2025-12-30T17:03:31","modified_gmt":"2025-12-30T09:03:31","slug":"clear-perfume-bottles-for-custom-fragrance-packaging-bulk","status":"publish","type":"product","link":"https:\/\/minghanggroup.com\/de\/produkt\/clear-perfume-bottles-for-custom-fragrance-packaging-bulk\/","title":{"rendered":"Klare Parf\u00fcmflaschen (25 ml und 90 ml) f\u00fcr individuelle Duftverpackungen (Gro\u00dfpackung)"},"content":{"rendered":"<p>Ihre transparenten Parf\u00fcmflakons sollen die Blicke Ihrer Kunden auf sich ziehen. Wir fertigen hochwertige Parf\u00fcmbeh\u00e4lter, die f\u00fcr den Erfolg Ihrer Duftverpackungen konzipiert sind \u2013 jeder Glasflakon wird zum Markenzeichen Ihrer Marke.<\/p>\n<h2>Produktmerkmale<\/h2>\n<ul>\n<li><strong>Kristallklare Pr\u00e4sentation:<\/strong>Unser Parf\u00fcmflakon aus Glas ist das perfekte Gef\u00e4\u00df, um die Originalfarbe Ihres Duftes zur Geltung zu bringen und Ihre Parf\u00fcmverpackung somit auf den ersten Blick optisch ansprechend zu gestalten.<\/li>\n<li><strong>Auslaufsichere Deckel:<\/strong>Der sichere Flaschenhals verhindert das Auslaufen des Produkts w\u00e4hrend des Transports \u2013 eine hervorragende L\u00f6sung f\u00fcr \u00e4therische \u00d6le oder Ihre individuelle Parf\u00fcmkollektion.<\/li>\n<li><strong>Geometrischer Flaschenverschluss:<\/strong> Der geometrisch geschnittene Flaschenverschluss ahmt die Sch\u00e4rfe eines Edelsteins nach, der das Licht reflektiert, und kommuniziert so auf subtile Weise mit dem minimalistischen Flaschenk\u00f6rper \u2013 zur\u00fcckhaltend, aber dennoch voller Luxus und Eleganz.<\/li>\n<\/ul>\n<h2>Wichtigste Spezifikationen<\/h2>\n<table style=\"border-collapse: collapse; width: 80%; margin-left: auto; margin-right: auto;\" border=\"0\" width=\"288\" cellspacing=\"0\" cellpadding=\"0\">\n<tbody>\n<tr style=\"height: 13.50pt;\">\n<td style=\"height: 13.5pt; width: 54pt; text-align: center;\" width=\"72\" height=\"18\">Fassungsverm\u00f6gen (ml)<\/td>\n<td style=\"width: 54pt; text-align: center;\" width=\"72\">Abmessungen (mm)<\/td>\n<td style=\"width: 54pt; text-align: center;\" width=\"72\">Dichtungstyp<\/td>\n<td style=\"width: 54pt; text-align: center;\" width=\"72\">D\u00fcsenfarben<\/td>\n<\/tr>\n<tr style=\"height: 13.50pt;\">\n<td style=\"height: 13.5pt; text-align: center;\" align=\"right\" height=\"18\">25<\/td>\n<td style=\"text-align: center;\">37 x 37 x 58<\/td>\n<td class=\"et2\" style=\"text-align: center;\" rowspan=\"2\">Presspassung Hals<\/td>\n<td class=\"et2\" style=\"text-align: center;\" rowspan=\"2\">Silber\/Gold<\/td>\n<\/tr>\n<tr style=\"height: 13.50pt;\">\n<td style=\"height: 13.5pt; text-align: center;\" align=\"right\" height=\"18\">90<\/td>\n<td style=\"text-align: center;\">55 x 55 x 88<\/td>\n<\/tr>\n<\/tbody>\n<\/table>\n<h2>Erfolgsbeispiel<\/h2>\n<p>Ein Parf\u00fcmhersteller w\u00fcnschte sich eine Verpackung, die sein anspruchsvolles Markenimage optisch besser widerspiegelt. Daf\u00fcr w\u00e4hlten sie unsere transparenten Parf\u00fcmflakons und individualisierten diese mit einem gepr\u00e4gten Logo, einer samtig-matten Oberfl\u00e4che und einer hell get\u00f6nten Glasfarbe, um die einzelnen Duftlinien optisch voneinander abzugrenzen.<\/p>\n<p>Zum Zeitpunkt des Rebrandings verzeichnete das Unternehmen im ersten Quartal ein Umsatzwachstum von 28 %, und das Volumen der Folgebestellungen von Vertriebspartnern war deutlich h\u00f6her.<\/p>\n<h2>Ihr Anpassungspfad<\/h2>\n<ol>\n<li><strong>Verdampferfarben:<\/strong> Stimmen Sie silberne oder goldene D\u00fcsen auf Ihre Markenidentit\u00e4t ab.<\/li>\n<li><strong>Platzierung des Etiketts:<\/strong> Bringen Sie ein individuelles Branding auf der zylindrischen Glasflasche an.<\/li>\n<li><strong>Premium-Ausstattung:<\/strong> Setzen Sie dezente Goldfolienakzente ein, um den Luxus zu unterstreichen.<\/li>\n<li><strong>Stilabstimmung:<\/strong> W\u00e4hlen Sie f\u00fcr Ihre Duftverpackungsl\u00f6sungen matte oder gl\u00e4nzende Oberfl\u00e4chen.<\/li>\n<\/ol>","protected":false},"excerpt":{"rendered":"<p>Transparente Parf\u00fcmflakons aus Glas mit sanften Rundungen und einem stabilen Glasboden. Direkt vom Hersteller: Parf\u00fcmflakons, inklusive Gratisproben und flexibler Mengenanpassung.<\/p>","protected":false},"featured_media":4212,"template":"","meta":{"postBodyCss":"","postBodyMargin":[],"postBodyPadding":[],"postBodyBackground":{"backgroundType":"classic","gradient":""}},"product_brand":[],"product_cat":[15,16,62],"product_tag":[],"class_list":{"0":"post-4202","1":"product","2":"type-product","3":"status-publish","4":"has-post-thumbnail","6":"product_cat-glass-containers","7":"product_cat-glass-bottles","8":"product_cat-perfume-bottles","10":"first","11":"instock","12":"shipping-taxable","13":"product-type-simple"},"jetpack_sharing_enabled":true,"_links":{"self":[{"href":"https:\/\/minghanggroup.com\/de\/wp-json\/wp\/v2\/product\/4202","targetHints":{"allow":["GET"]}}],"collection":[{"href":"https:\/\/minghanggroup.com\/de\/wp-json\/wp\/v2\/product"}],"about":[{"href":"https:\/\/minghanggroup.com\/de\/wp-json\/wp\/v2\/types\/product"}],"wp:featuredmedia":[{"embeddable":true,"href":"https:\/\/minghanggroup.com\/de\/wp-json\/wp\/v2\/media\/4212"}],"wp:attachment":[{"href":"https:\/\/minghanggroup.com\/de\/wp-json\/wp\/v2\/media?parent=4202"}],"wp:term":[{"taxonomy":"product_brand","embeddable":true,"href":"https:\/\/minghanggroup.com\/de\/wp-json\/wp\/v2\/product_brand?post=4202"},{"taxonomy":"product_cat","embeddable":true,"href":"https:\/\/minghanggroup.com\/de\/wp-json\/wp\/v2\/product_cat?post=4202"},{"taxonomy":"product_tag","embeddable":true,"href":"https:\/\/minghanggroup.com\/de\/wp-json\/wp\/v2\/product_tag?post=4202"}],"curies":[{"name":"wp","href":"https:\/\/api.w.org\/{rel}","templated":true}]}}