{"id":4197,"date":"2025-12-30T14:05:06","date_gmt":"2025-12-30T06:05:06","guid":{"rendered":"https:\/\/minghanggroup.com\/?post_type=product&#038;p=4197"},"modified":"2025-12-30T16:59:44","modified_gmt":"2025-12-30T08:59:44","slug":"empty-bottles-of-perfume-with-lids-bulk","status":"publish","type":"product","link":"https:\/\/minghanggroup.com\/de\/produkt\/empty-bottles-of-perfume-with-lids-bulk\/","title":{"rendered":"50-ml-Leerflaschen f\u00fcr Parf\u00fcm mit Deckel (Gro\u00dfpackung)"},"content":{"rendered":"<p>Diese hochwertigen, leeren Glasparf\u00fcmflakons sind aus mehrseitig kristallklarem Glas gefertigt und jeder Verschluss ist mit einem funkelnden, diamantgeschliffenen Kristall verziert.<\/p>\n<h2>Produktmerkmale<\/h2>\n<ul>\n<li><strong>Kristallklares Glas:<\/strong> Es handelt sich um ein sehr transparentes Material, sodass die Farbe des Parfums perfekt zur Geltung kommt, da sie kristallklar und unverzerrt wie ein kostbarer Edelstein ist.<\/li>\n<li><strong>Facettenreiche Glasflasche:<\/strong> Facettenglas, eine Art Klarglas, verst\u00e4rkt die Lichtreflexion auf der Oberfl\u00e4che der Flasche und erzeugt so eine optische T\u00e4uschung, die der eines in die Flasche eingebetteten Juwels \u00e4hnelt.<\/li>\n<li><strong>Krone oder Kappe mit Strasstextur: <\/strong>Auch die Kappe selbst weist eine diamantgeschliffene Textur auf. Dadurch wird die facettenreiche Illusion durch die Struktur der Kappe noch verst\u00e4rkt.<\/li>\n<\/ul>\n<h2 style=\"text-align: left;\">Wichtigste Spezifikationen<\/h2>\n<table class=\"aligncenter\" style=\"border-collapse: collapse; width: 452.27pt;\" border=\"0\" width=\"603\" cellspacing=\"0\" cellpadding=\"0\">\n<tbody>\n<tr style=\"height: 13.50pt;\">\n<td style=\"height: 13.50pt; width: 130.50pt;\" width=\"174\" height=\"18\">Specification<\/td>\n<td style=\"width: 321.75pt;\" width=\"429\">Details<\/td>\n<\/tr>\n<tr style=\"height: 13.50pt;\">\n<td style=\"height: 13.50pt;\" height=\"18\">Kapazit\u00e4t<\/td>\n<td>50 ml<\/td>\n<\/tr>\n<tr style=\"height: 13.50pt;\">\n<td style=\"height: 13.50pt;\" height=\"18\">Abmessungen<\/td>\n<td>50 \u00d7 39 \u00d7 87 mm<\/td>\n<\/tr>\n<tr style=\"height: 13.50pt;\">\n<td style=\"height: 13.50pt;\" height=\"18\">Material<\/td>\n<td>Korpus aus hochreinem Kristallglas<\/td>\n<\/tr>\n<tr style=\"height: 13.50pt;\">\n<td style=\"height: 13.50pt;\" height=\"18\">Verschlussart<\/td>\n<td>Facettierte Kristallkappe mit integriertem Gold-Spr\u00fchkragen<\/td>\n<\/tr>\n<tr style=\"height: 13.50pt;\">\n<td style=\"height: 13.50pt;\" height=\"18\">Merkmale der Handwerkskunst<\/td>\n<td>Kristallklares Glas, hochwertige Metallverarbeitung<\/td>\n<\/tr>\n<tr style=\"height: 13.50pt;\">\n<td style=\"height: 13.50pt;\" height=\"18\">Ideal f\u00fcr<\/td>\n<td>Leere Glasparf\u00fcmflaschen, Duftflaschen in gro\u00dfen Mengen<\/td>\n<\/tr>\n<\/tbody>\n<\/table>\n<h2>Erfolgsgeschichte<\/h2>\n<p>Ein Parf\u00fcmeur, der f\u00fcr die K\u00f6nigsh\u00e4user des Nahen Ostens t\u00e4tig war, ben\u00f6tigte ein luxuri\u00f6ses und handwerklich hochwertiges Flakon. Er lie\u00df unsere 50-ml-Leerflakons in Saphirblau anfertigen. Das Spiel von Licht und Schatten erzeugte einen wundersch\u00f6nen Effekt, und die spezielle Schlifftechnik sorgte daf\u00fcr, dass die Kunden in der Boutique 70 Prozent l\u00e4nger verweilten. Der Flakon wirkt wie ein Edelstein und erzielt einen Verkaufspreis, der mehr als das Dreifache der Produktionskosten betr\u00e4gt. Aufgrund dieses Erfolgs bestellte der Kunde weitere 500.000 Flakons und schloss einen exklusiven regionalen Vertriebsvertrag ab.<\/p>\n<h2>Personalisierung leerer Glasparf\u00fcmflaschen<\/h2>\n<ul>\n<li>Ma\u00dfgeschneiderte Glasfarben und -t\u00f6ne \u2013 Geschliffenes Glas (Rubin, Smaragd, Topas) gibt es in einer Vielzahl von Edelsteint\u00f6nen.<\/li>\n<li>Einseitige Lasergravur \u2013 Lassen Sie Logos, Schriftz\u00fcge oder Seriennummern auf bestimmte Seiten der Flasche gravieren.<\/li>\n<li>Frosty \u2013 Frost wechselt die Facetten und erzeugt so einen zweifarbigen Effekt.<\/li>\n<li>Gestalte deine eigene Kappe \u2013 Verwandle die Kristallkappe in ein Design mit einer anderen Form oder einem anderen Muster.<\/li>\n<\/ul>","protected":false},"excerpt":{"rendered":"<p>Luxuri\u00f6se, leere Parf\u00fcmflakons aus kristallklarem Glas mit facettiertem Design und goldenem Spr\u00fchkopf. Direkt vom Hersteller, ideal f\u00fcr Premium-Duftmarken.<\/p>","protected":false},"featured_media":4201,"template":"","meta":{"postBodyCss":"","postBodyMargin":[],"postBodyPadding":[],"postBodyBackground":{"backgroundType":"classic","gradient":""}},"product_brand":[],"product_cat":[15,16,62],"product_tag":[],"class_list":{"0":"post-4197","1":"product","2":"type-product","3":"status-publish","4":"has-post-thumbnail","6":"product_cat-glass-containers","7":"product_cat-glass-bottles","8":"product_cat-perfume-bottles","10":"first","11":"instock","12":"shipping-taxable","13":"product-type-simple"},"jetpack_sharing_enabled":true,"_links":{"self":[{"href":"https:\/\/minghanggroup.com\/de\/wp-json\/wp\/v2\/product\/4197","targetHints":{"allow":["GET"]}}],"collection":[{"href":"https:\/\/minghanggroup.com\/de\/wp-json\/wp\/v2\/product"}],"about":[{"href":"https:\/\/minghanggroup.com\/de\/wp-json\/wp\/v2\/types\/product"}],"wp:featuredmedia":[{"embeddable":true,"href":"https:\/\/minghanggroup.com\/de\/wp-json\/wp\/v2\/media\/4201"}],"wp:attachment":[{"href":"https:\/\/minghanggroup.com\/de\/wp-json\/wp\/v2\/media?parent=4197"}],"wp:term":[{"taxonomy":"product_brand","embeddable":true,"href":"https:\/\/minghanggroup.com\/de\/wp-json\/wp\/v2\/product_brand?post=4197"},{"taxonomy":"product_cat","embeddable":true,"href":"https:\/\/minghanggroup.com\/de\/wp-json\/wp\/v2\/product_cat?post=4197"},{"taxonomy":"product_tag","embeddable":true,"href":"https:\/\/minghanggroup.com\/de\/wp-json\/wp\/v2\/product_tag?post=4197"}],"curies":[{"name":"wp","href":"https:\/\/api.w.org\/{rel}","templated":true}]}}