{"id":4186,"date":"2025-12-30T10:18:04","date_gmt":"2025-12-30T02:18:04","guid":{"rendered":"https:\/\/minghanggroup.com\/?post_type=product&#038;p=4186"},"modified":"2025-12-30T13:02:03","modified_gmt":"2025-12-30T05:02:03","slug":"crystal-fragrance-bottle-with-thick-base-bulk","status":"publish","type":"product","link":"https:\/\/minghanggroup.com\/de\/produkt\/crystal-fragrance-bottle-with-thick-base-bulk\/","title":{"rendered":"100-ml-Kristallparf\u00fcmflasche mit dickem Boden (Gro\u00dfpackung)"},"content":{"rendered":"<p>Dieser Kristallflakon ist aus glasklarem, gl\u00e4nzendem Glas gefertigt (am Boden verst\u00e4rkt f\u00fcr mehr Stabilit\u00e4t und Langlebigkeit). Der Verschluss besteht aus funkelndem Diamantschliff-Kristall und ist mit einem goldenen Ring verziert, der ihm zus\u00e4tzlichen Glanz verleiht.<\/p>\n<h2>Produktmerkmale<\/h2>\n<ul>\n<li><strong>Diamantgeschliffene Kappe:<\/strong> Der transparente Verschluss verf\u00fcgt \u00fcber einen diamantf\u00f6rmigen Schliff, der das Licht bricht und der Flasche so ein eleganteres Aussehen verleiht und den luxuri\u00f6sen Charakter des Produkts besser zur Geltung bringt.<\/li>\n<li><strong>Details zum Goldring:<\/strong> Der goldene Ring, der den Verschluss mit der Flasche verbindet, verleiht dem Design optische Tiefe und einen kleinen, aber stilvollen Hauch von Eleganz.<\/li>\n<li><strong>Mehrschichtige Designbasis:<\/strong> Der Sockel ist dick, mehrschichtig und dadurch stabiler gestaltet. Zudem betont er die Textur des Glases.<\/li>\n<\/ul>\n<h2 style=\"text-align: left;\">Wichtigste Spezifikationen<\/h2>\n<table class=\"aligncenter\" style=\"border-collapse: collapse; width: 548.27pt;\" border=\"0\" width=\"731\" cellspacing=\"0\" cellpadding=\"0\">\n<tbody>\n<tr style=\"height: 13.50pt;\">\n<td style=\"height: 13.50pt; width: 130.50pt;\" width=\"174\" height=\"18\">Specification<\/td>\n<td style=\"width: 417.75pt;\" width=\"557\">Details<\/td>\n<\/tr>\n<tr style=\"height: 13.50pt;\">\n<td style=\"height: 13.50pt;\" height=\"18\">Kapazit\u00e4t<\/td>\n<td>100 ml<\/td>\n<\/tr>\n<tr style=\"height: 13.50pt;\">\n<td style=\"height: 13.50pt;\" height=\"18\">Abmessungen<\/td>\n<td>55 \u00d7 114 mm<\/td>\n<\/tr>\n<tr style=\"height: 13.50pt;\">\n<td style=\"height: 13.50pt;\" height=\"18\">Material<\/td>\n<td>Klarglaskorpus; kristallartiger, facettierter Deckel; goldener Metallring als Akzent<\/td>\n<\/tr>\n<tr style=\"height: 13.50pt;\">\n<td style=\"height: 13.50pt;\" height=\"18\">Verschlussart<\/td>\n<td>Kristallgeschliffene Kappe mit goldenem Metallring; integrierte Pr\u00e4zisions-Spr\u00fchpumpe<\/td>\n<\/tr>\n<tr style=\"height: 13.50pt;\">\n<td style=\"height: 13.50pt;\" height=\"18\">Merkmale der Handwerkskunst<\/td>\n<td>Gewichtete, gestufte Sockelform, Pr\u00e4zisions-Kristallfacettenschliff (Kappe)<\/td>\n<\/tr>\n<tr style=\"height: 13.50pt;\">\n<td style=\"height: 13.50pt;\" height=\"18\">Ideal f\u00fcr<\/td>\n<td>Kristall-Parf\u00fcmflasche, Parf\u00fcmglasflasche in gro\u00dfen Mengen<\/td>\n<\/tr>\n<\/tbody>\n<\/table>\n<h2>Erfolgsgeschichte<\/h2>\n<p>Eines der gro\u00dfen Mail\u00e4nder Modeh\u00e4user beauftragte uns mit der Herstellung dieses 100-ml-Parf\u00fcmflakons. Der Flakon besteht aus Rauchquarzglas, der Zierring aus 24-kar\u00e4tigem Gold. Der geschliffene Verschluss erwies sich als Blickfang der Marketingkampagne und steigerte die Medienpr\u00e4senz dank seiner fotogenen Optik um 450 Prozent. Sein hohes Gewicht rechtfertigt den Preis, der 75 Prozent \u00fcber dem Marktdurchschnitt liegt. Das Design war so erfolgreich, dass die Marke f\u00fcr die beiden folgenden Duftlinien weitere 250.000 Flakons bestellte.<\/p>\n<h2>Personalisierung von Kristall-Parf\u00fcmflakons<\/h2>\n<ul>\n<li>Pers\u00f6nliche Glasfarbe und Transparenz \u2013 Es ist in verschiedenen Farben (Saphir, Smaragdgr\u00fcn, Bernstein) mit unterschiedlichen Transparenzgraden erh\u00e4ltlich.<\/li>\n<li>Metallringe \u2013 Ma\u00dfgefertigte Metallringe aus Legierungen (Ros\u00e9gold, Platin, Palladium) und mit verschiedenen Oberfl\u00e4chenveredelungen.<\/li>\n<li>Flasche aus mattiertem Glas \u2013 Es sind Varianten mit mattiertem oder mattiertem Farbverlauf erh\u00e4ltlich, die ein sanfteres und \u00e4therischeres Gef\u00fchl von Luxus vermitteln.<\/li>\n<\/ul>","protected":false},"excerpt":{"rendered":"<p>Hochwertiger Kristallflakon mit dickwandigem Glask\u00f6rper, geschliffenem Kristallverschluss und modernem Luxusdesign. Schneller Versand garantiert zuverl\u00e4ssige und p\u00fcnktliche Lieferung.<\/p>","protected":false},"featured_media":4195,"template":"","meta":{"postBodyCss":"","postBodyMargin":[],"postBodyPadding":[],"postBodyBackground":{"backgroundType":"classic","gradient":""}},"product_brand":[],"product_cat":[15,16,62],"product_tag":[],"class_list":{"0":"post-4186","1":"product","2":"type-product","3":"status-publish","4":"has-post-thumbnail","6":"product_cat-glass-containers","7":"product_cat-glass-bottles","8":"product_cat-perfume-bottles","10":"first","11":"instock","12":"shipping-taxable","13":"product-type-simple"},"jetpack_sharing_enabled":true,"_links":{"self":[{"href":"https:\/\/minghanggroup.com\/de\/wp-json\/wp\/v2\/product\/4186","targetHints":{"allow":["GET"]}}],"collection":[{"href":"https:\/\/minghanggroup.com\/de\/wp-json\/wp\/v2\/product"}],"about":[{"href":"https:\/\/minghanggroup.com\/de\/wp-json\/wp\/v2\/types\/product"}],"wp:featuredmedia":[{"embeddable":true,"href":"https:\/\/minghanggroup.com\/de\/wp-json\/wp\/v2\/media\/4195"}],"wp:attachment":[{"href":"https:\/\/minghanggroup.com\/de\/wp-json\/wp\/v2\/media?parent=4186"}],"wp:term":[{"taxonomy":"product_brand","embeddable":true,"href":"https:\/\/minghanggroup.com\/de\/wp-json\/wp\/v2\/product_brand?post=4186"},{"taxonomy":"product_cat","embeddable":true,"href":"https:\/\/minghanggroup.com\/de\/wp-json\/wp\/v2\/product_cat?post=4186"},{"taxonomy":"product_tag","embeddable":true,"href":"https:\/\/minghanggroup.com\/de\/wp-json\/wp\/v2\/product_tag?post=4186"}],"curies":[{"name":"wp","href":"https:\/\/api.w.org\/{rel}","templated":true}]}}