{"id":4177,"date":"2025-12-30T10:17:25","date_gmt":"2025-12-30T02:17:25","guid":{"rendered":"https:\/\/minghanggroup.com\/?post_type=product&#038;p=4177"},"modified":"2025-12-30T17:04:12","modified_gmt":"2025-12-30T09:04:12","slug":"100ml-cologne-bottles-for-fragrance-in-bulk","status":"publish","type":"product","link":"https:\/\/minghanggroup.com\/de\/produkt\/100ml-cologne-bottles-for-fragrance-in-bulk\/","title":{"rendered":"100-ml-K\u00f6lnischwasserflaschen f\u00fcr Duftstoffe in gro\u00dfen Mengen"},"content":{"rendered":"<p>Ihr 100-ml-Flakon f\u00fcr Parf\u00fcm sollte die Blicke Ihrer Kunden auf sich ziehen. Wir fertigen hochwertige Parf\u00fcmflakons in gro\u00dfen Mengen, die f\u00fcr erfolgreiche Duftverpackungen entwickelt wurden \u2013 jeder Glasflakon wird zum Markenzeichen Ihrer Marke.<\/p>\n<h2>Produktmerkmale<\/h2>\n<ul>\n<li><strong>Kristallklare Pr\u00e4sentation: <\/strong>Unsere Parf\u00fcmflasche aus Glas bringt die wahre Farbe Ihres Duftes zur Geltung und macht Ihre Parf\u00fcmverpackung somit auf Anhieb optisch ansprechend.<\/li>\n<li><strong>Stabile zylindrische Basis: <\/strong>Der verst\u00e4rkte Boden Ihrer 100-ml-Parf\u00fcmflasche aus Glas sorgt daf\u00fcr, dass sie sowohl bei der Pr\u00e4sentation als auch im t\u00e4glichen Gebrauch perfekt aufrecht steht.<\/li>\n<li><strong>Anpassbare Metallkappe: <\/strong>Warum erg\u00e4nzen Sie den Look Ihrer Marke nicht mit einer schwarzen, goldenen oder silbernen Kappe Ihrer Wahl?<\/li>\n<\/ul>\n<h2>Wichtigste Spezifikationen<\/h2>\n<table style=\"border-collapse: collapse; width: 80%; margin-left: auto; margin-right: auto;\" border=\"0\" width=\"432\" cellspacing=\"0\" cellpadding=\"0\">\n<tbody>\n<tr style=\"height: 13.50pt;\">\n<td style=\"height: 13.5pt; width: 54pt; text-align: center;\" width=\"72\" height=\"18\">Kapazit\u00e4t<\/td>\n<td style=\"width: 54pt; text-align: center;\" width=\"72\">Abmessungen<\/td>\n<td style=\"width: 54pt; text-align: center;\" width=\"72\">Kaliber<\/td>\n<td style=\"width: 54pt; text-align: center;\" width=\"72\">Form<\/td>\n<td style=\"width: 54pt; text-align: center;\" width=\"72\">Dichtungstyp<\/td>\n<td style=\"width: 54pt; text-align: center;\" width=\"72\">Farboptionen<\/td>\n<\/tr>\n<tr style=\"height: 13.50pt;\">\n<td style=\"height: 13.5pt; text-align: center;\" height=\"18\">100 ml<\/td>\n<td style=\"text-align: center;\">55 x 98 mm<\/td>\n<td style=\"text-align: center;\">15 mm<\/td>\n<td style=\"text-align: center;\">Zylindrisch<\/td>\n<td style=\"text-align: center;\">Crimphals + Spr\u00fchger\u00e4t<\/td>\n<td style=\"text-align: center;\">Anpassbar<\/td>\n<\/tr>\n<\/tbody>\n<\/table>\n<h2>Erfolgsbeispiel<\/h2>\n<p>Eine Nischenparf\u00fcmmarke hatte einen gro\u00dfartigen Duft, fand aber ihre urspr\u00fcngliche Verpackung im Einzelhandel zu gew\u00f6hnlich. Sie wechselten zu unserem 100-ml-Glasflakon, entwarfen einen einzigartigen silbernen Flaschenverschluss und ein im Siebdruckverfahren aufgebrachtes Markenlogo, um die Attraktivit\u00e4t der Duftserie zu unterstreichen. Die erste Bestellung umfasste 5.000 St\u00fcck. Dank des Relaunches und des verbesserten Erscheinungsbildes war die Marke deutlich sichtbarer, was zu einem Anstieg der Online-Verk\u00e4ufe um 32 % innerhalb von drei Monaten f\u00fchrte.<\/p>\n<h2>Ihre Anpassungsoptionen<\/h2>\n<ol>\n<li><strong>Oberfl\u00e4chen der Kappe:<\/strong> Unterstreichen Sie Ihre Markenfarben mit der Auswahl einer schwarzen, goldenen oder silbernen Metallic-Kappe.<\/li>\n<li><strong>Labelintegration:<\/strong> Versehen Sie die schlichte Glasflasche mit Ihrem individuellen Branding, um eine einfache Wiedererkennung zu gew\u00e4hrleisten.<\/li>\n<li><strong>Premium-Ausstattung:<\/strong> Verleihen Sie der Flasche mit einer dezenten Pr\u00e4gung, die die Transparenz nicht beeintr\u00e4chtigt, einen Hauch von Luxus.<\/li>\n<\/ol>","protected":false},"excerpt":{"rendered":"<p>100-ml-Parf\u00fcmflasche aus Klarglas mit stabilem Boden. Direkt vom Hersteller, kostenlose Muster erh\u00e4ltlich, ideal f\u00fcr Parf\u00fcmflaschen in gro\u00dfen Mengen mit individuellen Anpassungsm\u00f6glichkeiten.<\/p>","protected":false},"featured_media":4185,"template":"","meta":{"postBodyCss":"","postBodyMargin":[],"postBodyPadding":[],"postBodyBackground":{"backgroundType":"classic","gradient":""}},"product_brand":[],"product_cat":[15,16,62],"product_tag":[],"class_list":{"0":"post-4177","1":"product","2":"type-product","3":"status-publish","4":"has-post-thumbnail","6":"product_cat-glass-containers","7":"product_cat-glass-bottles","8":"product_cat-perfume-bottles","10":"first","11":"instock","12":"shipping-taxable","13":"product-type-simple"},"jetpack_sharing_enabled":true,"_links":{"self":[{"href":"https:\/\/minghanggroup.com\/de\/wp-json\/wp\/v2\/product\/4177","targetHints":{"allow":["GET"]}}],"collection":[{"href":"https:\/\/minghanggroup.com\/de\/wp-json\/wp\/v2\/product"}],"about":[{"href":"https:\/\/minghanggroup.com\/de\/wp-json\/wp\/v2\/types\/product"}],"wp:featuredmedia":[{"embeddable":true,"href":"https:\/\/minghanggroup.com\/de\/wp-json\/wp\/v2\/media\/4185"}],"wp:attachment":[{"href":"https:\/\/minghanggroup.com\/de\/wp-json\/wp\/v2\/media?parent=4177"}],"wp:term":[{"taxonomy":"product_brand","embeddable":true,"href":"https:\/\/minghanggroup.com\/de\/wp-json\/wp\/v2\/product_brand?post=4177"},{"taxonomy":"product_cat","embeddable":true,"href":"https:\/\/minghanggroup.com\/de\/wp-json\/wp\/v2\/product_cat?post=4177"},{"taxonomy":"product_tag","embeddable":true,"href":"https:\/\/minghanggroup.com\/de\/wp-json\/wp\/v2\/product_tag?post=4177"}],"curies":[{"name":"wp","href":"https:\/\/api.w.org\/{rel}","templated":true}]}}