{"id":4176,"date":"2025-12-30T09:08:22","date_gmt":"2025-12-30T01:08:22","guid":{"rendered":"https:\/\/minghanggroup.com\/?post_type=product&#038;p=4176"},"modified":"2025-12-30T10:17:42","modified_gmt":"2025-12-30T02:17:42","slug":"50ml-empty-perfume-spray-bottles-with-vertical-stripes-bulk","status":"publish","type":"product","link":"https:\/\/minghanggroup.com\/de\/produkt\/50ml-empty-perfume-spray-bottles-with-vertical-stripes-bulk\/","title":{"rendered":"50-ml-Leere Parf\u00fcmzerst\u00e4uber mit vertikalen Streifen (Gro\u00dfpackung)"},"content":{"rendered":"<p>Der leere 50-ml-Parf\u00fcmflakon ist aus hochwertigem Klarglas gefertigt. Die Oberfl\u00e4che ist vertikal gestreift und gl\u00e4nzt im Licht. Der schlichte Verschluss in elegantem Schwarz (mit einem polierten Goldring) verleiht dem Flakon eine dezente, luxuri\u00f6se Note.<\/p>\n<h2>Produktmerkmale<\/h2>\n<ul>\n<li><strong>Flasche mit vertikalen Streifen:<\/strong> Die Flasche weist dichte, vertikale Streifen auf, die die Lichtbrechung verst\u00e4rken und die Griffigkeit verbessern.<\/li>\n<li><strong>Metallringkappe:<\/strong> Metallring und schwarze Kappe mit goldenem Metallring bilden eine Kombination, die absolut nat\u00fcrlich wirkt und gleichzeitig einen luxuri\u00f6sen Touch hat, wodurch die Positionierung im High-End-Bereich unterstrichen wird.<\/li>\n<li><strong>50 ml Universalkapazit\u00e4t:<\/strong> Mit ihrem Fassungsverm\u00f6gen von 50 ml und dem markanten vertikalen Design ist sie die perfekte Erg\u00e4nzung f\u00fcr jeden Schminktisch.<\/li>\n<\/ul>\n<h2 style=\"text-align: left;\">Wichtigste Spezifikationen<\/h2>\n<table class=\"aligncenter\" style=\"border-collapse: collapse; width: 412.52pt;\" border=\"0\" width=\"550\" cellspacing=\"0\" cellpadding=\"0\">\n<tbody>\n<tr style=\"height: 13.50pt;\">\n<td style=\"height: 13.50pt; width: 80.25pt;\" width=\"107\" height=\"18\">Specification<\/td>\n<td style=\"width: 332.25pt;\" width=\"443\">Details<\/td>\n<\/tr>\n<tr style=\"height: 13.50pt;\">\n<td style=\"height: 13.50pt;\" height=\"18\">Kapazit\u00e4t<\/td>\n<td>50 ml<\/td>\n<\/tr>\n<tr style=\"height: 13.50pt;\">\n<td style=\"height: 13.50pt;\" height=\"18\">Abmessungen<\/td>\n<td>55 \u00d7 93 mm<\/td>\n<\/tr>\n<tr style=\"height: 13.50pt;\">\n<td style=\"height: 13.50pt;\" height=\"18\">Material<\/td>\n<td>Klarglask\u00f6rper mit Streifenschliff; schwarzer Deckel; goldener Metallring<\/td>\n<\/tr>\n<tr style=\"height: 13.50pt;\">\n<td style=\"height: 13.50pt;\" height=\"18\">Flaschenform<\/td>\n<td>Zylindrisch<\/td>\n<\/tr>\n<tr style=\"height: 13.50pt;\">\n<td style=\"height: 13.50pt;\" height=\"18\">Verschlussart<\/td>\n<td>Schwarze Kappe mit goldenem Metallring; integrierte Spr\u00fchpumpe<\/td>\n<\/tr>\n<tr style=\"height: 13.50pt;\">\n<td style=\"height: 13.50pt;\" height=\"18\">Ideal f\u00fcr<\/td>\n<td>Leere Parf\u00fcmzerst\u00e4uberflaschen, Parf\u00fcmzerst\u00e4uberflaschen in gro\u00dfen Mengen<\/td>\n<\/tr>\n<\/tbody>\n<\/table>\n<h2>Erfolg: Exklusive Kollektion einer bekannten New Yorker Drogeriemarkenmarke<\/h2>\n<p>Eine beliebte New Yorker Drogeriekette f\u00fchrte eine Unisex-Duftlinie ein, die auf Bestellung gefertigt wurde. Als exklusive Verpackung w\u00e4hlten sie unseren vertikal gestreiften 50-ml-Parf\u00fcmglasflakon mit einem Verschluss aus dunklem Walnussholz. Die griffige Oberfl\u00e4che mit vertikalen Streifen wurde in 95 % der Online-Bewertungen positiv hervorgehoben. Die charakteristische Haptik ist sehr vertraut und trug zu einer Verkaufsquote von 50 % im ersten Quartal bei. Der Apotheker war mit der Markenverbesserung und der positiven Kundenresonanz so zufrieden, dass er 300.000 Flakons f\u00fcr einen Test auf dem internationalen Markt bestellte.<\/p>\n<h2>Personalisierte leere Parf\u00fcmzerst\u00e4uber<\/h2>\n<ul>\n<li>Individuelle Glasfarben \u2013 Es wird in gestreiften Glasfarben wie Rauchgrau, Kobaltblau oder Bernstein angeboten.<\/li>\n<li>Individuelle Metallringe \u2013 K\u00f6nnen in vielen Metallarten (Kupfer, Rotguss, Silber) und mit verschiedenen Oberfl\u00e4chenbehandlungen der Zierringe angefertigt werden.<\/li>\n<li>Mattierter Streifeneffekt \u2013 Mattierte, erhabene Streifen zur Verbesserung der Lichtstreuung.<\/li>\n<li>Gepr\u00e4gter Boden \u2013 Dies ist ein erhabenes Logo oder Emblem am Boden der Flasche, das nicht sichtbar ist.<\/li>\n<\/ul>","protected":false},"excerpt":{"rendered":"<p>Hochwertige, leere Parf\u00fcmzerst\u00e4uber, 50 ml, Glasflakon mit vertikaler Struktur, schwarzem Verschluss und goldenem Ring. Direkt vom Hersteller mit schnellem Versand.<\/p>","protected":false},"featured_media":4178,"template":"","meta":{"postBodyCss":"","postBodyMargin":[],"postBodyPadding":[],"postBodyBackground":{"backgroundType":"classic","gradient":""}},"product_brand":[],"product_cat":[15,16,62],"product_tag":[],"class_list":{"0":"post-4176","1":"product","2":"type-product","3":"status-publish","4":"has-post-thumbnail","6":"product_cat-glass-containers","7":"product_cat-glass-bottles","8":"product_cat-perfume-bottles","10":"first","11":"instock","12":"shipping-taxable","13":"product-type-simple"},"jetpack_sharing_enabled":true,"_links":{"self":[{"href":"https:\/\/minghanggroup.com\/de\/wp-json\/wp\/v2\/product\/4176","targetHints":{"allow":["GET"]}}],"collection":[{"href":"https:\/\/minghanggroup.com\/de\/wp-json\/wp\/v2\/product"}],"about":[{"href":"https:\/\/minghanggroup.com\/de\/wp-json\/wp\/v2\/types\/product"}],"wp:featuredmedia":[{"embeddable":true,"href":"https:\/\/minghanggroup.com\/de\/wp-json\/wp\/v2\/media\/4178"}],"wp:attachment":[{"href":"https:\/\/minghanggroup.com\/de\/wp-json\/wp\/v2\/media?parent=4176"}],"wp:term":[{"taxonomy":"product_brand","embeddable":true,"href":"https:\/\/minghanggroup.com\/de\/wp-json\/wp\/v2\/product_brand?post=4176"},{"taxonomy":"product_cat","embeddable":true,"href":"https:\/\/minghanggroup.com\/de\/wp-json\/wp\/v2\/product_cat?post=4176"},{"taxonomy":"product_tag","embeddable":true,"href":"https:\/\/minghanggroup.com\/de\/wp-json\/wp\/v2\/product_tag?post=4176"}],"curies":[{"name":"wp","href":"https:\/\/api.w.org\/{rel}","templated":true}]}}