{"id":4170,"date":"2025-12-29T16:38:57","date_gmt":"2025-12-29T08:38:57","guid":{"rendered":"https:\/\/minghanggroup.com\/?post_type=product&#038;p=4170"},"modified":"2025-12-29T16:48:48","modified_gmt":"2025-12-29T08:48:48","slug":"3-oz-perfume-bottles-with-blue-ball-lids-wholesale","status":"publish","type":"product","link":"https:\/\/minghanggroup.com\/de\/produkt\/3-oz-perfume-bottles-with-blue-ball-lids-wholesale\/","title":{"rendered":"Gro\u00dfhandel f\u00fcr 3-Unzen-Parf\u00fcmflaschen mit blauen Kugelverschl\u00fcssen"},"content":{"rendered":"<p>Versch\u00f6nern Sie Ihre Parf\u00fcmkollektion mit Parf\u00fcmflakons im Gro\u00dfhandel, wie zum Beispiel diesem Kunstwerk: einem 3-Unzen-Parf\u00fcmflakon aus Klarglas mit einem attraktiven blauen Kugelverschluss.<\/p>\n<h2>Produktmerkmale<\/h2>\n<ul>\n<li><strong>Design mit blauer Kugelkappe:<\/strong> Der leuchtend blaue, texturierte Kugelverschluss ist ein optischer Blickfang und verleiht der Flasche zudem eine k\u00fcnstlerische Note.<\/li>\n<li><strong>Gebogener Glask\u00f6rper:<\/strong> Die geschwungenen Linien der Flasche sowie die dekorative Textur in der Mitte der Flasche tragen zur Griffigkeit bei und verleihen dem minimalistischen Design Tiefe.<\/li>\n<li><strong>Klares Material:<\/strong> Das klare Glasmaterial erm\u00f6glicht es, die Menge des zur\u00fcckgebliebenen Duftes deutlich zu erkennen und gleichzeitig die Klarheit des Glases und seine elegante Haptik zu zeigen.<\/li>\n<\/ul>\n<h2 style=\"text-align: left;\">Wichtigste Spezifikationen<\/h2>\n<table class=\"aligncenter\" style=\"border-collapse: collapse; width: 408.02pt;\" border=\"0\" width=\"544\" cellspacing=\"0\" cellpadding=\"0\">\n<tbody>\n<tr style=\"height: 13.50pt;\">\n<td style=\"height: 13.50pt; width: 84.00pt;\" width=\"112\" height=\"18\">Specification<\/td>\n<td style=\"width: 324.00pt;\" width=\"432\">Details<\/td>\n<\/tr>\n<tr style=\"height: 13.50pt;\">\n<td style=\"height: 13.50pt;\" height=\"18\">Kapazit\u00e4t<\/td>\n<td>90 ml (ca. 3 oz)<\/td>\n<\/tr>\n<tr style=\"height: 13.50pt;\">\n<td style=\"height: 13.50pt;\" height=\"18\">Abmessungen<\/td>\n<td>60 \u00d7 95 mm<\/td>\n<\/tr>\n<tr style=\"height: 13.50pt;\">\n<td style=\"height: 13.50pt;\" height=\"18\">Material<\/td>\n<td>Klarglask\u00f6rper; Kunststoff-\/Metallkappe<\/td>\n<\/tr>\n<tr style=\"height: 13.50pt;\">\n<td style=\"height: 13.50pt;\" height=\"18\">Farbakzente<\/td>\n<td>Transparentes Klarglas; leuchtend blaue Kugelkappe<\/td>\n<\/tr>\n<tr style=\"height: 13.50pt;\">\n<td style=\"height: 13.50pt;\" height=\"18\">Verschlussart<\/td>\n<td>Hellblauer, kugelf\u00f6rmiger Schraubverschluss; integrierte Dosiervorrichtung (f\u00fcr Duftstoffe)<\/td>\n<\/tr>\n<tr style=\"height: 13.50pt;\">\n<td style=\"height: 13.50pt;\" height=\"18\">Ideal f\u00fcr<\/td>\n<td>Parf\u00fcmflaschen im Gro\u00dfhandel, Parf\u00fcmflaschen mit Deckel<\/td>\n<\/tr>\n<\/tbody>\n<\/table>\n<h2>Erfolgsgeschichte<\/h2>\n<p>Eine der beliebtesten kalifornischen Lifestyle-Marken brachte eine Duftlinie mit Meeresmotiven heraus. Als zentrales Verpackungselement w\u00e4hlten sie unseren 90-ml-Parf\u00fcmflakon und modifizierten die mattierte, meergr\u00fcne Flasche mit korallenfarbenem Verschluss. Das gro\u00dfz\u00fcgige Fassungsverm\u00f6gen von 90 ml und die hochwertige Anmutung erh\u00f6hten den Preis im Vergleich zur Vorg\u00e4ngergeneration um 40 Prozent. Das markante Verschlussdesign f\u00fchrte zu einem Anstieg der Instagram-Erw\u00e4hnungen um 300 Prozent. Die Verkaufszahlen und das positive Kundenfeedback waren so \u00fcberzeugend, dass die Marke mit gro\u00dfer Zufriedenheit ein weiteres Produkt mit 175.000 Flakons als Saisonartikel bestellte.<\/p>\n<h2>Optionen zur individuellen Gestaltung von Parf\u00fcmflaschen im Gro\u00dfhandel<\/h2>\n<ul>\n<li>Individuelle Glasfarben und Oberfl\u00e4chen \u2013 Erh\u00e4ltlich in verschiedenen Glasfarben (bernsteinfarben, rauchgrau), gl\u00e4nzend oder glatt.<\/li>\n<li>Kappenfarben und -texturen - W\u00e4hlen Sie die Farbe, die Oberfl\u00e4che (gl\u00e4nzend, matt) und die Textur der Kugelkappe.<\/li>\n<li>Glaslasergravur \u2013 Kreise aus Bl\u00e4ttern oder geometrische Muster entweder oberhalb oder unterhalb der Markierungen in der Mitte der Flasche ausschneiden.<\/li>\n<li>Dekorativer Metallring \u2013 Platzieren Sie einen d\u00fcnnen Ring aus einem Metall (z. B. Gold, Silber) zwischen dem Flaschenhals und dem Verschluss.<\/li>\n<\/ul>","protected":false},"excerpt":{"rendered":"<p>Diese Parf\u00fcmflakons im Gro\u00dfhandel zeichnen sich durch ein elegantes, leichtes Design aus. Ein 90-ml-Flakon mit strukturiertem Glasrahmen und blauem Kugelverschluss. Sofort versandfertig.<\/p>","protected":false},"featured_media":4171,"template":"","meta":{"postBodyCss":"","postBodyMargin":[],"postBodyPadding":[],"postBodyBackground":{"backgroundType":"classic","gradient":""}},"product_brand":[],"product_cat":[15,16,62],"product_tag":[],"class_list":{"0":"post-4170","1":"product","2":"type-product","3":"status-publish","4":"has-post-thumbnail","6":"product_cat-glass-containers","7":"product_cat-glass-bottles","8":"product_cat-perfume-bottles","10":"first","11":"instock","12":"shipping-taxable","13":"product-type-simple"},"jetpack_sharing_enabled":true,"_links":{"self":[{"href":"https:\/\/minghanggroup.com\/de\/wp-json\/wp\/v2\/product\/4170","targetHints":{"allow":["GET"]}}],"collection":[{"href":"https:\/\/minghanggroup.com\/de\/wp-json\/wp\/v2\/product"}],"about":[{"href":"https:\/\/minghanggroup.com\/de\/wp-json\/wp\/v2\/types\/product"}],"wp:featuredmedia":[{"embeddable":true,"href":"https:\/\/minghanggroup.com\/de\/wp-json\/wp\/v2\/media\/4171"}],"wp:attachment":[{"href":"https:\/\/minghanggroup.com\/de\/wp-json\/wp\/v2\/media?parent=4170"}],"wp:term":[{"taxonomy":"product_brand","embeddable":true,"href":"https:\/\/minghanggroup.com\/de\/wp-json\/wp\/v2\/product_brand?post=4170"},{"taxonomy":"product_cat","embeddable":true,"href":"https:\/\/minghanggroup.com\/de\/wp-json\/wp\/v2\/product_cat?post=4170"},{"taxonomy":"product_tag","embeddable":true,"href":"https:\/\/minghanggroup.com\/de\/wp-json\/wp\/v2\/product_tag?post=4170"}],"curies":[{"name":"wp","href":"https:\/\/api.w.org\/{rel}","templated":true}]}}