{"id":4161,"date":"2025-12-29T15:27:49","date_gmt":"2025-12-29T07:27:49","guid":{"rendered":"https:\/\/minghanggroup.com\/?post_type=product&#038;p=4161"},"modified":"2025-12-29T15:46:31","modified_gmt":"2025-12-29T07:46:31","slug":"empty-crystal-perfume-bottles-with-lids-bulk","status":"publish","type":"product","link":"https:\/\/minghanggroup.com\/de\/produkt\/empty-crystal-perfume-bottles-with-lids-bulk\/","title":{"rendered":"55 ml leere Kristallparf\u00fcmflaschen mit Deckel (Gro\u00dfpackung)"},"content":{"rendered":"<p>Diese leeren Parf\u00fcmflakons sind aus glattem, klarem und transparentem, zylinderf\u00f6rmigem Glas (mit stabilem Boden) gefertigt. Jeder Flakon hat einen diamantgeschliffenen Verschluss und pr\u00e4sentiert Ihr Parf\u00fcm im ge\u00f6ffneten Zustand perfekt.<\/p>\n<h2>Produktmerkmale<\/h2>\n<ul>\n<li><strong>Kristallglasdeckel:<\/strong> Der kristallgeschliffene Verschluss mit seiner diamantf\u00f6rmigen Textur verleiht dem Parf\u00fcmflakon nicht nur einen angenehmen Duft, sondern sorgt auch f\u00fcr eine gl\u00e4nzende Optik.<\/li>\n<li><strong>Goldring:<\/strong> Der Ring aus Goldmetall, der den Verschluss und die Flasche verbindet, verleiht dem gesamten Design eine optische F\u00fclle und einen Hauch von raffinierter Eleganz.<\/li>\n<li><strong>Verdickte Bodenkonstruktion:<\/strong> Der verdickte Boden sorgt f\u00fcr mehr Stabilit\u00e4t des Glases und verbessert zudem dessen Textur.<\/li>\n<\/ul>\n<h2 style=\"text-align: left;\">Wichtigste Spezifikationen<\/h2>\n<table class=\"aligncenter\" style=\"border-collapse: collapse; width: 411.02pt;\" border=\"0\" width=\"548\" cellspacing=\"0\" cellpadding=\"0\">\n<tbody>\n<tr style=\"height: 13.50pt;\">\n<td style=\"height: 13.50pt; width: 87.00pt;\" width=\"116\" height=\"18\">Specification<\/td>\n<td style=\"width: 324.00pt;\" width=\"432\">Details<\/td>\n<\/tr>\n<tr style=\"height: 13.50pt;\">\n<td style=\"height: 13.50pt;\" height=\"18\">Kapazit\u00e4t<\/td>\n<td>55 ml<\/td>\n<\/tr>\n<tr style=\"height: 13.50pt;\">\n<td style=\"height: 13.50pt;\" height=\"18\">Abmessungen<\/td>\n<td>40 \u00d7 102 mm<\/td>\n<\/tr>\n<tr style=\"height: 13.50pt;\">\n<td style=\"height: 13.50pt;\" height=\"18\">Material<\/td>\n<td>Klarglasgeh\u00e4use; Metall-Spr\u00fchkomponenten<\/td>\n<\/tr>\n<tr style=\"height: 13.50pt;\">\n<td style=\"height: 13.50pt;\" height=\"18\">Flaschenform<\/td>\n<td>Zylinder mit beschwertem Sockel<\/td>\n<\/tr>\n<tr style=\"height: 13.50pt;\">\n<td style=\"height: 13.50pt;\" height=\"18\">Farbakzente<\/td>\n<td>Transparentes Glas; goldene Metallic-Akzente<\/td>\n<\/tr>\n<tr style=\"height: 13.50pt;\">\n<td style=\"height: 13.50pt;\" height=\"18\">Verschlussart<\/td>\n<td>Diamantgeschliffene Kappe mit Goldring; integrierte Spr\u00fchpumpe<\/td>\n<\/tr>\n<tr style=\"height: 13.50pt;\">\n<td style=\"height: 13.50pt;\" height=\"18\">Ideal f\u00fcr<\/td>\n<td>Luxuri\u00f6se Parf\u00fcmflakons, Kristallparf\u00fcmflakons<\/td>\n<\/tr>\n<\/tbody>\n<\/table>\n<h2>Erfolgsbeispiel: Exklusives Nachf\u00fcllprogramm einer europ\u00e4ischen Parf\u00fcmwerkstatt<\/h2>\n<p>Unsere 55-ml-Kristallflakons wurden exklusiv f\u00fcr eine renommierte Pariser Parf\u00fcmerie ausgew\u00e4hlt. Der Flakonkorpus ist aus blauem Glas gefertigt, der Zierring aus 24-kar\u00e4tigem Gold. Der beschwerte Boden erwies sich als voller Erfolg, und 90 Prozent der Kundinnen und Kunden lobten in ihren Bewertungen die zeitlose Qualit\u00e4t. Auch der diamantgeschliffene Verschluss erfreute sich gro\u00dfer Beliebtheit. Die Anzahl der Fotos des Flakons bei Tageslicht in den sozialen Medien stieg im Vergleich zur Zeit vor der Veranstaltung um 400 Prozent. Daraufhin bestellte die Parf\u00fcmerie weitere 150.000 Flakons, um die Nachfrage nach diesem Produkt zu steigern.<\/p>\n<h2>Personalisierung der Kristall-Parf\u00fcmflasche<\/h2>\n<ul>\n<li>Individuelle Glasfarben \u2013 Es gibt eine Vielzahl hochwertiger Glasfarben, darunter Smaragdgr\u00fcn, Amethyst oder Champagner.<\/li>\n<li>Farben der Kristallkappen \u2013 Die Kappen k\u00f6nnen aus farbigem Kristallacryl (Saphir, Rosenquarz usw.) geschliffen werden.<\/li>\n<li>Metallring-Oberfl\u00e4chen \u2013 Oberfl\u00e4chen: Individuelle Metalloberfl\u00e4chen sind Ros\u00e9gold, Platin oder Antiksilber.<\/li>\n<li>Glaslasergravur \u2013 Auf die Glasschulter kann ein kompliziertes Muster, ein Monogramm oder ein Abzeichen eingraviert werden.<\/li>\n<\/ul>","protected":false},"excerpt":{"rendered":"<p>Leere Parf\u00fcmflasche aus Klarglas im Kristall-Design, ideal f\u00fcr hochwertige D\u00fcfte. Mengenrabatt bei gr\u00f6\u00dferen Bestellmengen.<\/p>","protected":false},"featured_media":4164,"template":"","meta":{"postBodyCss":"","postBodyMargin":[],"postBodyPadding":[],"postBodyBackground":{"backgroundType":"classic","gradient":""}},"product_brand":[],"product_cat":[15,16,62],"product_tag":[],"class_list":{"0":"post-4161","1":"product","2":"type-product","3":"status-publish","4":"has-post-thumbnail","6":"product_cat-glass-containers","7":"product_cat-glass-bottles","8":"product_cat-perfume-bottles","10":"first","11":"instock","12":"shipping-taxable","13":"product-type-simple"},"jetpack_sharing_enabled":true,"_links":{"self":[{"href":"https:\/\/minghanggroup.com\/de\/wp-json\/wp\/v2\/product\/4161","targetHints":{"allow":["GET"]}}],"collection":[{"href":"https:\/\/minghanggroup.com\/de\/wp-json\/wp\/v2\/product"}],"about":[{"href":"https:\/\/minghanggroup.com\/de\/wp-json\/wp\/v2\/types\/product"}],"wp:featuredmedia":[{"embeddable":true,"href":"https:\/\/minghanggroup.com\/de\/wp-json\/wp\/v2\/media\/4164"}],"wp:attachment":[{"href":"https:\/\/minghanggroup.com\/de\/wp-json\/wp\/v2\/media?parent=4161"}],"wp:term":[{"taxonomy":"product_brand","embeddable":true,"href":"https:\/\/minghanggroup.com\/de\/wp-json\/wp\/v2\/product_brand?post=4161"},{"taxonomy":"product_cat","embeddable":true,"href":"https:\/\/minghanggroup.com\/de\/wp-json\/wp\/v2\/product_cat?post=4161"},{"taxonomy":"product_tag","embeddable":true,"href":"https:\/\/minghanggroup.com\/de\/wp-json\/wp\/v2\/product_tag?post=4161"}],"curies":[{"name":"wp","href":"https:\/\/api.w.org\/{rel}","templated":true}]}}