{"id":4151,"date":"2025-12-29T13:34:00","date_gmt":"2025-12-29T05:34:00","guid":{"rendered":"https:\/\/minghanggroup.com\/?post_type=product&#038;p=4151"},"modified":"2025-12-29T14:55:53","modified_gmt":"2025-12-29T06:55:53","slug":"clear-cylindrical-custom-fragrance-bottles-bulk","status":"publish","type":"product","link":"https:\/\/minghanggroup.com\/de\/produkt\/clear-cylindrical-custom-fragrance-bottles-bulk\/","title":{"rendered":"15 ml, 20 ml, 30 ml Klare zylindrische Duftflaschen (Gro\u00dfpackung)"},"content":{"rendered":"<p>Diese exklusiven Parf\u00fcmflakons pr\u00e4sentieren sich in einem schmalen, transparenten Zylinderglas. Der minimalistische, quadratische Verschluss mit elegantem, silberfarbenem Spr\u00fchkopf rundet das Design ab. Dieser 30-ml-Parf\u00fcmflakon vereint auf perfekte Weise modernen Minimalismus und dezente Eleganz.<\/p>\n<h2>Produktmerkmale<\/h2>\n<ul>\n<li><strong>Transparente zylindrische Flasche:<\/strong> Die schlanke Form spart Platz, ist elegant und bietet viel Raum f\u00fcr die Pr\u00e4sentation Ihrer Marke.<\/li>\n<li><strong>Transparente Kappe mit Metalld\u00fcse:<\/strong> Die transparente, quadratische Kappe ist mit einer silbernen Metalld\u00fcse kombiniert, um ihr einen Hauch von technischer Raffinesse zu verleihen.<\/li>\n<li><strong>Drei Gr\u00f6\u00dfen:<\/strong> Es werden Gr\u00f6\u00dfen von 15 ml, 20 ml und 30 ml erh\u00e4ltlich sein, um den Anforderungen von Probiergr\u00f6\u00dfen, Reisegr\u00f6\u00dfen und Produkten in Originalgr\u00f6\u00dfe gerecht zu werden.<\/li>\n<\/ul>\n<h2 style=\"text-align: left;\">Wichtigste Spezifikationen<\/h2>\n<table class=\"aligncenter\" style=\"border-collapse: collapse; width: 490.52pt;\" border=\"0\" width=\"654\" cellspacing=\"0\" cellpadding=\"0\">\n<tbody>\n<tr style=\"height: 13.50pt;\">\n<td style=\"height: 13.50pt; width: 132.00pt;\" width=\"176\" height=\"18\">Specification<\/td>\n<td style=\"width: 358.50pt;\" width=\"478\">Details<\/td>\n<\/tr>\n<tr style=\"height: 13.50pt;\">\n<td style=\"height: 13.50pt;\" height=\"18\">Abmessungen<\/td>\n<td>15 ml: 25 \u00d7 84 mm; 20 ml: 29 \u00d7 67 mm; 30 ml: 33 \u00d7 98 mm<\/td>\n<\/tr>\n<tr style=\"height: 13.50pt;\">\n<td style=\"height: 13.50pt;\" height=\"18\">Material<\/td>\n<td>Klarglask\u00f6rper, transparente Kunststoffkappe, Spr\u00fchkomponenten aus Metall<\/td>\n<\/tr>\n<tr style=\"height: 13.50pt;\">\n<td style=\"height: 13.50pt;\" height=\"18\">Flaschenform<\/td>\n<td>Zylinder<\/td>\n<\/tr>\n<tr style=\"height: 13.50pt;\">\n<td style=\"height: 13.50pt;\" height=\"18\">Farbakzente<\/td>\n<td>Transparentes Glas, silberfarbene Metallic-Akzente<\/td>\n<\/tr>\n<tr style=\"height: 13.50pt;\">\n<td style=\"height: 13.50pt;\" height=\"18\">Merkmale der Handwerkskunst<\/td>\n<td>Hochtransparentes Glas, auslaufsicherer Spr\u00fchmechanismus<\/td>\n<\/tr>\n<tr style=\"height: 13.50pt;\">\n<td style=\"height: 13.50pt;\" height=\"18\">Ideal f\u00fcr<\/td>\n<td>Individuell gestaltete Duftflakons, Parf\u00fcmflakons<\/td>\n<\/tr>\n<\/tbody>\n<\/table>\n<h2>Eine Erfolgsgeschichte: Der typische Parf\u00fcmflakon einer nordischen minimalistischen Marke<\/h2>\n<p>Eine der beliebtesten nordischen Lifestyle-Marken mit minimalistischem Design w\u00e4hlte unseren 30-ml-Parf\u00fcmflakon und nutzte ihn als Standarddesign. Der Flakon aus mattiertem Glas und die mattschwarze D\u00fcse wurden angepasst. Die Markenwerte der Marke basieren auf absoluter Transparenz, was perfekt zum transparenten Design passt. Eine Umfrage ergab zudem ein um 45 Prozent gestiegenes Vertrauen in die Produktqualit\u00e4t. Unsere auslaufsicheren Pumpk\u00f6pfe weisen eine Erfolgsquote von 99,8 Prozent beim weltweiten Versand auf. Beeindruckt von der Zuverl\u00e4ssigkeit und dem Erfolg des Produkts bestellte unser Kunde weitere 200.000 Flakons.<\/p>\n<h2>Einzelne Duftflakons<\/h2>\n<ul>\n<li>Individuelle Glasfarbe oder -t\u00f6nung \u2013 Erh\u00e4ltlich in bernsteinfarbenem, rauchgrauem oder hellblauem Glas.<\/li>\n<li>Farbe der individuellen Pflegekappe \u2013 Sie bieten durchsichtige quadratische Kappen aus farbigem Acryl in Schwarz, Wei\u00df, Grau und weiteren Farben an.<\/li>\n<li>Metallic-Spr\u00fchfinish \u2013 W\u00e4hlen Sie Gold, Ros\u00e9gold, Schwarz oder Chrom als Alternative f\u00fcr die Pumpenkopfoberfl\u00e4che.<\/li>\n<li>Glassiebdruck \u2013 Dies ist ein Verfahren, mit dem man ein Logo, ein Design oder einen Text auf die Glasoberfl\u00e4che drucken kann.<\/li>\n<\/ul>","protected":false},"excerpt":{"rendered":"<p>Individuell gestaltete Duftflakons, 30-ml-Parf\u00fcmflakon aus Klarglas mit silbernem Spr\u00fchkopf. Direkt vom Hersteller \u2013 f\u00fcr gleichbleibende Qualit\u00e4t und wettbewerbsf\u00e4hige Preise.<\/p>","protected":false},"featured_media":4159,"template":"","meta":{"postBodyCss":"","postBodyMargin":[],"postBodyPadding":[],"postBodyBackground":{"backgroundType":"classic","gradient":""}},"product_brand":[],"product_cat":[15,16,62],"product_tag":[],"class_list":{"0":"post-4151","1":"product","2":"type-product","3":"status-publish","4":"has-post-thumbnail","6":"product_cat-glass-containers","7":"product_cat-glass-bottles","8":"product_cat-perfume-bottles","10":"first","11":"instock","12":"shipping-taxable","13":"product-type-simple"},"jetpack_sharing_enabled":true,"_links":{"self":[{"href":"https:\/\/minghanggroup.com\/de\/wp-json\/wp\/v2\/product\/4151","targetHints":{"allow":["GET"]}}],"collection":[{"href":"https:\/\/minghanggroup.com\/de\/wp-json\/wp\/v2\/product"}],"about":[{"href":"https:\/\/minghanggroup.com\/de\/wp-json\/wp\/v2\/types\/product"}],"wp:featuredmedia":[{"embeddable":true,"href":"https:\/\/minghanggroup.com\/de\/wp-json\/wp\/v2\/media\/4159"}],"wp:attachment":[{"href":"https:\/\/minghanggroup.com\/de\/wp-json\/wp\/v2\/media?parent=4151"}],"wp:term":[{"taxonomy":"product_brand","embeddable":true,"href":"https:\/\/minghanggroup.com\/de\/wp-json\/wp\/v2\/product_brand?post=4151"},{"taxonomy":"product_cat","embeddable":true,"href":"https:\/\/minghanggroup.com\/de\/wp-json\/wp\/v2\/product_cat?post=4151"},{"taxonomy":"product_tag","embeddable":true,"href":"https:\/\/minghanggroup.com\/de\/wp-json\/wp\/v2\/product_tag?post=4151"}],"curies":[{"name":"wp","href":"https:\/\/api.w.org\/{rel}","templated":true}]}}