{"id":4150,"date":"2025-12-29T14:03:26","date_gmt":"2025-12-29T06:03:26","guid":{"rendered":"https:\/\/minghanggroup.com\/?post_type=product&#038;p=4150"},"modified":"2026-04-14T10:03:15","modified_gmt":"2026-04-14T02:03:15","slug":"50-ml-perfume-bottles-for-fragrance-packaging-wholesale","status":"publish","type":"product","link":"https:\/\/minghanggroup.com\/de\/produkt\/50-ml-perfume-bottles-for-fragrance-packaging-wholesale\/","title":{"rendered":"Gro\u00dfhandel f\u00fcr 50-ml-Parf\u00fcmflaschen f\u00fcr Duftverpackungen"},"content":{"rendered":"<p>Ihr 50-ml-Parf\u00fcmflakon soll die Blicke Ihrer Kunden auf sich ziehen. Wir fertigen hochwertige, leere Parf\u00fcmflakons, die f\u00fcr erfolgreiche Parf\u00fcmverpackungen entwickelt wurden \u2013 jeder Glasflakon wird zum Markenzeichen Ihrer Marke.<\/p>\n<h2>Produktmerkmale<\/h2>\n<ol>\n<li><strong>Klassische zylindrische Flaschenform: <\/strong>Seine glatten, flie\u00dfenden Linien und ausgewogenen Proportionen verbinden zeitgen\u00f6ssische \u00c4sthetik mit Anpassungsf\u00e4higkeit und erm\u00f6glichen so den Einsatz f\u00fcr eine Vielzahl von Duftprodukten wie Parfums und Eau de Colognes.<\/li>\n<li><strong>Goldene Spr\u00fchd\u00fcse und Kappe:<\/strong> Die goldene Spr\u00fchd\u00fcse hat eine glatte, gl\u00e4nzende Oberfl\u00e4che, die dem gesamten Design Eleganz und Luxus verleiht und das Produkt somit am Verkaufsort f\u00fcr den Kunden attraktiver macht.<\/li>\n<li><strong>Glattes und angenehmes Gef\u00fchl:<\/strong> Es liegt perfekt in der Handfl\u00e4che und erh\u00f6ht so das Gef\u00fchl von Komfort und Sicherheit beim t\u00e4glichen Gebrauch.<\/li>\n<\/ol>\n<h2>Wichtigste Spezifikationen<\/h2>\n<table style=\"border-collapse: collapse; width: 80%; margin-left: auto; margin-right: auto;\" border=\"0\" width=\"432\" cellspacing=\"0\" cellpadding=\"0\">\n<tbody>\n<tr style=\"height: 13.50pt;\">\n<td style=\"height: 13.5pt; width: 54pt; text-align: center;\" width=\"72\" height=\"18\">Kapazit\u00e4t<\/td>\n<td style=\"width: 54pt; text-align: center;\" width=\"72\">Gr\u00f6\u00dfe<\/td>\n<td style=\"width: 54pt; text-align: center;\" width=\"72\">Halsdurchmesser<\/td>\n<td style=\"width: 54pt; text-align: center;\" width=\"72\">Form<\/td>\n<td style=\"width: 54pt; text-align: center;\" width=\"72\">Schlie\u00dfung<\/td>\n<td style=\"width: 54pt; text-align: center;\" width=\"72\">Farboptionen<\/td>\n<\/tr>\n<tr style=\"height: 13.50pt;\">\n<td style=\"height: 13.5pt; text-align: center;\" height=\"18\">50 ml \/ 1,7 oz<\/td>\n<td style=\"text-align: center;\">43 x 96 mm<\/td>\n<td style=\"text-align: center;\">15 mm<\/td>\n<td style=\"text-align: center;\">Zylindrisch mit schr\u00e4ger Schulter<\/td>\n<td style=\"text-align: center;\">Spr\u00fchd\u00fcse mit Druckknopf + Tauchrohr<\/td>\n<td style=\"text-align: center;\">Anpassbar<\/td>\n<\/tr>\n<\/tbody>\n<\/table>\n<h2>Erfolgsbeispiel<\/h2>\n<p>Eine Nischenparf\u00fcmmarke passte die leeren Glasflakons an, um ihre Luxuspositionierung besser widerzuspiegeln. Dazu w\u00e4hlte sie einen dickeren Boden, eine Spr\u00fchpumpe aus goldenem Aluminium und einen individuellen Logodruck. Innerhalb von drei Monaten nach der Einf\u00fchrung der neuen Verpackung verzeichnete die Marke einen Umsatzanstieg von 30 % und einen Anstieg der Online-Wiederk\u00e4ufe um 40 %. Dies f\u00fchrte zu einer zweiten Bestellung, die doppelt so gro\u00df war wie die urspr\u00fcngliche.<\/p>\n<h2>Ihre Anpassungsoptionen<\/h2>\n<ul>\n<li><strong>Farbabstimmung:<\/strong> W\u00e4hlen Sie Glasfarben, die zu Ihrer Markenfarbpalette passen, um eine harmonische Parf\u00fcmverpackung zu erzielen.<\/li>\n<li><strong>Spr\u00fchd\u00fcse:<\/strong> Wechseln Sie von einem Feinnebelzerst\u00e4uber zu einer Standardpumpe, um die Dufttextur zu variieren.<\/li>\n<li><strong>Kappenarten:<\/strong> Verwenden Sie Metallkappen oder dekorative Elemente, um den letzten Schliff Ihrer Arbeiten optisch aufzuwerten.<\/li>\n<li><strong>Platzierung des Etiketts:<\/strong> Entwerfen Sie einzigartige Etiketten, die pr\u00e4zise auf die geschwungene Schulterpartie passen.<\/li>\n<\/ul>","protected":false},"excerpt":{"rendered":"<p>Entdecken Sie unsere 50-ml-Parf\u00fcmflakons f\u00fcr individuelle Parf\u00fcmverpackungen. Diese leeren Flakons eignen sich ideal f\u00fcr individuelle Gro\u00dfbestellungen und kostenlose Muster. Schneller Versand garantiert.<\/p>","protected":false},"featured_media":4155,"template":"","meta":{"postBodyCss":"","postBodyMargin":[],"postBodyPadding":[],"postBodyBackground":{"backgroundType":"classic","gradient":""}},"product_brand":[],"product_cat":[15,16,62],"product_tag":[111],"class_list":{"0":"post-4150","1":"product","2":"type-product","3":"status-publish","4":"has-post-thumbnail","6":"product_cat-glass-containers","7":"product_cat-glass-bottles","8":"product_cat-perfume-bottles","9":"product_tag-glass-mist-bottles","11":"first","12":"instock","13":"shipping-taxable","14":"product-type-simple"},"jetpack_sharing_enabled":true,"_links":{"self":[{"href":"https:\/\/minghanggroup.com\/de\/wp-json\/wp\/v2\/product\/4150","targetHints":{"allow":["GET"]}}],"collection":[{"href":"https:\/\/minghanggroup.com\/de\/wp-json\/wp\/v2\/product"}],"about":[{"href":"https:\/\/minghanggroup.com\/de\/wp-json\/wp\/v2\/types\/product"}],"wp:featuredmedia":[{"embeddable":true,"href":"https:\/\/minghanggroup.com\/de\/wp-json\/wp\/v2\/media\/4155"}],"wp:attachment":[{"href":"https:\/\/minghanggroup.com\/de\/wp-json\/wp\/v2\/media?parent=4150"}],"wp:term":[{"taxonomy":"product_brand","embeddable":true,"href":"https:\/\/minghanggroup.com\/de\/wp-json\/wp\/v2\/product_brand?post=4150"},{"taxonomy":"product_cat","embeddable":true,"href":"https:\/\/minghanggroup.com\/de\/wp-json\/wp\/v2\/product_cat?post=4150"},{"taxonomy":"product_tag","embeddable":true,"href":"https:\/\/minghanggroup.com\/de\/wp-json\/wp\/v2\/product_tag?post=4150"}],"curies":[{"name":"wp","href":"https:\/\/api.w.org\/{rel}","templated":true}]}}