{"id":4145,"date":"2025-12-29T11:24:44","date_gmt":"2025-12-29T03:24:44","guid":{"rendered":"https:\/\/minghanggroup.com\/?post_type=product&#038;p=4145"},"modified":"2025-12-29T13:33:41","modified_gmt":"2025-12-29T05:33:41","slug":"square-engraved-perfume-bottles-with-black-lids-bulk","status":"publish","type":"product","link":"https:\/\/minghanggroup.com\/de\/produkt\/square-engraved-perfume-bottles-with-black-lids-bulk\/","title":{"rendered":"100 ml quadratische, gravierte Parf\u00fcmflakons mit schwarzen Deckeln (Gro\u00dfpackung)"},"content":{"rendered":"<p>Diese gravierten Parf\u00fcmflakons aus klarem, quadratischem Glas mit einem sehr raffinierten 3D-Diamantschliff-Design und einem mattschwarzen zylindrischen Verschluss bilden einen unglaublichen Kontrast zwischen Modernismus und dem traditionellen Parf\u00fcmflakon.<\/p>\n<h2>Produktmerkmale<\/h2>\n<ul>\n<li><strong>3D-Schnitttextur:<\/strong> Die Flasche wird eine diamantgeschliffene Textur aufweisen, die f\u00fcr optische Tiefe sorgt und gleichzeitig die Griffigkeit und Rutschfestigkeit verbessert.<\/li>\n<li><strong>Klassisches Schwarz-Wei\u00df-Farbschema:<\/strong> Die Schlichtheit des Klarglases in Kombination mit der tiefschwarzen Kappe wirkt einfach und elegant und kann in allen Arten von Waschtischen oder Ausstellungsfl\u00e4chen eingesetzt werden.<\/li>\n<li><strong>Einfaches Quadrat:<\/strong> Das Flaschendesign erm\u00f6glicht eine einfache Aufbewahrung und Pr\u00e4sentation und passt zudem zum modernen minimalistischen Design.<\/li>\n<\/ul>\n<h2 style=\"text-align: left;\">Wichtigste Spezifikationen<\/h2>\n<table class=\"aligncenter\" style=\"border-collapse: collapse; width: 409.52pt;\" border=\"0\" width=\"546\" cellspacing=\"0\" cellpadding=\"0\">\n<tbody>\n<tr style=\"height: 13.50pt;\">\n<td style=\"height: 13.50pt; width: 129.00pt;\" width=\"172\" height=\"18\">Specification<\/td>\n<td style=\"width: 280.50pt;\" width=\"374\">Details<\/td>\n<\/tr>\n<tr style=\"height: 13.50pt;\">\n<td style=\"height: 13.50pt;\" height=\"18\">Kapazit\u00e4t<\/td>\n<td>100 ml<\/td>\n<\/tr>\n<tr style=\"height: 13.50pt;\">\n<td style=\"height: 13.50pt;\" height=\"18\">Abmessungen<\/td>\n<td>55,5 \u00d7 36,5 \u00d7 102 mm<\/td>\n<\/tr>\n<tr style=\"height: 13.50pt;\">\n<td style=\"height: 13.50pt;\" height=\"18\">Material<\/td>\n<td>Klarglas, Kunststoff-\/Metallkappe<\/td>\n<\/tr>\n<tr style=\"height: 13.50pt;\">\n<td style=\"height: 13.50pt;\" height=\"18\">Flaschenform<\/td>\n<td>Quadrat mit diagonaler Facettierung<\/td>\n<\/tr>\n<tr style=\"height: 13.50pt;\">\n<td style=\"height: 13.50pt;\" height=\"18\">Farbe<\/td>\n<td>Klarglaskorpus, schwarzer Zylinderdeckel<\/td>\n<\/tr>\n<tr style=\"height: 13.50pt;\">\n<td style=\"height: 13.50pt;\" height=\"18\">Merkmale der Handwerkskunst<\/td>\n<td>Tiefe 3D-Diagonalgravur mit Diamantschliff<\/td>\n<\/tr>\n<tr style=\"height: 13.50pt;\">\n<td style=\"height: 13.50pt;\" height=\"18\">Ideal f\u00fcr<\/td>\n<td>Gravierte Parf\u00fcmflaschen, Parf\u00fcmflaschen in gro\u00dfen Mengen<\/td>\n<\/tr>\n<\/tbody>\n<\/table>\n<h2>Erfolgsgeschichte: Luxus-Parf\u00fcmflakon einer modernen Duftmarke<\/h2>\n<p>Eine aufstrebende Duftmarke w\u00e4hlte unseren formsch\u00f6nen 100-ml-Parf\u00fcmflakon als Verpackung f\u00fcr ihre Produkte. Die tiefe Diamantschliffgravur sorgt neben der \u00e4sthetisch ansprechenden Form f\u00fcr einen hervorragenden, rutschfesten Griff, der laut Kundenaussagen das versehentliche Fallenlassen um fast 40 Prozent reduziert. Das hochwertige Erscheinungsbild rechtfertigt einen um 60 Prozent h\u00f6heren Preis als den durchschnittlichen Marktpreis. Die besondere Textur des Flakons hat f\u00fcr hohe Wiedererkennungswerte gesorgt und zu einem Anstieg der organischen Erw\u00e4hnungen in den sozialen Medien um 300 Prozent gef\u00fchrt. Daraufhin bestellte die Marke weitere 200.000 Flakons f\u00fcr den weltweiten Vertrieb.<\/p>\n<h2>Vorschl\u00e4ge zur individuellen Gestaltung von Parf\u00fcmflaschen in gro\u00dfen Mengen<\/h2>\n<ul>\n<li>Individuelle Gravurmuster \u2013 Einzigartiges Design, geometrisches, florales oder abstraktes Muster, kein Standardmuster, das durch den Diamantschliff sichtbar wird.<\/li>\n<li>Angeboten werden Buntglasflaschen mit Gravuren (rauchgrau, bernsteinfarben).<\/li>\n<li>Personalisierte Kappenfarbe und -oberfl\u00e4che: W\u00e4hlen Sie die Kappenfarbe passend zu den Markenfarben oder entscheiden Sie sich f\u00fcr eine matte, gl\u00e4nzende oder metallische Oberfl\u00e4che.<\/li>\n<li>Laserge\u00e4tztes Logo: Das Markenlogo ist im ge\u00e4tzten Muster sehr fein laserge\u00e4tzt.<\/li>\n<\/ul>","protected":false},"excerpt":{"rendered":"<p>Diese gravierten Parf\u00fcmflakons bestechen durch ihr elegantes, quadratisches Design. Wir bieten Parf\u00fcmflakons in gro\u00dfen Mengen mit individuellen Logooptionen passend zu Ihrer Marke an. Kostenlose Muster.<\/p>","protected":false},"featured_media":4146,"template":"","meta":{"postBodyCss":"","postBodyMargin":[],"postBodyPadding":[],"postBodyBackground":{"backgroundType":"classic","gradient":""}},"product_brand":[],"product_cat":[15,16,62],"product_tag":[],"class_list":{"0":"post-4145","1":"product","2":"type-product","3":"status-publish","4":"has-post-thumbnail","6":"product_cat-glass-containers","7":"product_cat-glass-bottles","8":"product_cat-perfume-bottles","10":"first","11":"instock","12":"shipping-taxable","13":"product-type-simple"},"jetpack_sharing_enabled":true,"_links":{"self":[{"href":"https:\/\/minghanggroup.com\/de\/wp-json\/wp\/v2\/product\/4145","targetHints":{"allow":["GET"]}}],"collection":[{"href":"https:\/\/minghanggroup.com\/de\/wp-json\/wp\/v2\/product"}],"about":[{"href":"https:\/\/minghanggroup.com\/de\/wp-json\/wp\/v2\/types\/product"}],"wp:featuredmedia":[{"embeddable":true,"href":"https:\/\/minghanggroup.com\/de\/wp-json\/wp\/v2\/media\/4146"}],"wp:attachment":[{"href":"https:\/\/minghanggroup.com\/de\/wp-json\/wp\/v2\/media?parent=4145"}],"wp:term":[{"taxonomy":"product_brand","embeddable":true,"href":"https:\/\/minghanggroup.com\/de\/wp-json\/wp\/v2\/product_brand?post=4145"},{"taxonomy":"product_cat","embeddable":true,"href":"https:\/\/minghanggroup.com\/de\/wp-json\/wp\/v2\/product_cat?post=4145"},{"taxonomy":"product_tag","embeddable":true,"href":"https:\/\/minghanggroup.com\/de\/wp-json\/wp\/v2\/product_tag?post=4145"}],"curies":[{"name":"wp","href":"https:\/\/api.w.org\/{rel}","templated":true}]}}