{"id":4134,"date":"2025-12-29T10:07:40","date_gmt":"2025-12-29T02:07:40","guid":{"rendered":"https:\/\/minghanggroup.com\/?post_type=product&#038;p=4134"},"modified":"2025-12-29T17:27:51","modified_gmt":"2025-12-29T09:27:51","slug":"fancy-custom-cologne-bottles-with-gold-lids-bulk","status":"publish","type":"product","link":"https:\/\/minghanggroup.com\/de\/produkt\/fancy-custom-cologne-bottles-with-gold-lids-bulk\/","title":{"rendered":"50 ml und 100 ml edle, individuell gestaltete Parf\u00fcmflaschen mit Golddeckeln (Gro\u00dfpackung)"},"content":{"rendered":"<p>Sie ben\u00f6tigen eine Verpackung, die Ihrem Duft auf den ersten Blick ein luxuri\u00f6ses Flakon-Gef\u00fchl verleiht. Wir fertigen individuelle Parf\u00fcmflakons, die f\u00fcr den Erfolg Ihrer Duftverpackungen konzipiert sind \u2013 jeder einzelne Flakon wird zum Markenzeichen Ihrer Marke.<\/p>\n<h2>Produktmerkmale<\/h2>\n<ul>\n<li><strong>Hochwertiges, klares Glasmaterial:<\/strong>Unsere eleganten Parf\u00fcmflakons aus Kristallglas sind das perfekte Medium, um die urspr\u00fcngliche Farbe eines Parfums zur Geltung zu bringen und k\u00f6nnen daher als sofortiger optischer Reiz bezeichnet werden.<\/li>\n<li><strong>Elegante, abgerundete Silhouette:<\/strong>Die geschmeidigen, flie\u00dfenden Linien unserer edlen Parf\u00fcmflakons verleihen ihnen eine moderne Eleganz, die in jedem Regal hervorsticht.<\/li>\n<li><strong>Stabile Basiskonstruktion:<\/strong>Der verdickte Boden des Glasparf\u00fcmflakons erm\u00f6glicht es, ihn nicht nur auf einer Parf\u00fcmflakonausstellung, sondern auch im t\u00e4glichen Gebrauch zu pr\u00e4sentieren.<\/li>\n<li><strong>Dekorative Kappenoptionen:<\/strong>Mit der Wahl von Metallic-Kappen mit farbigen Akzenten verleihen Sie Ihrem Look den letzten Schliff und einen Hauch von Premium-Stil.<\/li>\n<\/ul>\n<h2>Wichtigste Spezifikationen<\/h2>\n<table style=\"border-collapse: collapse; width: 80%; margin-left: auto; margin-right: auto;\" border=\"0\" width=\"360\" cellspacing=\"0\" cellpadding=\"0\">\n<tbody>\n<tr style=\"height: 13.50pt;\">\n<td style=\"height: 13.5pt; width: 54pt; text-align: center;\" width=\"72\" height=\"18\">Fassungsverm\u00f6gen (ml)<\/td>\n<td style=\"width: 54pt; text-align: center;\" width=\"72\">Gr\u00f6\u00dfe (mm)<\/td>\n<td style=\"width: 54pt; text-align: center;\" width=\"72\">Halsdurchmesser<\/td>\n<td style=\"width: 54pt; text-align: center;\" width=\"72\">Dichtungsverfahren<\/td>\n<td style=\"width: 54pt; text-align: center;\" width=\"72\">Farboption<\/td>\n<\/tr>\n<tr style=\"height: 13.50pt;\">\n<td style=\"height: 13.5pt; text-align: center;\" height=\"18\">50<\/td>\n<td style=\"text-align: center;\">43 x 77<\/td>\n<td class=\"et2\" style=\"text-align: center;\" rowspan=\"2\">15 mm<\/td>\n<td class=\"et2\" style=\"text-align: center;\" rowspan=\"2\">Press-Fit-Hals + Zerst\u00e4uber<\/td>\n<td class=\"et2\" style=\"text-align: center;\" rowspan=\"2\">Anpassbar<\/td>\n<\/tr>\n<tr style=\"height: 13.50pt;\">\n<td style=\"height: 13.5pt; text-align: center;\" height=\"18\">100<\/td>\n<td style=\"text-align: center;\">52 x 93<\/td>\n<\/tr>\n<\/tbody>\n<\/table>\n<h2>Erfolgsgeschichte der edlen Parf\u00fcmflakons<\/h2>\n<p>Eine Duftmarke, die sich an K\u00e4ufer im internationalen E-Commerce und in Boutiquen richtet, w\u00e4hlte diesen Flakon als zentrale Verpackung f\u00fcr ihre Luxusserie. Die visuelle Gesamtwirkung der Pr\u00e4sentation wurde durch die Anpassung der Flakonproportionen und die Verwendung eines hochgl\u00e4nzenden Metallverschlusses deutlich gesteigert.<\/p>\n<p>Die Konversionsraten haben sich w\u00e4hrend der wichtigsten Werbeaktivit\u00e4ten der Plattform nach der Produkteinf\u00fchrung deutlich erh\u00f6ht, und der Umsatz der Serie ist in den ersten drei Monaten im Vergleich zum Vorjahr um etwa 28 % gestiegen.<\/p>\n<h2>Ihr Anpassungspfad<\/h2>\n<p>Ein besonderes Erlebnis zu schaffen ist noch wertvoller als der Verkauf eines Parfums. Einzigartige Verschlussfarben oder dekorative Muster, die Ihre Markengeschichte widerspiegeln, tragen ma\u00dfgeblich zur Personalisierung Ihrer individuellen Parf\u00fcmflakons bei. \u00c4therische \u00d6le oder Ihre eigene Parf\u00fcmlinie profitieren optimal von unserem Press-, Pass- und Zerst\u00e4ubersystem, das einen feinen Nebel erzeugt. W\u00e4hlen Sie aus unseren Glasflakongr\u00f6\u00dfen die passende f\u00fcr Ihre Parf\u00fcmverpackung und genie\u00dfen Sie den reibungslosen Versand von Gro\u00dfhandelsbestellungen. Machen Sie jeden Flakon zu einem luxuri\u00f6sen Geschenk, indem Sie Ihre edlen Parf\u00fcmflakons mit einem metallischen Verschlussfinish zu einem Premium-Geschenk machen.<\/p>","protected":false},"excerpt":{"rendered":"<p>Individuell gestaltete Parf\u00fcmflakons direkt vom Hersteller. Diese edlen Flakons erm\u00f6glichen eine zuverl\u00e4ssige weltweite Lieferung und eignen sich ideal f\u00fcr die Markenindividualisierung. Kostenlose Probe.<\/p>","protected":false},"featured_media":4137,"template":"","meta":{"postBodyCss":"","postBodyMargin":[],"postBodyPadding":[],"postBodyBackground":{"backgroundType":"classic","gradient":""}},"product_brand":[],"product_cat":[15,16,62],"product_tag":[],"class_list":{"0":"post-4134","1":"product","2":"type-product","3":"status-publish","4":"has-post-thumbnail","6":"product_cat-glass-containers","7":"product_cat-glass-bottles","8":"product_cat-perfume-bottles","10":"first","11":"instock","12":"shipping-taxable","13":"product-type-simple"},"jetpack_sharing_enabled":true,"_links":{"self":[{"href":"https:\/\/minghanggroup.com\/de\/wp-json\/wp\/v2\/product\/4134","targetHints":{"allow":["GET"]}}],"collection":[{"href":"https:\/\/minghanggroup.com\/de\/wp-json\/wp\/v2\/product"}],"about":[{"href":"https:\/\/minghanggroup.com\/de\/wp-json\/wp\/v2\/types\/product"}],"wp:featuredmedia":[{"embeddable":true,"href":"https:\/\/minghanggroup.com\/de\/wp-json\/wp\/v2\/media\/4137"}],"wp:attachment":[{"href":"https:\/\/minghanggroup.com\/de\/wp-json\/wp\/v2\/media?parent=4134"}],"wp:term":[{"taxonomy":"product_brand","embeddable":true,"href":"https:\/\/minghanggroup.com\/de\/wp-json\/wp\/v2\/product_brand?post=4134"},{"taxonomy":"product_cat","embeddable":true,"href":"https:\/\/minghanggroup.com\/de\/wp-json\/wp\/v2\/product_cat?post=4134"},{"taxonomy":"product_tag","embeddable":true,"href":"https:\/\/minghanggroup.com\/de\/wp-json\/wp\/v2\/product_tag?post=4134"}],"curies":[{"name":"wp","href":"https:\/\/api.w.org\/{rel}","templated":true}]}}