{"id":4122,"date":"2025-12-26T15:30:44","date_gmt":"2025-12-26T07:30:44","guid":{"rendered":"https:\/\/minghanggroup.com\/?post_type=product&#038;p=4122"},"modified":"2025-12-26T16:12:42","modified_gmt":"2025-12-26T08:12:42","slug":"square-small-perfume-roller-bottles-bulk","status":"publish","type":"product","link":"https:\/\/minghanggroup.com\/de\/produkt\/square-small-perfume-roller-bottles-bulk\/","title":{"rendered":"10 ml kleine quadratische Parf\u00fcm-Rollerflaschen (Gro\u00dfpackung)"},"content":{"rendered":"<p>Dieser kleine Parf\u00fcmflakon besticht durch seinen minimalistischen, quadratischen Glask\u00f6rper und den klassischen Rollapplikator und ist daher ein hervorragender Parf\u00fcmflakon. Dank seiner geringen Gr\u00f6\u00dfe und des robusten Materials ist er zudem sehr handlich und leicht zu transportieren.<\/p>\n<h2>Produktmerkmale<\/h2>\n<ul>\n<li><strong>Geeignetes Rollerball-Design:<\/strong> Das Design mit der Rollkugel am oberen Ende erm\u00f6glicht ein einfaches und unkompliziertes Auftragen des Parfums und eine leichte Kontrolle der abgegebenen Menge.<\/li>\n<li><strong>Quadratische Flasche aus Klarglas:<\/strong> Die scharfe Kontur wirkt elegant und modern, und der transparente Glask\u00f6rper erm\u00f6glicht eine deutliche Anzeige der verbleibenden Parf\u00fcmmenge.<\/li>\n<li><strong>10 ml Reisegr\u00f6\u00dfe:<\/strong> Es ist klein und passt problemlos in eine Geldb\u00f6rse oder Hosentasche; auch auf Reisen verhindert es effektiv Auslaufen.<\/li>\n<\/ul>\n<h2 style=\"text-align: left;\">Wichtigste Spezifikationen<\/h2>\n<table class=\"aligncenter\" style=\"border-collapse: collapse; width: 382.52pt;\" border=\"0\" width=\"510\" cellspacing=\"0\" cellpadding=\"0\">\n<tbody>\n<tr style=\"height: 13.50pt;\">\n<td style=\"height: 13.50pt; width: 111.75pt;\" width=\"149\" height=\"18\">Specification<\/td>\n<td style=\"width: 270.75pt;\" width=\"361\">Details<\/td>\n<\/tr>\n<tr style=\"height: 13.50pt;\">\n<td style=\"height: 13.50pt;\" height=\"18\">Kapazit\u00e4t<\/td>\n<td>10 ml<\/td>\n<\/tr>\n<tr style=\"height: 13.50pt;\">\n<td style=\"height: 13.50pt;\" height=\"18\">Abmessungen (B x H)<\/td>\n<td>1,7 \u00d7 11,2 cm<\/td>\n<\/tr>\n<tr style=\"height: 13.50pt;\">\n<td style=\"height: 13.50pt;\" height=\"18\">Material<\/td>\n<td>Klares Glas, Metallkappe und Rollkugel<\/td>\n<\/tr>\n<tr style=\"height: 13.50pt;\">\n<td style=\"height: 13.50pt;\" height=\"18\">Flaschenform<\/td>\n<td>Quadratisches Prisma<\/td>\n<\/tr>\n<tr style=\"height: 13.50pt;\">\n<td style=\"height: 13.50pt;\" height=\"18\">Materialeigenschaften<\/td>\n<td>Langlebig, auslaufsicher, hochwertige Verarbeitung<\/td>\n<\/tr>\n<tr style=\"height: 13.50pt;\">\n<td style=\"height: 13.50pt;\" height=\"18\">Ideal f\u00fcr<\/td>\n<td>Parf\u00fcmroller, kleine Parf\u00fcmflasche<\/td>\n<\/tr>\n<\/tbody>\n<\/table>\n<h2>Erfolgsgeschichte: Ein Blockbuster-Produkt einer Aromatherapie-Marke<\/h2>\n<p>Unser 10-ml-Parf\u00fcmfl\u00e4schchen wurde von einer Marke aus dem Gesundheitsbereich, die Aromatherapieprodukte vertreibt, ausgew\u00e4hlt. Das pr\u00e4zise Rollkugel-Design garantiert eine perfekte Anwendung und verhindert Produktverschwendung. Laut Kundenfeedback hat sich die Produktlebensdauer um 30 Prozent verl\u00e4ngert. Der wasserdichte Verschluss gew\u00e4hrleistet eine Erfolgsquote von 99,9 Prozent beim Versand, und es gab keinerlei Kundenreklamationen. Aufgrund der hervorragenden Ergebnisse und des hohen Absatzes bestellte der Kunde daraufhin weitere 120.000 Fl\u00e4schchen.<\/p>\n<h2>Die Individualisierungsoptionen der Parf\u00fcm-Rollerflaschen umfassen<\/h2>\n<ul>\n<li>Individuelle Kappenfarbe \u2013 W\u00e4hlen Sie die Farbe der Metallkappe in Ihrer gew\u00fcnschten Pantene- oder Markenfarbe.<\/li>\n<li>Flaschenfarbe \u2013 Sie sind in bernsteinfarbenen, kobaltblauen oder gr\u00fcnen quadratischen Glasflaschen erh\u00e4ltlich, um sie vor Licht zu sch\u00fctzen.<\/li>\n<li>Siebdruck auf Glas \u2013 Lassen Sie Ihr Logo oder Design auf die Glasflasche drucken.<\/li>\n<li>Mattierte Glasoberfl\u00e4che \u2013 Mattierung der gesamten Oberfl\u00e4che oder nur eines Teils davon, um eine luxuri\u00f6se Anmutung zu erzielen.<\/li>\n<\/ul>","protected":false},"excerpt":{"rendered":"<p>Entdecken Sie unsere 10-ml-Parf\u00fcmroller im minimalistischen, quadratischen Design. Dieser transparente Flakon ist schick und ideal f\u00fcr unterwegs. Fordern Sie jetzt Gratisproben an!<\/p>","protected":false},"featured_media":4126,"template":"","meta":{"postBodyCss":"","postBodyMargin":[],"postBodyPadding":[],"postBodyBackground":{"backgroundType":"classic","gradient":""}},"product_brand":[],"product_cat":[15,16,62],"product_tag":[],"class_list":{"0":"post-4122","1":"product","2":"type-product","3":"status-publish","4":"has-post-thumbnail","6":"product_cat-glass-containers","7":"product_cat-glass-bottles","8":"product_cat-perfume-bottles","10":"first","11":"instock","12":"shipping-taxable","13":"product-type-simple"},"jetpack_sharing_enabled":true,"_links":{"self":[{"href":"https:\/\/minghanggroup.com\/de\/wp-json\/wp\/v2\/product\/4122","targetHints":{"allow":["GET"]}}],"collection":[{"href":"https:\/\/minghanggroup.com\/de\/wp-json\/wp\/v2\/product"}],"about":[{"href":"https:\/\/minghanggroup.com\/de\/wp-json\/wp\/v2\/types\/product"}],"wp:featuredmedia":[{"embeddable":true,"href":"https:\/\/minghanggroup.com\/de\/wp-json\/wp\/v2\/media\/4126"}],"wp:attachment":[{"href":"https:\/\/minghanggroup.com\/de\/wp-json\/wp\/v2\/media?parent=4122"}],"wp:term":[{"taxonomy":"product_brand","embeddable":true,"href":"https:\/\/minghanggroup.com\/de\/wp-json\/wp\/v2\/product_brand?post=4122"},{"taxonomy":"product_cat","embeddable":true,"href":"https:\/\/minghanggroup.com\/de\/wp-json\/wp\/v2\/product_cat?post=4122"},{"taxonomy":"product_tag","embeddable":true,"href":"https:\/\/minghanggroup.com\/de\/wp-json\/wp\/v2\/product_tag?post=4122"}],"curies":[{"name":"wp","href":"https:\/\/api.w.org\/{rel}","templated":true}]}}