{"id":4121,"date":"2025-12-26T16:45:56","date_gmt":"2025-12-26T08:45:56","guid":{"rendered":"https:\/\/minghanggroup.com\/?post_type=product&#038;p=4121"},"modified":"2025-12-26T17:01:06","modified_gmt":"2025-12-26T09:01:06","slug":"custom-empty-cologne-bottles-with-wooden-lids-wholesale","status":"publish","type":"product","link":"https:\/\/minghanggroup.com\/de\/produkt\/custom-empty-cologne-bottles-with-wooden-lids-wholesale\/","title":{"rendered":"30 ml, 50 ml, 100 ml Leere, individuell gestaltete Parf\u00fcmflaschen mit Holzdeckel \u2013 Gro\u00dfhandel"},"content":{"rendered":"<p>Ihr Duft verdient eine Verpackung, die so au\u00dfergew\u00f6hnlich ist wie Ihr Duft selbst. Wir fertigen hochwertige Parf\u00fcmflakons im Gro\u00dfhandel, die speziell f\u00fcr den Erfolg Ihrer Duftverpackung entwickelt wurden \u2013 jeder leere Flakon wird zum Markenzeichen Ihrer Marke.<\/p>\n<h2>Produktmerkmale<\/h2>\n<ol>\n<li><strong>Elegantes, modernes Design:<\/strong> Die minimalistischen und modernen Elemente bilden zusammen mit dem ungew\u00f6hnlich geformten kugelf\u00f6rmigen Verschluss unserer Parf\u00fcmflakons aus Klarglas einen sch\u00f6nen und markanten visuellen Kontrast.<\/li>\n<li><strong>Langlebig und umweltfreundlich:<\/strong> Dieser aus hochwertigem, langlebigem Glas und Naturholz gefertigte Parf\u00fcmflakon ist eine umweltfreundliche Verpackungsl\u00f6sung f\u00fcr die Duftstoffindustrie, die nichts von ihrer Attraktivit\u00e4t einb\u00fc\u00dft.<\/li>\n<li><strong>Flaschenverschluss in Holzoptik:<\/strong> Der Holzdeckel verleiht dem Produkt eine gewisse Klasse und Eleganz und vermittelt eine nat\u00fcrliche, gr\u00fcne Ausstrahlung, w\u00e4hrend er gleichzeitig die luftdichteste und sicherste Art ist, das Parf\u00fcm im Inneren frisch zu halten.<\/li>\n<\/ol>\n<h2>Wichtigste Spezifikationen<\/h2>\n<table style=\"border-collapse: collapse; width: 80%; margin-left: auto; margin-right: auto;\" border=\"0\" width=\"288\" cellspacing=\"0\" cellpadding=\"0\">\n<tbody>\n<tr style=\"height: 13.50pt;\">\n<td style=\"height: 13.5pt; width: 54pt; text-align: center;\" width=\"72\" height=\"18\">Fassungsverm\u00f6gen (ml)<\/td>\n<td style=\"width: 54pt; text-align: center;\" width=\"72\">Gr\u00f6\u00dfe (mm)<\/td>\n<td style=\"width: 54pt; text-align: center;\" width=\"72\">Halsdurchmesser<\/td>\n<td style=\"width: 54pt; text-align: center;\" width=\"72\">Farboptionen<\/td>\n<\/tr>\n<tr style=\"height: 13.50pt;\">\n<td style=\"height: 13.5pt; text-align: center;\" align=\"right\" height=\"18\">30<\/td>\n<td style=\"text-align: center;\">45 x 56<\/td>\n<td class=\"et2\" style=\"text-align: center;\" rowspan=\"3\">15 mm<\/td>\n<td class=\"et2\" style=\"text-align: center;\" rowspan=\"3\">Sonderanfertigung (nur Glas)<\/td>\n<\/tr>\n<tr style=\"height: 13.50pt;\">\n<td style=\"height: 13.5pt; text-align: center;\" align=\"right\" height=\"18\">50<\/td>\n<td style=\"text-align: center;\">51 x 72<\/td>\n<\/tr>\n<tr style=\"height: 13.50pt;\">\n<td style=\"height: 13.5pt; text-align: center;\" align=\"right\" height=\"18\">100<\/td>\n<td style=\"text-align: center;\">57 x 84<\/td>\n<\/tr>\n<\/tbody>\n<\/table>\n<h2>Erfolgsbeispiel<\/h2>\n<p>Eine der f\u00fchrenden Parf\u00fcmmarken hat sich entschieden, f\u00fcr ihre neue Duftlinie einen leeren 50-ml-K\u00f6lnischwasserflakon mit Holzverschluss zu verwenden. Die Marke wollte eine Verbindung von Natur und Luxus zum Ausdruck bringen, und die Flakons mit dem eleganten Holzverschluss passten ideal zu dieser Idee. Das schlichte Design des Flakons und die Verwendung hochwertiger Materialien hoben das gesamte Produkt auf ein neues Niveau und machten so das Hauptverkaufsargument der Marke zu ihrem Kern.<\/p>\n<p>Seit dem Relaunch der Marke ist das Verkaufsvolumen um 22 % gestiegen, und die Verbraucher loben in hohem Ma\u00dfe auch die Produktverpackung und die Verwendung umweltfreundlicher Materialien.<\/p>\n<h2>Ihre Anpassungstipps<\/h2>\n<p>Bei der Personalisierung dieses Duftflakons bieten sich verschiedene Ideen an, um die Markenbekanntheit zu steigern. Experimentieren Sie beispielsweise mit einzigartigen Texturen oder Mustern auf der Flakonh\u00fclle, etwa durch Gravuren oder Pr\u00e4gungen. Dies verbessert nicht nur die Haptik, sondern verleiht dem Flakon auch eine kreative Note. Alternativ k\u00f6nnen Sie Farbverlaufsglas verwenden, das einen sanften Farbverlauf vom Boden bis zum oberen Rand erzeugt und so f\u00fcr optische Wirkung und zus\u00e4tzliche Tiefe sorgt. Auch der Flakonverschluss l\u00e4sst sich mit verschiedenen Oberfl\u00e4chenbehandlungen wie Matt- oder Hochglanzfinish gestalten. Dies unterstreicht nicht nur die Einzigartigkeit der Marke, sondern tr\u00e4gt auch zu ihrem umweltfreundlichen und luxuri\u00f6sen Image bei. F\u00fcr einen noch exklusiveren Eindruck bieten sich Metalleinlagen oder Schmuckverzierungen an.<\/p>","protected":false},"excerpt":{"rendered":"<p>Entdecken Sie hochwertige, leere Parf\u00fcmflakons im Gro\u00dfhandel f\u00fcr Ihre Verpackungsbed\u00fcrfnisse und profitieren Sie von unseren individuellen Gro\u00dfbestellungen. Wir freuen uns auf Ihre Anfrage.<\/p>","protected":false},"featured_media":4129,"template":"","meta":{"postBodyCss":"","postBodyMargin":[],"postBodyPadding":[],"postBodyBackground":{"backgroundType":"classic","gradient":""}},"product_brand":[],"product_cat":[15,16,62],"product_tag":[],"class_list":{"0":"post-4121","1":"product","2":"type-product","3":"status-publish","4":"has-post-thumbnail","6":"product_cat-glass-containers","7":"product_cat-glass-bottles","8":"product_cat-perfume-bottles","10":"first","11":"instock","12":"shipping-taxable","13":"product-type-simple"},"jetpack_sharing_enabled":true,"_links":{"self":[{"href":"https:\/\/minghanggroup.com\/de\/wp-json\/wp\/v2\/product\/4121","targetHints":{"allow":["GET"]}}],"collection":[{"href":"https:\/\/minghanggroup.com\/de\/wp-json\/wp\/v2\/product"}],"about":[{"href":"https:\/\/minghanggroup.com\/de\/wp-json\/wp\/v2\/types\/product"}],"wp:featuredmedia":[{"embeddable":true,"href":"https:\/\/minghanggroup.com\/de\/wp-json\/wp\/v2\/media\/4129"}],"wp:attachment":[{"href":"https:\/\/minghanggroup.com\/de\/wp-json\/wp\/v2\/media?parent=4121"}],"wp:term":[{"taxonomy":"product_brand","embeddable":true,"href":"https:\/\/minghanggroup.com\/de\/wp-json\/wp\/v2\/product_brand?post=4121"},{"taxonomy":"product_cat","embeddable":true,"href":"https:\/\/minghanggroup.com\/de\/wp-json\/wp\/v2\/product_cat?post=4121"},{"taxonomy":"product_tag","embeddable":true,"href":"https:\/\/minghanggroup.com\/de\/wp-json\/wp\/v2\/product_tag?post=4121"}],"curies":[{"name":"wp","href":"https:\/\/api.w.org\/{rel}","templated":true}]}}