{"id":4111,"date":"2025-12-26T15:07:33","date_gmt":"2025-12-26T07:07:33","guid":{"rendered":"https:\/\/minghanggroup.com\/?post_type=product&#038;p=4111"},"modified":"2025-12-29T11:48:50","modified_gmt":"2025-12-29T03:48:50","slug":"custom-perfume-spray-bottles-with-metallic-lids-bulk","status":"publish","type":"product","link":"https:\/\/minghanggroup.com\/de\/produkt\/custom-perfume-spray-bottles-with-metallic-lids-bulk\/","title":{"rendered":"30 ml, 55 ml, 100 ml individuell gestaltbare Parf\u00fcm-Spr\u00fchflaschen mit Metalldeckeln (Gro\u00dfpackung)"},"content":{"rendered":"<p>Ihr Duft verdient eine Verpackung, die ihn perfekt in Szene setzt. Wir fertigen hochwertige Parf\u00fcmzerst\u00e4uber, die f\u00fcr den Erfolg Ihrer Duftverpackung entwickelt wurden \u2013 jeder einzelne 30-ml-Flakon unterstreicht die Wirkung Ihres Produkts.<\/p>\n<h2>Produktmerkmale<\/h2>\n<ol>\n<li><strong>Transparente Eleganz: <\/strong>Mit ihrem modernen Look ist unsere Parf\u00fcmzerst\u00e4uberflasche aus Kristallglas das perfekte Mittel, um die wahre Farbe Ihres Duftes zur Geltung zu bringen.<\/li>\n<li><strong>Hohe Dichtleistung, keine Gefahr von Leckagen: <\/strong>Um eine optimale Dichtungsleistung zu erzielen, ist der gepresste Crimp-Hals so konstruiert, dass die Oberseite erstklassig ist.<\/li>\n<li><strong>Stabile Basiskonstruktion: <\/strong>Dank des exklusiven Bodendesigns steht der Parf\u00fcmflakon auch auf B\u00f6den oder Tischen aus Glas oder Marmor sehr stabil.<\/li>\n<\/ol>\n<h2>Wichtigste Spezifikationen<\/h2>\n<table style=\"border-collapse: collapse; width: 80%; margin-left: auto; margin-right: auto;\" border=\"0\" width=\"360\" cellspacing=\"0\" cellpadding=\"0\">\n<tbody>\n<tr style=\"height: 13.50pt;\">\n<td style=\"height: 13.5pt; width: 54pt; text-align: center;\" width=\"72\" height=\"18\">Fassungsverm\u00f6gen (ml)<\/td>\n<td style=\"width: 54pt; text-align: center;\" width=\"72\">Gr\u00f6\u00dfe (mm)<\/td>\n<td style=\"width: 54pt; text-align: center;\" width=\"72\">Halsdurchmesser<\/td>\n<td style=\"width: 54pt; text-align: center;\" width=\"72\">Verschlussart<\/td>\n<td style=\"width: 54pt; text-align: center;\" width=\"72\">Material<\/td>\n<\/tr>\n<tr style=\"height: 13.50pt;\">\n<td style=\"height: 13.5pt; text-align: center;\" align=\"right\" height=\"18\">30<\/td>\n<td style=\"text-align: center;\">45 x 76<\/td>\n<td class=\"et2\" style=\"text-align: center;\" rowspan=\"3\">15 mm<\/td>\n<td class=\"et2\" style=\"text-align: center;\" rowspan=\"3\">Crimp Neck+Sprayer<\/td>\n<td class=\"et2\" style=\"text-align: center;\" rowspan=\"3\">Kristallglas<\/td>\n<\/tr>\n<tr style=\"height: 13.50pt;\">\n<td style=\"height: 13.5pt; text-align: center;\" align=\"right\" height=\"18\">55<\/td>\n<td style=\"text-align: center;\">46 x 91,4<\/td>\n<\/tr>\n<tr style=\"height: 13.50pt;\">\n<td style=\"height: 13.5pt; text-align: center;\" align=\"right\" height=\"18\">100<\/td>\n<td style=\"text-align: center;\">45 x 126<\/td>\n<\/tr>\n<\/tbody>\n<\/table>\n<h2>Erfolgsbeispiel<\/h2>\n<p>Ein f\u00fchrender Parf\u00fcmhersteller nutzte diesen 30-ml-Flakon f\u00fcr die Verpackung seiner neuen Produktlinie. Die Marke wollte mit dem schlichten, aber modernen Flakondesign ein luxuri\u00f6ses und stilvolles Image vermitteln. Der transparente Spr\u00fchflakon lie\u00df die sch\u00f6ne Farbe des Parf\u00fcms durchscheinen, und der Spr\u00fchverschluss aus Metall verlieh ihm einen Hauch von Luxus \u2013 ganz im Sinne der Premium-Positionierung.<\/p>\n<p>Nach der Markteinf\u00fchrung der Parf\u00fcmserie verzeichnete das Unternehmen innerhalb von drei Monaten einen Umsatzanstieg von 20 %. Die Kunden lobten das ansprechende Flakon-Design und den hochwertigen Spr\u00fchmechanismus.<\/p>\n<h2>Ihre Anpassungstipps<\/h2>\n<p>Der Stil Ihrer Marke und die Eigenschaften Ihres Produkts bestimmen die Gestaltungsm\u00f6glichkeiten Ihres Parf\u00fcmflakons. Sie k\u00f6nnen sich f\u00fcr Klarglas entscheiden, um die Farbe und Textur des Parfums optimal zur Geltung zu bringen und es so optisch ansprechender zu gestalten. F\u00fcr einen luxuri\u00f6sen Eindruck bietet sich ein individuell gestalteter Metallverschluss in verschiedenen Farben wie Silber, Gold oder Dunkelgrau an, der dem Flakon eine edle Optik verleiht. Die Spr\u00fchd\u00fcse kann so angepasst werden, dass jedes Mal ein gleichm\u00e4\u00dfiger und feiner Spr\u00fchnebel entsteht und somit das Produkt ergiebiger wird. Auch die Form des Flakons l\u00e4sst sich kreativ gestalten, um Ihren individuellen Markenanforderungen gerecht zu werden und Ihr Produkt durch eine besondere Form oder ein spezielles Muster zu personalisieren und Ihre Wettbewerbsf\u00e4higkeit zu steigern. Durch die Anbringung Ihres Markenlogos oder individueller Etiketten auf dem Flakon k\u00f6nnen Sie die Markenbekanntheit weiter verbessern und ihn so nicht nur zu einem Produkt, sondern auch zu einem starken Markenbotschafter machen.<\/p>","protected":false},"excerpt":{"rendered":"<p>Entdecken Sie hochwertige 1-Unzen-Parf\u00fcmflakons. Wir bieten Ihnen verschiedene Optionen f\u00fcr Parf\u00fcmspr\u00fchflaschen, die Ihren individuellen Verpackungsbed\u00fcrfnissen gerecht werden. Direkt vom Hersteller.<\/p>","protected":false},"featured_media":4120,"template":"","meta":{"postBodyCss":"","postBodyMargin":[],"postBodyPadding":[],"postBodyBackground":{"backgroundType":"classic","gradient":""}},"product_brand":[],"product_cat":[15,16,62],"product_tag":[],"class_list":{"0":"post-4111","1":"product","2":"type-product","3":"status-publish","4":"has-post-thumbnail","6":"product_cat-glass-containers","7":"product_cat-glass-bottles","8":"product_cat-perfume-bottles","10":"first","11":"instock","12":"shipping-taxable","13":"product-type-simple"},"jetpack_sharing_enabled":true,"_links":{"self":[{"href":"https:\/\/minghanggroup.com\/de\/wp-json\/wp\/v2\/product\/4111","targetHints":{"allow":["GET"]}}],"collection":[{"href":"https:\/\/minghanggroup.com\/de\/wp-json\/wp\/v2\/product"}],"about":[{"href":"https:\/\/minghanggroup.com\/de\/wp-json\/wp\/v2\/types\/product"}],"wp:featuredmedia":[{"embeddable":true,"href":"https:\/\/minghanggroup.com\/de\/wp-json\/wp\/v2\/media\/4120"}],"wp:attachment":[{"href":"https:\/\/minghanggroup.com\/de\/wp-json\/wp\/v2\/media?parent=4111"}],"wp:term":[{"taxonomy":"product_brand","embeddable":true,"href":"https:\/\/minghanggroup.com\/de\/wp-json\/wp\/v2\/product_brand?post=4111"},{"taxonomy":"product_cat","embeddable":true,"href":"https:\/\/minghanggroup.com\/de\/wp-json\/wp\/v2\/product_cat?post=4111"},{"taxonomy":"product_tag","embeddable":true,"href":"https:\/\/minghanggroup.com\/de\/wp-json\/wp\/v2\/product_tag?post=4111"}],"curies":[{"name":"wp","href":"https:\/\/api.w.org\/{rel}","templated":true}]}}