{"id":4106,"date":"2025-12-26T13:46:59","date_gmt":"2025-12-26T05:46:59","guid":{"rendered":"https:\/\/minghanggroup.com\/?post_type=product&#038;p=4106"},"modified":"2025-12-26T14:21:29","modified_gmt":"2025-12-26T06:21:29","slug":"small-gold-antique-perfume-bottles-bulk","status":"publish","type":"product","link":"https:\/\/minghanggroup.com\/de\/produkt\/small-gold-antique-perfume-bottles-bulk\/","title":{"rendered":"10 ml kleine goldene antike Parf\u00fcmfl\u00e4schchen (Gro\u00dfpackung)"},"content":{"rendered":"<p><span class=\"inline cursor-pointer rounded\" data-state=\"closed\"><span class=\"rounded transition-colors hover:bg-yellow-200\/20\">Diese\u00a0<span class=\"text-[#00CEC8]\">Antiquit\u00e4t<\/span>\u00a0Parf\u00fcmflaschen sind\u00a0<span class=\"text-[#00CEC8]\">aus transparentem Material gefertigt<\/span>\u00a0Glas mit\u00a0<span class=\"text-[#00CEC8]\">sch\u00f6ne, runde, apfelf\u00f6rmige K\u00f6rper.<\/span>\u00a0<\/span><\/span><span class=\"inline cursor-pointer rounded\" data-state=\"closed\"><span class=\"rounded transition-colors hover:bg-yellow-200\/20\"><span class=\"text-[#00CEC8]\">Sie haben zierliche Maschend\u00fcsen und<\/span>\u00a0Sind\u00a0<span class=\"text-[#00CEC8]\">versch\u00f6nert<\/span>\u00a0mit\u00a0<span class=\"text-[#00CEC8]\">Feine Goldverzierungen und florale Muster.<\/span><\/span><\/span><\/p>\n<h2>Produktmerkmale<\/h2>\n<ul>\n<li><strong>Vintage-Apfelflaschenform:<\/strong> Die elegante Flaschenform ist eine abgerundete Apfelform, die die anmutige Form einer klassischen Vintage-Parf\u00fcmflasche voll zur Geltung bringt und sie in einer sehr wiedererkennbaren Form darstellt.<\/li>\n<li><strong>Goldverzierungen:<\/strong> Die Flasche ist mit goldenen Zierleisten und feinen Goldverzierungen versehen, die den Vintage-Luxus und die k\u00fcnstlerische Sch\u00f6nheit unterstreichen.<\/li>\n<li><strong>Spr\u00fchd\u00fcse im Schilfrohr-Stil:<\/strong> Die Spr\u00fchd\u00fcse aus Vintage-Netzgewebe sorgt nicht nur f\u00fcr eine effektive Vernebelung, sondern verleiht dem Ganzen auch einen gewissen Retro-Stil auf elegante Weise.<\/li>\n<\/ul>\n<h2 style=\"text-align: left;\">Wichtigste Spezifikationen<\/h2>\n<table class=\"aligncenter\" style=\"border-collapse: collapse; width: 411.02pt;\" border=\"0\" width=\"548\" cellspacing=\"0\" cellpadding=\"0\">\n<tbody>\n<tr style=\"height: 13.50pt;\">\n<td style=\"height: 13.50pt; width: 111.75pt;\" width=\"149\" height=\"18\">Specification<\/td>\n<td style=\"width: 299.25pt;\" width=\"399\">Details<\/td>\n<\/tr>\n<tr style=\"height: 13.50pt;\">\n<td style=\"height: 13.50pt;\" height=\"18\">Kapazit\u00e4t<\/td>\n<td>10 ml<\/td>\n<\/tr>\n<tr style=\"height: 13.50pt;\">\n<td style=\"height: 13.50pt;\" height=\"18\">Abmessungen (\u00d8 x H)<\/td>\n<td>4 \u00d7 7,1 cm<\/td>\n<\/tr>\n<tr style=\"height: 13.50pt;\">\n<td style=\"height: 13.50pt;\" height=\"18\">Material<\/td>\n<td>Klares Glas, goldene Akzente<\/td>\n<\/tr>\n<tr style=\"height: 13.50pt;\">\n<td style=\"height: 13.50pt;\" height=\"18\">Flaschenform<\/td>\n<td>Abgerundeter Apfel<\/td>\n<\/tr>\n<tr style=\"height: 13.50pt;\">\n<td style=\"height: 13.50pt;\" height=\"18\">Verschlussart<\/td>\n<td>Dekorativer Golddeckel<\/td>\n<\/tr>\n<tr style=\"height: 13.50pt;\">\n<td style=\"height: 13.50pt;\" height=\"18\">Materialeigenschaften<\/td>\n<td>Dekorative, hochwertige Verarbeitung, elegante Optik<\/td>\n<\/tr>\n<tr style=\"height: 13.50pt;\">\n<td style=\"height: 13.50pt;\" height=\"18\">Ideal f\u00fcr<\/td>\n<td>Antike Parf\u00fcmflakons, Vintage-Parf\u00fcmflakons<\/td>\n<\/tr>\n<\/tbody>\n<\/table>\n<h2>Erfolgsgeschichte: Neuauflage eines ber\u00fchmten Parfums<\/h2>\n<p>Eine traditionsreiche Parf\u00fcmmarke hat sich entschieden, ihren Duft aus den 1930er-Jahren neu aufzulegen. Als einzigartiges Verpackungsmaterial wurden apfelf\u00f6rmige Vintage-Parf\u00fcmflakons mit 10 ml Inhalt ausgew\u00e4hlt. Die edle Vergoldung und das besondere Design machten sie sofort zu Sammlerst\u00fccken; die erste Charge war innerhalb von 48 Stunden ausverkauft. Der Duft sorgte f\u00fcr enormes Aufsehen in den sozialen Medien mit \u00fcber 2 Millionen Interaktionen und einer umfangreichen Medienberichterstattung. Diesen gro\u00dfen Erfolg nutzte die Marke, um weitere 100.000 Flakons als dauerhafte Produkterweiterung in Auftrag zu geben.<\/p>\n<h2>Anforderungen an die Personalisierung von Vintage-Parf\u00fcmflaschen<\/h2>\n<ul>\n<li>Individuelle Hei\u00dfpr\u00e4gung \u2013 Lassen Sie Ihr eigenes Hei\u00dfpr\u00e4gedesign oder Monogramm auf die Flasche pr\u00e4gen.<\/li>\n<li>Buntglasflasche \u2013 Buntglasflaschen haben die Form eines Apfels und k\u00f6nnen in folgenden Farben erh\u00e4ltlich sein: Smaragdgr\u00fcn, Kobaltblau oder Amethyst.<\/li>\n<li>Emaille-Akzente \u2013 Durch das Hei\u00dfpr\u00e4gen von Mustern und handbemalten Emaillefarben lassen sich Tiefe und Farbe erzeugen.<\/li>\n<li>Individuelles Quastendesign \u2013 Passen Sie Farbe, Material und L\u00e4nge der Quasten an, die die Spr\u00fchflasche zieren.<\/li>\n<\/ul>","protected":false},"excerpt":{"rendered":"<p>Verleihen Sie Ihrer Marke mit antiken Parf\u00fcmflakons einen Hauch von Luxus. Jeder Vintage-Flakon besticht durch kunstvolle Goldverzierungen und einen filigranen Drahtverschluss. Vollst\u00e4ndig individualisierbar.<\/p>","protected":false},"featured_media":4107,"template":"","meta":{"postBodyCss":"","postBodyMargin":[],"postBodyPadding":[],"postBodyBackground":{"backgroundType":"classic","gradient":""}},"product_brand":[],"product_cat":[15,16,62],"product_tag":[],"class_list":{"0":"post-4106","1":"product","2":"type-product","3":"status-publish","4":"has-post-thumbnail","6":"product_cat-glass-containers","7":"product_cat-glass-bottles","8":"product_cat-perfume-bottles","10":"first","11":"instock","12":"shipping-taxable","13":"product-type-simple"},"jetpack_sharing_enabled":true,"_links":{"self":[{"href":"https:\/\/minghanggroup.com\/de\/wp-json\/wp\/v2\/product\/4106","targetHints":{"allow":["GET"]}}],"collection":[{"href":"https:\/\/minghanggroup.com\/de\/wp-json\/wp\/v2\/product"}],"about":[{"href":"https:\/\/minghanggroup.com\/de\/wp-json\/wp\/v2\/types\/product"}],"wp:featuredmedia":[{"embeddable":true,"href":"https:\/\/minghanggroup.com\/de\/wp-json\/wp\/v2\/media\/4107"}],"wp:attachment":[{"href":"https:\/\/minghanggroup.com\/de\/wp-json\/wp\/v2\/media?parent=4106"}],"wp:term":[{"taxonomy":"product_brand","embeddable":true,"href":"https:\/\/minghanggroup.com\/de\/wp-json\/wp\/v2\/product_brand?post=4106"},{"taxonomy":"product_cat","embeddable":true,"href":"https:\/\/minghanggroup.com\/de\/wp-json\/wp\/v2\/product_cat?post=4106"},{"taxonomy":"product_tag","embeddable":true,"href":"https:\/\/minghanggroup.com\/de\/wp-json\/wp\/v2\/product_tag?post=4106"}],"curies":[{"name":"wp","href":"https:\/\/api.w.org\/{rel}","templated":true}]}}