{"id":4092,"date":"2025-12-26T11:58:18","date_gmt":"2025-12-26T03:58:18","guid":{"rendered":"https:\/\/minghanggroup.com\/?post_type=product&#038;p=4092"},"modified":"2025-12-26T16:58:40","modified_gmt":"2025-12-26T08:58:40","slug":"glass-round-perfume-bottle-with-marble-ball-lids-wholesale","status":"publish","type":"product","link":"https:\/\/minghanggroup.com\/de\/produkt\/glass-round-perfume-bottle-with-marble-ball-lids-wholesale\/","title":{"rendered":"30 ml, 50 ml, 100 ml runde Glasparf\u00fcmflaschen mit Marmorkugeldeckeln \u2013 Gro\u00dfhandel"},"content":{"rendered":"<p>Ihr Duft verdient eine Verpackung, die so au\u00dfergew\u00f6hnlich ist wie Ihr Duft selbst. Wir entwickeln runde Parf\u00fcmflakons, die f\u00fcr den Erfolg Ihrer Duftverpackungen konzipiert sind \u2013 jeder Spr\u00fchflakon wird zum Markenzeichen Ihrer Marke.<\/p>\n<h2>Produktmerkmale<\/h2>\n<ol>\n<li><strong>Elegantes zylindrisches Design: <\/strong>Wir haben einen runden Parf\u00fcmflakon mit schlichten und eleganten Linien und einem marmorierten, strukturierten Verschluss, der einen sch\u00f6nen Kontrast bildet.<\/li>\n<li><strong>Pr\u00e4zisionsspr\u00fchsystem: <\/strong>Die eingebaute Pumpe ist sehr effizient und erzeugt einen feinen Nebel f\u00fcr eine gleichm\u00e4\u00dfige Duftabgabe, wodurch Ihre Duftsprayflaschen besonders auff\u00e4llig werden.<\/li>\n<li><strong>Konstruktion eines stabilen Fundaments: <\/strong>Die Leistungsf\u00e4higkeit Ihres runden Parf\u00fcmflakons wird durch den verdickten Boden gew\u00e4hrleistet, der f\u00fcr Stabilit\u00e4t sorgt, egal ob f\u00fcr die Pr\u00e4sentation in einer Vitrine oder den regelm\u00e4\u00dfigen Gebrauch.<\/li>\n<\/ol>\n<h2>Wichtigste Spezifikationen<\/h2>\n<table style=\"border-collapse: collapse; width: 80%; margin-left: auto; margin-right: auto;\" border=\"0\" width=\"360\" cellspacing=\"0\" cellpadding=\"0\">\n<tbody>\n<tr style=\"height: 13.50pt;\">\n<td style=\"height: 13.5pt; width: 54pt; text-align: center;\" width=\"72\" height=\"18\">Fassungsverm\u00f6gen (ml)<\/td>\n<td style=\"width: 54pt; text-align: center;\" width=\"72\">Gr\u00f6\u00dfe (mm)<\/td>\n<td style=\"width: 54pt; text-align: center;\" width=\"72\">Halsdurchmesser<\/td>\n<td style=\"width: 54pt; text-align: center;\" width=\"72\">Material<\/td>\n<td style=\"width: 54pt; text-align: center;\" width=\"72\">Farboptionen<\/td>\n<\/tr>\n<tr style=\"height: 13.50pt;\">\n<td style=\"height: 13.5pt; text-align: center;\" align=\"right\" height=\"18\">30<\/td>\n<td style=\"text-align: center;\">40 \u00d7 82<\/td>\n<td class=\"et2\" style=\"text-align: center;\" rowspan=\"3\">15 mm<\/td>\n<td class=\"et2\" style=\"text-align: center;\" rowspan=\"3\">Kristallglas<\/td>\n<td class=\"et2\" style=\"text-align: center;\" rowspan=\"3\">Anpassbar<\/td>\n<\/tr>\n<tr style=\"height: 13.50pt;\">\n<td style=\"height: 13.5pt; text-align: center;\" align=\"right\" height=\"18\">50<\/td>\n<td style=\"text-align: center;\">45 \u00d7 92<\/td>\n<\/tr>\n<tr style=\"height: 13.50pt;\">\n<td style=\"height: 13.5pt; text-align: center;\" align=\"right\" height=\"18\">100<\/td>\n<td style=\"text-align: center;\">53 \u00d7 110<\/td>\n<\/tr>\n<\/tbody>\n<\/table>\n<h2>Erfolgsbeispiel<\/h2>\n<p>Ein Parf\u00fcmhersteller w\u00e4hlte diese runden Parf\u00fcmflakons in gro\u00dfen Mengen f\u00fcr seinen neuen Duft. Das Unternehmen wollte den luxuri\u00f6sen Charakter des Produkts unterstreichen und gleichzeitig f\u00fcr Sicherheit und einen effizienten Vertrieb sorgen. Die transparenten Spr\u00fchflaschen mit dem einzigartigen runden Verschluss ziehen die Blicke der Kunden auf sich, da sie die Reinheit und Farbe des Parf\u00fcms sichtbar machen. Dadurch werden Markenbekanntheit und Attraktivit\u00e4t im Regal gesteigert. Der integrierte Spr\u00fchmechanismus erzeugt einen feinen, gleichm\u00e4\u00dfigen Nebel, der den Benutzer begeistert und Produktverluste minimiert.<\/p>\n<p>Nach der Produkteinf\u00fchrung und der Markteinf\u00fchrung verzeichnete das Unternehmen innerhalb weniger Monate einen Umsatzanstieg von 20 % bei der Duftlinie.<\/p>\n<h2>Ihre Anpassungstipps<\/h2>\n<p>Die zylindrischen Duftzerst\u00e4uber dieser runden Form lassen sich individuell an die Erwartungen verschiedener Marken anpassen. Dies geschieht durch die Modifizierung der Glasoberfl\u00e4che oder die Integration individueller Logos per Siebdruck oder Gravur. Marken k\u00f6nnen zudem unterschiedliche Spr\u00fchpumpen und Verschlussformen w\u00e4hlen, um die Leistung und Attraktivit\u00e4t des Produkts hervorzuheben. So wird die Duftverpackung nicht nur den Anforderungen an ein luxuri\u00f6ses, repr\u00e4sentatives und benutzerfreundliches Produkt gerecht, sondern ist auch funktional und optisch ansprechend.<\/p>","protected":false},"excerpt":{"rendered":"<p>Runde Parf\u00fcmflasche aus hochwertigem Glas. Duftzerst\u00e4uber direkt vom Hersteller, individuelle Anpassung in gro\u00dfen Mengen m\u00f6glich, schnelle Lieferung.<\/p>","protected":false},"featured_media":4098,"template":"","meta":{"postBodyCss":"","postBodyMargin":[],"postBodyPadding":[],"postBodyBackground":{"backgroundType":"classic","gradient":""}},"product_brand":[],"product_cat":[15,16,62],"product_tag":[],"class_list":{"0":"post-4092","1":"product","2":"type-product","3":"status-publish","4":"has-post-thumbnail","6":"product_cat-glass-containers","7":"product_cat-glass-bottles","8":"product_cat-perfume-bottles","10":"first","11":"instock","12":"shipping-taxable","13":"product-type-simple"},"jetpack_sharing_enabled":true,"_links":{"self":[{"href":"https:\/\/minghanggroup.com\/de\/wp-json\/wp\/v2\/product\/4092","targetHints":{"allow":["GET"]}}],"collection":[{"href":"https:\/\/minghanggroup.com\/de\/wp-json\/wp\/v2\/product"}],"about":[{"href":"https:\/\/minghanggroup.com\/de\/wp-json\/wp\/v2\/types\/product"}],"wp:featuredmedia":[{"embeddable":true,"href":"https:\/\/minghanggroup.com\/de\/wp-json\/wp\/v2\/media\/4098"}],"wp:attachment":[{"href":"https:\/\/minghanggroup.com\/de\/wp-json\/wp\/v2\/media?parent=4092"}],"wp:term":[{"taxonomy":"product_brand","embeddable":true,"href":"https:\/\/minghanggroup.com\/de\/wp-json\/wp\/v2\/product_brand?post=4092"},{"taxonomy":"product_cat","embeddable":true,"href":"https:\/\/minghanggroup.com\/de\/wp-json\/wp\/v2\/product_cat?post=4092"},{"taxonomy":"product_tag","embeddable":true,"href":"https:\/\/minghanggroup.com\/de\/wp-json\/wp\/v2\/product_tag?post=4092"}],"curies":[{"name":"wp","href":"https:\/\/api.w.org\/{rel}","templated":true}]}}