{"id":4087,"date":"2025-12-26T10:40:12","date_gmt":"2025-12-26T02:40:12","guid":{"rendered":"https:\/\/minghanggroup.com\/?post_type=product&#038;p=4087"},"modified":"2026-04-14T10:04:14","modified_gmt":"2026-04-14T02:04:14","slug":"custom-glass-perfume-bottles-with-elegant-metal-lids-bulk","status":"publish","type":"product","link":"https:\/\/minghanggroup.com\/de\/produkt\/custom-glass-perfume-bottles-with-elegant-metal-lids-bulk\/","title":{"rendered":"30ml 50ml 100ml Custom Glass Perfume Bottles with Metal Lids Bulk"},"content":{"rendered":"<p>Ihr Duft verdient eine Verpackung, die B\u00e4nde spricht. Wir fertigen Parf\u00fcmflakons aus Glas, die f\u00fcr den Erfolg Ihrer Duftverpackung konzipiert sind \u2013 jeder 50-ml-Flakon wird zum Markenzeichen Ihrer Marke.<\/p>\n<h2>Produktmerkmale<\/h2>\n<ol>\n<li><strong>Modernes minimalistisches Design: <\/strong>Das Design unserer Parf\u00fcmflakons aus Kristallglas ist sehr schlicht und modern und eignet sich daher ideal zur Pr\u00e4sentation Ihres Duftes.<\/li>\n<li><strong>Hochwertiges Kristallglasmaterial: <\/strong>Die f\u00fcr die Herstellung dieser Produkte verwendeten Materialien sind hochwertiges Kristallglas, das robust und hitzebest\u00e4ndig ist und sich hervorragend zur Aufbewahrung von \u00e4therischen \u00d6len oder Duftstoffen jeglicher Art eignet.<\/li>\n<li><strong>Mehrere Gr\u00f6\u00dfenoptionen: <\/strong>Sie k\u00f6nnen zwischen 30 ml, 50 ml und 100 ml w\u00e4hlen, um Ihren individuellen Verpackungsbedarf f\u00fcr verschiedene Produktlinien zu decken.<\/li>\n<\/ol>\n<h2>Wichtigste Spezifikationen<\/h2>\n<table style=\"border-collapse: collapse; width: 80%; margin-left: auto; margin-right: auto;\" border=\"0\" width=\"432\" cellspacing=\"0\" cellpadding=\"0\">\n<tbody>\n<tr style=\"height: 13.50pt;\">\n<td style=\"height: 13.5pt; width: 54pt; text-align: center;\" width=\"72\" height=\"18\">Fassungsverm\u00f6gen (ml)<\/td>\n<td style=\"width: 54pt; text-align: center;\" width=\"72\">Gr\u00f6\u00dfe (mm)<\/td>\n<td style=\"width: 54pt; text-align: center;\" width=\"72\">Halsdurchmesser<\/td>\n<td style=\"width: 54pt; text-align: center;\" width=\"72\">Verschlussart<\/td>\n<td style=\"width: 54pt; text-align: center;\" width=\"72\">Material<\/td>\n<td style=\"width: 54pt; text-align: center;\" width=\"72\">Farboptionen<\/td>\n<\/tr>\n<tr style=\"height: 13.50pt;\">\n<td style=\"height: 13.5pt; text-align: center;\" align=\"right\" height=\"18\">30<\/td>\n<td style=\"text-align: center;\">32 x 98<\/td>\n<td class=\"et2\" style=\"text-align: center;\" rowspan=\"3\">18 mm<\/td>\n<td class=\"et2\" style=\"text-align: center;\" rowspan=\"3\">Schraubhals + Spr\u00fchpumpe<\/td>\n<td class=\"et2\" style=\"text-align: center;\" rowspan=\"3\">Kristallglas<\/td>\n<td class=\"et2\" style=\"text-align: center;\" rowspan=\"3\">Anpassbar<\/td>\n<\/tr>\n<tr style=\"height: 13.50pt;\">\n<td style=\"height: 13.5pt; text-align: center;\" align=\"right\" height=\"18\">50<\/td>\n<td style=\"text-align: center;\">32 x 122<\/td>\n<\/tr>\n<tr style=\"height: 13.50pt;\">\n<td style=\"height: 13.5pt; text-align: center;\" align=\"right\" height=\"18\">100<\/td>\n<td style=\"text-align: center;\">40 x 167<\/td>\n<\/tr>\n<\/tbody>\n<\/table>\n<h2>Erfolgsbeispiel<\/h2>\n<p>Unsere 50-ml-Parf\u00fcmflakons wurden von einer Parf\u00fcmmarke als Verpackung f\u00fcr die Markteinf\u00fchrung ihrer neuen Duftlinie ausgew\u00e4hlt. Die Marke legte extrem hohe Ma\u00dfst\u00e4be an die Verpackung an und konzentrierte sich insbesondere auf die Aufwertung des Produktimages und des Kundenerlebnisses. Das Markenimage harmonierte perfekt mit unserem Parf\u00fcmflakon, der sich durch sein elegantes und modernes Design, das klare Glas und den luxuri\u00f6sen silbernen Verschluss auszeichnet. Die Spr\u00fchd\u00fcse erm\u00f6glicht ein gleichm\u00e4\u00dfiges Auftragen und macht die Anwendung kinderleicht.<\/p>\n<p>Bereits nach drei Monaten, in denen die Marke unsere Verpackungen verwendet, stieg der Absatz der Parf\u00fcmlinie der Marke um 15 %, und auch die Wiederkaufsrate erh\u00f6hte sich.<\/p>\n<h2>Ihre Anpassungstipps<\/h2>\n<p>Wenn Sie diesen Glasflakon individualisieren, k\u00f6nnen Sie das Design an den einzigartigen Markenstil Ihres Unternehmens anpassen. Der transparente Glasbeh\u00e4lter besticht durch die Farbe und Textur des Parfums, w\u00e4hrend der Metalldeckel in verschiedenen Farbt\u00f6nen wie klassischem Silber, elegantem Gold oder trendigem Schwarz erh\u00e4ltlich ist und so den luxuri\u00f6sen Gesamteindruck unterstreicht. F\u00fcr eine benutzerfreundliche und pr\u00e4zise Anwendung l\u00e4sst sich auch die Spr\u00fchd\u00fcse individuell gestalten, um stets ein gleichm\u00e4\u00dfiges und feines Spr\u00fchergebnis zu gew\u00e4hrleisten.<\/p>\n<p>Auch die Flasche l\u00e4sst sich symbolisch mit Ihrer Markengeschichte individualisieren; eine runde, rechteckige oder ungew\u00f6hnliche Form unterstreicht den Charakter Ihrer Marke. Dar\u00fcber hinaus k\u00f6nnen Sie Ihr einzigartiges Markenlogo oder das Bild Ihres Illustrators auf der Flasche anbringen, wodurch das Produkt f\u00fcr die K\u00e4ufer wiedererkennbarer wird und jede Parf\u00fcmflasche zu einem Unikat wird.<\/p>","protected":false},"excerpt":{"rendered":"<p>Discover the stylish glass perfume bottles, choose 30ml 100ml and 50ml perfume bottles for brands and wholesalers. Factory direct supply, bulk customization.<\/p>","protected":false},"featured_media":4091,"template":"","meta":{"postBodyCss":"","postBodyMargin":[],"postBodyPadding":[],"postBodyBackground":{"backgroundType":"classic","gradient":""}},"product_brand":[],"product_cat":[15,16,62],"product_tag":[111],"class_list":{"0":"post-4087","1":"product","2":"type-product","3":"status-publish","4":"has-post-thumbnail","6":"product_cat-glass-containers","7":"product_cat-glass-bottles","8":"product_cat-perfume-bottles","9":"product_tag-glass-mist-bottles","11":"first","12":"instock","13":"shipping-taxable","14":"product-type-simple"},"jetpack_sharing_enabled":true,"_links":{"self":[{"href":"https:\/\/minghanggroup.com\/de\/wp-json\/wp\/v2\/product\/4087","targetHints":{"allow":["GET"]}}],"collection":[{"href":"https:\/\/minghanggroup.com\/de\/wp-json\/wp\/v2\/product"}],"about":[{"href":"https:\/\/minghanggroup.com\/de\/wp-json\/wp\/v2\/types\/product"}],"wp:featuredmedia":[{"embeddable":true,"href":"https:\/\/minghanggroup.com\/de\/wp-json\/wp\/v2\/media\/4091"}],"wp:attachment":[{"href":"https:\/\/minghanggroup.com\/de\/wp-json\/wp\/v2\/media?parent=4087"}],"wp:term":[{"taxonomy":"product_brand","embeddable":true,"href":"https:\/\/minghanggroup.com\/de\/wp-json\/wp\/v2\/product_brand?post=4087"},{"taxonomy":"product_cat","embeddable":true,"href":"https:\/\/minghanggroup.com\/de\/wp-json\/wp\/v2\/product_cat?post=4087"},{"taxonomy":"product_tag","embeddable":true,"href":"https:\/\/minghanggroup.com\/de\/wp-json\/wp\/v2\/product_tag?post=4087"}],"curies":[{"name":"wp","href":"https:\/\/api.w.org\/{rel}","templated":true}]}}