{"id":4086,"date":"2025-12-25T17:56:05","date_gmt":"2025-12-25T09:56:05","guid":{"rendered":"https:\/\/minghanggroup.com\/?post_type=product&#038;p=4086"},"modified":"2025-12-26T11:17:07","modified_gmt":"2025-12-26T03:17:07","slug":"miniature-perfume-bottles-with-gold-spray-lids-bulk","status":"publish","type":"product","link":"https:\/\/minghanggroup.com\/de\/produkt\/miniature-perfume-bottles-with-gold-spray-lids-bulk\/","title":{"rendered":"2 ml, 3 ml, 5 ml, 10 ml Miniatur-Parf\u00fcmfl\u00e4schchen mit goldenen Spr\u00fchdeckeln (Gro\u00dfpackung)"},"content":{"rendered":"<p>Diese Miniatur-Parf\u00fcmflakons haben einen glatten, geraden Korpus aus transparentem Glas und sind in vier Gr\u00f6\u00dfen erh\u00e4ltlich. Sie eignen sich am besten zur Pr\u00e4sentation von Parf\u00fcmproben, Reiseparf\u00fcms oder \u00e4therischen \u00d6lsprays.<\/p>\n<h2>Produktmerkmale<\/h2>\n<ul>\n<li><strong>Mehrere Mini-Gr\u00f6\u00dfen:<\/strong> Es gibt vier H\u00f6hen, die f\u00fcr verschiedene F\u00fcllmengen von Parfums, \u00e4therischen \u00d6len und anderen Produkten geeignet sind.<\/li>\n<li><strong>Luxuri\u00f6ses, transparentes Glas mit goldener Kappe:<\/strong> Der vollst\u00e4ndig transparente Glask\u00f6rper mit goldener Metallkappe spiegelt den Inhalt klar wider, was sehr edel und luxuri\u00f6s wirkt.<\/li>\n<li><strong>Einfaches Design mit geradem Zylinder:<\/strong> Dies ist die einfachste gerade Zylinderkonstruktion, deren Design eine einfache Aufbewahrung und einen bequemen Transport erm\u00f6glicht, was besonders praktisch auf Reisen und bei Ausbesserungsarbeiten unterwegs ist.<\/li>\n<\/ul>\n<h2 style=\"text-align: left;\">Wichtigste Spezifikationen<\/h2>\n<table class=\"aligncenter\" style=\"border-collapse: collapse; width: 482.27pt;\" border=\"0\" width=\"643\" cellspacing=\"0\" cellpadding=\"0\">\n<tbody>\n<tr style=\"height: 13.50pt;\">\n<td style=\"height: 13.50pt; width: 111.75pt;\" width=\"149\" height=\"18\">Specification<\/td>\n<td style=\"width: 370.50pt;\" width=\"494\">Details<\/td>\n<\/tr>\n<tr style=\"height: 13.50pt;\">\n<td style=\"height: 13.50pt;\" height=\"18\">Abmessungen (\u00d8 x H)<\/td>\n<td>2 ml: 1,4 \u00d7 3 cm; 3 ml: 1,4 \u00d7 4 cm; 5 ml: 1,4 \u00d7 5,5 cm; 10 ml: 1,4 \u00d7 10 cm<\/td>\n<\/tr>\n<tr style=\"height: 13.50pt;\">\n<td style=\"height: 13.50pt;\" height=\"18\">Material<\/td>\n<td>Klarglask\u00f6rper, goldfarbene Metallkappe<\/td>\n<\/tr>\n<tr style=\"height: 13.50pt;\">\n<td style=\"height: 13.50pt;\" height=\"18\">Flaschenform<\/td>\n<td>Zylinder mit gerader Wandung<\/td>\n<\/tr>\n<tr style=\"height: 13.50pt;\">\n<td style=\"height: 13.50pt;\" height=\"18\">Materialeigenschaften<\/td>\n<td>Langlebig, nachf\u00fcllbar, hochwertige Verarbeitung<\/td>\n<\/tr>\n<tr style=\"height: 13.50pt;\">\n<td style=\"height: 13.50pt;\" height=\"18\">Ideal f\u00fcr<\/td>\n<td>Parf\u00fcmprobenfl\u00e4schchen, Mini-Parf\u00fcmfl\u00e4schchen<\/td>\n<\/tr>\n<\/tbody>\n<\/table>\n<h2>Erfolgsgeschichte<\/h2>\n<p>Unsere 5-ml-Parf\u00fcmprobenfl\u00e4schchen dienten als Standardverpackung f\u00fcr alle Produkte eines Anbieters von Parf\u00fcm-Abonnements. Das klassische Design stie\u00df auf gro\u00dfe Resonanz und erzielte in Umfragen unter den Mitgliedern ein positives Feedback von 95 Prozent. Dank der Auslaufsicherheit der Fl\u00e4schchen wurde zudem eine Versandquote von 99,9 % erreicht, obwohl die Produkte beinahe besch\u00e4digt waren. Aufgrund dieses Erfolgs bestellte das Unternehmen innerhalb von zwei Jahren 500.000 zus\u00e4tzliche Fl\u00e4schchen, um die steigende Nachfrage zu decken.<\/p>\n<h2>Personalisierung von Miniatur-Parf\u00fcmflakons<\/h2>\n<ul>\n<li>Personalisierte Metallkappe \u2013 Ros\u00e9gold, Silber oder Schwarz mit verschiedenen PVD-Beschichtungen.<\/li>\n<li>Farben der Glasflaschen \u2013 Bernstein, Kobaltblau oder Gr\u00fcn (mit UV-Schutz).<\/li>\n<li>Glassiebdruck \u2013 Hierbei wird Ihr Logo, der Name Ihres Parfums oder Ihr Design auf das Glas gedruckt.<\/li>\n<li>Laser\u00e4tzung \u2013 Komplexe Designs, Chargennummern oder Monogramme k\u00f6nnen auf die Oberfl\u00e4che des Glases aufgebracht werden.<\/li>\n<li>Ma\u00dfgeschneiderte Spr\u00fchger\u00e4te \u2013 Lassen Sie Spr\u00fchd\u00fcsen speziell f\u00fcr Ihre Marke anfertigen.<\/li>\n<\/ul>","protected":false},"excerpt":{"rendered":"<p>Miniatur-Parf\u00fcmflakons und Parf\u00fcmproben in Klarglas mit goldenen Spr\u00fchk\u00f6pfen. Schneller Versand f\u00fcr Produktproben und Reisen. Gratisproben.<\/p>","protected":false},"featured_media":4096,"template":"","meta":{"postBodyCss":"","postBodyMargin":[],"postBodyPadding":[],"postBodyBackground":{"backgroundType":"classic","gradient":""}},"product_brand":[],"product_cat":[15,16,62],"product_tag":[],"class_list":{"0":"post-4086","1":"product","2":"type-product","3":"status-publish","4":"has-post-thumbnail","6":"product_cat-glass-containers","7":"product_cat-glass-bottles","8":"product_cat-perfume-bottles","10":"first","11":"instock","12":"shipping-taxable","13":"product-type-simple"},"jetpack_sharing_enabled":true,"_links":{"self":[{"href":"https:\/\/minghanggroup.com\/de\/wp-json\/wp\/v2\/product\/4086","targetHints":{"allow":["GET"]}}],"collection":[{"href":"https:\/\/minghanggroup.com\/de\/wp-json\/wp\/v2\/product"}],"about":[{"href":"https:\/\/minghanggroup.com\/de\/wp-json\/wp\/v2\/types\/product"}],"wp:featuredmedia":[{"embeddable":true,"href":"https:\/\/minghanggroup.com\/de\/wp-json\/wp\/v2\/media\/4096"}],"wp:attachment":[{"href":"https:\/\/minghanggroup.com\/de\/wp-json\/wp\/v2\/media?parent=4086"}],"wp:term":[{"taxonomy":"product_brand","embeddable":true,"href":"https:\/\/minghanggroup.com\/de\/wp-json\/wp\/v2\/product_brand?post=4086"},{"taxonomy":"product_cat","embeddable":true,"href":"https:\/\/minghanggroup.com\/de\/wp-json\/wp\/v2\/product_cat?post=4086"},{"taxonomy":"product_tag","embeddable":true,"href":"https:\/\/minghanggroup.com\/de\/wp-json\/wp\/v2\/product_tag?post=4086"}],"curies":[{"name":"wp","href":"https:\/\/api.w.org\/{rel}","templated":true}]}}