{"id":4071,"date":"2025-12-25T16:49:20","date_gmt":"2025-12-25T08:49:20","guid":{"rendered":"https:\/\/minghanggroup.com\/?post_type=product&#038;p=4071"},"modified":"2025-12-25T17:13:24","modified_gmt":"2025-12-25T09:13:24","slug":"100ml-perfume-bottles-with-spray-lids-bulk","status":"publish","type":"product","link":"https:\/\/minghanggroup.com\/de\/produkt\/100ml-perfume-bottles-with-spray-lids-bulk\/","title":{"rendered":"30 ml, 50 ml, 100 ml Parf\u00fcmflaschen mit Spr\u00fchdeckel (Gro\u00dfpackung)"},"content":{"rendered":"<p>Ihr Duft verdient es, noch mehr zu strahlen. Wir fertigen 100-ml-Parf\u00fcmflakons f\u00fcr Gro\u00dfh\u00e4ndler \u2013 jede Gro\u00dfbestellung wird zum Markenzeichen Ihrer Marke.<\/p>\n<h2>Produktmerkmale<\/h2>\n<ol>\n<li><strong>Spr\u00fchd\u00fcse: <\/strong>Dank der integrierten Spr\u00fchd\u00fcse verteilt sich das Parf\u00fcm innerhalb weniger Sekunden gleichm\u00e4\u00dfig, wodurch der Benutzer die verwendete Parf\u00fcmmenge leicht kontrollieren kann und weniger Abfall entsteht.<\/li>\n<li><strong>Schlichtes und modernes Erscheinungsbild: <\/strong>Das minimalistische zylindrische Design ist eine perfekte L\u00f6sung f\u00fcr jede Parf\u00fcmmarke und wirkt bei der Pr\u00e4sentation edel und elegant.<\/li>\n<li><strong>Auslaufsicheres Design: <\/strong>Die dicht verschlossene Flaschen\u00f6ffnung und der hochwertige Verschluss sind die Hauptfaktoren, die ein Auslaufen der Fl\u00fcssigkeit verhindern und gleichzeitig die lange Haltbarkeit des Parfums gew\u00e4hrleisten.<\/li>\n<\/ol>\n<h2>Wichtigste Spezifikationen<\/h2>\n<table style=\"border-collapse: collapse; width: 80%; margin-left: auto; margin-right: auto;\" border=\"0\" width=\"360\" cellspacing=\"0\" cellpadding=\"0\">\n<tbody>\n<tr style=\"height: 13.50pt;\">\n<td style=\"height: 13.5pt; width: 54pt; text-align: center;\" width=\"72\" height=\"18\">Fassungsverm\u00f6gen (ml)<\/td>\n<td style=\"width: 54pt; text-align: center;\" width=\"72\">Gr\u00f6\u00dfe (mm)<\/td>\n<td style=\"width: 54pt; text-align: center;\" width=\"72\">Dichtungsverfahren<\/td>\n<td style=\"width: 54pt; text-align: center;\" width=\"72\">Material<\/td>\n<td style=\"width: 54pt; text-align: center;\" width=\"72\">Farboptionen<\/td>\n<\/tr>\n<tr style=\"height: 13.50pt;\">\n<td style=\"height: 13.5pt; text-align: center;\" align=\"right\" height=\"18\">30<\/td>\n<td style=\"text-align: center;\">36*72<\/td>\n<td class=\"et2\" style=\"text-align: center;\" rowspan=\"3\">Crimp Neck+Sprayer<\/td>\n<td class=\"et2\" style=\"text-align: center;\" rowspan=\"3\">Kristallglas<\/td>\n<td class=\"et2\" style=\"text-align: center;\" rowspan=\"3\">Anpassbar<\/td>\n<\/tr>\n<tr style=\"height: 13.50pt;\">\n<td style=\"height: 13.5pt; text-align: center;\" align=\"right\" height=\"18\">50<\/td>\n<td style=\"text-align: center;\">43.5*85<\/td>\n<\/tr>\n<tr style=\"height: 13.50pt;\">\n<td style=\"height: 13.5pt; text-align: center;\" align=\"right\" height=\"18\">100<\/td>\n<td style=\"text-align: center;\">51.4*100<\/td>\n<\/tr>\n<\/tbody>\n<\/table>\n<h2>Erfolgsbeispiel<\/h2>\n<p>Eine Parf\u00fcmmarke entschied sich, diese 100-ml-Parf\u00fcmflakons in Gro\u00dfpackungen f\u00fcr ihre neue Duftlinie zu verwenden. Die Marke m\u00f6chte das Premium-Erlebnis des Produkts durch ein ansprechendes Design aufwerten und gleichzeitig optimale Lagerung und Abgabe der Parf\u00fcms gew\u00e4hrleisten. Die Kombination aus Klarglasflakon und schwarzem Verschluss bringt die Farbe und den Glanz des Parf\u00fcms optimal zur Geltung und tr\u00e4gt so zur Attraktivit\u00e4t der gesamten Verpackung bei. Die Anordnung der Spr\u00fchd\u00fcse im Flakon erm\u00f6glicht eine effiziente Parf\u00fcmabgabe und verhindert Verschwendung.<\/p>\n<p>Nach einigen Monaten der Markteinf\u00fchrung konnte die Marke bei dieser Duftlinie einen Umsatzanstieg von 20 % verzeichnen.<\/p>\n<h2>Ihre Anpassungstipps<\/h2>\n<p>Bei der Gestaltung dieses Parf\u00fcmflakons k\u00f6nnen Sie individuelle Alternativen ausw\u00e4hlen, die zu Ihrer Markenpositionierung und den Eigenschaften Ihres Produkts passen. Beispielsweise kann der Flakon aus sehr klarem Glas gefertigt werden, um die Farbe und Textur des Parf\u00fcms optimal zur Geltung zu bringen und so dessen Optik zu versch\u00f6nern.<\/p>\n<p>Falls Sie sich einen Parf\u00fcmflakon w\u00fcnschen, der Ihrem pers\u00f6nlichen Stil entspricht, k\u00f6nnen Sie das Markenlogo, das Muster oder das Etikett individuell gestalten und so ein einheitliches Markenbild schaffen. Auch die Gestaltung des Flaschenverschlusses spielt eine wichtige Rolle bei der Individualisierung. Sie haben die Wahl zwischen einem schwarzen, goldenen oder silbernen Verschluss oder einem nat\u00fcrlicheren Holzverschluss, um unterschiedlichen Marktanforderungen und Stilen gerecht zu werden.<\/p>","protected":false},"excerpt":{"rendered":"<p>Stilvoller 100-ml-Parf\u00fcmflakon mit schwarzem Verschluss, ideal f\u00fcr Duftstoffe. Perfekt f\u00fcr Gro\u00dfbestellungen von Parf\u00fcmflakons mit Gratisproben und individueller Gestaltung direkt ab Werk.<\/p>","protected":false},"featured_media":4084,"template":"","meta":{"postBodyCss":"","postBodyMargin":[],"postBodyPadding":[],"postBodyBackground":{"backgroundType":"classic","gradient":""}},"product_brand":[],"product_cat":[15,16,62],"product_tag":[],"class_list":{"0":"post-4071","1":"product","2":"type-product","3":"status-publish","4":"has-post-thumbnail","6":"product_cat-glass-containers","7":"product_cat-glass-bottles","8":"product_cat-perfume-bottles","10":"first","11":"instock","12":"shipping-taxable","13":"product-type-simple"},"jetpack_sharing_enabled":true,"_links":{"self":[{"href":"https:\/\/minghanggroup.com\/de\/wp-json\/wp\/v2\/product\/4071","targetHints":{"allow":["GET"]}}],"collection":[{"href":"https:\/\/minghanggroup.com\/de\/wp-json\/wp\/v2\/product"}],"about":[{"href":"https:\/\/minghanggroup.com\/de\/wp-json\/wp\/v2\/types\/product"}],"wp:featuredmedia":[{"embeddable":true,"href":"https:\/\/minghanggroup.com\/de\/wp-json\/wp\/v2\/media\/4084"}],"wp:attachment":[{"href":"https:\/\/minghanggroup.com\/de\/wp-json\/wp\/v2\/media?parent=4071"}],"wp:term":[{"taxonomy":"product_brand","embeddable":true,"href":"https:\/\/minghanggroup.com\/de\/wp-json\/wp\/v2\/product_brand?post=4071"},{"taxonomy":"product_cat","embeddable":true,"href":"https:\/\/minghanggroup.com\/de\/wp-json\/wp\/v2\/product_cat?post=4071"},{"taxonomy":"product_tag","embeddable":true,"href":"https:\/\/minghanggroup.com\/de\/wp-json\/wp\/v2\/product_tag?post=4071"}],"curies":[{"name":"wp","href":"https:\/\/api.w.org\/{rel}","templated":true}]}}