{"id":4067,"date":"2025-12-25T15:10:01","date_gmt":"2025-12-25T07:10:01","guid":{"rendered":"https:\/\/minghanggroup.com\/?post_type=product&#038;p=4067"},"modified":"2025-12-25T17:16:54","modified_gmt":"2025-12-25T09:16:54","slug":"mini-capsule-travel-perfume-bottles-bulk","status":"publish","type":"product","link":"https:\/\/minghanggroup.com\/de\/produkt\/mini-capsule-travel-perfume-bottles-bulk\/","title":{"rendered":"5ml Mini-Kapsel-Reiseparf\u00fcmfl\u00e4schchen (Gro\u00dfpackung)"},"content":{"rendered":"<p>Diese Mini-Parf\u00fcmfl\u00e4schchen haben die Form einer glatten, abgerundeten Kapsel mit gl\u00e4nzendem Metallic-Finish. Sie fassen 5 ml und sind daher klein und handlich \u2013 sie passen problemlos in Handtasche, Clutch oder sogar Hosentasche.<\/p>\n<h2>Produktmerkmale<\/h2>\n<ul>\n<li><strong>5 ml Mini-Portabilit\u00e4t:<\/strong> Dank des Fassungsverm\u00f6gens von 5 ml und der Form der Kapsel passen sie in eine Tasche oder Handtasche und eignen sich perfekt f\u00fcr den t\u00e4glichen Gebrauch, um kleine Ausbesserungen vorzunehmen.<\/li>\n<li><strong>Verschiedene Metallic-Farben:<\/strong> Dar\u00fcber hinaus sehen wir verschiedene Metallic-Farben wie Lila, Schwarz und einige andere, die nicht nur optisch anspruchsvoller sind, sondern auch unterschiedlichen Modegeschm\u00e4ckern gerecht werden.<\/li>\n<li><strong>Abgerundete Kapselform:<\/strong> Die abgerundete Kapselform sorgt f\u00fcr hohen Tragekomfort und verleiht dem Produkt gleichzeitig ein elegantes und minimalistisches Aussehen.<\/li>\n<\/ul>\n<h2 style=\"text-align: left;\">Wichtigste Spezifikationen<\/h2>\n<table class=\"aligncenter\" style=\"border-collapse: collapse; width: 485.27pt;\" border=\"0\" width=\"647\" cellspacing=\"0\" cellpadding=\"0\">\n<tbody>\n<tr style=\"height: 13.50pt;\">\n<td style=\"height: 13.50pt; width: 109.50pt;\" width=\"146\" height=\"18\">Specification<\/td>\n<td style=\"width: 375.75pt;\" width=\"501\">Details<\/td>\n<\/tr>\n<tr style=\"height: 13.50pt;\">\n<td style=\"height: 13.50pt;\" height=\"18\">Kapazit\u00e4t<\/td>\n<td>5 ml<\/td>\n<\/tr>\n<tr style=\"height: 13.50pt;\">\n<td style=\"height: 13.50pt;\" height=\"18\">Abmessungen (\u00d8 x H)<\/td>\n<td>1,7 \u00d7 7,5 cm<\/td>\n<\/tr>\n<tr style=\"height: 13.50pt;\">\n<td style=\"height: 13.50pt;\" height=\"18\">Material<\/td>\n<td>Inneres Glasfl\u00e4schchen, \u00e4u\u00dferes Metallgeh\u00e4use<\/td>\n<\/tr>\n<tr style=\"height: 13.50pt;\">\n<td style=\"height: 13.50pt;\" height=\"18\">Flaschenform<\/td>\n<td>Abgerundete Kapsel<\/td>\n<\/tr>\n<tr style=\"height: 13.50pt;\">\n<td style=\"height: 13.50pt;\" height=\"18\">Ideal f\u00fcr<\/td>\n<td>Duftproben, Mini-Parf\u00fcmflakons, Reise-Parf\u00fcmflakons<\/td>\n<\/tr>\n<\/tbody>\n<\/table>\n<h2>Erfolgsgeschichte: Das Entdeckerset eines Nischenparf\u00fcmeurs<\/h2>\n<p>Unsere 5-ml-Mini-Parf\u00fcmfl\u00e4schchen wurden von einem australischen Parf\u00fcmhersteller bestellt. Jeder Duft wurde in einem andersfarbigen, metallischen Mini-Fl\u00e4schchen angeboten. Die kleine Gr\u00f6\u00dfe trug au\u00dferdem 40 Prozent zum Umsatz bei, da die Fl\u00e4schchen beim Bezahlvorgang als Zusatzkauf zu Reiseartikeln angeboten wurden. Diese Parf\u00fcmkollektion entwickelte sich zu einem Verkaufsschlager und etablierte die Marke. 60 Prozent der Neukunden kauften dieses Parf\u00fcmset. Aufgrund dieses Erfolgs bestellte der Parf\u00fcmhersteller weitere 150.000 Fl\u00e4schchen, um die neue Kollektion einzuf\u00fchren.<\/p>\n<h2>Personalisierte Reiseparf\u00fcmflakons<\/h2>\n<ul>\n<li>Individuelle Metallfarbe \u2013 Die PVD-Beschichtung des Metallgeh\u00e4uses soll in Ihren Markenfarben erfolgen.<\/li>\n<li>Geh\u00e4use-Lasergravur \u2013 Pr\u00e4gen Sie Ihr Logo, Design oder den Namen Ihres Parfums auf die Metalloberfl\u00e4che.<\/li>\n<li>Benutzerdefinierte Fensterform, W\u00e4hlen Sie die Kontur des transparenten Fensters (z. B. oval, tropfenf\u00f6rmig).<\/li>\n<li>Strukturierter Anti-Rutsch-Ring: Ein d\u00fcnner, strukturierter Ring ist an der Metallkappe angebracht, der f\u00fcr besseren Halt sorgt.<\/li>\n<\/ul>","protected":false},"excerpt":{"rendered":"<p>Entdecken Sie Mini-Parf\u00fcmflakons mit elegantem Silberring. Dieser 5-ml-Reiseflakon ist in Rosa, Gold und weiteren Farben erh\u00e4ltlich. Schneller Versand f\u00fcr alle Farben.<\/p>","protected":false},"featured_media":4074,"template":"","meta":{"postBodyCss":"","postBodyMargin":[],"postBodyPadding":[],"postBodyBackground":{"backgroundType":"classic","gradient":""}},"product_brand":[],"product_cat":[15,16,62],"product_tag":[],"class_list":{"0":"post-4067","1":"product","2":"type-product","3":"status-publish","4":"has-post-thumbnail","6":"product_cat-glass-containers","7":"product_cat-glass-bottles","8":"product_cat-perfume-bottles","10":"first","11":"instock","12":"shipping-taxable","13":"product-type-simple"},"jetpack_sharing_enabled":true,"_links":{"self":[{"href":"https:\/\/minghanggroup.com\/de\/wp-json\/wp\/v2\/product\/4067","targetHints":{"allow":["GET"]}}],"collection":[{"href":"https:\/\/minghanggroup.com\/de\/wp-json\/wp\/v2\/product"}],"about":[{"href":"https:\/\/minghanggroup.com\/de\/wp-json\/wp\/v2\/types\/product"}],"wp:featuredmedia":[{"embeddable":true,"href":"https:\/\/minghanggroup.com\/de\/wp-json\/wp\/v2\/media\/4074"}],"wp:attachment":[{"href":"https:\/\/minghanggroup.com\/de\/wp-json\/wp\/v2\/media?parent=4067"}],"wp:term":[{"taxonomy":"product_brand","embeddable":true,"href":"https:\/\/minghanggroup.com\/de\/wp-json\/wp\/v2\/product_brand?post=4067"},{"taxonomy":"product_cat","embeddable":true,"href":"https:\/\/minghanggroup.com\/de\/wp-json\/wp\/v2\/product_cat?post=4067"},{"taxonomy":"product_tag","embeddable":true,"href":"https:\/\/minghanggroup.com\/de\/wp-json\/wp\/v2\/product_tag?post=4067"}],"curies":[{"name":"wp","href":"https:\/\/api.w.org\/{rel}","templated":true}]}}