{"id":4061,"date":"2025-12-25T15:35:19","date_gmt":"2025-12-25T07:35:19","guid":{"rendered":"https:\/\/minghanggroup.com\/?post_type=product&#038;p=4061"},"modified":"2025-12-25T17:08:46","modified_gmt":"2025-12-25T09:08:46","slug":"empty-perfume-bottles-with-lids-wholesale","status":"publish","type":"product","link":"https:\/\/minghanggroup.com\/de\/produkt\/empty-perfume-bottles-with-lids-wholesale\/","title":{"rendered":"50 ml und 100 ml leere Parf\u00fcmflaschen mit Deckel \u2013 Gro\u00dfhandel"},"content":{"rendered":"<p>Sie verdienen eine Premium-Verpackung, die Ihren Duft perfekt in Szene setzt. Wir fertigen leere Parf\u00fcmflakons, die speziell f\u00fcr erfolgreiche Duftverpackungen entwickelt wurden \u2013 jeder 50-ml-Flakon tr\u00e4gt dazu bei, Ihre Produktgeschichte zu erz\u00e4hlen.<\/p>\n<h2>Produktmerkmale<\/h2>\n<ul>\n<li><strong>Elegantes, modernes Design: <\/strong>Unsere Kristallglasflakons sind optisch ansprechend und haben ein trendiges und modernes Design, das die ideale Pr\u00e4sentation f\u00fcr Ihren Duft darstellt.<\/li>\n<li><strong>Pr\u00e4zisionsspr\u00fchsystem: <\/strong>Der mitgelieferte Spr\u00fcher sorgt stets f\u00fcr einen feinen Nebel bei Ihrer luxuri\u00f6sen Anwendung.<\/li>\n<li><strong>Hochwertiges Kristallglasmaterial: <\/strong>Durch die Verwendung von hochwertigem Kristallglas ist das Produkt nicht nur robust, sondern passt auch perfekt zu Ihrem luxuri\u00f6sen Duft.<\/li>\n<li><strong>Mehrere Kapazit\u00e4tsoptionen: <\/strong>Dieses Design wird in 50-ml- und 100-ml-Varianten angeboten, um Ihren spezifischen Anforderungen an die Duftverpackung gerecht zu werden.<\/li>\n<\/ul>\n<h2>Wichtigste Spezifikationen<\/h2>\n<table style=\"border-collapse: collapse; width: 80%; margin-left: auto; margin-right: auto;\" border=\"0\" width=\"360\" cellspacing=\"0\" cellpadding=\"0\">\n<tbody>\n<tr style=\"height: 13.50pt;\">\n<td style=\"height: 13.5pt; width: 54pt; text-align: center;\" width=\"72\" height=\"18\">Fassungsverm\u00f6gen (ml)<\/td>\n<td style=\"width: 54pt; text-align: center;\" width=\"72\">Gr\u00f6\u00dfe (mm)<\/td>\n<td style=\"width: 54pt; text-align: center;\" width=\"72\">Halsdurchmesser<\/td>\n<td style=\"width: 54pt; text-align: center;\" width=\"72\">Dichtungsverfahren<\/td>\n<td style=\"width: 54pt; text-align: center;\" width=\"72\">Material<\/td>\n<\/tr>\n<tr style=\"height: 13.50pt;\">\n<td style=\"height: 13.5pt; text-align: center;\" align=\"right\" height=\"18\">50<\/td>\n<td style=\"text-align: center;\">37 * 98<\/td>\n<td class=\"et2\" style=\"text-align: center;\" rowspan=\"3\">15 mm<\/td>\n<td class=\"et2\" style=\"text-align: center;\" rowspan=\"3\">Crimp Neck+Sprayer<\/td>\n<td class=\"et2\" style=\"text-align: center;\" rowspan=\"3\">Kristallglas<\/td>\n<\/tr>\n<tr style=\"height: 13.50pt;\">\n<td style=\"height: 13.5pt; text-align: center;\" align=\"right\" height=\"18\">50<\/td>\n<td style=\"text-align: center;\">32 * 137<\/td>\n<\/tr>\n<tr style=\"height: 13.50pt;\">\n<td style=\"height: 13.5pt; text-align: center;\" align=\"right\" height=\"18\">100<\/td>\n<td style=\"text-align: center;\">39 * 159<\/td>\n<\/tr>\n<\/tbody>\n<\/table>\n<h2>Erfolgsbeispiel<\/h2>\n<p>Eine Luxusmarke w\u00e4hlte diesen 50-ml-Parf\u00fcmflakon als Verpackung f\u00fcr ihre neue Duftkollektion. Die Marke m\u00f6chte durch ein anspruchsvolles und modernes Design ein hochwertiges und elegantes Markenimage vermitteln. Der Flakon besteht aus Klarglas und einem schwarzen Verschluss \u2013 ein schlichtes und zugleich elegantes Design, das die Qualit\u00e4t und den Charme des Parfums perfekt zur Geltung bringt.<\/p>\n<p>Nach der Umstellung auf diesen speziell entworfenen Parf\u00fcmflakon stiegen die Parf\u00fcmverk\u00e4ufe der Marke deutlich an und erh\u00f6hten sich innerhalb von drei Monaten nach der Produkteinf\u00fchrung um 30 %.<\/p>\n<h2>Ihre Anpassungstipps<\/h2>\n<p>Sie haben viele M\u00f6glichkeiten, diese 50-ml-Parf\u00fcmflasche zu etwas Besonderem zu machen: W\u00e4hlen Sie, was am besten zu Ihrer Marke und Ihrem Produkt passt. Die Flasche kann aus hochwertigem, transparentem Glas gefertigt sein, sodass Farbe und Textur des Parf\u00fcms sichtbar sind. Auch der Verschluss l\u00e4sst sich nach Ihren W\u00fcnschen anpassen. Ein Holzverschluss wirkt nat\u00fcrlich und edel, w\u00e4hrend Metall- oder Kunststoffverschl\u00fcsse moderner erscheinen. Personalisieren Sie die Parf\u00fcmflasche mit Ihrem Markenlogo oder -muster, um Ihre Markenidentit\u00e4t zu st\u00e4rken.<\/p>","protected":false},"excerpt":{"rendered":"<p>Leere Parf\u00fcmflakons (50 ml und 100 ml) mit schwarzem Verschluss, ideal f\u00fcr Parfums oder Kosmetik. Erh\u00e4ltlich in gro\u00dfen Mengen, inklusive Gratisproben und individuellen Gestaltungsm\u00f6glichkeiten.<\/p>","protected":false},"featured_media":4066,"template":"","meta":{"postBodyCss":"","postBodyMargin":[],"postBodyPadding":[],"postBodyBackground":{"backgroundType":"classic","gradient":""}},"product_brand":[],"product_cat":[15,16,62],"product_tag":[],"class_list":{"0":"post-4061","1":"product","2":"type-product","3":"status-publish","4":"has-post-thumbnail","6":"product_cat-glass-containers","7":"product_cat-glass-bottles","8":"product_cat-perfume-bottles","10":"first","11":"instock","12":"shipping-taxable","13":"product-type-simple"},"jetpack_sharing_enabled":true,"_links":{"self":[{"href":"https:\/\/minghanggroup.com\/de\/wp-json\/wp\/v2\/product\/4061","targetHints":{"allow":["GET"]}}],"collection":[{"href":"https:\/\/minghanggroup.com\/de\/wp-json\/wp\/v2\/product"}],"about":[{"href":"https:\/\/minghanggroup.com\/de\/wp-json\/wp\/v2\/types\/product"}],"wp:featuredmedia":[{"embeddable":true,"href":"https:\/\/minghanggroup.com\/de\/wp-json\/wp\/v2\/media\/4066"}],"wp:attachment":[{"href":"https:\/\/minghanggroup.com\/de\/wp-json\/wp\/v2\/media?parent=4061"}],"wp:term":[{"taxonomy":"product_brand","embeddable":true,"href":"https:\/\/minghanggroup.com\/de\/wp-json\/wp\/v2\/product_brand?post=4061"},{"taxonomy":"product_cat","embeddable":true,"href":"https:\/\/minghanggroup.com\/de\/wp-json\/wp\/v2\/product_cat?post=4061"},{"taxonomy":"product_tag","embeddable":true,"href":"https:\/\/minghanggroup.com\/de\/wp-json\/wp\/v2\/product_tag?post=4061"}],"curies":[{"name":"wp","href":"https:\/\/api.w.org\/{rel}","templated":true}]}}