{"id":4046,"date":"2025-12-25T10:27:39","date_gmt":"2025-12-25T02:27:39","guid":{"rendered":"https:\/\/minghanggroup.com\/?post_type=product&#038;p=4046"},"modified":"2026-03-02T15:23:19","modified_gmt":"2026-03-02T07:23:19","slug":"round-belly-unique-glass-jars-with-lids-bulk","status":"publish","type":"product","link":"https:\/\/minghanggroup.com\/de\/produkt\/round-belly-unique-glass-jars-with-lids-bulk\/","title":{"rendered":"500 ml, 750 ml, 1100 ml runde, bauchige, einzigartige Glasbeh\u00e4lter mit Deckel, Gro\u00dfpackung"},"content":{"rendered":"<p>Die Kugelform dieses Glasgef\u00e4\u00dfes mit Deckel wirkt sehr traditionell und altmodisch. Die Gef\u00e4\u00dfe sind rund und vollmundig und verj\u00fcngen sich zum Hals hin, wobei der Boden leicht abgerundet ist. Der Bambusdeckel ist hell und verleiht dem Gef\u00e4\u00df eine nat\u00fcrliche und warme Ausstrahlung.<\/p>\n<h2>Produktmerkmale<\/h2>\n<ul>\n<li><strong>Hochwertiges Borosilikatglas:<\/strong> Es ist wesentlich widerstandsf\u00e4higer, kann Hitzeschocks standhalten und beh\u00e4lt sein unverformtes, kristallklares Aussehen.<\/li>\n<li><strong>Deckel aus nat\u00fcrlichem Bambus:<\/strong> Der Bambusdeckel ist leicht, bietet eine hervorragende Abdichtung und passt gut zur nat\u00fcrlichen Form des Glases.<\/li>\n<li><strong>Mehrere Kapazit\u00e4ten:<\/strong> Es verf\u00fcgt \u00fcber drei Gr\u00f6\u00dfen (500 ml bis 1100 ml), die den Anforderungen der Lagerung unterschiedlicher Trockenwaren gerecht werden.<\/li>\n<\/ul>\n<h2 style=\"text-align: left;\">Wichtigste Spezifikationen<\/h2>\n<table class=\"aligncenter\" style=\"border-collapse: collapse; width: 451.52pt;\" border=\"0\" width=\"602\" cellspacing=\"0\" cellpadding=\"0\">\n<tbody>\n<tr style=\"height: 13.50pt;\">\n<td style=\"height: 13.50pt; width: 116.25pt;\" width=\"155\" height=\"18\">Specification<\/td>\n<td style=\"width: 335.25pt;\" width=\"447\">Details<\/td>\n<\/tr>\n<tr style=\"height: 13.50pt;\">\n<td style=\"height: 13.50pt;\" height=\"18\">Abmessungen<\/td>\n<td>500 ml: 10 \u00d7 10,5 cm; 750 ml: 10,5 \u00d7 12 cm; 1100 ml: 11,5 \u00d7 16 cm<\/td>\n<\/tr>\n<tr style=\"height: 13.50pt;\">\n<td style=\"height: 13.50pt;\" height=\"18\">Material<\/td>\n<td>Hochwertiges Borosilikatglas<\/td>\n<\/tr>\n<tr style=\"height: 13.50pt;\">\n<td style=\"height: 13.50pt;\" height=\"18\">Deckeltyp<\/td>\n<td>Flacher Deckel aus nat\u00fcrlichem Bambus<\/td>\n<\/tr>\n<tr style=\"height: 13.50pt;\">\n<td style=\"height: 13.50pt;\" height=\"18\">Wichtige Materialeigenschaft<\/td>\n<td>Au\u00dfergew\u00f6hnliche Temperaturwechselbest\u00e4ndigkeit, brillante Klarheit<\/td>\n<\/tr>\n<tr style=\"height: 13.50pt;\">\n<td style=\"height: 13.50pt;\" height=\"18\">Perfekt f\u00fcr<\/td>\n<td>Trockene Lebensmittel in gro\u00dfen Mengen, Kaffee, Tee, Gew\u00fcrze, Snacks<\/td>\n<\/tr>\n<\/tbody>\n<\/table>\n<h2>Erfolgsgeschichte<\/h2>\n<p>Unsere einzigartigen 1100-ml-Vorratsgl\u00e4ser aus Borosilikatglas wurden von einem renommierten nordamerikanischen Lebensmittelunternehmen zur Aufbewahrung seiner Produkte bestellt. Das Ergebnis? Das Borosilikatglas h\u00e4lt Temperaturen bis zu 220 \u00b0C stand, ohne zu brechen. Der Bambusdeckel blieb selbst bei feuchter Lagerung \u00fcber sechs Monate lang dicht. Das Unternehmen war so zufrieden mit unserem Produkt, dass es gleich weitere 200.000 St\u00fcck bestellte, um sein Sortiment zu erweitern.<\/p>\n<h2>Einzigartige Individualisierungsoptionen f\u00fcr Glasgef\u00e4\u00dfe<\/h2>\n<ul>\n<li>Bambusdeckel mit B-Logo \u2013 Der Bambusdeckel kann mit Ihrem Markenlogo in der Mitte hei\u00dfgepr\u00e4gt oder lasergraviert werden.<\/li>\n<li>Bedrucktes Wirbelmuster \u2013 Lassen Sie sich ein wundersch\u00f6nes Muster aufdrucken, das die nat\u00fcrlichen Linien des Glases nachbildet.<\/li>\n<li>Individuelle Bambusf\u00e4rbung \u2013 W\u00e4hlen Sie die gew\u00fcnschte Farbe des Bambus, ob nat\u00fcrliches Goldgelb, Honiggelb oder Grau.<\/li>\n<li>Dekoration mit Buntglas \u2013 Es k\u00f6nnen helle (z. B. bernsteinfarbene) Glasarten verwendet werden.<\/li>\n<\/ul>","protected":false},"excerpt":{"rendered":"<p>Bestellen Sie einzigartige Glasgef\u00e4\u00dfe in weicher, runder Form. Dieses Glasgef\u00e4\u00df-Set mit Deckel vereint Bambus und Glas auf perfekte Weise. Sofort lieferbar. Fordern Sie jetzt kostenlose Muster an!<\/p>","protected":false},"featured_media":4047,"template":"","meta":{"postBodyCss":"","postBodyMargin":[],"postBodyPadding":[],"postBodyBackground":{"backgroundType":"classic","gradient":""}},"product_brand":[],"product_cat":[15,17,61],"product_tag":[68,67,100],"class_list":{"0":"post-4046","1":"product","2":"type-product","3":"status-publish","4":"has-post-thumbnail","6":"product_cat-glass-containers","7":"product_cat-glass-jars","8":"product_cat-glass-jars-with-lids","9":"product_tag-borosilicate-glass-jars","10":"product_tag-candy-jars","11":"product_tag-glass-coffee-jars","13":"first","14":"instock","15":"shipping-taxable","16":"product-type-simple"},"jetpack_sharing_enabled":true,"_links":{"self":[{"href":"https:\/\/minghanggroup.com\/de\/wp-json\/wp\/v2\/product\/4046","targetHints":{"allow":["GET"]}}],"collection":[{"href":"https:\/\/minghanggroup.com\/de\/wp-json\/wp\/v2\/product"}],"about":[{"href":"https:\/\/minghanggroup.com\/de\/wp-json\/wp\/v2\/types\/product"}],"wp:featuredmedia":[{"embeddable":true,"href":"https:\/\/minghanggroup.com\/de\/wp-json\/wp\/v2\/media\/4047"}],"wp:attachment":[{"href":"https:\/\/minghanggroup.com\/de\/wp-json\/wp\/v2\/media?parent=4046"}],"wp:term":[{"taxonomy":"product_brand","embeddable":true,"href":"https:\/\/minghanggroup.com\/de\/wp-json\/wp\/v2\/product_brand?post=4046"},{"taxonomy":"product_cat","embeddable":true,"href":"https:\/\/minghanggroup.com\/de\/wp-json\/wp\/v2\/product_cat?post=4046"},{"taxonomy":"product_tag","embeddable":true,"href":"https:\/\/minghanggroup.com\/de\/wp-json\/wp\/v2\/product_tag?post=4046"}],"curies":[{"name":"wp","href":"https:\/\/api.w.org\/{rel}","templated":true}]}}