{"id":4041,"date":"2025-12-24T15:20:08","date_gmt":"2025-12-24T07:20:08","guid":{"rendered":"https:\/\/minghanggroup.com\/?post_type=product&#038;p=4041"},"modified":"2026-01-20T13:16:34","modified_gmt":"2026-01-20T05:16:34","slug":"high-borosilicate-food-storage-glass-jars-wholesale","status":"publish","type":"product","link":"https:\/\/minghanggroup.com\/de\/produkt\/high-borosilicate-food-storage-glass-jars-wholesale\/","title":{"rendered":"Gro\u00dfhandel f\u00fcr 175 ml \u2013 500 ml Vorratsgl\u00e4ser aus Borosilikatglas"},"content":{"rendered":"<p>Sie verdienen eine Premiumverpackung, die Ihre Produkte frisch h\u00e4lt und Ihre Marke optimal pr\u00e4sentiert. Wir fertigen Vorratsgl\u00e4ser mit Bambusdeckel, die speziell f\u00fcr den erfolgreichen Einsatz in der K\u00fcche entwickelt wurden \u2013 denn jedes einzelne Glas tr\u00e4gt dazu bei, Ihre Produktgeschichte zu erz\u00e4hlen.<\/p>\n<h2>Produktmerkmale<\/h2>\n<ol>\n<li><strong>Deckeldesign: <\/strong>Sie k\u00f6nnen aus verschiedenen Deckelmaterialien w\u00e4hlen, die zu Ihrem Markenstil passen. Beispielsweise eignen sich Edelstahl- oder Holzdeckel, nicht aber Bambusdeckel. Bambusdeckel sind zwar stilvoll, Edelstahldeckel hingegen verleihen Ihren Produkten ein moderneres Aussehen.<\/li>\n<li><strong>Individuell gestaltetes Markenlogo: <\/strong>Sie k\u00f6nnen Ihr Markenlogo auf die Gl\u00e4ser drucken lassen. Das hilft Kunden, Ihre Marke wiederzuerkennen. Sie k\u00f6nnen die Gl\u00e4ser auch mit Etiketten oder Designs versehen. Dadurch wirkt das Produkt f\u00fcr potenzielle K\u00e4ufer besonders ansprechend. Gl\u00e4ser mit Ihrem Markenlogo oder Designs heben sich im Handel deutlich ab. Ihr Markenlogo auf den Gl\u00e4sern macht Ihr Produkt attraktiver.<\/li>\n<li><strong>Abdichtungsoptionen: <\/strong>W\u00e4hlen Sie Bambusdeckel mit Silikondichtungsringen f\u00fcr eine bessere Abdichtung, die das Eindringen von Luft und Feuchtigkeit verhindert. Dies eignet sich zur Aufbewahrung von Trockenwaren, Tee und anderen feuchtigkeitsempfindlichen Produkten.<\/li>\n<\/ol>\n<h2>Wichtigste Spezifikationen<\/h2>\n<table style=\"border-collapse: collapse; width: 80%; margin-left: auto; margin-right: auto;\" border=\"0\" width=\"288\" cellspacing=\"0\" cellpadding=\"0\">\n<tbody>\n<tr style=\"height: 13.50pt;\">\n<td style=\"height: 13.5pt; width: 54pt; text-align: center;\" width=\"72\" height=\"18\">Fassungsverm\u00f6gen (ml)<\/td>\n<td style=\"width: 54pt; text-align: center;\" width=\"72\">Gr\u00f6\u00dfe (cm)<\/td>\n<td style=\"width: 54pt; text-align: center;\" width=\"72\">Material<\/td>\n<td style=\"width: 54pt; text-align: center;\" width=\"72\">Merkmale<\/td>\n<\/tr>\n<tr style=\"height: 13.50pt;\">\n<td style=\"height: 13.5pt; text-align: center;\" align=\"right\" height=\"18\">175<\/td>\n<td style=\"text-align: center;\">6.5 * 10.0<\/td>\n<td class=\"et2\" style=\"text-align: center;\" rowspan=\"5\">Borosilikatglas<\/td>\n<td class=\"et2\" style=\"text-align: center;\" rowspan=\"5\">Geradseitiger, 65 mm Bambusdeckel<\/td>\n<\/tr>\n<tr style=\"height: 13.50pt;\">\n<td style=\"height: 13.5pt; text-align: center;\" align=\"right\" height=\"18\">250<\/td>\n<td style=\"text-align: center;\">6.5 * 10.0<\/td>\n<\/tr>\n<tr style=\"height: 13.50pt;\">\n<td style=\"height: 13.5pt; text-align: center;\" align=\"right\" height=\"18\">300<\/td>\n<td style=\"text-align: center;\">6.5 * 12.0<\/td>\n<\/tr>\n<tr style=\"height: 13.50pt;\">\n<td style=\"height: 13.5pt; text-align: center;\" align=\"right\" height=\"18\">380<\/td>\n<td style=\"text-align: center;\">6.5 * 15.0<\/td>\n<\/tr>\n<tr style=\"height: 13.50pt;\">\n<td style=\"height: 13.5pt; text-align: center;\" align=\"right\" height=\"18\">500<\/td>\n<td style=\"text-align: center;\">6.5 * 20.0<\/td>\n<\/tr>\n<\/tbody>\n<\/table>\n<h2>Erfolgsbeispiel<\/h2>\n<p>Eine Bio-Lebensmittelmarke nutzte diese Vorratsgl\u00e4ser aus Borosilikatglas als Beh\u00e4lter und Pr\u00e4sentationsfl\u00e4chen f\u00fcr ihre neu eingef\u00fchrte Trockenfr\u00fcchte- und Gew\u00fcrzlinie. Der Bambusdeckel passt nicht nur perfekt zum naturnahen und liebevollen Markenkonzept, sondern sorgt auch f\u00fcr eine optimale Abdichtung und bewahrt so die Frische der Produkte.<\/p>\n<p>Nach der Umstellung auf Glasbeh\u00e4lter f\u00fcr die K\u00fcchenaufbewahrung konnte die Marke einen bemerkenswerten Absatzanstieg bei Trockenfr\u00fcchten und Gew\u00fcrzen erzielen, insbesondere im Premiumsegment. Die positive Resonanz der Verbraucher auf die umweltfreundliche Verpackung und die Produktqualit\u00e4t trug ma\u00dfgeblich zum erfolgreichen Mundpropaganda-Marketing bei. Der Umsatz verdoppelte sich innerhalb von drei Monaten nach der Umstellung.<\/p>\n<h2>Ihre Anpassungstipps<\/h2>\n<p>Wenn Sie diese Vorratsgl\u00e4ser aus Borosilikatglas individuell gestalten m\u00f6chten, k\u00f6nnen Sie Gr\u00f6\u00dfe und Form an Ihre Bed\u00fcrfnisse und den Stil Ihrer Marke anpassen. Die gr\u00f6\u00dferen Vorratsgl\u00e4ser eignen sich ideal zur Aufbewahrung von Tee, Trockenfr\u00fcchten oder gr\u00f6\u00dferen Mengen an Zutaten. Die kleineren Gl\u00e4ser sind perfekt f\u00fcr Gew\u00fcrze oder S\u00fc\u00dfigkeiten. Der Deckel der Gl\u00e4ser ist aus Bambus gefertigt und somit umweltfreundlich. Er schlie\u00dft zudem besonders gut, sodass die Lebensmittel im Inneren lange frisch bleiben. Sie k\u00f6nnen Ihr Markenlogo oder Etikett auf die Gl\u00e4ser drucken lassen, um die Markenbekanntheit zu steigern. Wenn sich Ihre Marke als hochwertig positioniert, k\u00f6nnen Sie transparentes Glas f\u00fcr einen modernen Look w\u00e4hlen oder mattiertes Glas f\u00fcr eine besondere Haptik.<\/p>","protected":false},"excerpt":{"rendered":"<p>Vorratsgl\u00e4ser mit Bambusdeckeln, ideal zur Aufbewahrung von Trockenlebensmitteln und Gew\u00fcrzen. Elegantes Design, individuelle Anpassungsm\u00f6glichkeiten f\u00fcr gr\u00f6\u00dfere Mengen. Schneller Versand.<\/p>","protected":false},"featured_media":4042,"template":"","meta":{"postBodyCss":"","postBodyMargin":[],"postBodyPadding":[],"postBodyBackground":{"backgroundType":"classic","gradient":""}},"product_brand":[],"product_cat":[15,17,61],"product_tag":[68,69],"class_list":{"0":"post-4041","1":"product","2":"type-product","3":"status-publish","4":"has-post-thumbnail","6":"product_cat-glass-containers","7":"product_cat-glass-jars","8":"product_cat-glass-jars-with-lids","9":"product_tag-borosilicate-glass-jars","10":"product_tag-storage-jars","12":"first","13":"instock","14":"shipping-taxable","15":"product-type-simple"},"jetpack_sharing_enabled":true,"_links":{"self":[{"href":"https:\/\/minghanggroup.com\/de\/wp-json\/wp\/v2\/product\/4041","targetHints":{"allow":["GET"]}}],"collection":[{"href":"https:\/\/minghanggroup.com\/de\/wp-json\/wp\/v2\/product"}],"about":[{"href":"https:\/\/minghanggroup.com\/de\/wp-json\/wp\/v2\/types\/product"}],"wp:featuredmedia":[{"embeddable":true,"href":"https:\/\/minghanggroup.com\/de\/wp-json\/wp\/v2\/media\/4042"}],"wp:attachment":[{"href":"https:\/\/minghanggroup.com\/de\/wp-json\/wp\/v2\/media?parent=4041"}],"wp:term":[{"taxonomy":"product_brand","embeddable":true,"href":"https:\/\/minghanggroup.com\/de\/wp-json\/wp\/v2\/product_brand?post=4041"},{"taxonomy":"product_cat","embeddable":true,"href":"https:\/\/minghanggroup.com\/de\/wp-json\/wp\/v2\/product_cat?post=4041"},{"taxonomy":"product_tag","embeddable":true,"href":"https:\/\/minghanggroup.com\/de\/wp-json\/wp\/v2\/product_tag?post=4041"}],"curies":[{"name":"wp","href":"https:\/\/api.w.org\/{rel}","templated":true}]}}