{"id":4036,"date":"2025-12-24T13:55:31","date_gmt":"2025-12-24T05:55:31","guid":{"rendered":"https:\/\/minghanggroup.com\/?post_type=product&#038;p=4036"},"modified":"2026-03-02T15:23:32","modified_gmt":"2026-03-02T07:23:32","slug":"cylindrical-glass-jars-with-lids-and-spoons-bulk","status":"publish","type":"product","link":"https:\/\/minghanggroup.com\/de\/produkt\/cylindrical-glass-jars-with-lids-and-spoons-bulk\/","title":{"rendered":"Zylindrische Glasbeh\u00e4lter (300 ml, 350 ml, 450 ml) mit Deckel und L\u00f6ffeln (Gro\u00dfpackung)"},"content":{"rendered":"<p>Dieses zylindrische Glasgef\u00e4\u00df mit Deckel und L\u00f6ffel besteht aus einem einzigen St\u00fcck glattem Glas ohne Rillen. Es ist aus transparentem Borosilikatglas gefertigt und in drei verschiedenen Gr\u00f6\u00dfen erh\u00e4ltlich.<\/p>\n<h2>Produktmerkmale<\/h2>\n<ul>\n<li><strong>Zylinder mit geraden W\u00e4nden:<\/strong> Das schlichte, geradwandige Design spart Stauraum, ist leicht zug\u00e4nglich und zu reinigen und eignet sich f\u00fcr die meisten Aufbewahrungsszenarien.<\/li>\n<li><strong>Klarer, transparenter Beh\u00e4lter:<\/strong> Das Material Borosilikatglas erm\u00f6glicht es, das Innere des Beh\u00e4lters klar zu sehen und den Inhalt leicht zu identifizieren, ohne den Deckel \u00f6ffnen zu m\u00fcssen.<\/li>\n<li><strong>Ausgewogene Mischung nat\u00fcrlicher Substanzen:<\/strong> Der Deckel und der L\u00f6ffel aus Bambus ergeben eine klare, nat\u00fcrliche und stimmige \u00c4sthetik.<\/li>\n<\/ul>\n<h2 style=\"text-align: left;\">Wichtigste Spezifikationen<\/h2>\n<table class=\"aligncenter\" style=\"border-collapse: collapse; width: 497.27pt;\" border=\"0\" width=\"663\" cellspacing=\"0\" cellpadding=\"0\">\n<tbody>\n<tr style=\"height: 13.50pt;\">\n<td style=\"height: 13.50pt; width: 104.25pt;\" width=\"139\" height=\"18\">Specification<\/td>\n<td style=\"width: 393.00pt;\" width=\"524\">Details<\/td>\n<\/tr>\n<tr style=\"height: 13.50pt;\">\n<td style=\"height: 13.50pt;\" height=\"18\">Kapazit\u00e4t<\/td>\n<td>300 ml \/ 350 ml \/ 450 ml<\/td>\n<\/tr>\n<tr style=\"height: 13.50pt;\">\n<td style=\"height: 13.50pt;\" height=\"18\">Abmessungen<\/td>\n<td>6,5 \u00d7 10 cm \/ 6,5 \u00d7 12 cm \/ 6,5 \u00d7 15 cm<\/td>\n<\/tr>\n<tr style=\"height: 13.50pt;\">\n<td style=\"height: 13.50pt;\" height=\"18\">Material<\/td>\n<td>Hochwertiges Borosilikatglas, Bambus<\/td>\n<\/tr>\n<tr style=\"height: 13.50pt;\">\n<td style=\"height: 13.50pt;\" height=\"18\">Glasform<\/td>\n<td>Zylinder mit gerader Wandung<\/td>\n<\/tr>\n<tr style=\"height: 13.50pt;\">\n<td style=\"height: 13.50pt;\" height=\"18\">Deckeltyp<\/td>\n<td>Flacher Bambusdeckel mit integriertem L\u00f6ffel<\/td>\n<\/tr>\n<tr style=\"height: 13.50pt;\">\n<td style=\"height: 13.50pt;\" height=\"18\">Materialeigenschaften<\/td>\n<td>Thermisch und chemikalienbest\u00e4ndig, hohe Transparenz, hygienisch<\/td>\n<\/tr>\n<tr style=\"height: 13.50pt;\">\n<td style=\"height: 13.50pt;\" height=\"18\">Ideal f\u00fcr<\/td>\n<td>Einmachgl\u00e4ser mit Deckel und L\u00f6ffel, Vorratsdosen mit Deckel<\/td>\n<\/tr>\n<\/tbody>\n<\/table>\n<h2>Erfolgsgeschichte: Eine Komplettl\u00f6sung f\u00fcr Gew\u00fcrzunternehmen<\/h2>\n<p>Ein lokales Gew\u00fcrzunternehmen entschied sich f\u00fcr unser 350-ml-Glas mit Deckel und L\u00f6ffel zur Aufbewahrung seiner hochwertigen Gew\u00fcrze. Dieses innovative Produkt kombiniert eine Flasche aus Borosilikatglas mit einem Bambusl\u00f6ffel, wodurch ein separater Plastikl\u00f6ffel entf\u00e4llt und der Verpackungsm\u00fcll um 25 % reduziert wird. Kundenzufriedenheitsumfragen ergaben, dass die praktische Handhabung des Bambusl\u00f6ffels von den Kunden sehr positiv bewertet wurde, was zu einer Steigerung der Kundenzufriedenheit um 40 % f\u00fchrte. Daraufhin hat das Unternehmen 280.000 Gl\u00e4ser mit Deckel und L\u00f6ffel bestellt, die als n\u00e4chste Produkteinf\u00fchrung geplant sind.<\/p>\n<h2>Glasbeh\u00e4lter mit Deckel \u2013 Anpassungsm\u00f6glichkeiten<\/h2>\n<ul>\n<li>Bambusl\u00f6ffelgriff, Laser: Gravieren Sie Ihre Marke oder eine Botschaft auf den sichtbaren Teil des Bambusl\u00f6ffels mit einer Lasergravur.<\/li>\n<li>Individuelle Bambusfarbe: Sie entscheiden \u00fcber die Farbe des Bambusdeckels und des L\u00f6ffels, entweder naturfarben oder anthrazitfarben.<\/li>\n<li>Mattierter Bodenring: Formen Sie einen schmalen, kleinen, eleganten Frostring um den Boden des Glases.<\/li>\n<li>Individuelle L\u00f6ffelform: Schneiden Sie den L\u00f6ffel in eine bestimmte Form (z. B. oval, rund) aus, bis er genau in das mittlere Loch passt.<\/li>\n<\/ul>","protected":false},"excerpt":{"rendered":"<p>Hochwertiges Glasgef\u00e4\u00df mit Deckel und L\u00f6ffel. Das klare Glasgef\u00e4\u00df mit Deckel verf\u00fcgt \u00fcber einen integrierten L\u00f6ffel aus nat\u00fcrlichem Bambus in verschiedenen Gr\u00f6\u00dfen. Mengenrabatte verf\u00fcgbar.<\/p>","protected":false},"featured_media":4040,"template":"","meta":{"postBodyCss":"","postBodyMargin":[],"postBodyPadding":[],"postBodyBackground":{"backgroundType":"classic","gradient":""}},"product_brand":[],"product_cat":[15,17,61],"product_tag":[68,100,70,69],"class_list":{"0":"post-4036","1":"product","2":"type-product","3":"status-publish","4":"has-post-thumbnail","6":"product_cat-glass-containers","7":"product_cat-glass-jars","8":"product_cat-glass-jars-with-lids","9":"product_tag-borosilicate-glass-jars","10":"product_tag-glass-coffee-jars","11":"product_tag-seasoning-jars","12":"product_tag-storage-jars","14":"first","15":"instock","16":"shipping-taxable","17":"product-type-simple"},"jetpack_sharing_enabled":true,"_links":{"self":[{"href":"https:\/\/minghanggroup.com\/de\/wp-json\/wp\/v2\/product\/4036","targetHints":{"allow":["GET"]}}],"collection":[{"href":"https:\/\/minghanggroup.com\/de\/wp-json\/wp\/v2\/product"}],"about":[{"href":"https:\/\/minghanggroup.com\/de\/wp-json\/wp\/v2\/types\/product"}],"wp:featuredmedia":[{"embeddable":true,"href":"https:\/\/minghanggroup.com\/de\/wp-json\/wp\/v2\/media\/4040"}],"wp:attachment":[{"href":"https:\/\/minghanggroup.com\/de\/wp-json\/wp\/v2\/media?parent=4036"}],"wp:term":[{"taxonomy":"product_brand","embeddable":true,"href":"https:\/\/minghanggroup.com\/de\/wp-json\/wp\/v2\/product_brand?post=4036"},{"taxonomy":"product_cat","embeddable":true,"href":"https:\/\/minghanggroup.com\/de\/wp-json\/wp\/v2\/product_cat?post=4036"},{"taxonomy":"product_tag","embeddable":true,"href":"https:\/\/minghanggroup.com\/de\/wp-json\/wp\/v2\/product_tag?post=4036"}],"curies":[{"name":"wp","href":"https:\/\/api.w.org\/{rel}","templated":true}]}}