{"id":4025,"date":"2025-12-24T10:06:48","date_gmt":"2025-12-24T02:06:48","guid":{"rendered":"https:\/\/minghanggroup.com\/?post_type=product&#038;p=4025"},"modified":"2026-03-02T15:23:43","modified_gmt":"2026-03-02T07:23:43","slug":"round-glass-jars-with-bamboo-lids-and-spoons-bulk","status":"publish","type":"product","link":"https:\/\/minghanggroup.com\/de\/produkt\/round-glass-jars-with-bamboo-lids-and-spoons-bulk\/","title":{"rendered":"500 ml, 850 ml, 1150 ml runde Glasbeh\u00e4lter mit Bambusdeckeln und L\u00f6ffeln (Gro\u00dfpackung)"},"content":{"rendered":"<p>Diese Gl\u00e4ser bestehen aus Borosilikatglas und sind mit Bambusdeckeln und -l\u00f6ffeln versehen. Sie haben eine sanft abgerundete Kugelform und werden mit den gleichen Bambusdeckeln und -l\u00f6ffeln geliefert (f\u00fcr einen einfachen Zugriff auf die Zutaten).<\/p>\n<h2>Produktmerkmale<\/h2>\n<ul>\n<li><strong>Bambusdeckel und -l\u00f6ffel:<\/strong> Die Bambusdeckel und -l\u00f6ffel passen zueinander, wodurch ein einheitlicher Stil, ein einfacher Zugriff auf die Zutaten und die Einhaltung des nat\u00fcrlichen Stils gew\u00e4hrleistet werden.<\/li>\n<li><strong>Abgerundetes, trommelf\u00f6rmiges Design:<\/strong> Das abgerundete, trommelf\u00f6rmige Design erh\u00f6ht das Fassungsverm\u00f6gen und wirkt im Vergleich zu zylindrischen Glasbeh\u00e4ltern weicher.<\/li>\n<li><strong>Vollst\u00e4ndig transparente Gl\u00e4ser:<\/strong> Dies liegt daran, dass das hochborosilikathaltige Glasmaterial durchsichtig ist, sodass der Inhalt leicht erkennbar und somit ohne \u00d6ffnen des Deckels identifiziert werden kann.<\/li>\n<\/ul>\n<h2 style=\"text-align: left;\">Wichtigste Spezifikationen<\/h2>\n<table class=\"aligncenter\" style=\"border-collapse: collapse; width: 513.02pt;\" border=\"0\" width=\"684\" cellspacing=\"0\" cellpadding=\"0\">\n<tbody>\n<tr style=\"height: 13.50pt;\">\n<td style=\"height: 13.50pt; width: 100.50pt;\" width=\"134\" height=\"18\">Specification<\/td>\n<td style=\"width: 412.50pt;\" width=\"550\">Details<\/td>\n<\/tr>\n<tr style=\"height: 13.50pt;\">\n<td style=\"height: 13.50pt;\" height=\"18\">Kapazit\u00e4t<\/td>\n<td>500 ml \/ 850 ml \/ 1150 ml<\/td>\n<\/tr>\n<tr style=\"height: 13.50pt;\">\n<td style=\"height: 13.50pt;\" height=\"18\">Abmessungen<\/td>\n<td>7 \u00d7 10,5 cm \/ 7 \u00d7 13 cm \/ 7,5 \u00d7 14 cm<\/td>\n<\/tr>\n<tr style=\"height: 13.50pt;\">\n<td style=\"height: 13.50pt;\" height=\"18\">Material<\/td>\n<td>Hochwertiges Borosilikatglas, Bambus<\/td>\n<\/tr>\n<tr style=\"height: 13.50pt;\">\n<td style=\"height: 13.50pt;\" height=\"18\">Glasform<\/td>\n<td>Rundbauchig mit schmalem Hals<\/td>\n<\/tr>\n<tr style=\"height: 13.50pt;\">\n<td style=\"height: 13.50pt;\" height=\"18\">Deckeltyp<\/td>\n<td>Flacher Bambusdeckel mit integrierter Schaufel<\/td>\n<\/tr>\n<tr style=\"height: 13.50pt;\">\n<td style=\"height: 13.50pt;\" height=\"18\">Materialeigenschaften<\/td>\n<td>Hohe Transparenz, ausgezeichnete Temperaturbest\u00e4ndigkeit (-20\u2103 bis 150\u2103)<\/td>\n<\/tr>\n<tr style=\"height: 13.50pt;\">\n<td style=\"height: 13.50pt;\" height=\"18\">Ideal f\u00fcr<\/td>\n<td>Einmachgl\u00e4ser mit Bambusdeckeln und L\u00f6ffeln, Einmachgl\u00e4ser in gro\u00dfen Mengen<\/td>\n<\/tr>\n<\/tbody>\n<\/table>\n<h2>Erfolgsgeschichte: Ein Bestseller eines Backzubeh\u00f6runternehmens<\/h2>\n<p>Eines der Unternehmen, das hochwertige Zutaten f\u00fcr Hobbyb\u00e4cker anbietet, w\u00e4hlte unsere 850-ml-Glasbeh\u00e4lter mit Bambusdeckeln und -l\u00f6ffeln f\u00fcr seine Mehl- und Zuckerprodukte. Dank des luftdichten Verschlusses der Bambusdeckel verl\u00e4ngerte sich die Haltbarkeit der Produkte um 42 Prozent, und auch die mitgelieferten Bambusl\u00f6ffel erwiesen sich als voller Erfolg: 95 Prozent der Kunden gaben an, dass dies der Hauptgrund f\u00fcr ihren Wiederkauf war, da so das Problem des L\u00f6ffelverlusts gel\u00f6st wurde. Aufgrund dieses enormen Erfolgs gab das Unternehmen die Produktion von weiteren 100.000 Einheiten in Auftrag, um die neue Produktlinie einzuf\u00fchren.<\/p>\n<h2>Vorschl\u00e4ge zur individuellen Gestaltung von Gro\u00dfpackungen aus Glas<\/h2>\n<ul>\n<li>Bambusl\u00f6ffel mit lasergraviertem Logo oder Text \u2013 Gravieren Sie Ihren Logo- oder Texttext per Laser auf den Griff eines Bambusl\u00f6ffels.<\/li>\n<li>Siebgedruckte Abschlussnoten \u2013 Die Abschlussnoten werden dauerhaft im Inneren des Glases aufgedruckt.<\/li>\n<li>Dekorativer Mattring \u2013 Verzieren Sie die Schulter des Glases mit dem mattierten Zierring.<\/li>\n<li>Individuelle Clipfarbe\/Logo \u2013 Es ist m\u00f6glich, Clips in einer bestimmten Farbe oder ein gepr\u00e4gtes Logo auf dem L\u00f6ffel zu bestellen.<\/li>\n<\/ul>","protected":false},"excerpt":{"rendered":"<p>Entdecken Sie Glasbeh\u00e4lter mit Bambusdeckeln und L\u00f6ffeln f\u00fcr Gro\u00dfpackungen \u2013 elegante, bauchige Form, transparentes Glas, passender L\u00f6ffelclip. Kostenlose Muster erh\u00e4ltlich.<\/p>","protected":false},"featured_media":4027,"template":"","meta":{"postBodyCss":"","postBodyMargin":[],"postBodyPadding":[],"postBodyBackground":{"backgroundType":"classic","gradient":""}},"product_brand":[],"product_cat":[15,17,61],"product_tag":[100],"class_list":{"0":"post-4025","1":"product","2":"type-product","3":"status-publish","4":"has-post-thumbnail","6":"product_cat-glass-containers","7":"product_cat-glass-jars","8":"product_cat-glass-jars-with-lids","9":"product_tag-glass-coffee-jars","11":"first","12":"instock","13":"shipping-taxable","14":"product-type-simple"},"jetpack_sharing_enabled":true,"_links":{"self":[{"href":"https:\/\/minghanggroup.com\/de\/wp-json\/wp\/v2\/product\/4025","targetHints":{"allow":["GET"]}}],"collection":[{"href":"https:\/\/minghanggroup.com\/de\/wp-json\/wp\/v2\/product"}],"about":[{"href":"https:\/\/minghanggroup.com\/de\/wp-json\/wp\/v2\/types\/product"}],"wp:featuredmedia":[{"embeddable":true,"href":"https:\/\/minghanggroup.com\/de\/wp-json\/wp\/v2\/media\/4027"}],"wp:attachment":[{"href":"https:\/\/minghanggroup.com\/de\/wp-json\/wp\/v2\/media?parent=4025"}],"wp:term":[{"taxonomy":"product_brand","embeddable":true,"href":"https:\/\/minghanggroup.com\/de\/wp-json\/wp\/v2\/product_brand?post=4025"},{"taxonomy":"product_cat","embeddable":true,"href":"https:\/\/minghanggroup.com\/de\/wp-json\/wp\/v2\/product_cat?post=4025"},{"taxonomy":"product_tag","embeddable":true,"href":"https:\/\/minghanggroup.com\/de\/wp-json\/wp\/v2\/product_tag?post=4025"}],"curies":[{"name":"wp","href":"https:\/\/api.w.org\/{rel}","templated":true}]}}