{"id":4020,"date":"2025-12-24T09:47:21","date_gmt":"2025-12-24T01:47:21","guid":{"rendered":"https:\/\/minghanggroup.com\/?post_type=product&#038;p=4020"},"modified":"2026-03-02T15:23:55","modified_gmt":"2026-03-02T07:23:55","slug":"unique-trapezoidal-glass-jars-and-lids-wholesale","status":"publish","type":"product","link":"https:\/\/minghanggroup.com\/de\/produkt\/unique-trapezoidal-glass-jars-and-lids-wholesale\/","title":{"rendered":"350 ml \u2013 950 ml Einzigartige trapezf\u00f6rmige Glasbeh\u00e4lter und Deckel im Gro\u00dfhandel"},"content":{"rendered":"<p>Diese einzigartigen Glasgef\u00e4\u00dfe mit Deckel sind aus vollst\u00e4ndig transparentem Borosilikatglas gefertigt. Sie bestehen aus trapezf\u00f6rmigen Gef\u00e4\u00dfen (Kegelstumpf), die sich nach oben verj\u00fcngen, w\u00e4hrend der Boden polygonal ist. Der flache Deckel ist aus hellbeigem Bambus gefertigt.<\/p>\n<h2>Produktmerkmale<\/h2>\n<ul>\n<li><strong>Hochwertiges Borosilikatglas:<\/strong> Bietet ein hohes Ma\u00df an Haltbarkeit, Best\u00e4ndigkeit gegen Temperaturschocks sowie ein klares und verzerrungsfreies Erscheinungsbild.<\/li>\n<li><strong>Versiegelter Bambusdeckel:<\/strong> Der Deckel verf\u00fcgt \u00fcber eine Dichtung, die ihn luftdicht macht und ihm zudem ein sauberes und ansprechendes Aussehen verleiht.<\/li>\n<li><strong>Angular-Design:<\/strong> Das trapezf\u00f6rmige, eckige Design ist aufwendiger gestaltet als die traditionellen Kr\u00fcge mit trapezf\u00f6rmiger Form, die sich nach oben verj\u00fcngt und nach unten erweitert, sowie dem polygonalen, eckigen Design am Boden.<\/li>\n<\/ul>\n<h2 style=\"text-align: left;\">Wichtigste Spezifikationen<\/h2>\n<table class=\"aligncenter\" style=\"border-collapse: collapse; width: 459.02pt;\" border=\"0\" width=\"612\" cellspacing=\"0\" cellpadding=\"0\">\n<tbody>\n<tr style=\"height: 13.50pt;\">\n<td style=\"height: 13.50pt; width: 100.50pt;\" width=\"134\" height=\"18\">Specification<\/td>\n<td style=\"width: 358.50pt;\" width=\"478\">Details<\/td>\n<\/tr>\n<tr style=\"height: 13.50pt;\">\n<td style=\"height: 13.50pt;\" height=\"18\">Kapazit\u00e4t<\/td>\n<td>350 ml \/ 500 ml \/ 750 ml \/ 950 ml<\/td>\n<\/tr>\n<tr style=\"height: 13.50pt;\">\n<td style=\"height: 13.50pt;\" height=\"18\">Abmessungen<\/td>\n<td>10 \u00d7 10,2 cm \/ 11,5 \u00d7 12 cm \/ 12,5 \u00d7 13,7 cm \/ 14 \u00d7 15,2 cm<\/td>\n<\/tr>\n<tr style=\"height: 13.50pt;\">\n<td style=\"height: 13.50pt;\" height=\"18\">Material<\/td>\n<td>Hochborosilikatglas<\/td>\n<\/tr>\n<tr style=\"height: 13.50pt;\">\n<td style=\"height: 13.50pt;\" height=\"18\">Glasform<\/td>\n<td>Mehrfach facettierte Pyramide mit abgestumpfter Basis (sich verbreiternde Basis)<\/td>\n<\/tr>\n<tr style=\"height: 13.50pt;\">\n<td style=\"height: 13.50pt;\" height=\"18\">Deckeltyp<\/td>\n<td>Flacher Deckel aus leichtem Bambus mit integrierter Dichtung<\/td>\n<\/tr>\n<tr style=\"height: 13.50pt;\">\n<td style=\"height: 13.50pt;\" height=\"18\">Materialeigenschaften<\/td>\n<td>Hoch- und niedrigtemperaturbest\u00e4ndig, hohe Transparenz<\/td>\n<\/tr>\n<tr style=\"height: 13.50pt;\">\n<td style=\"height: 13.50pt;\" height=\"18\">Ideal f\u00fcr<\/td>\n<td>Einzigartige Glasbeh\u00e4lter mit Deckel, Glasbeh\u00e4lter und Deckel im Gro\u00dfhandel<\/td>\n<\/tr>\n<\/tbody>\n<\/table>\n<h2>Erfolgsgeschichte: Exklusive Verpackung eines Kaffeer\u00f6sters.<\/h2>\n<p>Unsere 750-ml-Glasbeh\u00e4lter (mit Deckel) wurden von einer Spezialit\u00e4tenr\u00f6sterei als Verpackung f\u00fcr ihre limitierte Single-Origin-Kaffee-Edition ausgew\u00e4hlt. Die geometrische Form der Beh\u00e4lter brachte die Farbe und den Glanz der Kaffeebohnen optimal zur Geltung, was zu einem Anstieg der geteilten Unboxing-Videos in sozialen Netzwerken um 300 Prozent f\u00fchrte. Das unverwechselbare Design der Beh\u00e4lter ist sehr einpr\u00e4gsam, und die Markenbekanntheit stieg in einem Blindtest um 60 Prozent. Aufgrund dieser \u00fcberw\u00e4ltigenden Resonanz bestellte die R\u00f6sterei in den beiden darauffolgenden Erntesaisons weitere 150.000 Glasbeh\u00e4lter.<\/p>\n<h2>Gro\u00dfhandel mit kundenspezifischen Glasbeh\u00e4ltern und Deckeln<\/h2>\n<ul>\n<li>Deckel aus Vollbambus (mit Gravur) \u2013 Deckel aus Vollbambus k\u00f6nnen auch mit lasergravierten Logos oder als Vollbambusdeckel angeboten werden.<\/li>\n<li>Teilweise mattierte Oberfl\u00e4che \u2013 Durch die Verwendung einer mattierten Oberfl\u00e4che an bestimmten abwechselnden Paneelen entsteht ein imposantes Design.<\/li>\n<li>Siebgedruckte eckige Muster \u2013 \u00dcbertragung moderner Muster, die an die geometrische Form des Gef\u00e4\u00dfk\u00f6rpers erinnern.<\/li>\n<li>Individuelle Bambusf\u00e4rbung \u2013 W\u00e4hlen Sie zwischen einem naturfarbenen, cremewei\u00dfen oder dunkel gebeizten Deckel.<\/li>\n<li>Dekorative Paneele aus Buntglas \u2013 Sie sind mit einer oder zwei Buntglasfacetten (z. B. bernsteinfarben) erh\u00e4ltlich.<\/li>\n<\/ul>","protected":false},"excerpt":{"rendered":"<p>Hochwertige Glasbeh\u00e4lter und Deckel im Gro\u00dfhandel. Wir bieten einzigartige Glasbeh\u00e4lter mit Deckeln aus klarem Borosilikatglas mit polygonalem Boden und luftdichtem Bambusdeckel. Kostenlose Probe.<\/p>","protected":false},"featured_media":4021,"template":"","meta":{"postBodyCss":"","postBodyMargin":[],"postBodyPadding":[],"postBodyBackground":{"backgroundType":"classic","gradient":""}},"product_brand":[],"product_cat":[15,17,61],"product_tag":[68,100,70,69],"class_list":{"0":"post-4020","1":"product","2":"type-product","3":"status-publish","4":"has-post-thumbnail","6":"product_cat-glass-containers","7":"product_cat-glass-jars","8":"product_cat-glass-jars-with-lids","9":"product_tag-borosilicate-glass-jars","10":"product_tag-glass-coffee-jars","11":"product_tag-seasoning-jars","12":"product_tag-storage-jars","14":"first","15":"instock","16":"shipping-taxable","17":"product-type-simple"},"jetpack_sharing_enabled":true,"_links":{"self":[{"href":"https:\/\/minghanggroup.com\/de\/wp-json\/wp\/v2\/product\/4020","targetHints":{"allow":["GET"]}}],"collection":[{"href":"https:\/\/minghanggroup.com\/de\/wp-json\/wp\/v2\/product"}],"about":[{"href":"https:\/\/minghanggroup.com\/de\/wp-json\/wp\/v2\/types\/product"}],"wp:featuredmedia":[{"embeddable":true,"href":"https:\/\/minghanggroup.com\/de\/wp-json\/wp\/v2\/media\/4021"}],"wp:attachment":[{"href":"https:\/\/minghanggroup.com\/de\/wp-json\/wp\/v2\/media?parent=4020"}],"wp:term":[{"taxonomy":"product_brand","embeddable":true,"href":"https:\/\/minghanggroup.com\/de\/wp-json\/wp\/v2\/product_brand?post=4020"},{"taxonomy":"product_cat","embeddable":true,"href":"https:\/\/minghanggroup.com\/de\/wp-json\/wp\/v2\/product_cat?post=4020"},{"taxonomy":"product_tag","embeddable":true,"href":"https:\/\/minghanggroup.com\/de\/wp-json\/wp\/v2\/product_tag?post=4020"}],"curies":[{"name":"wp","href":"https:\/\/api.w.org\/{rel}","templated":true}]}}